{"id":42449,"date":"2019-08-28T11:24:12","date_gmt":"2019-08-28T09:24:12","guid":{"rendered":"https:\/\/univet.hu\/universitaet\/mitarbeiter\/voroshazi-julia\/"},"modified":"2026-02-10T04:38:58","modified_gmt":"2026-02-10T03:38:58","slug":"voroshazi-julia","status":"publish","type":"page","link":"https:\/\/univet.hu\/de\/universitaet\/mitarbeiter\/voroshazi-julia\/","title":{"rendered":"V\u00f6r\u00f6sh\u00e1zi J\u00falia"},"content":{"rendered":"<p>Molekularbiologie MSc Diplom: 2019.<\/p> <p><strong>Lehrt\u00e4tigkeit:<\/strong><\/p> <ul> <li>Praktika in Veterin\u00e4rbiochemie (Ungarisch und Englisch)<\/li> <li>Vorlesungen in Vergleichender Biochemie, Biologischer Chemie und Biotechnologie (BSc und MSc in Biologie)<\/li> <\/ul> <p>MTMT: <a href=\"https:\/\/m2.mtmt.hu\/gui2\/?type=authors&amp;mode=browse&amp;sel=10071862\">https:\/\/m2.mtmt.hu\/gui2\/?type=authors&amp;mode=browse&amp;sel=10071862<\/a><\/p> <p>ResearchGate: <a href=\"https:\/\/www.researchgate.net\/profile\/Julia_Voeroeshazi\">https:\/\/www.researchgate.net\/profile\/Julia_Voeroeshazi<\/a><\/p>","protected":false},"excerpt":{"rendered":"<p>Molekularbiologie MSc Diplom: 2019. Lehrt\u00e4tigkeit: Praktika in Veterin\u00e4rbiochemie (Ungarisch und Englisch) Vorlesungen in Vergleichender Biochemie, Biologischer Chemie und Biotechnologie (BSc und MSc in Biologie) MTMT: https:\/\/m2.mtmt.hu\/gui2\/?type=authors&amp;mode=browse&amp;sel=10071862 ResearchGate: https:\/\/www.researchgate.net\/profile\/Julia_Voeroeshazi<\/p>\n","protected":false},"author":5824,"featured_media":0,"parent":859,"menu_order":37,"comment_status":"closed","ping_status":"closed","template":"","meta":{"_acf_changed":false,"footnotes":""},"categories":[],"tags":[],"class_list":["post-42449","page","type-page","status-publish","hentry"],"acf":[],"_links":{"self":[{"href":"https:\/\/univet.hu\/de\/wp-json\/wp\/v2\/pages\/42449","targetHints":{"allow":["GET"]}}],"collection":[{"href":"https:\/\/univet.hu\/de\/wp-json\/wp\/v2\/pages"}],"about":[{"href":"https:\/\/univet.hu\/de\/wp-json\/wp\/v2\/types\/page"}],"author":[{"embeddable":true,"href":"https:\/\/univet.hu\/de\/wp-json\/wp\/v2\/users\/5824"}],"replies":[{"embeddable":true,"href":"https:\/\/univet.hu\/de\/wp-json\/wp\/v2\/comments?post=42449"}],"version-history":[{"count":1,"href":"https:\/\/univet.hu\/de\/wp-json\/wp\/v2\/pages\/42449\/revisions"}],"predecessor-version":[{"id":200556,"href":"https:\/\/univet.hu\/de\/wp-json\/wp\/v2\/pages\/42449\/revisions\/200556"}],"up":[{"embeddable":true,"href":"https:\/\/univet.hu\/de\/wp-json\/wp\/v2\/pages\/859"}],"wp:attachment":[{"href":"https:\/\/univet.hu\/de\/wp-json\/wp\/v2\/media?parent=42449"}],"wp:term":[{"taxonomy":"category","embeddable":true,"href":"https:\/\/univet.hu\/de\/wp-json\/wp\/v2\/categories?post=42449"},{"taxonomy":"post_tag","embeddable":true,"href":"https:\/\/univet.hu\/de\/wp-json\/wp\/v2\/tags?post=42449"}],"curies":[{"name":"wp","href":"https:\/\/api.w.org\/{rel}","templated":true}]}}