{"id":4296,"date":"2016-08-02T14:14:00","date_gmt":"2016-08-02T12:14:00","guid":{"rendered":"http:\/\/univet.hu\/universitaet\/mitarbeiter\/mandoki-mira\/"},"modified":"2026-02-10T04:45:17","modified_gmt":"2026-02-10T03:45:17","slug":"mandoki-mira","status":"publish","type":"page","link":"https:\/\/univet.hu\/de\/universitaet\/mitarbeiter\/mandoki-mira\/","title":{"rendered":"M\u00e1ndoki M\u00edra"},"content":{"rendered":"<p style=\"text-align: center;\"><strong>Einf\u00fchrung<\/strong><\/p> <p>Seit 2000 bin ich in der Lehre f\u00fcr Veterin\u00e4rpathologie t\u00e4tig. F\u00fcr Veterin\u00e4rstudenten im dritten und vierten Studienjahr halte ich Histopathologie und Autopsiediagnostik sowie Plenar\u00fcbungen und Vorlesungen auf Ungarisch und Englisch. Seit 2007 unterrichte ich das Wahlfach \u201eGeschichte der Veterin\u00e4rmedizin\u201c auf Englisch. Ich bin Kursleiterin f\u00fcr den optionalen ungarischsprachigen Kurs \u201ePraktische Probleme der Gro\u00dfgefl\u00fcgelhaltung\u201c. Im Jahr 2016 habe ich das Fach \u201eNeue Formen und Werkzeuge der Wissensvermittlung in der Veterin\u00e4rausbildung \u2013 mit Praxisbeispielen\u201c auf Ungarisch und Englisch begonnen. Vor zwei Jahren habe ich ab Fr\u00fchjahr 2020 zus\u00e4tzlich das Wahlfach \u201eLebenskompetenzen f\u00fcr Tier\u00e4rzte\u201c mit Experten f\u00fcr Kommunikation, Digital- und Businesskompetenzen aus anderen Fachbereichen ausgeschrieben. Als Anerkennung meiner Lehrt\u00e4tigkeit empfinde ich es, dass ich in Studierendenbewertungen regelm\u00e4\u00dfig unter den Top 10 der bewerteten Hochschullehrer rangiere.<\/p> <p><strong>Forschungsschwerpunkte:<\/strong><\/p> <ul> <li>Veterin\u00e4rmedizinische Autopsie \u2013 Stunting-Zwergwuchs-Syndrom bei Gefl\u00fcgel, infekti\u00f6ses Nephritis-Virus bei H\u00fchnern<\/li> <li>Molekularbiologie \u2013 diagnostische Entwicklungen<\/li> <li>E-Learning \u2013 Xerte, CASUS, Courselab, Moodle, VirtualClassroom, ePASS<\/li> <li>Bildungsentwicklung \u2013 Lehrerausbildung, Kommunikation, Pr\u00e4sentation, Feedback, Bewertung<\/li> <\/ul> <p><strong>Fortschritt<\/strong><\/p> <p>Im Jahr 1998 erlangte ich an der damaligen Veterin\u00e4rmedizinischen Universit\u00e4t den Doktortitel in Veterin\u00e4rmedizin. Mein Praktikumsjahr 1999 verbrachte ich in der Abteilung f\u00fcr Pathologie und forensische Veterin\u00e4rmedizin, wo ich sp\u00e4ter als Doktorand und dann als klinischer Tierarzt arbeitete. Im Mai 2006 wurde er vom Dekan der Veterin\u00e4rmedizinischen Fakult\u00e4t der damaligen Szent-Istv\u00e1n-Universit\u00e4t zum Assistenzprofessor, im April 2008 zum Assistenzprofessor und ab dem 1. Mai 2013 zum au\u00dferordentlichen Professor ernannt. Seit dem 1. Januar 2018 bin ich die Leiterin der Abteilung Pathologie und damit die erste weibliche Leiterin der Abteilung. Derzeit ab dem 1. Januar 2021 verb\u00fc\u00dfe ich bereits meine zweite Amtszeit, die vom Fachbereichskollektiv einstimmig beschlossen wurde. Der Pr\u00e4sident der Republik Ungarn hat mich mit Wirkung zum 1. September 2022 zum Universit\u00e4tsprofessor ernannt.<\/p> <p><strong>Mitgliedschaft in einer Berufsorganisation<\/strong><\/p> <table style=\"width: 843px; height: 216px;\" data-tablestyle=\"MsoNormalTable\" data-tablelook=\"1184\" aria-rowcount=\"6\"> <tbody> <tr style=\"height: 24px;\" aria-rowindex=\"1\"> <td style=\"text-align: center; width: 627.883px; height: 24px;\" data-celllook=\"69905\"><strong>Name des Ausschusses<\/strong><\/td> <td style=\"text-align: center; width: 50.142px; height: 24px;\" data-celllook=\"69905\"><span data-ccp-props=\"{&quot;201341983&quot;:0,&quot;335551550&quot;:2,&quot;335551620&quot;:2,&quot;335559740&quot;:240}\"><b>Zeit<\/b>\u00a0<\/span><\/td> <td style=\"text-align: center; width: 144.46px; height: 24px;\" data-celllook=\"69905\"><span data-ccp-props=\"{&quot;201341983&quot;:0,&quot;335551550&quot;:2,&quot;335551620&quot;:2,&quot;335559740&quot;:240}\"><b>Rang<\/b>\u00a0<\/span><\/td> <\/tr> <tr style=\"height: 24px;\"> <td style=\"text-align: center; width: 627.883px; height: 24px;\"><span data-contrast=\"auto\">Veterin\u00e4rmedizinische Weiterbildung in Europa (VetCEE)\u00a0(Veterinary Continuous Education in Europe (VetCEE))<\/span><\/td> <td style=\"text-align: center; width: 50.142px; height: 24px;\"><span data-contrast=\"auto\">2022-<\/span><\/td> <td style=\"text-align: center; width: 144.46px; height: 24px;\">Vorstandsmitglied<\/td> <\/tr> <tr style=\"height: 72px;\" aria-rowindex=\"2\"> <td style=\"text-align: center; width: 627.883px; height: 72px;\" data-celllook=\"69905\"><span data-ccp-props=\"{&quot;201341983&quot;:0,&quot;335559740&quot;:240}\">Davis Thompson Stiftung<br \/> Zur F\u00f6rderung der Veterin\u00e4r- und Vergleichspathologie (Davis Thompson Foundation<br \/> For the Advancement of Veterinary and Comparative Pathology)<\/span><\/td> <td style=\"text-align: center; width: 50.142px; height: 72px;\" data-celllook=\"69905\"><span data-contrast=\"auto\">2021-<\/span><span data-ccp-props=\"{&quot;201341983&quot;:0,&quot;335551550&quot;:2,&quot;335551620&quot;:2,&quot;335559740&quot;:240}\">\u00a0<\/span><\/td> <td style=\"text-align: center; width: 144.46px; height: 72px;\" data-celllook=\"69905\"><span data-contrast=\"auto\">Vorstandsmitglied<br \/> <\/span><span data-ccp-props=\"{&quot;201341983&quot;:0,&quot;335551550&quot;:2,&quot;335551620&quot;:2,&quot;335559740&quot;:240}\">(Vorstand)<\/span><\/td> <\/tr> <tr style=\"height: 24px;\" aria-rowindex=\"3\"> <td style=\"text-align: center; width: 627.883px; height: 24px;\" data-celllook=\"69905\"><span data-ccp-props=\"{&quot;201341983&quot;:0,&quot;335559740&quot;:259}\">Gesellschaft f\u00fcr Gefl\u00fcgelgesundheit, MO\u00c1E\u00a0(Baromfi-eg\u00e9szs\u00e9g\u00fcgyi T\u00e1rsas\u00e1g,\u00a0MO\u00c1E)<\/span><\/td> <td style=\"text-align: center; width: 50.142px; height: 24px;\" data-celllook=\"69905\"><span data-contrast=\"auto\">2017-<\/span><span data-ccp-props=\"{&quot;201341983&quot;:0,&quot;335551550&quot;:2,&quot;335551620&quot;:2,&quot;335559740&quot;:240}\">\u00a0<\/span><\/td> <td style=\"text-align: center; width: 144.46px; height: 24px;\" data-celllook=\"69905\">Vorstandsmitglied<\/td> <\/tr> <tr style=\"height: 24px;\" aria-rowindex=\"4\"> <td style=\"text-align: center; width: 627.883px; height: 24px;\" data-celllook=\"69905\"><span data-contrast=\"auto\">MTA-\u00d6ffentliche Einrichtung\u00a0(MTA K\u00f6ztest\u00fclete)<\/span><\/td> <td style=\"text-align: center; width: 50.142px; height: 24px;\" data-celllook=\"69905\"><span data-contrast=\"auto\">2006-<\/span><span data-ccp-props=\"{&quot;201341983&quot;:0,&quot;335551550&quot;:2,&quot;335551620&quot;:2,&quot;335559740&quot;:240}\">\u00a0<\/span><\/td> <td style=\"text-align: center; width: 144.46px; height: 24px;\" data-celllook=\"69905\">mitglied<\/td> <\/tr> <tr style=\"height: 24px;\" aria-rowindex=\"5\"> <td style=\"text-align: center; width: 627.883px; height: 24px;\" data-celllook=\"69905\"><span data-contrast=\"auto\">Gesellschaft Ungarischer Pathologen\u00a0(Magyar Pathol\u00f3gusok T\u00e1rsas\u00e1ga)<\/span><\/td> <td style=\"text-align: center; width: 50.142px; height: 24px;\" data-celllook=\"69905\"><span data-contrast=\"auto\">2006-<\/span><span data-ccp-props=\"{&quot;201341983&quot;:0,&quot;335551550&quot;:2,&quot;335551620&quot;:2,&quot;335559740&quot;:240}\">\u00a0<\/span><\/td> <td style=\"text-align: center; width: 144.46px; height: 24px;\" data-celllook=\"69905\">mitglied<\/td> <\/tr> <tr style=\"height: 24px;\" aria-rowindex=\"6\"> <td style=\"text-align: center; width: 627.883px; height: 24px;\" data-celllook=\"69905\"><span data-contrast=\"auto\">Ungarische Gesellschaft f\u00fcr Mikrobiologie (Magyar Mikrobiol\u00f3giai T\u00e1rsas\u00e1g<\/span><span data-ccp-props=\"{&quot;201341983&quot;:0,&quot;335559740&quot;:240}\">\u00a0)<\/span><\/td> <td style=\"text-align: center; width: 50.142px; height: 24px;\" data-celllook=\"69905\"><span data-contrast=\"auto\">2006-<\/span><span data-ccp-props=\"{&quot;201341983&quot;:0,&quot;335551550&quot;:2,&quot;335551620&quot;:2,&quot;335559740&quot;:240}\">\u00a0<\/span><\/td> <td style=\"text-align: center; width: 144.46px; height: 24px;\" data-celllook=\"69905\">mitglied<\/td> <\/tr> <\/tbody> <\/table> <p>&nbsp;<\/p> <p><strong>Anzahl der bisherigen Abschlussarbeiten\/TDK-Studenten<\/strong><\/p> <ul> <li>Betreuung von 18 Doktoranden<\/li> <li>Betreuung von 8 TDK-Abschlussarbeiten<\/li> <li>9 Abschlussarbeiten zur Betreuung der Veterin\u00e4rausbildung<\/li> <\/ul> <table data-tablestyle=\"MsoTableGrid\" data-tablelook=\"1184\" aria-rowcount=\"2\"> <tbody> <tr aria-rowindex=\"1\"> <td style=\"width: 142.997px;\" data-celllook=\"0\"><span data-ccp-props=\"{&quot;134233118&quot;:true,&quot;201341983&quot;:0,&quot;335551550&quot;:2,&quot;335551620&quot;:2,&quot;335559740&quot;:259}\">Name des Doktoranden\u00a0<\/span><\/td> <td style=\"width: 228.991px;\" data-celllook=\"0\">Abschlussjahr<\/td> <\/tr> <tr aria-rowindex=\"2\"> <td style=\"width: 142.997px;\" data-celllook=\"0\"><span data-contrast=\"none\">Dr. B\u00f3na M\u00e1rta<\/span><span data-ccp-props=\"{&quot;134233118&quot;:true,&quot;201341983&quot;:0,&quot;335551550&quot;:2,&quot;335551620&quot;:2,&quot;335559740&quot;:259}\">\u00a0<\/span><\/td> <td style=\"width: 228.991px;\" data-celllook=\"0\">Der geplante Termin der Doktoratsverteidigung ist Fr\u00fchjahr 2023<\/td> <\/tr> <\/tbody> <\/table> <p><strong> Publikationsliste (Top10)<\/strong><\/p> <p><span data-contrast=\"none\">MTMT: <\/span><span data-contrast=\"auto\">https:\/\/m2.mtmt.hu\/api\/publication?cond=authors;in;10001081&amp;labelLang=hun<\/span><span data-ccp-props=\"{&quot;134233118&quot;:true,&quot;201341983&quot;:0,&quot;335551550&quot;:2,&quot;335551620&quot;:2,&quot;335559739&quot;:160,&quot;335559740&quot;:240}\">\u00a0<\/span><\/p> <table data-tablestyle=\"MsoNormalTable\" data-tablelook=\"480\" aria-rowcount=\"12\"> <tbody> <tr aria-rowindex=\"1\"> <td data-celllook=\"69905\"><span data-ccp-props=\"{&quot;201341983&quot;:0,&quot;335559740&quot;:259}\">\u00a0<\/span><\/td> <td data-celllook=\"69905\"><span data-ccp-props=\"{&quot;201341983&quot;:0,&quot;335559740&quot;:259}\">Ver\u00f6ffentlichungen, auf denen der Hirsch-Index basiert<br \/> Autor(en), Titel, Erscheinungsort\u00a0<\/span><\/td> <td data-celllook=\"69905\">Anzahl unabh\u00e4ngiger Zitierer:<\/td> <\/tr> <tr aria-rowindex=\"2\"> <td data-celllook=\"69905\"><span data-contrast=\"auto\">1.<\/span><span data-ccp-props=\"{&quot;201341983&quot;:0,&quot;335559740&quot;:259}\">\u00a0<\/span><\/td> <td data-celllook=\"69905\"> <p><span data-contrast=\"auto\">Leav I, Merk FB, Lee KF, Loda M,<\/span> <span data-contrast=\"auto\">M\u00e1ndoki M, McNeal JE, Ho SM (1999): <\/span><span data-contrast=\"auto\">Prolactin receptor expression in the developing human prostate and in hyperplastic, dysplastic, and neoplastic lesions.<\/span><span data-ccp-props=\"{&quot;134233117&quot;:true,&quot;134233118&quot;:true,&quot;201341983&quot;:0,&quot;335559740&quot;:240}\">\u00a0<\/span><\/p> <p><b><i><span data-contrast=\"none\">AMERICAN JOURNAL OF PATHOLOGY <\/span><\/i><\/b><b><span data-contrast=\"none\">154 <\/span><\/b><span data-contrast=\"none\">(3):<\/span><i><span data-contrast=\"none\"> 863-870.<\/span><\/i><span data-ccp-props=\"{&quot;134233117&quot;:true,&quot;134233118&quot;:true,&quot;201341983&quot;:0,&quot;335559740&quot;:240}\">\u00a0<\/span><\/td> <td data-celllook=\"69905\"><b><span data-contrast=\"auto\">73<\/span><\/b><span data-ccp-props=\"{&quot;201341983&quot;:0,&quot;335551550&quot;:2,&quot;335551620&quot;:2,&quot;335559740&quot;:259}\">\u00a0<\/span><\/td> <\/tr> <tr aria-rowindex=\"3\"> <td data-celllook=\"69905\"><span data-contrast=\"auto\">2.<\/span><span data-ccp-props=\"{&quot;201341983&quot;:0,&quot;335559740&quot;:259}\">\u00a0<\/span><\/td> <td data-celllook=\"69905\"> <p><span data-contrast=\"auto\">Jacs\u00f3 O,<\/span> <span data-contrast=\"auto\">M\u00e1ndoki M, Majoros G P\u00e9tsch M, Mortarino M, Genchi C, Fok \u00c9 (2009): First autochthonous Dirofilaria immitis (Leidy, 1856) infection in a dog in Hungary.<\/span><span data-ccp-props=\"{&quot;134233117&quot;:true,&quot;134233118&quot;:true,&quot;201341983&quot;:0,&quot;335559740&quot;:240}\">\u00a0<\/span><\/p> <p><b><i><span data-contrast=\"none\">HELMINTHOLOGIA <\/span><\/i><\/b><b><span data-contrast=\"none\">46:<\/span><\/b><span data-contrast=\"none\">(3) <\/span><i><span data-contrast=\"none\">pp. 159-161.<\/span><\/i><span data-ccp-props=\"{&quot;134233117&quot;:true,&quot;134233118&quot;:true,&quot;201341983&quot;:0,&quot;335559740&quot;:240}\">\u00a0<\/span><\/td> <td data-celllook=\"69905\"><b><span data-contrast=\"auto\">26<\/span><\/b><span data-ccp-props=\"{&quot;201341983&quot;:0,&quot;335551550&quot;:2,&quot;335551620&quot;:2,&quot;335559740&quot;:259}\">\u00a0<\/span><\/td> <\/tr> <tr aria-rowindex=\"4\"> <td data-celllook=\"69905\"><span data-contrast=\"auto\">3.<\/span><span data-ccp-props=\"{&quot;201341983&quot;:0,&quot;335559740&quot;:259}\">\u00a0<\/span><\/td> <td data-celllook=\"69905\"> <p><span data-contrast=\"auto\">M\u00e1ndoki M, Bakonyi T, Ivanics E, Nemes C, Dobos Kov\u00e1cs M, Rusvai M (2006): <\/span><span data-contrast=\"auto\">Phylogenetic diversity of avian nephritis virus in Hungarian chicken flocks.<\/span><span data-ccp-props=\"{&quot;134233117&quot;:true,&quot;134233118&quot;:true,&quot;201341983&quot;:0,&quot;335559740&quot;:240}\">\u00a0<\/span><\/p> <p><b><i><span data-contrast=\"none\">AVIAN PATHOLOGY <\/span><\/i><\/b><b><span data-contrast=\"none\">35: <\/span><\/b><i><span data-contrast=\"none\">pp. 224-229.<\/span><\/i><span data-ccp-props=\"{&quot;134233117&quot;:true,&quot;134233118&quot;:true,&quot;201341983&quot;:0,&quot;335559740&quot;:240}\">\u00a0<\/span><\/td> <td data-celllook=\"69905\"><b><span data-contrast=\"auto\">24<\/span><\/b><span data-ccp-props=\"{&quot;201341983&quot;:0,&quot;335551550&quot;:2,&quot;335551620&quot;:2,&quot;335559740&quot;:259}\">\u00a0<\/span><\/td> <\/tr> <tr aria-rowindex=\"5\"> <td data-celllook=\"69905\"><span data-contrast=\"auto\">4.<\/span><span data-ccp-props=\"{&quot;201341983&quot;:0,&quot;335559740&quot;:259}\">\u00a0<\/span><\/td> <td data-celllook=\"69905\"> <p><span data-contrast=\"auto\">Palade EA, Kisary J, Benyeda Zs,<\/span> <span data-contrast=\"auto\">M\u00e1ndoki M, Balka Gy, Jakab Cs, V\u00e9gh B, Demeter Z, Rusvai M (2006): <\/span><span data-contrast=\"auto\">Naturally occurring parvoviral infection in Hungarian broiler flocks.<\/span><span data-ccp-props=\"{&quot;134233117&quot;:true,&quot;134233118&quot;:true,&quot;201341983&quot;:0,&quot;335559740&quot;:240}\">\u00a0<\/span><\/p> <p><b><i><span data-contrast=\"none\">AVIAN PATHOLOGY <\/span><\/i><\/b><b><span data-contrast=\"none\">40:<\/span><\/b><span data-contrast=\"none\">(2) <\/span><i><span data-contrast=\"none\">pp. 191-197.<\/span><\/i><span data-ccp-props=\"{&quot;134233117&quot;:true,&quot;134233118&quot;:true,&quot;201341983&quot;:0,&quot;335559740&quot;:240}\">\u00a0<\/span><\/td> <td data-celllook=\"69905\"><b><span data-contrast=\"auto\">24<\/span><\/b><span data-ccp-props=\"{&quot;201341983&quot;:0,&quot;335551550&quot;:2,&quot;335551620&quot;:2,&quot;335559740&quot;:259}\">\u00a0<\/span><\/td> <\/tr> <tr aria-rowindex=\"6\"> <td data-celllook=\"69905\"><span data-contrast=\"auto\">5.<\/span><span data-ccp-props=\"{&quot;201341983&quot;:0,&quot;335559740&quot;:259}\">\u00a0<\/span><\/td> <td data-celllook=\"69905\"> <p><span data-contrast=\"auto\">Duijn, CCMA; Welink, LS; Mandoki, M; ten Cate, OTJ; Kremer, WDJ; Bok, HGJ (2017): Am I ready for it? Students\u2019 perceptions of meaningful feedback on entrustable professional activities<\/span><span data-ccp-props=\"{&quot;134233117&quot;:true,&quot;134233118&quot;:true,&quot;201341983&quot;:0,&quot;335559740&quot;:240}\">\u00a0<\/span><\/p> <p><b><i><span data-contrast=\"auto\">PERSPECTIVES ON MEDICAL EDUCATION<\/span><\/i><\/b><span data-contrast=\"auto\"> 6: 4 pp. 256-264., 9 p.<\/span><span data-ccp-props=\"{&quot;134233117&quot;:true,&quot;134233118&quot;:true,&quot;201341983&quot;:0,&quot;335559740&quot;:240}\">\u00a0<\/span><\/td> <td data-celllook=\"69905\"><b><span data-contrast=\"auto\">19<\/span><\/b><span data-ccp-props=\"{&quot;201341983&quot;:0,&quot;335551550&quot;:2,&quot;335551620&quot;:2,&quot;335559740&quot;:259}\">\u00a0<\/span><\/td> <\/tr> <tr aria-rowindex=\"7\"> <td data-celllook=\"69905\"><span data-contrast=\"auto\">6.<\/span><span data-ccp-props=\"{&quot;201341983&quot;:0,&quot;335559740&quot;:259}\">\u00a0<\/span><\/td> <td data-celllook=\"69905\"> <p><span data-contrast=\"auto\">Kov\u00e1cs, M; Tornyos, G; Matics, Zs; M\u00e9zes, M; Balogh, K; Rajli, V; Bloch-Bodn\u00e1r, Zs ; Rusvai, M; M\u00e1ndoki, M; Cseh, S (2013): Effect of chronic T-2 toxin exposure in rabbit bucks, determination of the No Observed Adverse Effect Level (NOAEL)<\/span><span data-ccp-props=\"{&quot;134233117&quot;:true,&quot;134233118&quot;:true,&quot;201341983&quot;:0,&quot;335559740&quot;:240}\">\u00a0<\/span><\/p> <p><b><i><span data-contrast=\"auto\">ANIMAL REPRODUCTION SCIENCE<\/span><\/i><\/b><span data-contrast=\"auto\"> 137: 3-4 pp. 245-252. Paper: ISSN 0378-4320 , 8 p. (2013)<\/span><span data-ccp-props=\"{&quot;134233117&quot;:true,&quot;134233118&quot;:true,&quot;201341983&quot;:0,&quot;335559740&quot;:240}\">\u00a0<\/span><\/td> <td data-celllook=\"69905\"><b><span data-contrast=\"auto\">11<\/span><\/b><span data-ccp-props=\"{&quot;201341983&quot;:0,&quot;335551550&quot;:2,&quot;335551620&quot;:2,&quot;335559740&quot;:259}\">\u00a0<\/span><\/td> <\/tr> <tr aria-rowindex=\"8\"> <td data-celllook=\"69905\"><span data-contrast=\"auto\">7.<\/span><span data-ccp-props=\"{&quot;201341983&quot;:0,&quot;335559740&quot;:259}\">\u00a0<\/span><\/td> <td data-celllook=\"69905\"> <p><span data-contrast=\"auto\">Palade, EA; Bir\u00f3, N; Dobos-Kov\u00e1cs, M; Demeter, Z; M\u00e1ndoki, M; Rusvai, M (2008): Poxvirus infection in Hungarian great tits (Parus major)<\/span><span data-ccp-props=\"{&quot;134233117&quot;:true,&quot;134233118&quot;:true,&quot;201341983&quot;:0,&quot;335559740&quot;:240}\">\u00a0<\/span><\/p> <p><b><i><span data-contrast=\"auto\">ACTA VETERINARIA HUNGARICA<\/span><\/i><\/b><span data-contrast=\"auto\"> 56: 4 pp. 539-546., 8 p. (2008)<\/span><span data-ccp-props=\"{&quot;134233117&quot;:true,&quot;134233118&quot;:true,&quot;201341983&quot;:0,&quot;335559740&quot;:240}\">\u00a0<\/span><\/td> <td data-celllook=\"69905\"><b><span data-contrast=\"auto\">14<\/span><\/b><span data-ccp-props=\"{&quot;201341983&quot;:0,&quot;335551550&quot;:2,&quot;335551620&quot;:2,&quot;335559740&quot;:259}\">\u00a0<\/span><\/td> <\/tr> <tr aria-rowindex=\"9\"> <td data-celllook=\"69905\"><span data-contrast=\"auto\">8.<\/span><span data-ccp-props=\"{&quot;201341983&quot;:0,&quot;335559740&quot;:259}\">\u00a0<\/span><\/td> <td data-celllook=\"69905\"> <p><span data-contrast=\"none\">Baillie, S; Ehlers, JP; Koch, M; M\u00e1ndoki, M; Ciobotaru, E; de Groot, E (2011): Developing an online professional network for veterinary education: The NOVICE project<\/span><span data-ccp-props=\"{&quot;134233117&quot;:true,&quot;134233118&quot;:true,&quot;201341983&quot;:0,&quot;335559740&quot;:240}\">\u00a0<\/span><\/p> <p><b><i><span data-contrast=\"none\">JOURNAL OF VETERINARY MEDICAL EDUCATION<\/span><\/i><\/b><span data-contrast=\"none\"> 38: 4 pp. 395-403., 9 p. (2011)<\/span><span data-ccp-props=\"{&quot;134233117&quot;:true,&quot;134233118&quot;:true,&quot;201341983&quot;:0,&quot;335559740&quot;:240}\">\u00a0<\/span><\/td> <td data-celllook=\"69905\"><b><span data-contrast=\"auto\">7<\/span><\/b><span data-ccp-props=\"{&quot;201341983&quot;:0,&quot;335551550&quot;:2,&quot;335551620&quot;:2,&quot;335559740&quot;:259}\">\u00a0<\/span><\/td> <\/tr> <tr aria-rowindex=\"10\"> <td data-celllook=\"69905\"><span data-contrast=\"auto\">9.<\/span><span data-ccp-props=\"{&quot;201341983&quot;:0,&quot;335559740&quot;:259}\">\u00a0<\/span><\/td> <td data-celllook=\"69905\"> <p><span data-contrast=\"none\">G\u00e1l, J; Horny\u00e1k, \u00c1; M\u00e1ndoki, M; Bakonyi, T; Balka, Gy; Szeredi, L; Maros\u00e1n, M; Lud\u00e1nyi, T; Forg\u00e1ch, P; S\u00f3s, Endre et al.<\/span><span data-ccp-props=\"{&quot;134233117&quot;:true,&quot;134233118&quot;:true,&quot;201341983&quot;:0,&quot;335559740&quot;:240}\">\u00a0<\/span><\/p> <p><span data-contrast=\"none\">Novel mastadenovirus infection and clinical disease in a pygmy marmoset (Callithrix [Cebuella] pygmaea)<\/span><span data-ccp-props=\"{&quot;134233117&quot;:true,&quot;134233118&quot;:true,&quot;201341983&quot;:0,&quot;335559740&quot;:240}\">\u00a0<\/span><\/p> <p><b><i><span data-contrast=\"none\">VETERINARY MICROBIOLOGY<\/span><\/i><\/b><span data-contrast=\"none\"> 167: 3-4 pp. 695-699., 5 p. (2013)<\/span><span data-ccp-props=\"{&quot;134233117&quot;:true,&quot;134233118&quot;:true,&quot;201341983&quot;:0,&quot;335559740&quot;:240}\">\u00a0<\/span><\/td> <td data-celllook=\"69905\"><b><span data-contrast=\"auto\">10<\/span><\/b><span data-ccp-props=\"{&quot;201341983&quot;:0,&quot;335551550&quot;:2,&quot;335551620&quot;:2,&quot;335559740&quot;:259}\">\u00a0<\/span><\/td> <\/tr> <tr aria-rowindex=\"11\"> <td data-celllook=\"69905\"><span data-contrast=\"auto\">10.<\/span><span data-ccp-props=\"{&quot;201341983&quot;:0,&quot;335559740&quot;:259}\">\u00a0<\/span><\/td> <td data-celllook=\"69905\"> <p><span data-contrast=\"none\">G\u00e1l, J; Jakab, Cs; Szab\u00f3, Z; Paz\u00e1r, P; Ps\u00e1der, R; Roeber, F; Hegyi, \u00c1; Lefler, KK; Farkas, B; M\u00e1ndoki, M (2009): Hemangioma in the oesophagus of Red-eared Slider (Trachemys scripta elegans)<\/span><span data-ccp-props=\"{&quot;134233117&quot;:true,&quot;134233118&quot;:true,&quot;201341983&quot;:0,&quot;335559740&quot;:240}\">\u00a0<\/span><\/p> <p><b><i><span data-contrast=\"none\">ACTA VETERINARIA HUNGARICA<\/span><\/i><\/b><span data-contrast=\"none\"> 57: 4 pp. 477-484., 8 p. (2009)<\/span><span data-ccp-props=\"{&quot;134233117&quot;:true,&quot;134233118&quot;:true,&quot;201341983&quot;:0,&quot;335559740&quot;:240}\">\u00a0<\/span><\/td> <td data-celllook=\"69905\"><b><span data-contrast=\"auto\">7<\/span><\/b><span data-ccp-props=\"{&quot;201341983&quot;:0,&quot;335551550&quot;:2,&quot;335551620&quot;:2,&quot;335559740&quot;:259}\">\u00a0<\/span><\/td> <\/tr> <tr aria-rowindex=\"12\"> <td data-celllook=\"69905\"><span data-contrast=\"auto\">11.<\/span><span data-ccp-props=\"{&quot;201341983&quot;:0,&quot;335559740&quot;:259}\">\u00a0<\/span><\/td> <td data-celllook=\"69905\"> <p><span data-contrast=\"auto\">M\u00e1ndoki M, Dobos Kov\u00e1cs M, Bakonyi T, Rusvai M (2006): <\/span><span data-contrast=\"auto\">Molecular diagnosis of avian nephritis: Preliminary report.<\/span><span data-ccp-props=\"{&quot;134233117&quot;:true,&quot;134233118&quot;:true,&quot;201341983&quot;:0,&quot;335559740&quot;:240}\">\u00a0<\/span><\/p> <p><b><i><span data-contrast=\"none\">ACTA VETERINARIA HUNGARICA <\/span><\/i><\/b><b><span data-contrast=\"none\">54: <\/span><\/b><i><span data-contrast=\"none\">pp. 51-60.<\/span><\/i><span data-ccp-props=\"{&quot;134233117&quot;:true,&quot;134233118&quot;:true,&quot;201341983&quot;:0,&quot;335559740&quot;:240}\">\u00a0<\/span><\/td> <td data-celllook=\"69905\"><b><span data-contrast=\"auto\">10<\/span><\/b><span data-ccp-props=\"{&quot;201341983&quot;:0,&quot;335551550&quot;:2,&quot;335551620&quot;:2,&quot;335559740&quot;:259}\">\u00a0<\/span><\/td> <\/tr> <\/tbody> <\/table> <p><span data-ccp-props=\"{&quot;134233118&quot;:true,&quot;201341983&quot;:0,&quot;335551550&quot;:2,&quot;335551620&quot;:2,&quot;335559739&quot;:160,&quot;335559740&quot;:240}\">\u00a0<\/span><\/p>","protected":false},"excerpt":{"rendered":"<p>Einf\u00fchrung Seit 2000 bin ich in der Lehre f\u00fcr Veterin\u00e4rpathologie t\u00e4tig. F\u00fcr Veterin\u00e4rstudenten im dritten und vierten Studienjahr halte ich Histopathologie und Autopsiediagnostik sowie Plenar\u00fcbungen und Vorlesungen auf Ungarisch und Englisch. Seit 2007 unterrichte ich das Wahlfach \u201eGeschichte der Veterin\u00e4rmedizin\u201c auf Englisch. Ich bin Kursleiterin f\u00fcr den optionalen ungarischsprachigen Kurs \u201ePraktische Probleme der Gro\u00dfgefl\u00fcgelhaltung\u201c. Im<\/p>\n","protected":false},"author":5824,"featured_media":0,"parent":859,"menu_order":211,"comment_status":"closed","ping_status":"closed","template":"","meta":{"_acf_changed":false,"footnotes":""},"categories":[55],"tags":[],"class_list":["post-4296","page","type-page","status-publish","hentry","category-mitarbeiter"],"acf":[],"_links":{"self":[{"href":"https:\/\/univet.hu\/de\/wp-json\/wp\/v2\/pages\/4296","targetHints":{"allow":["GET"]}}],"collection":[{"href":"https:\/\/univet.hu\/de\/wp-json\/wp\/v2\/pages"}],"about":[{"href":"https:\/\/univet.hu\/de\/wp-json\/wp\/v2\/types\/page"}],"author":[{"embeddable":true,"href":"https:\/\/univet.hu\/de\/wp-json\/wp\/v2\/users\/5824"}],"replies":[{"embeddable":true,"href":"https:\/\/univet.hu\/de\/wp-json\/wp\/v2\/comments?post=4296"}],"version-history":[{"count":1,"href":"https:\/\/univet.hu\/de\/wp-json\/wp\/v2\/pages\/4296\/revisions"}],"predecessor-version":[{"id":200844,"href":"https:\/\/univet.hu\/de\/wp-json\/wp\/v2\/pages\/4296\/revisions\/200844"}],"up":[{"embeddable":true,"href":"https:\/\/univet.hu\/de\/wp-json\/wp\/v2\/pages\/859"}],"wp:attachment":[{"href":"https:\/\/univet.hu\/de\/wp-json\/wp\/v2\/media?parent=4296"}],"wp:term":[{"taxonomy":"category","embeddable":true,"href":"https:\/\/univet.hu\/de\/wp-json\/wp\/v2\/categories?post=4296"},{"taxonomy":"post_tag","embeddable":true,"href":"https:\/\/univet.hu\/de\/wp-json\/wp\/v2\/tags?post=4296"}],"curies":[{"name":"wp","href":"https:\/\/api.w.org\/{rel}","templated":true}]}}