{"id":4302,"date":"2016-08-02T14:15:00","date_gmt":"2016-08-02T12:15:00","guid":{"rendered":"http:\/\/univet.hu\/universitaet\/mitarbeiter\/marosan-miklos\/"},"modified":"2026-02-10T04:45:22","modified_gmt":"2026-02-10T03:45:22","slug":"marosan-miklos","status":"publish","type":"page","link":"https:\/\/univet.hu\/de\/universitaet\/mitarbeiter\/marosan-miklos\/","title":{"rendered":"Maros\u00e1n Mikl\u00f3s"},"content":{"rendered":"<p><span style=\"font-size: 14pt;\"><strong>Einf\u00fchrung<\/strong><\/span><\/p> <p>Ich wurde 1974 in Budapest geboren. 1999 schloss ich mein Studium als Wildtieringenieur an der Fakult\u00e4t f\u00fcr Forstingenieurwesen, Universit\u00e4t Sopron ab, dann erwarb ich 2001 Agraringenieurdiplom an der Fakult\u00e4t f\u00fcr Naturwissenschaften, Landwirtschaft und Ern\u00e4hrung, Universit\u00e4t Westungarn.<\/p> <p>Im Jahr 2007 erwarb ich Zoologe-Diplom an der Fakult\u00e4t f\u00fcr Naturwissenschaften, L\u00f3r\u00e1nd-E\u00f6tv\u00f6s-Universit\u00e4t, dannim Jahr 2014 Diplom f\u00fcr Fachingenieur f\u00fcr Futter- und Futtermanagement an der Fakult\u00e4t f\u00fcr Umweltwissenschaften, Szent-Istv\u00e1n-Universit\u00e4t.<\/p> <p>Ich begann meine Lehrt\u00e4tigkeit im Jahr 2002 an der Universit\u00e4t Westungarn,<\/p> <p>Fakult\u00e4t f\u00fcr Agrar- und Lebensmittelwissenschaften, Abteilung Zoologie, damals als Abteilungsingenieur, dann als Universit\u00e4tsassistenzprofessor. Danach, zwischen 2010 und 2011, wurde ich au\u00dferordentlicher Universit\u00e4tsprofessor am Institut f\u00fcr Umweltwissenschaften der Fakult\u00e4t f\u00fcr Management und l\u00e4ndliche Entwicklung, K\u00e1roly R\u00f3bert College.<\/p> <p>Im Jahr 2011 wurde ich leitender wissenschaftlicher Mitarbeiter an der Vorg\u00e4ngereinrichtung der Veterin\u00e4rmedizinischen Universit\u00e4t, am Institut f\u00fcr Tierhaltung, Ern\u00e4hrung und Versuchstierwissenschaften, und dann seit 2014 lehrte ich an der Abteilung f\u00fcr Medizin Exotischer und Wildtiere der Veterin\u00e4rmedizinischen Universit\u00e4t Budapest, wo ich derzeit als Dozent, stellvertretender Abteilungsleiter und Fachbereichsleiter t\u00e4tig bin.<\/p> <p>2005 habe ich PhD-Diplom, 2010 Habilitation erreicht, und 2013 erhielte ich den Titel eines ordentlichen Universit\u00e4tsprofessors.<\/p> <p>Neben meiner Lehrt\u00e4tigkeit arbeite ich als forensischer Sachverst\u00e4ndiger (Agrar-Umweltmanagement; Indoor Wildtierhaltung; Wildtiermanagement-Planung; landwirtschaftliche Sch\u00e4den verursacht von Wildtieren; Sch\u00e4tzung des landwirtschaftlichen Ertrags; landwirtschaftliche Sch\u00e4den, Sch\u00e4tzung landwirtschaftlicher Sch\u00e4den; Organisation individueller und gesellschaftlicher Jagden; Wildtiersch\u00e4den im Wald, Sch\u00e4tzung der Wildtiersch\u00e4den im Wald; Wildtierschutz; Tierhaltung; Futtermanagement, Mischfutterproduktion) und als Wildmanagement- und Jagdexperte (Wildmanagement-Planung, Wildtiersch\u00e4den im Wald, Wildtiersch\u00e4den in der Landwirtschaft, Sch\u00e4den durch Kollisionen zwischen Wildtieren und Fahrzeugen,Jagdrecht).<\/p> <p>Meine Publikationst\u00e4tigkeit erfolgt in umfassender Zusammenarbeit mit mehreren Universit\u00e4ten (Sz\u00e9chenyi-Universit\u00e4t, Fakult\u00e4t f\u00fcr Agrar- und Lebensmittelwissenschaften, Universit\u00e4t Sopron, Fakult\u00e4t f\u00fcr Forstingenieurwesen; L\u00f3r\u00e1nd E\u00f6tv\u00f6s Universit\u00e4t, Fakult\u00e4t f\u00fcr Naturwissenschaften; Szent-Istv\u00e1n-Universit\u00e4t, Fakult\u00e4t f\u00fcr Landwirtschaft und Umweltwissenschaften, Tsukuba-Universit\u00e4t Japan), Museen (Ungarisches Museum f\u00fcr Naturwissenschaften, Tierausstellung, Anthropologische Ausstellung), Forschungsinstitute (Nationalzentrum f\u00fcr Agrarforschung und Innovation, Nationales B\u00fcro f\u00fcr Lebensmittelkettensicherheit) mit Forschungseinrichtungen und Jagdeinheiten (Jagdunternehmen,Forst- und Agrarbetriebe) fahre ich.<\/p> <p>Bisher hebe ich 126 wissenschaftliche, professionell eund informative<\/p> <p>Publikationen ver\u00f6ffentlicht.<\/p> <p><strong>Forschungsschwerpunkte:<\/strong><\/p> <p>\u2022 Juristisches Fachwissen in den Bereichen Jagd und Wildtiermanagement. Die Untersuchung rechtlicher Fragen in Fachgebieten Jagd und Wildtiermanagement und die Entwicklung der damit verbundenen Fachprotokolle f\u00fcr Wildtiermanagementpraxis, Justiz und Gesetzgebung.<\/p> <p>\u2022 Entwicklung eines professionellen Protokolls zur landwirtschaftlichen Schadensbewertung verursacht durch Wildtiere.<\/p> <p>\u2022 Professionelle Weiterentwicklung der Bewertung von Kollisionen zwischen Wildtieren und Fahrzeugen.<\/p> <p>\u2022 Alterssch\u00e4tzung von Wildtieren und Vergleich ihrer morphologischen Altersmerkmale (mit osteologischen, anatomischen und histologischen Methoden).<\/p> <p><strong>Fortschritt<\/strong><\/p> <p>1999 Forstingenieur<\/p> <p>2001 Agraringenieur<\/p> <p>2005 PhD-Diplom<\/p> <p>2007 Zoologe<\/p> <p>2010 Habilitation<\/p> <p>2013 Ehrendozent der Universit\u00e4t<\/p> <p>2014 Fachingenieur f\u00fcr F\u00fctterung und Futtermanagement<\/p> <p><strong>Mitgliedschaft in Fachsorganisationen<\/strong><\/p> <p>Name des Ausschusses, Zeit, Position<\/p> <p>Abteilung f\u00fcr Zoologie der Ungarischen Biologischen Gesellschaft seit 1999<\/p> <p>2010-2012<\/p> <p>2010-2011<\/p> <p>Mitglied,<\/p> <p>Ausschussmitglied, Vorstandsmitglied<\/p> <p>Sekret\u00e4r<\/p> <p>Abteilung f\u00fcr Umwelt und Naturschutz der Ungarischen Biologischen Gesellschaft, Mitglied seit 2000,<\/p> <p>NYME-M\u00c9K TDK Zoological Scientific Workshop 2008-2010 Mitglied<\/p> <p>Mitglied der Ungarischen Kammer der Justizexperten seit 2009<\/p> <p>Mitglied des Wissenschaftlichen Ausschusses KRF-TVK 2010-2011<\/p> <p>Nationale Ungarische Jagdkammer, Organisation der Hauptstadtregion und des Bezirks Pest<\/p> <p>Naturschutzkommission<\/p> <p>Mitglied seit 2012<\/p> <p>Nationale Ungarische Jagdkammer, Organisation der Hauptstadtregion und des Bezirks Pest<\/p> <p>Ethikkommission Mitglied seit 2021<\/p> <p>Seit 2012 Mitglied des Unterausschusses f\u00fcr Wildtiermanagement des Ungarischen Forstausschusses<\/p> <p>Mitglied seit 2013 Nationale Ungarische Jagdkammer, Hauptstadt- und Bezirkssorganisation Pest 2013-2017<\/p> <p>ab 2021<\/p> <p>Kreis- und Bundesdelegierter<\/p> <p>Gr\u00fcndungsmitglied des Nationalen Verbands ungarischer Wildtiermanagement-Experten 2013-2019<\/p> <p>Ungarische Kammer f\u00fcr Justizexperten, Abteilung f\u00fcr Feld- und Forstwirtschaft und Lebensmittelindustrie<\/p> <p>Vorstandsmitglied seit 2018<\/p> <p>Anzahl der bisherigen Abschlussarbeiten\/TDK-Studenten (TDK \u2013 Wissenschaftlicher Studentenkreis)<\/p> <p><strong>Themenleiter Aktivit\u00e4t<\/strong><\/p> <p>Universit\u00e4t Westungarn,<\/p> <p>Fakult\u00e4t f\u00fcr Landwirtschaft und Lebensmittelwissenschaften (auf Ungarisch)<\/p> <p>Veterin\u00e4rmedizinische Universit\u00e4t Budapest<\/p> <p>(auf Ungarisch)<\/p> <p>Veterin\u00e4rmedizinische Universit\u00e4t Budapest<\/p> <p>(auf Englisch)<\/p> <p>K\u00e1roly R\u00f3bert College<\/p> <p>(auf Ungarisch)<\/p> <p>Anzahl der Abschlussarbeiten 68 8 3 23<\/p> <p><strong>TDK-Supervisor-T\u00e4tigkeiten auf Ungarisch und Englisch<\/strong><\/p> <p>TDK-Betreuer 21<\/p> <p><strong>Doktoranden<\/strong><\/p> <p>T\u00e4tigkeit als Doktorvater Abschluss mit Doktortitel in Bearbeitung Begonnen und dann \u00fcbergeben<\/p> <p>Themenmanagement<\/p> <p>50 % Betreuen 100 % Betreuen 50 % Betreuen 100 % Betreuen 50 % Betreuen<\/p> <p>Doktorvater 2 2<\/p> <p><strong>Publikationsliste (Top 10):<\/strong><\/p>","protected":false},"excerpt":{"rendered":"<p>Einf\u00fchrung Ich wurde 1974 in Budapest geboren. 1999 schloss ich mein Studium als Wildtieringenieur an der Fakult\u00e4t f\u00fcr Forstingenieurwesen, Universit\u00e4t Sopron ab, dann erwarb ich 2001 Agraringenieurdiplom an der Fakult\u00e4t f\u00fcr Naturwissenschaften, Landwirtschaft und Ern\u00e4hrung, Universit\u00e4t Westungarn. Im Jahr 2007 erwarb ich Zoologe-Diplom an der Fakult\u00e4t f\u00fcr Naturwissenschaften, L\u00f3r\u00e1nd-E\u00f6tv\u00f6s-Universit\u00e4t, dannim Jahr 2014 Diplom f\u00fcr Fachingenieur<\/p>\n","protected":false},"author":5824,"featured_media":0,"parent":859,"menu_order":211,"comment_status":"closed","ping_status":"closed","template":"","meta":{"_acf_changed":false,"footnotes":""},"categories":[55],"tags":[],"class_list":["post-4302","page","type-page","status-publish","hentry","category-mitarbeiter"],"acf":[],"_links":{"self":[{"href":"https:\/\/univet.hu\/de\/wp-json\/wp\/v2\/pages\/4302","targetHints":{"allow":["GET"]}}],"collection":[{"href":"https:\/\/univet.hu\/de\/wp-json\/wp\/v2\/pages"}],"about":[{"href":"https:\/\/univet.hu\/de\/wp-json\/wp\/v2\/types\/page"}],"author":[{"embeddable":true,"href":"https:\/\/univet.hu\/de\/wp-json\/wp\/v2\/users\/5824"}],"replies":[{"embeddable":true,"href":"https:\/\/univet.hu\/de\/wp-json\/wp\/v2\/comments?post=4302"}],"version-history":[{"count":1,"href":"https:\/\/univet.hu\/de\/wp-json\/wp\/v2\/pages\/4302\/revisions"}],"predecessor-version":[{"id":200847,"href":"https:\/\/univet.hu\/de\/wp-json\/wp\/v2\/pages\/4302\/revisions\/200847"}],"up":[{"embeddable":true,"href":"https:\/\/univet.hu\/de\/wp-json\/wp\/v2\/pages\/859"}],"wp:attachment":[{"href":"https:\/\/univet.hu\/de\/wp-json\/wp\/v2\/media?parent=4302"}],"wp:term":[{"taxonomy":"category","embeddable":true,"href":"https:\/\/univet.hu\/de\/wp-json\/wp\/v2\/categories?post=4302"},{"taxonomy":"post_tag","embeddable":true,"href":"https:\/\/univet.hu\/de\/wp-json\/wp\/v2\/tags?post=4302"}],"curies":[{"name":"wp","href":"https:\/\/api.w.org\/{rel}","templated":true}]}}