{"id":4308,"date":"2017-07-24T12:11:00","date_gmt":"2017-07-24T10:11:00","guid":{"rendered":"http:\/\/univet.hu\/universitaet\/mitarbeiter\/maroti-agots-akos\/"},"modified":"2026-02-10T04:49:27","modified_gmt":"2026-02-10T03:49:27","slug":"maroti-agots-akos","status":"publish","type":"page","link":"https:\/\/univet.hu\/de\/universitaet\/mitarbeiter\/maroti-agots-akos\/","title":{"rendered":"Mar\u00f3ti-Ag\u00f3ts \u00c1kos"},"content":{"rendered":"<p>&nbsp;<\/p> <h2>Einleitung<\/h2> <div> <p>Tierarzt (2003)<br \/> Forschung: Video Exterieur Beurteilung phylogenetische Studien der mitochondrialen DNS mit den Rindern, Haus-und Heimtieren Erbkrankheiten der molekularen Diagnostik der caninen Bewegungsanalyse, Bewegungsst\u00f6rungen diagnostische Untersuchung der M\u00f6glichkeit einer Podol\u00ednec Art runder Konformationsanalyse Vate Methode<\/p> <p>\u00dcbung: molekulare Diagnose von Erbkrankheiten, Konformation der Beurteilung, Art der Schule<\/p> <p>GradPhD \/ Doktorat Erwerbszeitpunkt : 2011Promotion \/ PhD Ausgabe Institution: Tier\u00e4rztliche Fakult\u00e4t , SzIUPromotion \/ PhD Geburtsnummer : 42\/2011Promotion \/ PhD Dissertation Titel: Ph\u00e4notypische und genotypische Analyse der ungarischen Rasse GrauviehSprachkenntnisseSchreiben und sprechen Englisch im Sekundarbereich (C)Schreibt und spricht Deutsch in der Sekundarstufe (C)Bildung2002 Tierarzt DoktorArbeitspl\u00e4tze2003 \u2013 SzIU Tier\u00e4rztliche Fakult\u00e4t , PhD2006 \u2013 SzIU Tier\u00e4rztliche Fakult\u00e4t , Tierarzt Institute &#8211; Forschung2009 \u2013 SzIU Tier\u00e4rztliche Fakult\u00e4t , Wissenschaftlicher Mitarbeiter &#8211; ForschungSpezialit\u00e4tGenetik der Zucht-, Generhaltung , 3D-Bilder von Tieren<\/p> <\/div> <h2>Aktivit\u00e4t<\/h2> <div> <p>2011 \u00c1kos Mar\u00f3ti-Ag\u00f3ts, Imre Bod\u00f3, Levente J\u00e1vorka, Alice Gyurm\u00e1n, M I Soysal, L\u00e1szl\u00f3 Z\u00f6ld\u00e1g: Video Aided Measurement Method for Characterization of Phenotypical Traits of an Indigenous Cattle Breed, JOURNAL OF TEKIRDAG AGRICULTURAL FACULTY 8:(3) pp. 35-39., 2011 Dokumentum t\u00edpusa: foly\u00f3iratcikk<\/p> <p>2011 B\u00e9ri B, Bod\u00f3 I, Gera I, Mar\u00f3ti-Ag\u00f3ts \u00c1, Rad\u00e1csi A: Podolic cattle: Characterisation of indigenous and improved breeds, Debrecen University Centre for Agricultural Sciences Faculty of Agriculture, 2011 Dokumentum t\u00edpusa: k\u00f6nyv<\/p> <p>2011 Mar\u00f3ti-Ag\u00f3ts \u00c1, Bod\u00f3 I, J\u00e1vorka L, Gyurm\u00e1n A, Solymosi N, Zenke P, Skogseth M, Z\u00f6ld\u00e1g L: Possible genetic sign of heat stress adaptation in Hungarian Grey Bos taurus breed, ACTA BIOLOGICA HUNGARICA 62:(1) pp. 65-72., 2011 Dokumentum t\u00edpusa: foly\u00f3iratcikk<\/p> <p>2010 Pariset L, Mariotti M, Nardone A, Soysal MI, Ozkan E, Williams JL, Dunner S, Leveziel H, Maroti-Agots A, Bodo I, Valentini A: Relationships between Podolic cattle breeds assessed by single nucleotide polymorphisms (SNPs) genotyping., JOURNAL OF ANIMAL BREEDING AND GENETICS-ZEITSCHRIFT F\u00dcR TIERZUCHTUNG UND ZUCHTUNGSBIOLOGIE 127:(6) pp. 481-488., 2010 Dokumentum t\u00edpusa: foly\u00f3iratcikk<\/p> <p>2010 Solymosi N, Torma C, Kern A, Mar\u00f3ti-Ag\u00f3ts \u00c1, Barcza Z, K\u00f6nyves L, Berke O, Reiczigel J: Changing climate in Hungary and trends in the annual number of heat stress days., INTERNATIONAL JOURNAL OF BIOMETEOROLOGY 54:(4) pp. 423-431., 2010 Dokumentum t\u00edpusa: foly\u00f3iratcikk<\/p> <p>2010 Solymosi N, Wagner SE, Mar\u00f3ti-Ag\u00f3ts \u00c1, Allepuz A: maps2WinBUGS: a QGIS plugin to facilitate data processing for Bayesian spatial modeling, ECOGRAPHY 33:(6) pp. 1093-1096., 2010<\/p> <p>2009 Mar\u00f3ti-Ag\u00f3ts \u00c1, Skogseth M, Solymosi N, Bod\u00f3 I, Z\u00f6ld\u00e1g L: Climate changes and heat stress adaptation &#8211; hsp 70 polymorphisms in Podolic cattles, Proceedings of International Congress &#8222;On the tracks of Grey Podolic cattle&#8220; pp 227-231, 2009<\/p> <p>2009 \u017didek R, Trand\u017e\u00edk J, Buleca Jr J, Mar\u00f3ti-Ag\u00f3ts \u00c1, Jakabov\u00e1-\u0160\u00e1tkov\u00e1 D, Bulla J, Z\u00f6ld\u00e1g L: Hagyom\u00e1nyos mikroszatellita markerek \u00e9s kvantit\u00edv g\u00e9nhelyek (QTL-ek) alkalmazhat\u00f3s\u00e1ga a sert\u00e9sgenetikai kutat\u00e1sokban (Application of conventional microsatellite markers and quantitative trait loci in porcine genetic research), MAGYAR \u00c1LLATORVOSOK LAPJA 131:(10) pp. 624-632., 2009<\/p> <p>2008 Mar\u00f3ti-Ag\u00f3ts \u00c1, Z\u00f6ld\u00e1g L, Solymosi N, Egyed B: Effect of different sampling methods on cattle mtDNA phylogenetic studies, 59th Annual Meeting of the European Association for Animal Production, Vilnius, Lithuania, 2008. augusztus 24-25., 2008<\/p> <p>2008 Solymosi N, Kern A, Mar\u00f3ti-Agt\u00f3s \u00c1, Horv\u00e1th L, Erd\u00e9lyi K: TETYN: An easy to use tool for extracting climatic parameters from Tyndall data sets, ENVIRONMENTAL MODELLING &amp; SOFTWARE 23:(7) pp. 948-949., 2008<\/p> <\/div>","protected":false},"excerpt":{"rendered":"<p>&nbsp; Einleitung Tierarzt (2003) Forschung: Video Exterieur Beurteilung phylogenetische Studien der mitochondrialen DNS mit den Rindern, Haus-und Heimtieren Erbkrankheiten der molekularen Diagnostik der caninen Bewegungsanalyse, Bewegungsst\u00f6rungen diagnostische Untersuchung der M\u00f6glichkeit einer Podol\u00ednec Art runder Konformationsanalyse Vate Methode \u00dcbung: molekulare Diagnose von Erbkrankheiten, Konformation der Beurteilung, Art der Schule GradPhD \/ Doktorat Erwerbszeitpunkt : 2011Promotion \/<\/p>\n","protected":false},"author":5824,"featured_media":0,"parent":859,"menu_order":212,"comment_status":"closed","ping_status":"closed","template":"","meta":{"_acf_changed":false,"footnotes":""},"categories":[55],"tags":[],"class_list":["post-4308","page","type-page","status-publish","hentry","category-mitarbeiter"],"acf":[],"_links":{"self":[{"href":"https:\/\/univet.hu\/de\/wp-json\/wp\/v2\/pages\/4308","targetHints":{"allow":["GET"]}}],"collection":[{"href":"https:\/\/univet.hu\/de\/wp-json\/wp\/v2\/pages"}],"about":[{"href":"https:\/\/univet.hu\/de\/wp-json\/wp\/v2\/types\/page"}],"author":[{"embeddable":true,"href":"https:\/\/univet.hu\/de\/wp-json\/wp\/v2\/users\/5824"}],"replies":[{"embeddable":true,"href":"https:\/\/univet.hu\/de\/wp-json\/wp\/v2\/comments?post=4308"}],"version-history":[{"count":1,"href":"https:\/\/univet.hu\/de\/wp-json\/wp\/v2\/pages\/4308\/revisions"}],"predecessor-version":[{"id":200944,"href":"https:\/\/univet.hu\/de\/wp-json\/wp\/v2\/pages\/4308\/revisions\/200944"}],"up":[{"embeddable":true,"href":"https:\/\/univet.hu\/de\/wp-json\/wp\/v2\/pages\/859"}],"wp:attachment":[{"href":"https:\/\/univet.hu\/de\/wp-json\/wp\/v2\/media?parent=4308"}],"wp:term":[{"taxonomy":"category","embeddable":true,"href":"https:\/\/univet.hu\/de\/wp-json\/wp\/v2\/categories?post=4308"},{"taxonomy":"post_tag","embeddable":true,"href":"https:\/\/univet.hu\/de\/wp-json\/wp\/v2\/tags?post=4308"}],"curies":[{"name":"wp","href":"https:\/\/api.w.org\/{rel}","templated":true}]}}