{"id":4314,"date":"2017-03-28T15:33:00","date_gmt":"2017-03-28T13:33:00","guid":{"rendered":"http:\/\/univet.hu\/universitaet\/mitarbeiter\/matis-gabor\/"},"modified":"2026-02-10T04:49:28","modified_gmt":"2026-02-10T03:49:28","slug":"matis-gabor","status":"publish","type":"page","link":"https:\/\/univet.hu\/de\/universitaet\/mitarbeiter\/matis-gabor\/","title":{"rendered":"M\u00e1tis G\u00e1bor"},"content":{"rendered":"<h4><b>Abschl\u00fcsse:<\/b><\/h4> <div>DVM (Doktor der Veterin\u00e4rmedizin): 2009<\/div> <div>PhD: 2013<\/div> <div>Habilitation: 2018<\/div> <div>Spezialist der Wildtiermedizin: 2019<\/div> <div><\/div> <h4><b>Unterricht:<\/b><\/h4> <div><\/div> <div>Veterin\u00e4rbiochemie Vorlesungen auf Ungarisch, Deutsch und Englisch<\/div> <div>Veterin\u00e4rbiochemie Praktika auf Deutsch und Englisch<\/div> <div>Vergleichende Biochemie und Biologische Chemie Vorlesungen (Biologie BSc und MSc)<\/div> <div>Wahlpflichtf\u00e4cher: Pathobiochemie, Genetechnologie, Molekul\u00e4re Tumorbiologie<\/div> <div>Fortbildungen: Vorlesungen f\u00fcr Spezialisten in Wiederk\u00e4uer- und Gefl\u00fcgelmedizin<\/div> <div>Veterin\u00e4rmedizinische Doktoratsschule: Supervisor<\/div> <div><\/div> <div>Verantwortlich f\u00fcr den Unterricht der Veterin\u00e4rbiochemie auf Ungarisch und Deutsch.<\/div> <div>Sprechstunde: Montag,\u00a010:00-12:00<\/div> <div><\/div> <h4><b>Forschung:<\/b><\/h4> <div><\/div> <div>Entwicklung neuer hepatischen Zellkulturmodellen; in vitro Untersuchungen<\/div> <div>Nachweise \u00fcber die Wirkungen verschiedener immunmodulatorischen Faktoren, wie Hitzestress, Mykotoxine und Lipopolysaccharide beim Huhn<\/div> <div>Untersuchung der antientz\u00fcndlichen Wirkungen von antimikrobiellen peptiden<\/div> <div>Vergleichende Analyse der Entgiftungsprozesse bei verschiedenen Wild- und Haustieren<\/div> <div>Nachweise \u00fcber die metabolischen Wirkungen von Futterzusatzstoffen<\/div>","protected":false},"excerpt":{"rendered":"<p>Abschl\u00fcsse: DVM (Doktor der Veterin\u00e4rmedizin): 2009 PhD: 2013 Habilitation: 2018 Spezialist der Wildtiermedizin: 2019 Unterricht: Veterin\u00e4rbiochemie Vorlesungen auf Ungarisch, Deutsch und Englisch Veterin\u00e4rbiochemie Praktika auf Deutsch und Englisch Vergleichende Biochemie und Biologische Chemie Vorlesungen (Biologie BSc und MSc) Wahlpflichtf\u00e4cher: Pathobiochemie, Genetechnologie, Molekul\u00e4re Tumorbiologie Fortbildungen: Vorlesungen f\u00fcr Spezialisten in Wiederk\u00e4uer- und Gefl\u00fcgelmedizin Veterin\u00e4rmedizinische Doktoratsschule: Supervisor Verantwortlich<\/p>\n","protected":false},"author":5824,"featured_media":0,"parent":859,"menu_order":212,"comment_status":"closed","ping_status":"closed","template":"","meta":{"_acf_changed":false,"footnotes":""},"categories":[55],"tags":[],"class_list":["post-4314","page","type-page","status-publish","hentry","category-mitarbeiter"],"acf":[],"_links":{"self":[{"href":"https:\/\/univet.hu\/de\/wp-json\/wp\/v2\/pages\/4314","targetHints":{"allow":["GET"]}}],"collection":[{"href":"https:\/\/univet.hu\/de\/wp-json\/wp\/v2\/pages"}],"about":[{"href":"https:\/\/univet.hu\/de\/wp-json\/wp\/v2\/types\/page"}],"author":[{"embeddable":true,"href":"https:\/\/univet.hu\/de\/wp-json\/wp\/v2\/users\/5824"}],"replies":[{"embeddable":true,"href":"https:\/\/univet.hu\/de\/wp-json\/wp\/v2\/comments?post=4314"}],"version-history":[{"count":1,"href":"https:\/\/univet.hu\/de\/wp-json\/wp\/v2\/pages\/4314\/revisions"}],"predecessor-version":[{"id":190654,"href":"https:\/\/univet.hu\/de\/wp-json\/wp\/v2\/pages\/4314\/revisions\/190654"}],"up":[{"embeddable":true,"href":"https:\/\/univet.hu\/de\/wp-json\/wp\/v2\/pages\/859"}],"wp:attachment":[{"href":"https:\/\/univet.hu\/de\/wp-json\/wp\/v2\/media?parent=4314"}],"wp:term":[{"taxonomy":"category","embeddable":true,"href":"https:\/\/univet.hu\/de\/wp-json\/wp\/v2\/categories?post=4314"},{"taxonomy":"post_tag","embeddable":true,"href":"https:\/\/univet.hu\/de\/wp-json\/wp\/v2\/tags?post=4314"}],"curies":[{"name":"wp","href":"https:\/\/api.w.org\/{rel}","templated":true}]}}