{"id":4341,"date":"2018-05-03T13:29:00","date_gmt":"2018-05-03T11:29:00","guid":{"rendered":"http:\/\/univet.hu\/universitaet\/mitarbeiter\/mozer-aniko\/"},"modified":"2026-02-10T04:45:23","modified_gmt":"2026-02-10T03:45:23","slug":"mozer-aniko","status":"publish","type":"page","link":"https:\/\/univet.hu\/de\/universitaet\/mitarbeiter\/mozer-aniko\/","title":{"rendered":"M\u00f3zer Anik\u00f3"},"content":{"rendered":"<p><strong>Vorstellung<\/strong><\/p> <p>Ich bin 1989 in Budapest geboren. Schon sehr jung wurde das Gewisch in mir formuliert, in meiner Zukunft als Tier\u00e4rztin aktiv zu sein. Meiner Alter von 13 Jahre k\u00f6nnte ich an die allt\u00e4gige Arbeit einer Tierarztklinik Blick gewinnen und meine Verbundenheit wurde realisiert.<\/p> <p>Ich war nach meinem Abitur f\u00fcr kurze Zeit Biologiestudent an der ELTE, dann wurde ich an der Veterin\u00e4rmedizinischen Fakult\u00e4t der Szent-Istv\u00e1n-Universit\u00e4t, Budapest aufgenommen. Ich habe mein Studium an der bereits eigenst\u00e4ndigen Veterin\u00e4rmedizinischen Universit\u00e4t, Budapest abgeschlossen.<\/p> <p>Ich begann mich als zweitj\u00e4hrige Studentin f\u00fcr die Medizin exotischer Tiere zu interessieren. Ich verbrachte viel Zeit w\u00e4hrend meiner Studienzeit in der Klinik der Exotenklasse der Abteilung f\u00fcr Innere Medizin. Ich hatte als vierj\u00e4hrige Studentin eine M\u00f6glichkeit in die t\u00e4gliche Arbeit der bereits eigenst\u00e4ndigen Abteilung f\u00fcr Medizin Exotischer und Wildtiere einstimmen.<\/p> <p>Ich begann nach Abschluss meines Studiums in dieser Abteilung als klinischer Tier\u00e4rztin zu arbeiten. Ich habe mein Wissen und meine Praxis in den exotischen Kliniken mehrerer europ\u00e4ischer Universit\u00e4ten weiterentwickelt (Hannover, Brno, Kassa).<\/p> <p>Ich nehme gern an Weiterbildungen teil, haupts\u00e4chlich im Bereich der Kaninchen- und Nagetiermedizin. Ich fahre mein Postgraduiertenstudium in exotischer Tiermedizin fort und ich werde es im M\u00e4rz 2022 beendet.<\/p> <p><strong>Die Kollegin ist zur Zeit in Karenzurlaub.<\/strong><\/p>","protected":false},"excerpt":{"rendered":"<p>Vorstellung Ich bin 1989 in Budapest geboren. Schon sehr jung wurde das Gewisch in mir formuliert, in meiner Zukunft als Tier\u00e4rztin aktiv zu sein. Meiner Alter von 13 Jahre k\u00f6nnte ich an die allt\u00e4gige Arbeit einer Tierarztklinik Blick gewinnen und meine Verbundenheit wurde realisiert. Ich war nach meinem Abitur f\u00fcr kurze Zeit Biologiestudent an der<\/p>\n","protected":false},"author":5824,"featured_media":0,"parent":859,"menu_order":211,"comment_status":"closed","ping_status":"closed","template":"","meta":{"_acf_changed":false,"footnotes":""},"categories":[55],"tags":[],"class_list":["post-4341","page","type-page","status-publish","hentry","category-mitarbeiter"],"acf":[],"_links":{"self":[{"href":"https:\/\/univet.hu\/de\/wp-json\/wp\/v2\/pages\/4341","targetHints":{"allow":["GET"]}}],"collection":[{"href":"https:\/\/univet.hu\/de\/wp-json\/wp\/v2\/pages"}],"about":[{"href":"https:\/\/univet.hu\/de\/wp-json\/wp\/v2\/types\/page"}],"author":[{"embeddable":true,"href":"https:\/\/univet.hu\/de\/wp-json\/wp\/v2\/users\/5824"}],"replies":[{"embeddable":true,"href":"https:\/\/univet.hu\/de\/wp-json\/wp\/v2\/comments?post=4341"}],"version-history":[{"count":1,"href":"https:\/\/univet.hu\/de\/wp-json\/wp\/v2\/pages\/4341\/revisions"}],"predecessor-version":[{"id":200849,"href":"https:\/\/univet.hu\/de\/wp-json\/wp\/v2\/pages\/4341\/revisions\/200849"}],"up":[{"embeddable":true,"href":"https:\/\/univet.hu\/de\/wp-json\/wp\/v2\/pages\/859"}],"wp:attachment":[{"href":"https:\/\/univet.hu\/de\/wp-json\/wp\/v2\/media?parent=4341"}],"wp:term":[{"taxonomy":"category","embeddable":true,"href":"https:\/\/univet.hu\/de\/wp-json\/wp\/v2\/categories?post=4341"},{"taxonomy":"post_tag","embeddable":true,"href":"https:\/\/univet.hu\/de\/wp-json\/wp\/v2\/tags?post=4341"}],"curies":[{"name":"wp","href":"https:\/\/api.w.org\/{rel}","templated":true}]}}