{"id":4377,"date":"2016-08-02T14:53:00","date_gmt":"2016-08-02T12:53:00","guid":{"rendered":"http:\/\/univet.hu\/universitaet\/mitarbeiter\/nemeth-tibor\/"},"modified":"2026-02-10T04:43:57","modified_gmt":"2026-02-10T03:43:57","slug":"nemeth-tibor","status":"publish","type":"page","link":"https:\/\/univet.hu\/de\/universitaet\/mitarbeiter\/nemeth-tibor\/","title":{"rendered":"N\u00e9meth Tibor"},"content":{"rendered":"<p><span style=\"font-size: 18pt;\"><strong>Einf\u00fchrung<\/strong><\/span><br \/> Diplom: 1991. Mitglied der Abteilung: seit 1991. Fachgebiet: Kleintierchirurgie, Chirurgie weicher Organe (Abdominal-, Thorax-, Plastische-, Tumorchirurgie), minimalinvasive Chirurgie (Thorakoskopie, Laparoskopie) Ausbildung: \u00dcbungen in Ungarisch und Englisch, sowie in der postgradualen Ausbildung (Veterin\u00e4rmedizinische Allgemeinchirurgie, chirurgische Operation, Thorax- und Bauchchirurgie) Sprachen: Englisch, Franz\u00f6sisch<\/p> <p><a href=\"http:\/\/www.kisallatsebeszet.hu\" target=\"_blank\" rel=\"noopener\" data-replaced=\"true\">Eigene homepage<\/a><\/p>","protected":false},"excerpt":{"rendered":"<p>Einf\u00fchrung Diplom: 1991. Mitglied der Abteilung: seit 1991. Fachgebiet: Kleintierchirurgie, Chirurgie weicher Organe (Abdominal-, Thorax-, Plastische-, Tumorchirurgie), minimalinvasive Chirurgie (Thorakoskopie, Laparoskopie) Ausbildung: \u00dcbungen in Ungarisch und Englisch, sowie in der postgradualen Ausbildung (Veterin\u00e4rmedizinische Allgemeinchirurgie, chirurgische Operation, Thorax- und Bauchchirurgie) Sprachen: Englisch, Franz\u00f6sisch Eigene homepage<\/p>\n","protected":false},"author":5824,"featured_media":0,"parent":859,"menu_order":210,"comment_status":"closed","ping_status":"closed","template":"","meta":{"_acf_changed":false,"footnotes":""},"categories":[55],"tags":[],"class_list":["post-4377","page","type-page","status-publish","hentry","category-mitarbeiter"],"acf":[],"_links":{"self":[{"href":"https:\/\/univet.hu\/de\/wp-json\/wp\/v2\/pages\/4377","targetHints":{"allow":["GET"]}}],"collection":[{"href":"https:\/\/univet.hu\/de\/wp-json\/wp\/v2\/pages"}],"about":[{"href":"https:\/\/univet.hu\/de\/wp-json\/wp\/v2\/types\/page"}],"author":[{"embeddable":true,"href":"https:\/\/univet.hu\/de\/wp-json\/wp\/v2\/users\/5824"}],"replies":[{"embeddable":true,"href":"https:\/\/univet.hu\/de\/wp-json\/wp\/v2\/comments?post=4377"}],"version-history":[{"count":1,"href":"https:\/\/univet.hu\/de\/wp-json\/wp\/v2\/pages\/4377\/revisions"}],"predecessor-version":[{"id":200715,"href":"https:\/\/univet.hu\/de\/wp-json\/wp\/v2\/pages\/4377\/revisions\/200715"}],"up":[{"embeddable":true,"href":"https:\/\/univet.hu\/de\/wp-json\/wp\/v2\/pages\/859"}],"wp:attachment":[{"href":"https:\/\/univet.hu\/de\/wp-json\/wp\/v2\/media?parent=4377"}],"wp:term":[{"taxonomy":"category","embeddable":true,"href":"https:\/\/univet.hu\/de\/wp-json\/wp\/v2\/categories?post=4377"},{"taxonomy":"post_tag","embeddable":true,"href":"https:\/\/univet.hu\/de\/wp-json\/wp\/v2\/tags?post=4377"}],"curies":[{"name":"wp","href":"https:\/\/api.w.org\/{rel}","templated":true}]}}