{"id":4386,"date":"2016-05-08T20:45:00","date_gmt":"2016-05-08T18:45:00","guid":{"rendered":"http:\/\/univet.hu\/universitaet\/mitarbeiter\/nogradi-anna\/"},"modified":"2026-02-10T04:43:58","modified_gmt":"2026-02-10T03:43:58","slug":"nogradi-anna","status":"publish","type":"page","link":"https:\/\/univet.hu\/de\/universitaet\/mitarbeiter\/nogradi-anna\/","title":{"rendered":"N\u00f3gr\u00e1di Anna"},"content":{"rendered":"<p><strong>Vorstellung<\/strong><\/p> <p>Dr. Anna Linda N\u00f3gr\u00e1di ist in Budapest geboren und sie begann ihr Studium an der American International School of Budapest und setzte es dann an der Deutschen Schule Budapest fort, wo sie ihren Abschluss abgelegt hat. Sie wurde im Jahr 2002 aufs Hauptfach Allgemeine Wirtschaftswissenschaften an der Budapester Universit\u00e4t f\u00fcr Wirtschaft und Staatsverwaltung (sp\u00e4ter Corvinus-Universit\u00e4t Budapest) aufgenommen, wo sie 2007 mit dem Hauptfach Marketing an der Fakult\u00e4t f\u00fcr Wirtschaftswissenschaften diplomiert. Sie begann dazu parallel 2005 ihr Studium an der Veterin\u00e4rmedizinischen Fakult\u00e4t der Szent-Istv\u00e1n-Universit\u00e4t, die heute eine eigenst\u00e4ndige Veterin\u00e4rmedizinische Universit\u00e4t ist und sie hat 2011 auch ein Diplom als Veterin\u00e4rin erlangt.<\/p> <p>Sie wurde 2018-ban egzotische Fahtier\u00e4rtztin und Gr\u00fcndungsmitglied des Gesellschafts f\u00fcr Exoten-Fachtier\u00e4rtzte. Sie verteidigte im Jahr 2020 ihre Doktorarbeit mit dem Titel \u201eUntersuchung der Krankheiten einiger exotischer S\u00e4ugetiere und ihrer Eigenschaft des Lebensalters\u201c und sie erlangte einen Ph.D.-Grad.<\/p> <p><strong>Forschungsschwerpunkte:<\/strong><\/p> <p>\u00b7 Chirurgie der Kaninchen und Nagetieren<\/p> <p>\u00b7 Augenkrankheiten exotischer S\u00e4ugetiere und Reptilien<\/p> <p>\u00b7 An\u00e4sthesierung exotischer S\u00e4ugetiere, Reptilien und V\u00f6gel<\/p> <p>El\u0151rehalad\u00e1s<\/p> <p>2007 \u00d6konomist<\/p> <p>2011 Veterin\u00e4rin<\/p> <p>2018 Egzotische Fahtier\u00e4rtztin<\/p> <p>2020 Ph.D.-Grad<\/p> <p><strong>Arbeitspl\u00e4tze Institutionsname<\/strong><\/p> <p>2021 Abteilung f\u00fcr Medizin Exotischer und Wildtiere der Veterin\u00e4rmedizinische Universit\u00e4t, Budapest<\/p> <p>2014-2021 Abteilung f\u00fcr Medizin Exotischer und Wildtiere der Veterin\u00e4rmedizinische Universit\u00e4t, Budapest<\/p> <p>2012-2015 Abteilung f\u00fcr Chirurgie und Ophthalmologie, Veterin\u00e4rmedizinischen Fakult\u00e4t der Szent-Istv\u00e1n-Universit\u00e4t, Budapest<\/p> <p>2014-2017 Abteilung f\u00fcr Chirurgie und Ophthalmologie\/Abteilung f\u00fcr Medizin Exotischer und Wildtiere der Veterin\u00e4rmedizinischen Fakult\u00e4t der Szent-Istv\u00e1n-Universit\u00e4t, Budapest<\/p> <p><strong>Mitgliedschaft in Fachorganisationen:<\/strong><\/p> <p>Gesellschaft exotischer Veterin\u00e4rspezialisten ab 2021 Gr\u00fcndermitglied<\/p> <p>Betreuer der Abschlussarbeiten\/TDK Studenten: 4<\/p>","protected":false},"excerpt":{"rendered":"<p>Vorstellung Dr. Anna Linda N\u00f3gr\u00e1di ist in Budapest geboren und sie begann ihr Studium an der American International School of Budapest und setzte es dann an der Deutschen Schule Budapest fort, wo sie ihren Abschluss abgelegt hat. Sie wurde im Jahr 2002 aufs Hauptfach Allgemeine Wirtschaftswissenschaften an der Budapester Universit\u00e4t f\u00fcr Wirtschaft und Staatsverwaltung (sp\u00e4ter<\/p>\n","protected":false},"author":5824,"featured_media":0,"parent":859,"menu_order":210,"comment_status":"closed","ping_status":"closed","template":"","meta":{"_acf_changed":false,"footnotes":""},"categories":[55],"tags":[],"class_list":["post-4386","page","type-page","status-publish","hentry","category-mitarbeiter"],"acf":[],"_links":{"self":[{"href":"https:\/\/univet.hu\/de\/wp-json\/wp\/v2\/pages\/4386","targetHints":{"allow":["GET"]}}],"collection":[{"href":"https:\/\/univet.hu\/de\/wp-json\/wp\/v2\/pages"}],"about":[{"href":"https:\/\/univet.hu\/de\/wp-json\/wp\/v2\/types\/page"}],"author":[{"embeddable":true,"href":"https:\/\/univet.hu\/de\/wp-json\/wp\/v2\/users\/5824"}],"replies":[{"embeddable":true,"href":"https:\/\/univet.hu\/de\/wp-json\/wp\/v2\/comments?post=4386"}],"version-history":[{"count":1,"href":"https:\/\/univet.hu\/de\/wp-json\/wp\/v2\/pages\/4386\/revisions"}],"predecessor-version":[{"id":200717,"href":"https:\/\/univet.hu\/de\/wp-json\/wp\/v2\/pages\/4386\/revisions\/200717"}],"up":[{"embeddable":true,"href":"https:\/\/univet.hu\/de\/wp-json\/wp\/v2\/pages\/859"}],"wp:attachment":[{"href":"https:\/\/univet.hu\/de\/wp-json\/wp\/v2\/media?parent=4386"}],"wp:term":[{"taxonomy":"category","embeddable":true,"href":"https:\/\/univet.hu\/de\/wp-json\/wp\/v2\/categories?post=4386"},{"taxonomy":"post_tag","embeddable":true,"href":"https:\/\/univet.hu\/de\/wp-json\/wp\/v2\/tags?post=4386"}],"curies":[{"name":"wp","href":"https:\/\/api.w.org\/{rel}","templated":true}]}}