{"id":4464,"date":"2016-08-02T14:58:00","date_gmt":"2016-08-02T12:58:00","guid":{"rendered":"http:\/\/univet.hu\/universitaet\/mitarbeiter\/papp-antal\/"},"modified":"2026-02-10T04:48:40","modified_gmt":"2026-02-10T03:48:40","slug":"papp-antal","status":"publish","type":"page","link":"https:\/\/univet.hu\/de\/universitaet\/mitarbeiter\/papp-antal\/","title":{"rendered":"Papp Antal"},"content":{"rendered":"<p><strong>Vorstellung<\/strong><\/p> <p>&#8211; 1988: Diplom der Veterin\u00e4r; 2003: Diplom der Kleintierveterin\u00e4r; Diplom der exotischen Veterin\u00e4r<\/p> <p>&#8211; Klinik f\u00fcr Chirurgie und Ophthalmologie der Veterin\u00e4rmedizinische Universit\u00e4t, Budapest 1988-1992; wissenschaftlich-technischer Administrator, anschlie\u00dfend Gr\u00fcndung einer Privatpraxis (Talpas Veterin\u00e4rklinik) ab 1993<\/p> <p>&#8211; Klinischer Veterin\u00e4r der Abteilung f\u00fcr Medizin Exotischer und Wildtiere der Veterin\u00e4rmedizinische Universit\u00e4t, Budapest<\/p> <p><strong>T\u00e4tigkeit:<\/strong><\/p> <p>Klinische veterin\u00e4rmedizinische Betreuung der exotischen Tier<\/p>","protected":false},"excerpt":{"rendered":"<p>Vorstellung &#8211; 1988: Diplom der Veterin\u00e4r; 2003: Diplom der Kleintierveterin\u00e4r; Diplom der exotischen Veterin\u00e4r &#8211; Klinik f\u00fcr Chirurgie und Ophthalmologie der Veterin\u00e4rmedizinische Universit\u00e4t, Budapest 1988-1992; wissenschaftlich-technischer Administrator, anschlie\u00dfend Gr\u00fcndung einer Privatpraxis (Talpas Veterin\u00e4rklinik) ab 1993 &#8211; Klinischer Veterin\u00e4r der Abteilung f\u00fcr Medizin Exotischer und Wildtiere der Veterin\u00e4rmedizinische Universit\u00e4t, Budapest T\u00e4tigkeit: Klinische veterin\u00e4rmedizinische Betreuung der exotischen<\/p>\n","protected":false},"author":5824,"featured_media":0,"parent":859,"menu_order":211,"comment_status":"closed","ping_status":"closed","template":"","meta":{"_acf_changed":false,"footnotes":""},"categories":[55],"tags":[],"class_list":["post-4464","page","type-page","status-publish","hentry","category-mitarbeiter"],"acf":[],"_links":{"self":[{"href":"https:\/\/univet.hu\/de\/wp-json\/wp\/v2\/pages\/4464","targetHints":{"allow":["GET"]}}],"collection":[{"href":"https:\/\/univet.hu\/de\/wp-json\/wp\/v2\/pages"}],"about":[{"href":"https:\/\/univet.hu\/de\/wp-json\/wp\/v2\/types\/page"}],"author":[{"embeddable":true,"href":"https:\/\/univet.hu\/de\/wp-json\/wp\/v2\/users\/5824"}],"replies":[{"embeddable":true,"href":"https:\/\/univet.hu\/de\/wp-json\/wp\/v2\/comments?post=4464"}],"version-history":[{"count":1,"href":"https:\/\/univet.hu\/de\/wp-json\/wp\/v2\/pages\/4464\/revisions"}],"predecessor-version":[{"id":200864,"href":"https:\/\/univet.hu\/de\/wp-json\/wp\/v2\/pages\/4464\/revisions\/200864"}],"up":[{"embeddable":true,"href":"https:\/\/univet.hu\/de\/wp-json\/wp\/v2\/pages\/859"}],"wp:attachment":[{"href":"https:\/\/univet.hu\/de\/wp-json\/wp\/v2\/media?parent=4464"}],"wp:term":[{"taxonomy":"category","embeddable":true,"href":"https:\/\/univet.hu\/de\/wp-json\/wp\/v2\/categories?post=4464"},{"taxonomy":"post_tag","embeddable":true,"href":"https:\/\/univet.hu\/de\/wp-json\/wp\/v2\/tags?post=4464"}],"curies":[{"name":"wp","href":"https:\/\/api.w.org\/{rel}","templated":true}]}}