{"id":4488,"date":"2017-08-29T11:50:00","date_gmt":"2017-08-29T09:50:00","guid":{"rendered":"http:\/\/univet.hu\/universitaet\/mitarbeiter\/peli-evelin-ramona\/"},"modified":"2026-02-10T04:44:00","modified_gmt":"2026-02-10T03:44:00","slug":"peli-evelin-ramona","status":"publish","type":"page","link":"https:\/\/univet.hu\/de\/universitaet\/mitarbeiter\/peli-evelin-ramona\/","title":{"rendered":"P\u00e9li Evelin Ram\u00f3na"},"content":{"rendered":"<p style=\"text-align: center;\"><strong>Einf\u00fchrung<\/strong><\/p> <p>Seit 2017 arbeite ich als Dozent am Fachbereich Botanik der Veterin\u00e4rmedizinischen Universit\u00e4t. Im Rahmen der Veterin\u00e4rausbildung unterrichte ich Veterin\u00e4rbotanik auf Ungarisch und Englisch. Au\u00dferdem unterrichte ich an der Fakult\u00e4t f\u00fcr Heilpflanzen auf Englisch f\u00fcr (ausl\u00e4ndische) Veterin\u00e4rstudenten. Im Studiengang Biologe (BSc) unterrichte ich Pflanzenorganisationspraxis, Vorlesung und Praxis zur Pflanzenphysiologie sowie Pflanzentaxonomie (Algen- und Moostaxonomie). Im Studiengang Biologe (MSc) bin ich Fachverantwortlicher und Dozent f\u00fcr das Fach Pflanzengeographie und Assoziationswissenschaft.<\/p> <p><strong>Forschungsschwerpunkte:<\/strong><\/p> <ul> <li>Kryptogam und die \u00d6kophysiologie der Austrocknungstoleranz von Pflanzen<\/li> <\/ul> <p><strong>Fortschritt<\/strong><\/p> <table style=\"height: 140px;\" width=\"963\"> <tbody> <tr style=\"height: 28px;\"> <td style=\"width: 185.057px; text-align: center; height: 28px;\"><strong>Arbeitsplatz<\/strong><\/td> <td style=\"width: 476.236px; text-align: center; height: 28px;\"><strong>Institutionsname<\/strong><\/td> <td style=\"width: 281.193px; text-align: center; height: 28px;\"><b>Post<\/b><\/td> <\/tr> <tr style=\"height: 28px;\"> <td style=\"width: 185.057px; height: 28px; text-align: center;\">2017-<\/td> <td style=\"width: 476.236px; height: 28px; text-align: center;\">Universit\u00e4t f\u00fcr Veterin\u00e4rwissenschaften<\/td> <td style=\"width: 281.193px; height: 28px; text-align: center;\">au\u00dferordentlicher Universit\u00e4tsprofessor<\/td> <\/tr> <tr style=\"height: 28px;\"> <td style=\"width: 185.057px; height: 28px; text-align: center;\">2017-<\/td> <td style=\"width: 476.236px; height: 28px; text-align: center;\">Universit\u00e4t f\u00fcr Veterin\u00e4rwissenschaften<\/td> <td style=\"width: 281.193px; height: 28px; text-align: center;\">Universit\u00e4tsassistenzprofessor<\/td> <\/tr> <tr style=\"height: 28px;\"> <td style=\"width: 185.057px; height: 28px; text-align: center;\">2012-2016<\/td> <td style=\"width: 476.236px; height: 28px; text-align: center;\">MTA-SZIE Forschungsgruppe Pflanzen\u00f6kologie<\/td> <td style=\"width: 281.193px; height: 28px; text-align: center;\">Wissenschaftliche Mitarbeiterin<\/td> <\/tr> <tr style=\"height: 28px;\"> <td style=\"width: 185.057px; height: 28px; text-align: center;\">2003-2016<\/td> <td style=\"width: 476.236px; height: 28px; text-align: center;\">MTA-SZIE Forschungsgruppe Pflanzen\u00f6kologie<\/td> <td style=\"width: 281.193px; height: 28px; text-align: center;\">Wissenschaftlicher Mitarbeiter<\/td> <\/tr> <\/tbody> <\/table> <p><strong>Mitgliedschaft in einer Berufsorganisation<\/strong><\/p> <p><strong>Anzahl der bisherigen Abschlussarbeiten\/TDK-Studenten<\/strong><\/p> <p>2<\/p> <p><strong>Doktoranden<\/strong><\/p> <p>Ruchika Ruchika (Abschluss, 2021)<\/p> <p><strong>Publikationsliste (Top10)<\/strong><\/p> <p>MTMT:<\/p> <table width=\"985\"> <tbody> <tr> <td style=\"text-align: center;\"><em>\u00a0<\/em><\/td> <td style=\"text-align: center;\">Autor(en), Titel, Erscheinungsort<\/td> <td style=\"text-align: center;\">Art des Dokuments:<\/td> <td style=\"text-align: center;\">Ver\u00f6ffentlichungsjahr<\/td> <td style=\"text-align: center;\"><em>IF:<\/em><\/td> <td style=\"text-align: center;\">Anzahl unabh\u00e4ngiger Zitierer:<\/td> <\/tr> <tr> <td style=\"text-align: center;\">1.<\/td> <td style=\"text-align: center;\"><a href=\"https:\/\/m2.mtmt.hu\/gui2\/?type=authors&amp;mode=browse&amp;sel=10071535\">Ruchika,<\/a>; <a href=\"https:\/\/m2.mtmt.hu\/gui2\/?type=authors&amp;mode=browse&amp;sel=10001543\">Csintalan Z<\/a>; <a href=\"https:\/\/m2.mtmt.hu\/gui2\/?type=authors&amp;mode=browse&amp;sel=10019134\"><strong>P\u00e9li E.R.<\/strong><\/a> (2020) <a href=\"https:\/\/m2.mtmt.hu\/gui2\/?mode=browse&amp;params=publication;31126944\">Seasonality and Small Spatial-Scale Variation of Chlorophyll a Fluorescence in Bryophyte Syntrichia ruralis [Hedw.] in Semi-Arid Sandy Grassland, Hungary<\/a>. PLANTS-BASEL 9:1 Paper: 92.<\/td> <td style=\"text-align: center;\">Zeitschriftenartikel<\/td> <td style=\"text-align: center;\">2020<\/td> <td style=\"text-align: center;\">3.935<\/td> <td style=\"text-align: center;\">1<\/td> <\/tr> <tr> <td style=\"text-align: center;\">2.<\/td> <td style=\"text-align: center;\"><a href=\"https:\/\/m2.mtmt.hu\/gui2\/?type=authors&amp;mode=browse&amp;sel=10071535\">Ruchika<\/a>; Csintalan Z.; <a href=\"https:\/\/m2.mtmt.hu\/gui2\/?type=authors&amp;mode=browse&amp;sel=10019134\"><strong>P\u00e9li E.R.<\/strong><\/a> <a href=\"https:\/\/m2.mtmt.hu\/gui2\/?mode=browse&amp;params=publication;31437838\">Effect of Salicylic Acid Pre-Treatment after Long-Term Desiccation in the Moss Syntrichia ruralis (Hedw.) Web. and Mohr<\/a>. PLANTS-BASEL 9:9 Paper: 1097.<\/td> <td style=\"text-align: center;\">Zeitschriftenartikel<\/td> <td style=\"text-align: center;\">2020<\/td> <td style=\"text-align: center;\">3.935<\/td> <td style=\"text-align: center;\">1<\/td> <\/tr> <tr> <td style=\"text-align: center;\">3.<\/td> <td style=\"text-align: center;\"><a href=\"https:\/\/m2.mtmt.hu\/gui2\/?type=authors&amp;mode=browse&amp;sel=10019134\"><strong>P\u00e9li E.R.<\/strong><\/a>; <a href=\"https:\/\/m2.mtmt.hu\/gui2\/?type=authors&amp;mode=browse&amp;sel=10019133\">Nagy-D\u00e9ri H<\/a>. <a href=\"https:\/\/m2.mtmt.hu\/gui2\/?mode=browse&amp;params=publication;3401153\">Different morpho-anatomical strategies against desiccation in five species of Xerophyta genus in relation to their ecophysiological aspects<\/a>. SOUTH AFRICAN JOURNAL OF BOTANY 118: 232-240.<\/td> <td style=\"text-align: center;\">Zeitschriftenartikel<\/td> <td style=\"text-align: center;\">2018<\/td> <td style=\"text-align: center;\">1.674<\/td> <td style=\"text-align: center;\">5<\/td> <\/tr> <tr> <td style=\"text-align: center;\">4.<\/td> <td style=\"text-align: center;\"><strong>P\u00e9li E.R<\/strong><strong>;<\/strong> Nagy-D\u00e9ri H.; Nagy Z. Histological study on the leaf rehydration of desiccation-tolerant plant Xerophyta scabrida. SOUTH AFRICAN JOURNAL OF BOTANY 100: 195-202.<\/td> <td style=\"text-align: center;\">Zeitschriftenartikel<\/td> <td style=\"text-align: center;\">2015<\/td> <td style=\"text-align: center;\">1.443<\/td> <td style=\"text-align: center;\">1<\/td> <\/tr> <tr> <td style=\"text-align: center;\">5.<\/td> <td style=\"text-align: center;\">F\u00f3ti S.; Balogh J.; Nagy Z.; Herbst M.; Pint\u00e9r K.; <strong>P\u00e9li E.<\/strong><strong>;<\/strong> Koncz P.; Bartha S.\u00a0 Soil moisture induced changes on fine-scale spatial pattern of soil respiration in a semi-arid sandy grassland. GEODERMA 213: 245-254<\/td> <td style=\"text-align: center;\">Zeitschriftenartikel<\/td> <td style=\"text-align: center;\">2014<\/td> <td style=\"text-align: center;\">3.266<\/td> <td style=\"text-align: center;\">25<\/td> <\/tr> <tr> <td style=\"text-align: center;\">6.<\/td> <td style=\"text-align: center;\"><strong>P\u00e9li, E R.<\/strong><strong>;<\/strong> Mihailova, G ; Petkova, S ; Tuba, Z ; Georgieva, K. Differences in physiological adaptation of Haberlea rhodopensis Friv. leaves and roots during dehydration\u2013rehydration cycle. ACTA PHYSIOLOGIAE PLANTARUM 34 pp. 947-955. , 9 p.<\/td> <td style=\"text-align: center;\">Zeitschriftenartikel<\/td> <td style=\"text-align: center;\">2012<\/td> <td style=\"text-align: center;\">1.627<\/td> <td style=\"text-align: center;\">6<\/td> <\/tr> <tr> <td style=\"text-align: center;\">7.<\/td> <td style=\"text-align: center;\">Ba\u010dkor, M ; <strong>P\u00e9li, E R<\/strong> ; Vantov\u00e1, I. Copper tolerance in the macrolichens Cladonia furcata and Cladina arbuscula subsp. mitis is constitutive rather than inducible. CHEMOSPHERE 85 pp. 106-113. , 8 p.<\/td> <td style=\"text-align: center;\">Zeitschriftenartikel<\/td> <td style=\"text-align: center;\">2011<\/td> <td style=\"text-align: center;\">3.706<\/td> <td style=\"text-align: center;\">15<\/td> <\/tr> <tr> <td style=\"text-align: center;\">8.<\/td> <td style=\"text-align: center;\">Horv\u00e1th, L ; Grosz, Bal\u00e1zs P\u00e9ter ; Machon, A ; Tuba, Z ; Nagy, Z ; Cz\u00f3bel, Sz ; Balogh, J <strong>; P\u00e9li, E<\/strong> ; F\u00f3ti, Sz ; Weidinger, T et al. Estimation of nitrous oxide emission from Hungarian semi-arid sandy and loess grasslands; effect of soil parameters, grazing, irrigation and application of fertilizer. AGRICULTURE ECOSYSTEMS &amp; ENVIRONMENT 139 pp. 255-263. , 9 p.<\/td> <td style=\"text-align: center;\">Zeitschriftenartikel<\/td> <td style=\"text-align: center;\">2010<\/td> <td style=\"text-align: center;\">3.381<\/td> <td style=\"text-align: center;\"> <p>56<\/p> <p>&nbsp;<\/p> <p>&nbsp;<\/td> <\/tr> <tr> <td style=\"text-align: center;\">9.<\/td> <td style=\"text-align: center;\">Dzubaj A.; Ba\u010dkor M.; Tomko J.; <strong>Peli E.<\/strong><strong>;<\/strong> Tuba Z. Tolerance of the lichen Xanthoria parietina (L.) Th. Fr. to metal stress. ECOTOXICOLOGY AND ENVIRONMENTAL. SAFETY 70: 319-326.<\/td> <td style=\"text-align: center;\">Zeitschriftenartikel<\/td> <td style=\"text-align: center;\">2008<\/td> <td style=\"text-align: center;\">2.764<\/td> <td style=\"text-align: center;\">47<\/td> <\/tr> <tr> <td style=\"text-align: center;\">10.<\/td> <td style=\"text-align: center;\">Georgieva K.; Szigeti Z.; S\u00e1rv\u00e1ri E.; G\u00e1sp\u00e1r L.; Maslenkova L.; Peeva V.; <strong>P\u00e9li E.<\/strong><strong>;<\/strong> Tuba Z. Photosynthetic activity of homoiochlorophyllous desiccation tolerant plant Haberlea rhodopensis during dehydration and rehydration. PLANTA. 225: 955-964.<\/td> <td style=\"text-align: center;\">Zeitschriftenartikel<\/td> <td style=\"text-align: center;\">2007<\/td> <td style=\"text-align: center;\">3,606<\/td> <td style=\"text-align: center;\">73<\/td> <\/tr> <\/tbody> <\/table> <div> <p>&nbsp;<\/p> <p>&nbsp;<\/p> <p><strong>\u00d6ffnungszeiten der Rezeption:<\/strong><\/p> <p>Montags 11 bis 13 Uhr. zwischen<\/p> <p>Vorl\u00e4ufige Beratung per E-Mail: <a class=\"decrypt\" rel=\"Qfmj\/Fwfmjo\/SbnpobAvojwfu\/iv\" href=\"javascript:void(0);\">[Click to see email]<\/a><\/p> <\/div>","protected":false},"excerpt":{"rendered":"<p>Einf\u00fchrung Seit 2017 arbeite ich als Dozent am Fachbereich Botanik der Veterin\u00e4rmedizinischen Universit\u00e4t. Im Rahmen der Veterin\u00e4rausbildung unterrichte ich Veterin\u00e4rbotanik auf Ungarisch und Englisch. Au\u00dferdem unterrichte ich an der Fakult\u00e4t f\u00fcr Heilpflanzen auf Englisch f\u00fcr (ausl\u00e4ndische) Veterin\u00e4rstudenten. Im Studiengang Biologe (BSc) unterrichte ich Pflanzenorganisationspraxis, Vorlesung und Praxis zur Pflanzenphysiologie sowie Pflanzentaxonomie (Algen- und Moostaxonomie). Im<\/p>\n","protected":false},"author":5824,"featured_media":0,"parent":859,"menu_order":210,"comment_status":"closed","ping_status":"closed","template":"","meta":{"_acf_changed":false,"footnotes":""},"categories":[55],"tags":[],"class_list":["post-4488","page","type-page","status-publish","hentry","category-mitarbeiter"],"acf":[],"_links":{"self":[{"href":"https:\/\/univet.hu\/de\/wp-json\/wp\/v2\/pages\/4488","targetHints":{"allow":["GET"]}}],"collection":[{"href":"https:\/\/univet.hu\/de\/wp-json\/wp\/v2\/pages"}],"about":[{"href":"https:\/\/univet.hu\/de\/wp-json\/wp\/v2\/types\/page"}],"author":[{"embeddable":true,"href":"https:\/\/univet.hu\/de\/wp-json\/wp\/v2\/users\/5824"}],"replies":[{"embeddable":true,"href":"https:\/\/univet.hu\/de\/wp-json\/wp\/v2\/comments?post=4488"}],"version-history":[{"count":1,"href":"https:\/\/univet.hu\/de\/wp-json\/wp\/v2\/pages\/4488\/revisions"}],"predecessor-version":[{"id":200721,"href":"https:\/\/univet.hu\/de\/wp-json\/wp\/v2\/pages\/4488\/revisions\/200721"}],"up":[{"embeddable":true,"href":"https:\/\/univet.hu\/de\/wp-json\/wp\/v2\/pages\/859"}],"wp:attachment":[{"href":"https:\/\/univet.hu\/de\/wp-json\/wp\/v2\/media?parent=4488"}],"wp:term":[{"taxonomy":"category","embeddable":true,"href":"https:\/\/univet.hu\/de\/wp-json\/wp\/v2\/categories?post=4488"},{"taxonomy":"post_tag","embeddable":true,"href":"https:\/\/univet.hu\/de\/wp-json\/wp\/v2\/tags?post=4488"}],"curies":[{"name":"wp","href":"https:\/\/api.w.org\/{rel}","templated":true}]}}