{"id":4638,"date":"2018-03-07T17:10:00","date_gmt":"2018-03-07T16:10:00","guid":{"rendered":"http:\/\/univet.hu\/universitaet\/mitarbeiter\/sotonyi-peter\/"},"modified":"2026-02-10T04:44:06","modified_gmt":"2026-02-10T03:44:06","slug":"sotonyi-peter-2","status":"publish","type":"page","link":"https:\/\/univet.hu\/de\/universitaet\/mitarbeiter\/sotonyi-peter-2\/","title":{"rendered":"S\u00f3tonyi P\u00e9ter"},"content":{"rendered":"<p>&nbsp;<\/p> <h2>Einleitung<\/h2> <div> <p>Prof. Dr. P\u00e9ter T. S\u00f3tonyi<br \/> Lehrstuhlinhaber<\/p> <p>Szent Istv\u00e1n Universit\u00e4t<br \/> Veterin\u00e4rmedizinische Fakult\u00e4t<br \/> Lehrstuhl f\u00fcr Anatomie und Histologie<br \/> Budapest, Ungarn<\/p> <p>oProfessor und Lehrstuhlinhaber seit 2001<br \/> oGastprofessor am Dept. of Obstetrics, Gynecology and Reproductive Science, Yale University, School of Medicine, New Haven, CT seit 2004<\/p> <p>Mitgliedschaften:<br \/> oVerband Ungarischer Anatomen und Histologen (Ausschussmitglied)<br \/> oVerband Europ\u00e4ischer Anatomen (Ausschussmitglied seit 2002)<br \/> oNomina Anatomica Veterinaria (N.A.V.), Redaktionsausschuss (Unterausschuss-Vorsitzender)<\/p> <p>Forschungsinteresse:<br \/> \uf076Neurobiologie<br \/> 1). Synaptische Verbindungen der VIP-positiven bipolaren Nervenzellen in der Hirnrinde w\u00e4hrend der Ontogenese, nach Sch\u00e4digung der Sehbahn; deren Morphologie im barrel cortex der Ratte und Maus<br \/> 2). Interaktion der biologischen Uhr und neuroendokrinen Zellen in Primaten; die Wirkung des Koenzyms Q bei dem ?uncoupling protein? in Neurodegenerationen<br \/> \uf076Entwicklungsbiologie<br \/> Physiologische und pathologische Entwicklung des Hundeherzens<br \/> \uf076Makroskopische Anatomie<br \/> 1). Chirurgische Anatomie des Hundes<br \/> 2). Die Anwendung moderner bildgebender Verfahren in der Veterin\u00e4ranatomie: CT und MRI beim Hund, Schwein, Schaf und Pferd<br \/> Publikationen: u.a. 4 B\u00fccher und 2 CD-ROMs<br \/> Preise:<br \/> -Bester Lehrer: seit 1991 44mal von Studenten verliehen<br \/> -1999: Bester Lehrer des Jahres (verliehen durch die Studenten Ungarns)<br \/> -2003: Master of teachers<\/p> <\/div> <p><a href=\"http:\/\/www.univet.hu\/sc1\/user.php?id=12&amp;lang=hu\" target=\"_blank\" rel=\"noopener\" data-replaced=\"true\">Eigene homepage<\/a><\/p>","protected":false},"excerpt":{"rendered":"<p>&nbsp; Einleitung Prof. Dr. P\u00e9ter T. S\u00f3tonyi Lehrstuhlinhaber Szent Istv\u00e1n Universit\u00e4t Veterin\u00e4rmedizinische Fakult\u00e4t Lehrstuhl f\u00fcr Anatomie und Histologie Budapest, Ungarn oProfessor und Lehrstuhlinhaber seit 2001 oGastprofessor am Dept. of Obstetrics, Gynecology and Reproductive Science, Yale University, School of Medicine, New Haven, CT seit 2004 Mitgliedschaften: oVerband Ungarischer Anatomen und Histologen (Ausschussmitglied) oVerband Europ\u00e4ischer Anatomen (Ausschussmitglied<\/p>\n","protected":false},"author":5824,"featured_media":0,"parent":859,"menu_order":210,"comment_status":"closed","ping_status":"closed","template":"","meta":{"_acf_changed":false,"footnotes":""},"categories":[55],"tags":[],"class_list":["post-4638","page","type-page","status-publish","hentry","category-mitarbeiter"],"acf":[],"_links":{"self":[{"href":"https:\/\/univet.hu\/de\/wp-json\/wp\/v2\/pages\/4638","targetHints":{"allow":["GET"]}}],"collection":[{"href":"https:\/\/univet.hu\/de\/wp-json\/wp\/v2\/pages"}],"about":[{"href":"https:\/\/univet.hu\/de\/wp-json\/wp\/v2\/types\/page"}],"author":[{"embeddable":true,"href":"https:\/\/univet.hu\/de\/wp-json\/wp\/v2\/users\/5824"}],"replies":[{"embeddable":true,"href":"https:\/\/univet.hu\/de\/wp-json\/wp\/v2\/comments?post=4638"}],"version-history":[{"count":1,"href":"https:\/\/univet.hu\/de\/wp-json\/wp\/v2\/pages\/4638\/revisions"}],"predecessor-version":[{"id":200732,"href":"https:\/\/univet.hu\/de\/wp-json\/wp\/v2\/pages\/4638\/revisions\/200732"}],"up":[{"embeddable":true,"href":"https:\/\/univet.hu\/de\/wp-json\/wp\/v2\/pages\/859"}],"wp:attachment":[{"href":"https:\/\/univet.hu\/de\/wp-json\/wp\/v2\/media?parent=4638"}],"wp:term":[{"taxonomy":"category","embeddable":true,"href":"https:\/\/univet.hu\/de\/wp-json\/wp\/v2\/categories?post=4638"},{"taxonomy":"post_tag","embeddable":true,"href":"https:\/\/univet.hu\/de\/wp-json\/wp\/v2\/tags?post=4638"}],"curies":[{"name":"wp","href":"https:\/\/api.w.org\/{rel}","templated":true}]}}