{"id":4674,"date":"2015-12-19T19:29:00","date_gmt":"2015-12-19T18:29:00","guid":{"rendered":"http:\/\/univet.hu\/universitaet\/mitarbeiter\/szabo-krisztian\/"},"modified":"2026-02-10T04:48:51","modified_gmt":"2026-02-10T03:48:51","slug":"szabo-krisztian","status":"publish","type":"page","link":"https:\/\/univet.hu\/de\/universitaet\/mitarbeiter\/szabo-krisztian\/","title":{"rendered":"Szab\u00f3 Kriszti\u00e1n"},"content":{"rendered":"<p>&nbsp;<\/p> <p><strong>Einf\u00fchrung<\/strong><\/p> <p>Ich bin Dr. Kriszti\u00e1n Szab\u00f3, wissenschaftlicher Mitarbeiter am Lehrstuhl f\u00fcr Zoologie. Ich bin haupts\u00e4chlich in der Lehre und Organisation von F\u00e4chern mit Bezug zu molekularen Methoden und Genetik t\u00e4tig: Genetik und Molekulare \u00d6kologie im BSc-Studiengang, Molekulare Methoden, Bioinformatik, Sexuelle Fortpflanzung in der lebenden Welt und Molekulare Zoologie im Masterstudiengang.<\/p> <p>Als Mitglied der Forschungsgruppe Molekulare \u00d6kologie der Lehrstuhl besch\u00e4ftige ich mich mit vielen Tieren und vielen Themen (haupts\u00e4chlich Phylogenetik, Phylogeographie und Populationsgenetik). Dabei handelt es sich meist um Projekte, die in Zusammenarbeit mit anderen Forschungsgruppen oder zivilen Organisationen umgesetzt werden und bei denen ich molekulare Laborarbeiten und Analysen durchf\u00fchre.<\/p> <p>Neben Lehr- und Forschungsaufgaben beteilige ich mich auch an der Leitung des am Fachbereich betriebenen Servicelabors AQUILABOR.<\/p> <p><strong>Forschungsschwerpunkte:<\/strong><\/p> <ul> <li>Molekular\u00f6kologische Untersuchungen an verschiedenen Wirbeltieren und Wirbellosen<\/li> <\/ul> <p><strong>Service:<\/strong><\/p> <ul> <li>Art, Geschlecht und eindeutige Identifizierung durch molekulare Methoden bei Wirbeltieren und Wirbellosen (AQUILABOR)<\/li> <\/ul> <p><strong>Themenmanagement<\/strong><\/p> <p>MSc-Studierende: 1<\/p> <p>BSc-Studierende: 2<\/p> <p>TDK-Thesen: 1<\/p> <p><strong>Optionale Themen f\u00fcr Abschlussarbeiten<\/strong><\/p> <p>Molekulare Taxonomie der Bullenspinnen<\/p> <p><strong>Fortschritt<\/strong><\/p> <p>2008 \u2013 Veterin\u00e4rmedizinische Universit\u00e4t (Szent-Istv\u00e1n-Universit\u00e4t zwischen 2008 und 2016), Lehrstuhl f\u00fcr Zoologie<\/p> <p>2010 \u2013 2012 Laborassistent, Ungarisches Naturhistorisches Museum<\/p> <p>2003 \u2013 2008 Forschungsassistent, MTA Szeged Biological Center, Institut f\u00fcr Genetik<\/p> <p>1999 \u2013 2003 Doktorand, Universit\u00e4t Debrecen, Doktorandenprogramm Biodiversit\u00e4t<\/p> <p>1994 \u2013 1999 Universit\u00e4t f\u00fcr Veterin\u00e4rmedizin, zertifizierter angewandter Zoologe<\/p> <p><strong>Publikationsliste (Top10)<\/strong>\u00a0<a href=\"https:\/\/m2.mtmt.hu\/frontend\/#view\/Publication\/SmartQuery\/1127\/\"><strong>MTMT<\/strong><\/a><\/p> <p>Vincze, O., V\u00e1g\u00e1si, Cs. I., Penzes, J., <strong>Szab\u00f3, K,<\/strong> Magonyi, N., Czirj\u00e1k, G. &amp; Pap, P. (2022)<\/p> <p>Sexual dimorphism in immune function and oxidative physiology across birds: the role of sexual selection. Ecology Letters DOI: 10.1111\/ele.13973<\/p> <p>V\u00f6r\u00f6s, J., Varga, Z., Mart\u00ednez-Solano, I., &amp; <strong>Szab\u00f3, K.<\/strong> (2021). Mitochondrial DNA diversity of the alpine newt (Ichthyosaura alpestris) in the Carpathian Basin: evidence for multiple cryptic lineages associated with Pleistocene refugia. Acta Zoologica Academiae Scientiarum Hungaricae, 67(2), 177-197.<\/p> <p>Magonyi, N. M., Szab\u00f3, K., Feh\u00e9rv\u00e1ri, P., Solt, S., Palatitz, P., Vili, N., Bert\u00f3k, P. &amp; M\u00e1tics, R. (2021). Extra\u2010pair paternity, intraspecific brood parasitism, quasi\u2010parasitism and polygamy in the Red\u2010footed Falcon (Falco vespertinus). Ibis, 163, 1087-1092, DOI: doi: 10.1111\/ibi.12932<\/p> <p>Pipoly, I., <strong>Szab\u00f3, K<\/strong>., B\u00f3kony,V., Hammer, T., Papp, S., Preiszner, B., Seress, G., Vincze, E., Schroeder, J. &amp; Liker, A. Higher frequency of extra-pair offspring in urban than forest broods of great tits (Parus major). Frontiers in Ecology and Evolution, 7: 229\u00a0DOI: doi.org\/10.3389\/fevo.2019.00229<\/p> <p>\u200bNemesh\u00e1zi E, <strong>Szab\u00f3 K<\/strong>, Horv\u00e1th Z, K\u00f6v\u00e9r Sz (2018): The effects of genetic relatedness on mate choice and territorial intrusions in a monogamous raptor. Journal of Ornithology, 159,1: pp 233-244. doi: 10.1007\/s10336-017-1494-z<\/p> <p>Harnos, A., Lang, Zs., Petr\u00e1s, D.,Bush, S., <strong>Szab\u00f3, K<\/strong>., R\u00f3zsa, L. (2017) Size matters for lice on birds: coevolutionary allometry of host and parasite body size. Evolution 71: (2) 421-431\u00a0DOI: 10.1111\/evo.13147\u200b<\/p> <p>B\u00f3kony, V., Pipoly, I., <strong>Szab\u00f3, K<\/strong>., Preiszner, B., Vincze, E., Papp, S., Seress, G., Hammer H., Liker, A. 2017. Innovative females are more promiscuous in great tits (Parus major). Behavioral Ecology 28(2): 579\u2013588. DOI:\u00a0doi.org\/10.1093\/beheco\/arx001<\/p> <p>\u200bNemesh\u00e1zi E, K\u00f6v\u00e9r Sz, Zachos FE, Horv\u00e1th Z, Tihanyi G, M\u00f3rocz A, Mikuska T, H\u00e1m I, Liter\u00e1k I, Ponnikas S, Mizera T, <strong>Szab\u00f3 K <\/strong>(2016): Natural and anthropogenic influences on the population structure of white-tailed eagles in the Carpathian Basin and central Europe. Journal of Avian Biology 47,6: pp. 795-805. doi: 10.1111\/jav.00938<\/p> <p>V\u00f6r\u00f6s, S. Ursenbacher, I. Kiss, D. Jelic, S. Schweiger &amp;\u00a0<strong>K. Szab\u00f3<\/strong> (2016) Enhanced genetic structuring of isolated fire salamander populations (Caudata: Salamandridae) at the margins of the Carpathian Mountains. Journal of Zoological Systematics and Evolutionary Research 54\/4 DOI 10.1111\/jzs.12157<\/p> <p><strong> Szab\u00f3<\/strong>\u00a0<strong>K.<\/strong> &amp; J. V\u00f6r\u00f6s (2014) Distribution and hybridization of Anguis fragilis and A. colchica in Hungary. Amphibia-Reptilia 35: 135-140\u00a0\u00a0DOI:\u00a010.1163\/15685381-00002927<\/p> <p><a href=\"http:\/\/www.univet.hu\/users\/kszabo\/main.htm\" target=\"_blank\" rel=\"noopener\" data-replaced=\"true\">Eigene homepage<\/a><\/p>","protected":false},"excerpt":{"rendered":"<p>&nbsp; Einf\u00fchrung Ich bin Dr. Kriszti\u00e1n Szab\u00f3, wissenschaftlicher Mitarbeiter am Lehrstuhl f\u00fcr Zoologie. Ich bin haupts\u00e4chlich in der Lehre und Organisation von F\u00e4chern mit Bezug zu molekularen Methoden und Genetik t\u00e4tig: Genetik und Molekulare \u00d6kologie im BSc-Studiengang, Molekulare Methoden, Bioinformatik, Sexuelle Fortpflanzung in der lebenden Welt und Molekulare Zoologie im Masterstudiengang. Als Mitglied der Forschungsgruppe<\/p>\n","protected":false},"author":5824,"featured_media":0,"parent":859,"menu_order":211,"comment_status":"closed","ping_status":"closed","template":"","meta":{"_acf_changed":false,"footnotes":""},"categories":[55],"tags":[],"class_list":["post-4674","page","type-page","status-publish","hentry","category-mitarbeiter"],"acf":[],"_links":{"self":[{"href":"https:\/\/univet.hu\/de\/wp-json\/wp\/v2\/pages\/4674","targetHints":{"allow":["GET"]}}],"collection":[{"href":"https:\/\/univet.hu\/de\/wp-json\/wp\/v2\/pages"}],"about":[{"href":"https:\/\/univet.hu\/de\/wp-json\/wp\/v2\/types\/page"}],"author":[{"embeddable":true,"href":"https:\/\/univet.hu\/de\/wp-json\/wp\/v2\/users\/5824"}],"replies":[{"embeddable":true,"href":"https:\/\/univet.hu\/de\/wp-json\/wp\/v2\/comments?post=4674"}],"version-history":[{"count":1,"href":"https:\/\/univet.hu\/de\/wp-json\/wp\/v2\/pages\/4674\/revisions"}],"predecessor-version":[{"id":200883,"href":"https:\/\/univet.hu\/de\/wp-json\/wp\/v2\/pages\/4674\/revisions\/200883"}],"up":[{"embeddable":true,"href":"https:\/\/univet.hu\/de\/wp-json\/wp\/v2\/pages\/859"}],"wp:attachment":[{"href":"https:\/\/univet.hu\/de\/wp-json\/wp\/v2\/media?parent=4674"}],"wp:term":[{"taxonomy":"category","embeddable":true,"href":"https:\/\/univet.hu\/de\/wp-json\/wp\/v2\/categories?post=4674"},{"taxonomy":"post_tag","embeddable":true,"href":"https:\/\/univet.hu\/de\/wp-json\/wp\/v2\/tags?post=4674"}],"curies":[{"name":"wp","href":"https:\/\/api.w.org\/{rel}","templated":true}]}}