{"id":46924,"date":"2019-12-06T12:29:47","date_gmt":"2019-12-06T11:29:47","guid":{"rendered":"https:\/\/univet.hu\/de\/studenten\/studentensekretariat\/allgemeine-informationen\/name-3\/"},"modified":"2019-12-16T15:19:35","modified_gmt":"2019-12-16T14:19:35","slug":"bucherliste","status":"publish","type":"page","link":"https:\/\/univet.hu\/de\/studenten\/studierendensekretariat\/allgemeine-informationen\/bucherliste\/","title":{"rendered":"B\u00fccherliste"},"content":{"rendered":"<p style=\"text-align: left;\">Es werden keine Lehrb\u00fccher vorgeschrieben, lediglich Empfehlungen gegeben. Die Vorlesungsmitschriften und Praktika geben Ihnen auch zahlreiche, pr\u00fcfungsrelevante Informationen.<br \/> Die Liste der von der Fakult\u00e4t empfohlenen Lehrb\u00fccher enth\u00e4lt grundlegende Literatur, bzw. weiteref\u00fchrende Informationen, siehe aber auch z.B. www.vetbooks.de!<\/p> <p>&nbsp;<\/p> <p style=\"text-align: left;\"><strong>ANATOMIE<\/strong><br \/> \u2756 Nickel, R., Schummer, A., Seiferle, E. \/ Paul Parey &#8211; Anatomie der Haustiere<br \/> \u2756 Schaller, O. \/ Enke &#8211; Illustrated Veterinary Anatomical Nomenclature<br \/> o Salomon, F.-V., Geyer, H. \/ Enke &#8211; Atlas der angewandten Anatomie der Haustiere<br \/> o Budras, K.-D., Fricke, W., Richter, R. \/ Schl\u00fctersche &#8211; Atlas der Anatomie des Hundes<br \/> o K\u00f6nig, H.E und Liebich, H.-G. \/ Schattauer &#8211; Anatomie der Hauss\u00e4ugetiere<\/p> <p><strong>BIOCHEMIE<\/strong><br \/> \u2756 Kreutzig, T. \/ Elsevier &#8211; Biochemie<br \/> o D. Voet, J.G. Voet, C.W. Pratt \/ Wiley-VCH Verlag, Weinheim Lehrbuch der Biochemie.<\/p> <p><strong>BIOMATHEMATIK<\/strong><br \/> \u2756 Weiss, C, Basiswissen Medizinische Statistik, Springer, 2013<\/p> <p><strong>BOTANIK<\/strong><br \/> o Jacob, F., Jager, E., Ohnmann, E. \/ G. Fischer &#8211; Botanik<br \/> \u2756 Frohne, D., Pfander, H.J. \/ Wissenschatfl. Verlagsgesellschaft, Stuttgart &#8211; Giftpflanzen. Ein Handbuch f\u00fcr Apotherker, Aerzte, Toxikologen und Biologen<\/p> <p><strong>CHEMIE<\/strong><br \/> \u2756 Mortimer, Ch.E. \/ G. Thieme &#8211; Chemie<br \/> \u2756 Beyer, H., Walter, W. \/ S. Hirzel &#8211; Lehrbuch der Organischen Chemie<\/p> <p><strong>EMBRYOLOGIE<\/strong><br \/> \u2756 Schnorr \u2013 Kressin \/ Enke &#8211; Embryologie der Haustiere<\/p> <p><strong>FUTTERMITTELKUNDE<\/strong><br \/> \u2756 Kamphues, J., Coenen, M., Eder, K., Iben, C., Kienzle, E., Liesegang, A., Zebeli, Q., Zentek, J.: Supplemente zur Tierern\u00e4hrung. F\u00fcr Studium und Praxis. 12., \u00dcberarbeitete Auflage, M. \uf026 and H. Schaper.<\/p> <p><strong>HISTOLOGIE<\/strong><br \/> \u2756 Liebich \/ Schattauer &#8211; Farbatlas und Kurzlehrbuch der mikroskopischen Anatomie der Haustiere<\/p> <p><strong>PHYSIOLOGIE<\/strong><br \/> \u2756 Engelhardt, W.v., Breves, G. \/ Enke &#8211; Physiologie der Haustiere<\/p> <p><strong>TIERZUCHT<\/strong><br \/> \u2756 Z\u00f6ld\u00e1g, L. &#8211; G\u00e1sp\u00e1rdy, A. \u2013 Mar\u00f3ti-Ag\u00f3ts, \u00c1. (2008): Veterin\u00e4rmedizienische Genetik und Tierzucht (ed. Z\u00f6ld\u00e1g L\u00e1szl\u00f3). A\/3 Druckerei GmbH, Budapest<br \/> \u2756 Kr\u00e4sslich, H., Brem, G. \/ Ulmer Vlg. &#8211; Tierzucht und Allgemeine Landwirtschaftslehre f\u00fcr Tiermediziner<br \/> o Brem, G. \/ Ulmer Vlg. &#8211; Exterieurbeurteilung Landwirtschaftlicher Nutztiere<br \/> o Sambraus, H. H.: Farbatlas Nutztierrassen. Ulmer Verlag GmbH, Stuttgart, 2001, 2005<br \/> o Alfons Willam, Henner Simianer: Tierzucht. Grundwissen Bachelor. 2., vollst. \u00fcberarb. Auflage 2017. 372 S., 51 Abb., 55 Tab., kart. ISBN 978-3-8252-4805-5<\/p> <p><strong>VETERIN\u00c4RMEDIZIENISCHE GENETIK<\/strong><br \/> \u2756 Z\u00f6ld\u00e1g, L. &#8211; G\u00e1sp\u00e1rdy, A. \u2013 Mar\u00f3ti-Ag\u00f3ts, \u00c1. (2008): Veterin\u00e4rmedizienische Genetik und Tierzucht (ed. Z\u00f6ld\u00e1g L\u00e1szl\u00f3). A\/3 Druckerei GmbH, Budapest<br \/> o Sch\u00fcler, Lutz &#8211; Swalve, Herrmann &#8211; G\u00f6tz, Kay-Uwe: Grundlagen der quantitativen Genetik. UTB Verlag, Stuttgart, 2002, 978-3-8252-2183-6<br \/> o Katharina Munk: Taschenlehrbuch Biologie: Genetik Taschenbuch 2017 | 2., unver\u00e4nderte Auflage Thieme (Verlag) 978-3-13-241901-8 (ISBN)<br \/> o Bartels T. \u2013 W. Wegner: Fehlentwicklungen in der Haustierzucht, Enke Verlag, 1998<\/p> <p><strong>ZOOLOGIE<\/strong><br \/> \u2756 Campbell, N.A. \/ Spektrum Akademischer Verlag &#8211; Biologie<\/p> <p><strong>KLINISCHE PROP\u00c4DEUTIK (2. Semester)<\/strong><br \/> \u2756 Baumgartner, W. (2014): Klinische Prop\u00e4deutik der Haus- und Heimtiere. 8. Auflage. Enke Verlag, Stuttgart.<\/p>","protected":false},"excerpt":{"rendered":"<p>Es werden keine Lehrb\u00fccher vorgeschrieben, lediglich Empfehlungen gegeben. Die Vorlesungsmitschriften und Praktika geben Ihnen auch zahlreiche, pr\u00fcfungsrelevante Informationen. Die Liste der von der Fakult\u00e4t empfohlenen Lehrb\u00fccher enth\u00e4lt grundlegende Literatur, bzw. weiteref\u00fchrende Informationen, siehe aber auch z.B. www.vetbooks.de! &nbsp; ANATOMIE \u2756 Nickel, R., Schummer, A., Seiferle, E. \/ Paul Parey &#8211; Anatomie der Haustiere \u2756 Schaller,<\/p>\n","protected":false},"author":5823,"featured_media":0,"parent":5986,"menu_order":98,"comment_status":"open","ping_status":"open","template":"","meta":{"_acf_changed":false,"footnotes":""},"categories":[],"tags":[],"class_list":["post-46924","page","type-page","status-publish","hentry"],"acf":[],"_links":{"self":[{"href":"https:\/\/univet.hu\/de\/wp-json\/wp\/v2\/pages\/46924","targetHints":{"allow":["GET"]}}],"collection":[{"href":"https:\/\/univet.hu\/de\/wp-json\/wp\/v2\/pages"}],"about":[{"href":"https:\/\/univet.hu\/de\/wp-json\/wp\/v2\/types\/page"}],"author":[{"embeddable":true,"href":"https:\/\/univet.hu\/de\/wp-json\/wp\/v2\/users\/5823"}],"replies":[{"embeddable":true,"href":"https:\/\/univet.hu\/de\/wp-json\/wp\/v2\/comments?post=46924"}],"version-history":[{"count":0,"href":"https:\/\/univet.hu\/de\/wp-json\/wp\/v2\/pages\/46924\/revisions"}],"up":[{"embeddable":true,"href":"https:\/\/univet.hu\/de\/wp-json\/wp\/v2\/pages\/5986"}],"wp:attachment":[{"href":"https:\/\/univet.hu\/de\/wp-json\/wp\/v2\/media?parent=46924"}],"wp:term":[{"taxonomy":"category","embeddable":true,"href":"https:\/\/univet.hu\/de\/wp-json\/wp\/v2\/categories?post=46924"},{"taxonomy":"post_tag","embeddable":true,"href":"https:\/\/univet.hu\/de\/wp-json\/wp\/v2\/tags?post=46924"}],"curies":[{"name":"wp","href":"https:\/\/api.w.org\/{rel}","templated":true}]}}