{"id":46935,"date":"2019-12-06T12:40:39","date_gmt":"2019-12-06T11:40:39","guid":{"rendered":"https:\/\/univet.hu\/de\/studenten\/studentensekretariat\/allgemeine-informationen\/name-4\/"},"modified":"2025-08-19T11:02:39","modified_gmt":"2025-08-19T09:02:39","slug":"studentenstatus","status":"publish","type":"page","link":"https:\/\/univet.hu\/de\/studenten\/studierendensekretariat\/studentenstatus\/","title":{"rendered":"Studentenstatus Informationen"},"content":{"rendered":"<p>&nbsp;<\/p> <p><strong>1.<\/strong> Wenn Sie ein <strong>regul\u00e4rer Student<\/strong> (z.B. im zweiten Studienjahr) sind, aber einige F\u00e4cher (z.B. \u201eBiochemie 1\u201d) erneut besuchen, dann gelten f\u00fcr ALLE Lehrveranstaltungen dieselben Regeln (Pr\u00e4senzpflicht, Pr\u00fcfungstermine usw.), wie f\u00fcr die regul\u00e4ren Studenten. Der Besuch eines Lehrfach(abschnitt)es ist max. zweimal m\u00f6glich. Ein Antrag auf erneutem Fachbesuch ist bis Mitte September bzw. Mitte Februar unter <a class=\"decrypt\" rel=\"tuvefouAvojwfu\/iv\" href=\"javascript:void(0);\">[Click to see email]<\/a> zu stellen. Bei dem erneutem Besuch eines Lehrfaches sind die fr\u00fcher erreichten Teilergebnisse (Testate, Unterschrift usw.) des gegebenen Faches ung\u00fcltig. Die zus\u00e4tzliche Geb\u00fchr h\u00e4ngt von der (Art und) Anzahl der besuchten Lehrf\u00e4cher ab, i.d.R. EUR 2.080,-\/Fach\/Semester.<\/p> <p>&nbsp;<\/p> <p><strong>2.<\/strong> Wenn Sie \u201elediglich\u201d einen regul\u00e4ren <strong>Vollzeit-Status haben, aber einige Pr\u00fcfungen nachholen<\/strong> m\u00fcssen oder verschoben haben, dann orientieren Sie sich bitte im Neptun-System an Terminen der Nachholpr\u00fcfungen. Die Teilnahme an Praktika, dessen Pr\u00fcfung nachgeholt werden muss, ist nicht genehmigt. Es wird keine zus\u00e4tzliche Geb\u00fchr erhoben.<\/p> <p>&nbsp;<\/p> <p><strong>3.<\/strong> Wenn Sie einen<strong> inaktiven Studentenstatus<\/strong> haben, so achten Sie bitte auf die f\u00fcr Inaktiven angebotenen Termine. Die f\u00fcr regul\u00e4re Studenten angebotenen Pl\u00e4tze stehen Ihnen i.d.R. nicht zur Verf\u00fcgung, obwohl es evtl. die gleichen Termine sind. Geb\u00fchr: EUR 300,-\/Jahr<\/p> <p>&nbsp;<\/p> <p><strong>4.\u00a0<\/strong> Wenn Sie einen <strong>Teilzeitstatus<\/strong> beantragt und bewilligt bekommen haben, dann gelten NUR f\u00fcr das gegebene Fach, f\u00fcr welches Sie registriert wurden dieselben Regeln (Pr\u00e4senzpflicht, Pr\u00fcfungstermine usw.), wie f\u00fcr die regul\u00e4ren Studenten. F\u00fcr alle anderen F\u00e4cher sind die Regeln der inaktiven Studenten zutreffend. Bei dem erneutem Besuch eines Lehrfaches sind die fr\u00fcher erreichten Teilergebnisse (Testate, Unterschrift usw.) des gegebenen Faches ung\u00fcltig. Der Besuch eines Lehrfach(abschnitt)es ist max. zweimal m\u00f6glich. Geb\u00fchr h\u00e4ngt von der (Art und) Anzahl der besuchten Lehrf\u00e4cher ab, i.d.R. EUR 500,- oder EUR 2.080,-\/Fach\/Semester.<\/p> <p>&nbsp;<\/p> <p>5. Wenn Sie einen <strong>individuellen Studienplan<\/strong> haben, z.B. wegen Zulassung als Quereinsteiger, dann kontaktieren Sie bitte das Studentensekretariat f\u00fcr detaillierte Informationen.<\/p> <p>&nbsp;<\/p> <p style=\"text-align: center\">Sollten Sie sich \u00fcber Ihren Studentenstatus nicht sicher sein, dann kontaktieren Sie bitte das Studentensekretariat!<\/p>","protected":false},"excerpt":{"rendered":"<p>&nbsp; 1. Wenn Sie ein regul\u00e4rer Student (z.B. im zweiten Studienjahr) sind, aber einige F\u00e4cher (z.B. \u201eBiochemie 1\u201d) erneut besuchen, dann gelten f\u00fcr ALLE Lehrveranstaltungen dieselben Regeln (Pr\u00e4senzpflicht, Pr\u00fcfungstermine usw.), wie f\u00fcr die regul\u00e4ren Studenten. Der Besuch eines Lehrfach(abschnitt)es ist max. zweimal m\u00f6glich. Ein Antrag auf erneutem Fachbesuch ist bis Mitte September bzw. Mitte Februar<\/p>\n","protected":false},"author":5823,"featured_media":0,"parent":616,"menu_order":248,"comment_status":"open","ping_status":"open","template":"","meta":{"_acf_changed":false,"footnotes":""},"categories":[],"tags":[],"class_list":["post-46935","page","type-page","status-publish","hentry"],"acf":[],"_links":{"self":[{"href":"https:\/\/univet.hu\/de\/wp-json\/wp\/v2\/pages\/46935","targetHints":{"allow":["GET"]}}],"collection":[{"href":"https:\/\/univet.hu\/de\/wp-json\/wp\/v2\/pages"}],"about":[{"href":"https:\/\/univet.hu\/de\/wp-json\/wp\/v2\/types\/page"}],"author":[{"embeddable":true,"href":"https:\/\/univet.hu\/de\/wp-json\/wp\/v2\/users\/5823"}],"replies":[{"embeddable":true,"href":"https:\/\/univet.hu\/de\/wp-json\/wp\/v2\/comments?post=46935"}],"version-history":[{"count":1,"href":"https:\/\/univet.hu\/de\/wp-json\/wp\/v2\/pages\/46935\/revisions"}],"predecessor-version":[{"id":188676,"href":"https:\/\/univet.hu\/de\/wp-json\/wp\/v2\/pages\/46935\/revisions\/188676"}],"up":[{"embeddable":true,"href":"https:\/\/univet.hu\/de\/wp-json\/wp\/v2\/pages\/616"}],"wp:attachment":[{"href":"https:\/\/univet.hu\/de\/wp-json\/wp\/v2\/media?parent=46935"}],"wp:term":[{"taxonomy":"category","embeddable":true,"href":"https:\/\/univet.hu\/de\/wp-json\/wp\/v2\/categories?post=46935"},{"taxonomy":"post_tag","embeddable":true,"href":"https:\/\/univet.hu\/de\/wp-json\/wp\/v2\/tags?post=46935"}],"curies":[{"name":"wp","href":"https:\/\/api.w.org\/{rel}","templated":true}]}}