{"id":46962,"date":"2019-12-06T13:30:09","date_gmt":"2019-12-06T12:30:09","guid":{"rendered":"https:\/\/univet.hu\/de\/studenten\/studentensekretariat\/allgemeine-informationen\/name-6\/"},"modified":"2025-08-26T13:04:18","modified_gmt":"2025-08-26T11:04:18","slug":"neptun-info","status":"publish","type":"page","link":"https:\/\/univet.hu\/de\/studenten\/studierendensekretariat\/allgemeine-informationen\/neptun-info\/","title":{"rendered":"Neptun-Info"},"content":{"rendered":"<p>&nbsp;<\/p> <p><span style=\"font-size: 14pt\"><strong><a href=\"https:\/\/neptun.univet.hu\/ate_hw\/login.aspx\">Hier klicken<\/a> um Neptun zu starten<br \/> <\/strong>Beim ersten Besuch des Neptuns bitte \u201eNe\u201c vor Ihrer Kodummer angeben!<\/span><\/p> <p>&nbsp;<\/p> <p><span style=\"font-size: 14pt\">&#8211; Leitfaden zur <a href=\"https:\/\/univet.hu\/wp-content\/uploads\/2025\/07\/EinzahlungvonGebuhrenuberdasNeptun-System.pdf\">\u00dcberweisung<\/a>\u00a0im NEPTUN<\/span><\/p> <p>&nbsp;<\/p> <p><span style=\"font-size: 14pt\"><strong><a href=\"https:\/\/univet.hu\/wp-content\/uploads\/2025\/08\/Anleitung-zur-Registration-und-Fachaufnamhe-im-Neptun.pdf\">&#8211; Fachregistration<\/a><\/strong>\u00a0im NEPTUN<\/span><br \/> <span style=\"font-size: 14pt\">(F\u00fcr Nachpr\u00fcfungen \u2013 d.h. f\u00fcr Pr\u00fcfungen verschoben von einer fr\u00fcherer Periode \u2013 ist zuerst eine Anmeldung f\u00fcr das Fach selbst erforderlich, wie f\u00fcr (Wahlpflicht-)F\u00e4cher!)<\/span><\/p> <p>&nbsp;<\/p> <p><span style=\"font-size: 14pt\">&#8211; <a href=\"https:\/\/univet.hu\/wp-content\/uploads\/2025\/08\/Anleitung-zum-Hochladen-des-Passfotos.pdf\"><span style=\"color: #ff0000\">Anleitung zum <strong>Hochladen des Photo<\/strong><\/span><strong>s<\/strong><\/a> im NEPTUN<\/span><\/p> <p>&nbsp;<\/p> <p><span style=\"font-size: 14pt\"><strong>&#8211; Pr\u00fcfungsanmeldung<\/strong> im NEPTUN\u00a0 (Welche Pr\u00fcfungstermine gelten f\u00fcr Sie? Es h\u00e4ngt von Ihrem <a href=\"https:\/\/univet.hu\/de\/studenten\/studentensekretariat\/allgemeine-informationen\/name-4\/\">Studenten-Satus<\/a> ab)<br \/> Bitte achten Sie darauf, dass die zeitliche Begrenzung f\u00fcr die An-, Ab- bzw. Ummeldung f\u00fcr einzelne Lehrf\u00e4cher und sogar verschiedene Pr\u00fcfungstage unterschiedlich sein kann! Wenn kein separater Termin angegeben ist so gilt i.d.R. 10 Uhr am voragehenden Arbeitstag.<\/span><\/p> <p>&nbsp;<\/p> <p>&nbsp;<\/p>","protected":false},"excerpt":{"rendered":"<p>&nbsp; Hier klicken um Neptun zu starten Beim ersten Besuch des Neptuns bitte \u201eNe\u201c vor Ihrer Kodummer angeben! &nbsp; &#8211; Leitfaden zur \u00dcberweisung\u00a0im NEPTUN &nbsp; &#8211; Fachregistration\u00a0im NEPTUN (F\u00fcr Nachpr\u00fcfungen \u2013 d.h. f\u00fcr Pr\u00fcfungen verschoben von einer fr\u00fcherer Periode \u2013 ist zuerst eine Anmeldung f\u00fcr das Fach selbst erforderlich, wie f\u00fcr (Wahlpflicht-)F\u00e4cher!) &nbsp; &#8211; Anleitung<\/p>\n","protected":false},"author":5823,"featured_media":0,"parent":5986,"menu_order":74,"comment_status":"open","ping_status":"open","template":"","meta":{"_acf_changed":false,"footnotes":""},"categories":[],"tags":[],"class_list":["post-46962","page","type-page","status-publish","hentry"],"acf":[],"_links":{"self":[{"href":"https:\/\/univet.hu\/de\/wp-json\/wp\/v2\/pages\/46962","targetHints":{"allow":["GET"]}}],"collection":[{"href":"https:\/\/univet.hu\/de\/wp-json\/wp\/v2\/pages"}],"about":[{"href":"https:\/\/univet.hu\/de\/wp-json\/wp\/v2\/types\/page"}],"author":[{"embeddable":true,"href":"https:\/\/univet.hu\/de\/wp-json\/wp\/v2\/users\/5823"}],"replies":[{"embeddable":true,"href":"https:\/\/univet.hu\/de\/wp-json\/wp\/v2\/comments?post=46962"}],"version-history":[{"count":6,"href":"https:\/\/univet.hu\/de\/wp-json\/wp\/v2\/pages\/46962\/revisions"}],"predecessor-version":[{"id":189448,"href":"https:\/\/univet.hu\/de\/wp-json\/wp\/v2\/pages\/46962\/revisions\/189448"}],"up":[{"embeddable":true,"href":"https:\/\/univet.hu\/de\/wp-json\/wp\/v2\/pages\/5986"}],"wp:attachment":[{"href":"https:\/\/univet.hu\/de\/wp-json\/wp\/v2\/media?parent=46962"}],"wp:term":[{"taxonomy":"category","embeddable":true,"href":"https:\/\/univet.hu\/de\/wp-json\/wp\/v2\/categories?post=46962"},{"taxonomy":"post_tag","embeddable":true,"href":"https:\/\/univet.hu\/de\/wp-json\/wp\/v2\/tags?post=46962"}],"curies":[{"name":"wp","href":"https:\/\/api.w.org\/{rel}","templated":true}]}}