{"id":47067,"date":"2019-12-10T09:51:16","date_gmt":"2019-12-10T08:51:16","guid":{"rendered":"https:\/\/univet.hu\/de\/studenten\/studenteninfo\/name\/"},"modified":"2025-11-21T11:59:23","modified_gmt":"2025-11-21T10:59:23","slug":"aufenthaltsgenehmigung","status":"publish","type":"page","link":"https:\/\/univet.hu\/de\/studenten\/studierendensekretariat\/erster-jahrgang\/aufenthaltsgenehmigung\/","title":{"rendered":"Registrierungskarte"},"content":{"rendered":"<p>&nbsp;<\/p> <p><span style=\"font-size: 14pt\"><strong>Aufenthalt in Ungarn &#8211; wie erhalten Sie die Registrierungsbescheinigung?<\/strong><\/span><\/p> <p>Studierende aus EU-\/EWR-Mitgliedstaaten ben\u00f6tigen f\u00fcr die Einreise nach Ungarn kein Visum, m\u00fcssen jedoch innerhalb der ersten 90 Tage ihres Aufenthalts ihren Wohnsitz (Adressen) bei der ungarischen Einwanderungsbeh\u00f6rde anmelden. Aufgrund des Zeitpunkts der Verabreichung muss der Antrag sp\u00e4testens 90 Tage nach der Ankunft eingereicht werden.<\/p> <p>&nbsp;<\/p> <p><strong>Online registrieren auf Enterhungary <\/strong><\/p> <p>1. Registrieren Sie sich <a href=\"https:\/\/enterhungary.gov.hu\">hier<\/a>\u00a0anhand der beigef\u00fcgten <a href=\"https:\/\/univet.hu\/wp-content\/uploads\/2019\/12\/Enterhungary.pdf\">Guideleines <\/a>(auf englisch)!<\/p> <p>2. \u00dcberpr\u00fcfen Sie Ihr E-Mail Postfach und melden Sie sich an die Website erneut an mit dem angegebenen Link und dem ge\u00e4nderten Passwort.<\/p> <p>3. Klicken Sie auf new application!<\/p> <p>4. W\u00e4hlen Sie &#8220; \u201eFamily member of an EEA citizen or Hungarian citizen\u201d&#8220;, also kein &#8222;Resindence permit&#8220;!<\/p> <p>5. W\u00e4hlen Sie Registration certificate!<\/p> <p>6. beim Ausf\u00fcllen des Formulars pls k\u00fcmmern sich um folgendes: &#8211; Geben Sie den Geburtsname Ihrer Mutter korrekt ein!! &#8211; Datum ist im yyyymmdd format!<\/p> <p>7. Klicken Sie save. &#8211; Wenn es nicht gespeichert werden kann , pr\u00fcfen Sie ob nicht einige Daten fehlen. &#8211; Wenn bei den daten Ihrer ungarischen Adresse eine Fehlermeldung auftaucht, dass die Adresse nicht korrekt ist, kontaktieren Sie den Eigent\u00fcmer oder Anbieter Ihrer Unterkunft. Ohne die richtigen Adressdaten k\u00f6nnen Sie das Formular nicht absenden und sich nicht registrieren !!!<\/p> <p>8. Wenn es gespeichert wird, ist die Hauptseite der Registrierung ausgef\u00fcllt.<\/p> <p>9. Laden Sie die notwendigen Dokumente hoch und reichen Sie Ihre Anmeldung ein indem Sie auf \u201esubmit\u201d klicken!<\/p> <p>10. In &#8222;My cases&#8220; Knopf k\u00f6nnen Sie Ihre EHNNNNNN-Nummer finden. 11. Sie werden einen E-mail von der Beh\u00f6rde bekommen mit Informationen.<\/p> <p>&nbsp;<\/p> <p>ODER<\/p> <p><strong>Pers\u00f6nlich:<\/strong><\/p> <p><strong>F\u00fcr die Registrierung sind folgende Unterlagen erforderlich:<\/strong><\/p> <p>Ausgef\u00fclltes Formular (Registration Certificate for EEA Nationals) f\u00fcr die Ausstellung des Registrierungszertifikats &#8211; Sie k\u00f6nnen das Antragsformular <a href=\"https:\/\/univet.hu\/wp-content\/uploads\/2019\/09\/Registration-Certificate-for-EEA-Nationals.pdf\">hier<\/a> downloaden<\/p> <p>1.Einschreibungszertifikat der Veterin\u00e4rmedizinischen Universit\u00e4t Budapest &#8211; Sie erhalten es am Orientierungstag (zum Zeitpunkt der Einreichung nicht \u00e4lter als 1 Monat)<\/p> <p>2. Ihren Personalausweis oder ihr g\u00fcltiges Reisedokument<\/p> <p>3. Mietvertrag f\u00fcr die Wohnung in ungarischer Sprache \u2013 ein Original Dokument und eine Kopie (es muss die Angaben des Vermieters und Ihre pers\u00f6nlichen Daten enthalten\u2013 Datum und\u00a0 \u00a0 \u00a0 \u00a0 \u00a0 \u00a0 \u00a0Ort der Geburt, M\u00e4dchenname der Mutter, Id-Nummer des Vermieters, Ihre Reisepass-Nr. Der Vertrag muss von zwei ungarischen Zeugen unterzeichnet werden)<\/p> <p>4. Wenn Sie Inhaber eines Bankkontos sind (er\u00f6ffnet in Ihrem Heimatland oder in Ungarn), gen\u00fcgt es, einen Kontoauszug auf dem laufenden Saldo beizuschlie\u00dfen. Wenn der Inhaber des\u00a0 \u00a0 \u00a0 \u00a0 \u00a0 \u00a0 \u00a0 \u00a0 Kontos ein Elternteil oder ein Verwandter ist, sollten Sie dokumentieren, dass Sie Geld von Geldautomaten in H\u00f6he von mindestens 7 USD\/800 umgetauscht oder gezogen haben, und eine\u00a0 \u00a0 \u00a0 \u00a0 \u00a0 \u00a0 \u00a0 Fotokopie der Bankkarte beischlie\u00dfen. Sie k\u00f6nnen eine schriftliche Erkl\u00e4rung einreichen, in der die Quellen der Mittel und die Betr\u00e4ge, die Sie regelm\u00e4\u00dfig erhalten, zur Deckung Ihrer\u00a0 \u00a0 \u00a0 \u00a0 \u00a0 \u00a0 \u00a0 \u00a0 \u00a0 \u00a0 \u00a0 \u00a0 Lebenshaltungskosten erl\u00e4utert werden.<\/p> <p>5. Zertifizierung eines auch f\u00fcr Ungarn g\u00fcltigen Krankenversicherungs<\/p> <p>6. Eine Bankkarte mit der Sie 1000 Ft im Amt bezahlen k\u00f6nnen<\/p> <p>Nach Ihrer Ankunft in Budapest k\u00f6nnen Sie Ihre Registrierungskarte beim <strong>Einwanderungs- und Asylamt<\/strong> (auf Ungarisch: Bev\u00e1ndorl\u00e1si \u00e9s Menek\u00fclt\u00fcgyi Hivatal) arrangieren.<\/p> <p>Adresse:<br \/> 1135 Budapest, Bezirk XIII., Szegedi 35-37., Erdgeschoss (Twin Office Center Office-Block)<\/p> <p>\u00d6ffnungszeiten:<br \/> Montag 08:00-14:00<br \/> Dienstag 08:00-14:00<br \/> Mittwoch 08:00-14:00<br \/> Donnerstag 08:00-14:00<br \/> Freitag 08.00-12.00<\/p> <p>Am besten Termin buchen:\u00a0<a href=\"http:\/\/www.oif.gov.hu\/index.php?lang=en\">http:\/\/www.oif.gov.hu\/index.php?lang=en<\/a><\/p> <p>Anfahrt: mit den Bussen Nr. 85, 85 (rot) und 68 von der U-Bahn-Haltestelle K\u0151b\u00e1nya-Kispest oder mit dem Bus Nr. 85 von \u00d6rs vez\u00e9r t\u00e9r.<\/p> <p>&nbsp;<\/p> <p>&nbsp;<\/p>","protected":false},"excerpt":{"rendered":"<p>&nbsp; Aufenthalt in Ungarn &#8211; wie erhalten Sie die Registrierungsbescheinigung? Studierende aus EU-\/EWR-Mitgliedstaaten ben\u00f6tigen f\u00fcr die Einreise nach Ungarn kein Visum, m\u00fcssen jedoch innerhalb der ersten 90 Tage ihres Aufenthalts ihren Wohnsitz (Adressen) bei der ungarischen Einwanderungsbeh\u00f6rde anmelden. Aufgrund des Zeitpunkts der Verabreichung muss der Antrag sp\u00e4testens 90 Tage nach der Ankunft eingereicht werden. &nbsp;<\/p>\n","protected":false},"author":5823,"featured_media":0,"parent":47084,"menu_order":12,"comment_status":"open","ping_status":"open","template":"","meta":{"_acf_changed":false,"footnotes":""},"categories":[],"tags":[],"class_list":["post-47067","page","type-page","status-publish","hentry"],"acf":[],"_links":{"self":[{"href":"https:\/\/univet.hu\/de\/wp-json\/wp\/v2\/pages\/47067","targetHints":{"allow":["GET"]}}],"collection":[{"href":"https:\/\/univet.hu\/de\/wp-json\/wp\/v2\/pages"}],"about":[{"href":"https:\/\/univet.hu\/de\/wp-json\/wp\/v2\/types\/page"}],"author":[{"embeddable":true,"href":"https:\/\/univet.hu\/de\/wp-json\/wp\/v2\/users\/5823"}],"replies":[{"embeddable":true,"href":"https:\/\/univet.hu\/de\/wp-json\/wp\/v2\/comments?post=47067"}],"version-history":[{"count":4,"href":"https:\/\/univet.hu\/de\/wp-json\/wp\/v2\/pages\/47067\/revisions"}],"predecessor-version":[{"id":196302,"href":"https:\/\/univet.hu\/de\/wp-json\/wp\/v2\/pages\/47067\/revisions\/196302"}],"up":[{"embeddable":true,"href":"https:\/\/univet.hu\/de\/wp-json\/wp\/v2\/pages\/47084"}],"wp:attachment":[{"href":"https:\/\/univet.hu\/de\/wp-json\/wp\/v2\/media?parent=47067"}],"wp:term":[{"taxonomy":"category","embeddable":true,"href":"https:\/\/univet.hu\/de\/wp-json\/wp\/v2\/categories?post=47067"},{"taxonomy":"post_tag","embeddable":true,"href":"https:\/\/univet.hu\/de\/wp-json\/wp\/v2\/tags?post=47067"}],"curies":[{"name":"wp","href":"https:\/\/api.w.org\/{rel}","templated":true}]}}