{"id":47084,"date":"2019-12-10T10:58:34","date_gmt":"2019-12-10T09:58:34","guid":{"rendered":"https:\/\/univet.hu\/de\/studenten\/studenteninfo\/name-2\/"},"modified":"2026-03-25T13:45:31","modified_gmt":"2026-03-25T12:45:31","slug":"erster-jahrgang","status":"publish","type":"page","link":"https:\/\/univet.hu\/de\/studenten\/studierendensekretariat\/erster-jahrgang\/","title":{"rendered":"Erster Jahrgang"},"content":{"rendered":"<p><strong>Studierendensekretariat:<\/strong><\/p> <p>&nbsp;<\/p> <p><span style=\"font-size: 12pt\"><strong>Ansprechpartnerin<\/strong>: Frau D\u00f3ra KOV\u00c1CS <\/span><\/p> <p><span style=\"font-size: 12pt\">E-Mail: <a class=\"decrypt\" rel=\"lpwbdt\/epsb3Avojwfu\/iv\" href=\"javascript:void(0);\">[Click to see email]<\/a> <\/span><\/p> <p><span style=\"font-size: 12pt\">Geb\u00e4ude &#8222;H&#8220;, 1.Stock<\/span><\/p> <h4><\/h4> <p>&nbsp;<\/p> <p><em>Addresse:<\/em><\/p> <p><em>Veterin\u00e4rmedizinische Universit\u00e4t Budapest, Sekretariat f\u00fcr Internationale Programme<\/em><\/p> <p><em>H-1400 Budapest, P.O.Box 2, Ungarn<\/em><\/p> <p><em>1078 Budapest, Istv\u00e1n u. 2. Geb\u00e4ude H. 1. Stock<\/em><\/p> <p><em>\u00a0Telefon<\/em><em>: (+36 1) 4784-106 (Deutsch: 4784-116, oder -267) oder (+36 1) 4784-100 (central)<\/em><\/p> <p><em>Fax: (+36 1) 4784-117 oder (+36 1) 4784-101 (central)<\/em><\/p> <p><em>E-mail: student\u201dat\u201dunivet.hu<\/em><\/p>","protected":false},"excerpt":{"rendered":"<p>Studierendensekretariat: &nbsp; Ansprechpartnerin: Frau D\u00f3ra KOV\u00c1CS E-Mail: [Click to see email] Geb\u00e4ude &#8222;H&#8220;, 1.Stock &nbsp; Addresse: Veterin\u00e4rmedizinische Universit\u00e4t Budapest, Sekretariat f\u00fcr Internationale Programme H-1400 Budapest, P.O.Box 2, Ungarn 1078 Budapest, Istv\u00e1n u. 2. Geb\u00e4ude H. 1. Stock \u00a0Telefon: (+36 1) 4784-106 (Deutsch: 4784-116, oder -267) oder (+36 1) 4784-100 (central) Fax: (+36 1) 4784-117 oder<\/p>\n","protected":false},"author":5823,"featured_media":0,"parent":616,"menu_order":186,"comment_status":"open","ping_status":"open","template":"","meta":{"_acf_changed":false,"footnotes":""},"categories":[],"tags":[],"class_list":["post-47084","page","type-page","status-publish","hentry"],"acf":[],"_links":{"self":[{"href":"https:\/\/univet.hu\/de\/wp-json\/wp\/v2\/pages\/47084","targetHints":{"allow":["GET"]}}],"collection":[{"href":"https:\/\/univet.hu\/de\/wp-json\/wp\/v2\/pages"}],"about":[{"href":"https:\/\/univet.hu\/de\/wp-json\/wp\/v2\/types\/page"}],"author":[{"embeddable":true,"href":"https:\/\/univet.hu\/de\/wp-json\/wp\/v2\/users\/5823"}],"replies":[{"embeddable":true,"href":"https:\/\/univet.hu\/de\/wp-json\/wp\/v2\/comments?post=47084"}],"version-history":[{"count":5,"href":"https:\/\/univet.hu\/de\/wp-json\/wp\/v2\/pages\/47084\/revisions"}],"predecessor-version":[{"id":204315,"href":"https:\/\/univet.hu\/de\/wp-json\/wp\/v2\/pages\/47084\/revisions\/204315"}],"up":[{"embeddable":true,"href":"https:\/\/univet.hu\/de\/wp-json\/wp\/v2\/pages\/616"}],"wp:attachment":[{"href":"https:\/\/univet.hu\/de\/wp-json\/wp\/v2\/media?parent=47084"}],"wp:term":[{"taxonomy":"category","embeddable":true,"href":"https:\/\/univet.hu\/de\/wp-json\/wp\/v2\/categories?post=47084"},{"taxonomy":"post_tag","embeddable":true,"href":"https:\/\/univet.hu\/de\/wp-json\/wp\/v2\/tags?post=47084"}],"curies":[{"name":"wp","href":"https:\/\/api.w.org\/{rel}","templated":true}]}}