{"id":47326,"date":"2019-12-12T14:28:26","date_gmt":"2019-12-12T13:28:26","guid":{"rendered":"https:\/\/univet.hu\/de\/studenten\/studenteninfo\/name-3\/"},"modified":"2025-05-30T14:04:57","modified_gmt":"2025-05-30T12:04:57","slug":"regelungen","status":"publish","type":"page","link":"https:\/\/univet.hu\/de\/studenten\/studierendensekretariat\/regelungen\/","title":{"rendered":"Regelungen"},"content":{"rendered":"<p><strong>Regelungen \u00fcber:<\/strong><\/p> <p><a href=\"https:\/\/univet.hu\/wp-content\/uploads\/2023\/01\/Bewerbung-und-Zulassung.pdf\">Bewerbung und Zulassung<\/a><\/p> <p>&nbsp;<\/p> <p>Akademische Richtlinien und Regelungen:\u00a0<a href=\"https:\/\/univet.hu\/de\/universitaet\/bestimmungen\/\">https:\/\/univet.hu\/de\/universitaet\/bestimmungen\/<\/a><\/p> <p>&nbsp;<\/p> <p>Liebe Studenten,<\/p> <p>wir m\u00f6chten Sie dar\u00fcber informieren, dass es eine sogenannte \u201eFirewall\u201d am Ende des zweiten Jahres (also des 4. Semesters) gibt.\u00a0 Das hei\u00dft, wer sein Studium im englischsprachigen Studiengang fortsetzen m\u00f6chte, soll in den ersten zwei Jahren alle Pflichtf\u00e4cher absolvieren.<\/p> <p>Es ist nicht m\u00f6glich, das 5. Fachsemester anzutreten, ohne alle Pr\u00fcfungen ( sowohl Praktikumsnoten, als auch Abschlusspr\u00fcfungen) der Fachsemester 1.-4. abgelegt zu haben.<\/p> <p>&nbsp;<\/p> <p>Im englischen Programm m\u00fcssen Sie\u00a0 WS: Agricultural economics and Veterinary profession SS: Vet. Virology \u00a0absolvieren.<\/p> <p>&nbsp;<\/p> <p>Ein Tierzucht -Praktikum von 2 Wochen ist vor dem 5. Semester erforderlich.<\/p> <p><strong>Frist des Einreichens des Berichtes im Neptun: 10. August 2025<\/strong><\/p> <p>&nbsp;<\/p> <p>Wenn Sie sich zum 3. Jahr anmelden m\u00f6chten, schicken Sie bitte eine E-Mail b<strong>is Mitte August<\/strong> an: <a class=\"decrypt\" rel=\"epsb\/lpwbdt3Avojwfu\/iv\" href=\"javascript:void(0);\">[Click to see email]<\/a><\/p> <p>&nbsp;<\/p>","protected":false},"excerpt":{"rendered":"<p>Regelungen \u00fcber: Bewerbung und Zulassung &nbsp; Akademische Richtlinien und Regelungen:\u00a0https:\/\/univet.hu\/de\/universitaet\/bestimmungen\/ &nbsp; Liebe Studenten, wir m\u00f6chten Sie dar\u00fcber informieren, dass es eine sogenannte \u201eFirewall\u201d am Ende des zweiten Jahres (also des 4. Semesters) gibt.\u00a0 Das hei\u00dft, wer sein Studium im englischsprachigen Studiengang fortsetzen m\u00f6chte, soll in den ersten zwei Jahren alle Pflichtf\u00e4cher absolvieren. Es ist nicht<\/p>\n","protected":false},"author":5823,"featured_media":0,"parent":616,"menu_order":250,"comment_status":"open","ping_status":"open","template":"","meta":{"_acf_changed":false,"footnotes":""},"categories":[],"tags":[],"class_list":["post-47326","page","type-page","status-publish","hentry"],"acf":[],"_links":{"self":[{"href":"https:\/\/univet.hu\/de\/wp-json\/wp\/v2\/pages\/47326","targetHints":{"allow":["GET"]}}],"collection":[{"href":"https:\/\/univet.hu\/de\/wp-json\/wp\/v2\/pages"}],"about":[{"href":"https:\/\/univet.hu\/de\/wp-json\/wp\/v2\/types\/page"}],"author":[{"embeddable":true,"href":"https:\/\/univet.hu\/de\/wp-json\/wp\/v2\/users\/5823"}],"replies":[{"embeddable":true,"href":"https:\/\/univet.hu\/de\/wp-json\/wp\/v2\/comments?post=47326"}],"version-history":[{"count":3,"href":"https:\/\/univet.hu\/de\/wp-json\/wp\/v2\/pages\/47326\/revisions"}],"predecessor-version":[{"id":185234,"href":"https:\/\/univet.hu\/de\/wp-json\/wp\/v2\/pages\/47326\/revisions\/185234"}],"up":[{"embeddable":true,"href":"https:\/\/univet.hu\/de\/wp-json\/wp\/v2\/pages\/616"}],"wp:attachment":[{"href":"https:\/\/univet.hu\/de\/wp-json\/wp\/v2\/media?parent=47326"}],"wp:term":[{"taxonomy":"category","embeddable":true,"href":"https:\/\/univet.hu\/de\/wp-json\/wp\/v2\/categories?post=47326"},{"taxonomy":"post_tag","embeddable":true,"href":"https:\/\/univet.hu\/de\/wp-json\/wp\/v2\/tags?post=47326"}],"curies":[{"name":"wp","href":"https:\/\/api.w.org\/{rel}","templated":true}]}}