{"id":47328,"date":"2019-12-12T15:09:27","date_gmt":"2019-12-12T14:09:27","guid":{"rendered":"https:\/\/univet.hu\/de\/studenten\/studenteninfo\/allgemeine-informationen\/name-5\/"},"modified":"2021-06-01T15:50:33","modified_gmt":"2021-06-01T13:50:33","slug":"unterkunft-und-versicherung","status":"publish","type":"page","link":"https:\/\/univet.hu\/de\/studenten\/studierendensekretariat\/allgemeine-informationen\/unterkunft-und-versicherung\/","title":{"rendered":"Unterkunft und Versicherung"},"content":{"rendered":"<p>&nbsp;<\/p> <header class=\"entry-header\"> <h2 class=\"entry-title\">Unterkunft<\/h2> <\/header> <div class=\"entry-content\"> <p><a class=\"ari-fancybox\" href=\"https:\/\/univet.hu\/wp-content\/uploads\/2019\/08\/luke-stackpoole-eWqOgJ-lfiI-unsplash.jpg\"><img loading=\"lazy\" decoding=\"async\" class=\"alignright wp-image-42015 size-medium\" src=\"https:\/\/univet.hu\/wp-content\/uploads\/2019\/08\/luke-stackpoole-eWqOgJ-lfiI-unsplash-256x320.jpg\" sizes=\"auto, (max-width: 256px) 100vw, 256px\" alt=\"\" width=\"256\" height=\"320\" srcset=\"https:\/\/univet.hu\/wp-content\/uploads\/2019\/08\/luke-stackpoole-eWqOgJ-lfiI-unsplash-256x320.jpg 256w, https:\/\/univet.hu\/wp-content\/uploads\/2019\/08\/luke-stackpoole-eWqOgJ-lfiI-unsplash-768x960.jpg 768w\" \/><\/a>Vielleicht suchen Sie noch immer nach Unterk\u00fcnften in Budapest. Sie finden unter den angegebenen Email Adressen und Webseiten von den Partnern von Univet Budapest etwas Hilfe dazu!<\/p> <p><strong>Unterkunft College International:<\/strong><\/p> <p>(+36 1) 413-3006 or<br \/> (+3630) 683 0885<\/p> <p>e-mail: <a class=\"decrypt\" rel=\"bqbmgjAndebojfm\/iv\" href=\"javascript:void(0);\">[Click to see email]<\/a><br \/> web: www.budapesthousingservice.com<\/p> <p><strong>Milestone Budapest Semmelweis<\/strong><br \/> https:\/\/www.milestone.net\/location\/milestone-budapest-semmelweis\/<\/p> <p><strong>Gueststudent Budapest<\/strong><br \/> e-mail: <a class=\"decrypt\" rel=\"epsnjupszAhvftutuvefou\/dpn\" href=\"javascript:void(0);\">[Click to see email]<\/a><br \/> web: www.gueststudent.com<\/p> <\/div> <p><strong>Dean&#8217;s College &#8211;\u00a0\u201eStart a new chapter of your life at the international community of Dean\u2019s College Hotel. &#8220;<br \/> <\/strong>https:\/\/deanscollegehotel.com\/en\/student<\/p> <div class=\"entry-content\"> <header class=\"entry-header\"><span style=\"font-size: 12pt;\">Bitte beachten Sie das UVMB keine Verantwortung\u00a0<span lang=\"de\" style=\"font-family: georgia, palatino, serif;\" tabindex=\"0\">f\u00fcr die Handlungen und Taten anderer Institutionen und Unternehmen \u00fcbernimmt!<\/span><\/span><\/p> <h2><\/h2> <p>&nbsp;<\/p> <h2 class=\"entry-title\"><span style=\"font-family: georgia, palatino, serif;\">Versicherung<\/span><\/h2> <\/header> <div class=\"entry-content\"> <p><span style=\"font-family: georgia, palatino, serif;\"><strong>Versicherung College International:<\/strong><\/span><\/p> <p><span style=\"font-family: georgia, palatino, serif;\">Frau Erika Gergely<\/span><\/p> <p><span style=\"font-family: georgia, palatino, serif;\">e-mail: <a class=\"decrypt\" rel=\"fhfshfmzAndebojfm\/iv\" href=\"javascript:void(0);\">[Click to see email]<\/a><\/span><\/p> <\/div> <\/div> <p>&nbsp;<\/p> <p><span style=\"font-family: georgia, palatino, serif;\"><strong>Generali Insurance Company:<\/strong><\/span><\/p> <pre id=\"tw-target-text\" class=\"tw-data-text tw-text-large tw-ta\" dir=\"ltr\" data-placeholder=\"Ford\u00edt\u00e1s\"><span style=\"font-family: georgia, palatino, serif;\"><span lang=\"de\" tabindex=\"0\">\u00dcber die allgemeinen Gesch\u00e4ftsbedingungen k\u00f6nnen Sie <strong><a href=\"https:\/\/univet.hu\/wp-content\/uploads\/2019\/08\/Generali-Studium.pdf\">hier\u00a0<\/a><\/strong>lesen (nur auf englisch!)    <\/span>Jahresgeb\u00fchr ist 70\u00a0000 HUF.<\/span><\/pre> <p><span style=\"font-family: georgia, palatino, serif;\">Ihr Kontakt:<\/span><\/p> <p><span style=\"font-family: georgia, palatino, serif;\">Herr G\u00e1bor G\u00f6nczi<\/span><\/p> <p><span style=\"font-family: georgia, palatino, serif;\">e-mail: <a class=\"decrypt\" rel=\"hpod{j\/hbcpsAhnbjm\/dpn\" href=\"javascript:void(0);\">[Click to see email]<\/a><\/span><\/p> <p><span style=\"font-family: georgia, palatino, serif;\">Mobil: <strong>+36-30-729-74-99<\/strong><\/span><\/p>","protected":false},"excerpt":{"rendered":"<p>&nbsp; Unterkunft Vielleicht suchen Sie noch immer nach Unterk\u00fcnften in Budapest. Sie finden unter den angegebenen Email Adressen und Webseiten von den Partnern von Univet Budapest etwas Hilfe dazu! Unterkunft College International: (+36 1) 413-3006 or (+3630) 683 0885 e-mail: [Click to see email] web: www.budapesthousingservice.com Milestone Budapest Semmelweis https:\/\/www.milestone.net\/location\/milestone-budapest-semmelweis\/ Gueststudent Budapest e-mail: [Click to<\/p>\n","protected":false},"author":5823,"featured_media":0,"parent":5986,"menu_order":101,"comment_status":"open","ping_status":"open","template":"","meta":{"_acf_changed":false,"footnotes":""},"categories":[],"tags":[],"class_list":["post-47328","page","type-page","status-publish","hentry"],"acf":[],"_links":{"self":[{"href":"https:\/\/univet.hu\/de\/wp-json\/wp\/v2\/pages\/47328","targetHints":{"allow":["GET"]}}],"collection":[{"href":"https:\/\/univet.hu\/de\/wp-json\/wp\/v2\/pages"}],"about":[{"href":"https:\/\/univet.hu\/de\/wp-json\/wp\/v2\/types\/page"}],"author":[{"embeddable":true,"href":"https:\/\/univet.hu\/de\/wp-json\/wp\/v2\/users\/5823"}],"replies":[{"embeddable":true,"href":"https:\/\/univet.hu\/de\/wp-json\/wp\/v2\/comments?post=47328"}],"version-history":[{"count":0,"href":"https:\/\/univet.hu\/de\/wp-json\/wp\/v2\/pages\/47328\/revisions"}],"up":[{"embeddable":true,"href":"https:\/\/univet.hu\/de\/wp-json\/wp\/v2\/pages\/5986"}],"wp:attachment":[{"href":"https:\/\/univet.hu\/de\/wp-json\/wp\/v2\/media?parent=47328"}],"wp:term":[{"taxonomy":"category","embeddable":true,"href":"https:\/\/univet.hu\/de\/wp-json\/wp\/v2\/categories?post=47328"},{"taxonomy":"post_tag","embeddable":true,"href":"https:\/\/univet.hu\/de\/wp-json\/wp\/v2\/tags?post=47328"}],"curies":[{"name":"wp","href":"https:\/\/api.w.org\/{rel}","templated":true}]}}