{"id":4740,"date":"2017-10-17T16:56:00","date_gmt":"2017-10-17T14:56:00","guid":{"rendered":"http:\/\/univet.hu\/universitaet\/mitarbeiter\/szilasi-anna\/"},"modified":"2026-02-10T04:44:10","modified_gmt":"2026-02-10T03:44:10","slug":"szilasi-anna","status":"publish","type":"page","link":"https:\/\/univet.hu\/de\/universitaet\/mitarbeiter\/szilasi-anna\/","title":{"rendered":"Szilasi Anna"},"content":{"rendered":"<p style=\"text-align: center;\"><strong>Einf\u00fchrung<\/strong><\/p> <p>Mein Veterin\u00e4rstudium habe ich 2014 an der Veterin\u00e4rmedizinischen Fakult\u00e4t der damaligen Szent-Istv\u00e1n-Universit\u00e4t abgeschlossen. Dieses Jahr habe ich angefangen, als Abteilungstierarzt in der Abteilung f\u00fcr Pathologie zu arbeiten. Danach arbeite ich unter der Leitung von Dr. Gyula Balka seit September 2015 als Doktorand, ab 2018 als Abteilungstierarzt, dann als universit\u00e4rer Lehrassistent und ab 2022 als Assistenzprofessor an der Abteilung f\u00fcr Pathologie der Veterin\u00e4rmedizinischen Universit\u00e4t, wo ich von Anfang an aktiv an der diagnostischen Arbeit und Ausbildung sowie in der Forschung beteiligt war. Ab 2014 sammelte ich neben der Pathologie auch klinische Erfahrungen: Zun\u00e4chst war ich zwei Jahre lang in der ambulanten und intensivmedizinischen Betreuung an der Abteilung und Klinik der Veterin\u00e4rmedizinischen Universit\u00e4t t\u00e4tig, ab 2016 \u00fcbernahm ich die ambulante Pflege exotischer Tiere am Budatet\u00e9ny Veterin\u00e4rmedizinisches Krankenhaus bis 2018. Derzeit halte ich Pathologie-, Plenar- und Histopathologie\u00fcbungen sowie Vorlesungen auf Ungarisch und Englisch f\u00fcr Studierende im dritten und vierten Studienjahr. In der Abteilung bin ich au\u00dferdem f\u00fcr die Durchf\u00fchrung und Auswertung des Obduktionsteils von Tierversuchen sowie f\u00fcr administrative T\u00e4tigkeiten im Bildungsbereich (Website, Moodle, Studierendenkontakt) zust\u00e4ndig.<\/p> <p><strong>Forschungsschwerpunkte:<\/strong><\/p> <ul> <li>Entwicklung diagnostischer Verfahren f\u00fcr das Vorhandensein von felinen Retroviren (FIV, FeLV), mit einem starken Schwerpunkt auf Molekularbiologie und In-situ-Hybridisierungstestmethoden<\/li> <li>Pathologische Untersuchung feliner Infektionskrankheiten unter besonderer Ber\u00fccksichtigung histopathologischer und molekularbiologischer Verfahren<\/li> <li>Nachweis feliner Viruserkrankungen anhand ungarischer Proben, Pr\u00e4valenzstudien (Leuk\u00e4mievirus, Immundefizienzvirus, Hepadnavirus, Morbillivirus, Alpha- und Gamma-Herpesvirus)<\/li> <li>Pathologische und molekularbiologische Untersuchung von COVID-19 bei Haus- und Wildkatzen<\/li> <\/ul> <p><strong>Fortschritt:<\/strong><\/p> <p>Abschluss: Kosztol\u00e1nyi Dezs\u0151 Grundschule und Gymnasium, Budapest, 2008<\/p> <p>H\u00f6here Bildung:<\/p> <p>SZIE \u00c1OTK \u2013 Doktor der Veterin\u00e4rmedizin, 2014, 73\/2014<\/p> <p>Wissenschaftlicher Fortschritt:<\/p> <p>\u00c1TE \u2013 PhD, 2021 (Bewertung des h\u00e4uslichen Vorkommens feliner Retroviren mittels molekularbiologischer Methoden, Gentests einiger Viren)<\/p> <p><strong>Mitgliedschaft in einer Berufsorganisation<\/strong><\/p> <table style=\"height: 310px;\" width=\"840\" data-tablestyle=\"MsoTableGrid\" data-tablelook=\"1184\" aria-rowcount=\"5\"> <tbody> <tr aria-rowindex=\"1\"> <td style=\"width: 445.25px; text-align: center;\" data-celllook=\"0\"><strong>Name des Ausschusses<\/strong><\/td> <td style=\"width: 75.6833px; text-align: center;\" data-celllook=\"0\"><span data-ccp-props=\"{&quot;134233118&quot;:true,&quot;201341983&quot;:0,&quot;335551550&quot;:2,&quot;335551620&quot;:2,&quot;335559740&quot;:259}\"><b>Zeit<\/b>\u00a0<\/span><\/td> <td style=\"width: 297.067px; text-align: center;\" data-celllook=\"0\"><b>Rang<\/b><\/td> <\/tr> <tr aria-rowindex=\"2\"> <td style=\"width: 445.25px; text-align: center;\" data-celllook=\"0\"><span data-contrast=\"none\">Ausschuss f\u00fcr Tierschutz am Arbeitsplatz (Munkahelyi \u00c1llatj\u00f3ll\u00e9ti Bizotts\u00e1g<\/span><span data-ccp-props=\"{&quot;134233118&quot;:true,&quot;201341983&quot;:0,&quot;335559740&quot;:259}\">)<\/span><\/td> <td style=\"width: 75.6833px; text-align: center;\" data-celllook=\"0\"><span data-contrast=\"none\">2020\u2013<\/span><span data-ccp-props=\"{&quot;134233118&quot;:true,&quot;201341983&quot;:0,&quot;335559740&quot;:259}\">\u00a0<\/span><\/td> <td style=\"width: 297.067px; text-align: center;\" data-celllook=\"0\">mitglied<\/td> <\/tr> <tr aria-rowindex=\"3\"> <td style=\"width: 445.25px; text-align: center;\" data-celllook=\"0\">Senat der Universit\u00e4t<\/td> <td style=\"width: 75.6833px; text-align: center;\" data-celllook=\"0\"><span data-contrast=\"none\">2020\u20132023<\/span><span data-ccp-props=\"{&quot;134233118&quot;:true,&quot;201341983&quot;:0,&quot;335559740&quot;:259}\">\u00a0<\/span><\/td> <td style=\"width: 297.067px; text-align: center;\" data-celllook=\"0\"><span data-contrast=\"none\">mitglied (zugewiesener Lehrer-Forscher)<\/span><span data-ccp-props=\"{&quot;134233118&quot;:true,&quot;201341983&quot;:0,&quot;335559740&quot;:259}\">\u00a0<\/span><\/td> <\/tr> <tr aria-rowindex=\"4\"> <td style=\"width: 445.25px; text-align: center;\" data-celllook=\"0\">Ausschuss f\u00fcr die Website der Universit\u00e4t<\/td> <td style=\"width: 75.6833px; text-align: center;\" data-celllook=\"0\"><span data-contrast=\"none\">2020\u2013<\/span><span data-ccp-props=\"{&quot;134233118&quot;:true,&quot;201341983&quot;:0,&quot;335559740&quot;:259}\">\u00a0<\/span><\/td> <td style=\"width: 297.067px; text-align: center;\" data-celllook=\"0\">mitglied<\/td> <\/tr> <tr aria-rowindex=\"5\"> <td style=\"width: 445.25px; text-align: center;\" data-celllook=\"0\">C.L. Davis und S.W. Thompson-Stiftung<\/td> <td style=\"width: 75.6833px; text-align: center;\" data-celllook=\"0\"><span data-contrast=\"none\">2021\u2013<\/span><span data-ccp-props=\"{&quot;134233118&quot;:true,&quot;201341983&quot;:0,&quot;335559740&quot;:259}\">\u00a0<\/span><\/td> <td style=\"width: 297.067px; text-align: center;\" data-celllook=\"0\">mitglied<\/td> <\/tr> <\/tbody> <\/table> <p><strong>Anzahl der bisherigen Abschlussarbeiten\/TDK-Studenten: 21<\/strong><\/p> <p>&#8211; Betreuung von 19 Doktoranden (sowie 2 laufenden Arbeiten)<\/p> <p>&#8211; Themenbetreuung von 7 TDK-Abschlussarbeiten (sowie 1 Work in Progress)<\/p> <p><strong>Anzahl der bisherigen Doktoranden: 0<\/strong><\/p> <p><strong>Publikationsliste (Top10)<\/strong> in chronologischer Reihenfolge<\/p> <table style=\"height: 285px;\" width=\"1235\"> <tbody> <tr> <td style=\"width: 35.0333px;\">1.<\/td> <td style=\"width: 1183.97px;\"><span data-contrast=\"auto\">Lakatos, B., Demeter, Z., Palade, A., Mari, V., <\/span><b><span data-contrast=\"auto\">Szilasi, A.,<\/span><\/b><span data-contrast=\"auto\"> Decaro, N., Rusvai, M.: A kuty\u00e1k pantropikus coronav\u00edrusfert\u0151z\u00e9s\u00e9nek kimutat\u00e1sa Magyarorsz\u00e1gon, MAGYAR \u00c1LLATORVOSOK LAPJA, 135. 41-47, 2013.<\/span><span data-ccp-props=\"{&quot;201341983&quot;:0,&quot;335559739&quot;:160,&quot;335559740&quot;:259}\">\u00a0<\/span><\/td> <\/tr> <tr> <td style=\"width: 35.0333px;\">2.<\/td> <td style=\"width: 1183.97px;\"><b><span data-contrast=\"auto\">Szilasi A.,<\/span><\/b><span data-contrast=\"auto\"> Balka Gy.: A macsk\u00e1k retrov\u00edrus fert\u0151z\u00e9sei: Feline Immunodeficiency Virus (FIV) Irodalmi \u00e1ttekint\u00e9s 1. r\u00e9sz, MAGYAR \u00c1LLATORVOSOK LAPJA, 137. 351-360, 2015.<\/span><span data-ccp-props=\"{&quot;201341983&quot;:0,&quot;335559739&quot;:160,&quot;335559740&quot;:259}\">\u00a0<\/span><\/td> <\/tr> <tr> <td style=\"width: 35.0333px;\">3.<\/td> <td style=\"width: 1183.97px;\"><b><span data-contrast=\"auto\">Szilasi A.,<\/span><\/b><span data-contrast=\"auto\"> Reinhard, E., Balka Gy.: A macsk\u00e1k retrov\u00edrus fert\u0151z\u00e9sei: Feline Immunodeficiency Virus (FIV) Irodalmi \u00e1ttekint\u00e9s 2. r\u00e9sz, MAGYAR \u00c1LLATORVOSOK LAPJA, 137. 729-738, 2015<\/span><span data-ccp-props=\"{&quot;201341983&quot;:0,&quot;335559739&quot;:160,&quot;335559740&quot;:259}\">\u00a0<\/span><\/td> <\/tr> <tr> <td style=\"width: 35.0333px;\">4.<\/td> <td style=\"width: 1183.97px;\"><b><span data-contrast=\"auto\">Szilasi, A.,<\/span><\/b><span data-contrast=\"auto\"> D\u00e9nes, L., Balka, Gy.: A macsk\u00e1k retrov\u00edrus fert\u0151z\u00e9sei: Feline Leukemia Virus (FeLV) Irodalmi \u00e1ttekint\u00e9s, MAGYAR \u00c1LLATORVOSOK LAPJA, 140. 457-472, 2018<\/span><span data-ccp-props=\"{&quot;201341983&quot;:0,&quot;335559739&quot;:160,&quot;335559740&quot;:259}\">\u00a0<\/span><\/td> <\/tr> <tr> <td style=\"width: 35.0333px;\">5.<\/td> <td style=\"width: 1183.97px;\"><span data-contrast=\"auto\">D\u00e9nes, L., Biksi, I., Albert, M., Szeredi, L., Knapp, D. G., <\/span><b><span data-contrast=\"auto\">Szilasi, A.<\/span><\/b><span data-contrast=\"auto\">, B\u00e1lint, \u00c1., Balka, Gy.: Detection and phylogenetic characterization of atypicalporcine pestivirus strains in Hungary, TRANSBOUNDARY AND EMERGING DISEASES, 65. 2039-2042, 2018<\/span><span data-ccp-props=\"{&quot;201341983&quot;:0,&quot;335559739&quot;:160,&quot;335559740&quot;:259}\">\u00a0<\/span><\/td> <\/tr> <tr> <td style=\"width: 35.0333px;\">6.<\/td> <td style=\"width: 1183.97px;\"><b><span data-contrast=\"auto\">Szilasi, A.,<\/span><\/b><span data-contrast=\"auto\"> D\u00e9nes, L., Krik\u00f3, E., Heenemann, K., Ertl, R., M\u00e1ndoki, M., Vahlenkamp T. W., Balka, Gy.: Prevalence of feline immunodeficiency virus and feline leukaemia virus in domestic cats in Hungary, JOURNAL OF FELINE MEDICINE AND SURGERY OPEN REPORTS, 5(2). 1-7, 2019.<\/span><span data-ccp-props=\"{&quot;201341983&quot;:0,&quot;335559739&quot;:160,&quot;335559740&quot;:259}\">\u00a0<\/span><\/td> <\/tr> <tr> <td style=\"width: 35.0333px;\">7.<\/td> <td style=\"width: 1183.97px;\"><b><span data-contrast=\"auto\">Szilasi, A.,<\/span><\/b><span data-contrast=\"auto\"> D\u00e9nes, L., Jakab, Cs., Erd\u00e9lyi, I., Resende, T., Vannucci, F., Csomor, J., M\u00e1ndoki, M., Balka, Gy.: In situ hybridization of feline leukemia virus in a primary neural B-cell lymphoma, JOURNAL OF VETERINARY DIAGNOSTIC INVESTIGATION, 32(3). 454-457, 2020<\/span><span data-ccp-props=\"{&quot;201341983&quot;:0,&quot;335559739&quot;:160,&quot;335559740&quot;:259}\">\u00a0<\/span><\/td> <\/tr> <tr> <td style=\"width: 35.0333px;\">8.<\/td> <td style=\"width: 1183.97px;\"><b><span data-contrast=\"auto\">Szilasi, A.,<\/span><\/b><span data-contrast=\"auto\"> D\u00e9nes, L., Krik\u00f3, E., Murray, C., M\u00e1ndoki, M., Balka, Gy.: Prevalence of feline leukaemia virus and feline immunodeficiency virus in domestic cats in Ireland, ACTA VETERINARIA HUNGARICA, 68(4). 413-420, 2020<\/span><span data-ccp-props=\"{&quot;201341983&quot;:0,&quot;335559739&quot;:160,&quot;335559740&quot;:259}\">\u00a0<\/span><\/td> <\/tr> <tr> <td style=\"width: 35.0333px;\">9.<\/td> <td style=\"width: 1183.97px;\"><span data-contrast=\"auto\">Menyh\u00e9rt, Zs., Vizi, Zs., <\/span><b><span data-contrast=\"auto\">Szilasi, A.<\/span><\/b><span data-contrast=\"auto\">: T\u00fcd\u0151-leishmaniasis kuty\u00e1ban, Esetismertet\u00e9s \u00e9s irodalmi \u00e1ttekint\u00e9s, MAGYAR \u00c1LLATORVOSOK LAPJA, 142. 163-176, 2020.<\/span><span data-ccp-props=\"{&quot;201341983&quot;:0,&quot;335559739&quot;:160,&quot;335559740&quot;:259}\">\u00a0<\/span><\/td> <\/tr> <tr> <td style=\"width: 35.0333px;\">10.<\/td> <td style=\"width: 1183.97px;\"><span data-contrast=\"auto\">D\u00e9nes, L., Ruedas-Torres, I., <\/span><b><span data-contrast=\"auto\">Szilasi, A.<\/span><\/b><span data-contrast=\"auto\">, Balka, Gy.: Detection and localization of atypical porcine pestivirus in the testicles of naturally infected, congenital tremor affected piglets, TRANSBOUNDARY AND EMERGING DISEASES, https:\/\/doi.org\/10.1111\/tbed.14355, 2021<\/span><span data-ccp-props=\"{&quot;201341983&quot;:0,&quot;335559739&quot;:160,&quot;335559740&quot;:259}\">\u00a0<\/span><\/td> <\/tr> <\/tbody> <\/table> <p><span data-ccp-props=\"{&quot;134233118&quot;:true,&quot;201341983&quot;:0,&quot;335559739&quot;:160,&quot;335559740&quot;:240}\">\u00a0<\/span><\/p> <p><span data-contrast=\"none\">MTMT ID: 10051881<\/span><span data-ccp-props=\"{&quot;134233118&quot;:true,&quot;201341983&quot;:0,&quot;335559739&quot;:160,&quot;335559740&quot;:240}\">\u00a0<\/span><\/p> <p>&nbsp;<\/p>","protected":false},"excerpt":{"rendered":"<p>Einf\u00fchrung Mein Veterin\u00e4rstudium habe ich 2014 an der Veterin\u00e4rmedizinischen Fakult\u00e4t der damaligen Szent-Istv\u00e1n-Universit\u00e4t abgeschlossen. Dieses Jahr habe ich angefangen, als Abteilungstierarzt in der Abteilung f\u00fcr Pathologie zu arbeiten. Danach arbeite ich unter der Leitung von Dr. Gyula Balka seit September 2015 als Doktorand, ab 2018 als Abteilungstierarzt, dann als universit\u00e4rer Lehrassistent und ab 2022 als<\/p>\n","protected":false},"author":5824,"featured_media":0,"parent":859,"menu_order":210,"comment_status":"closed","ping_status":"closed","template":"","meta":{"_acf_changed":false,"footnotes":""},"categories":[55],"tags":[],"class_list":["post-4740","page","type-page","status-publish","hentry","category-mitarbeiter"],"acf":[],"_links":{"self":[{"href":"https:\/\/univet.hu\/de\/wp-json\/wp\/v2\/pages\/4740","targetHints":{"allow":["GET"]}}],"collection":[{"href":"https:\/\/univet.hu\/de\/wp-json\/wp\/v2\/pages"}],"about":[{"href":"https:\/\/univet.hu\/de\/wp-json\/wp\/v2\/types\/page"}],"author":[{"embeddable":true,"href":"https:\/\/univet.hu\/de\/wp-json\/wp\/v2\/users\/5824"}],"replies":[{"embeddable":true,"href":"https:\/\/univet.hu\/de\/wp-json\/wp\/v2\/comments?post=4740"}],"version-history":[{"count":1,"href":"https:\/\/univet.hu\/de\/wp-json\/wp\/v2\/pages\/4740\/revisions"}],"predecessor-version":[{"id":200738,"href":"https:\/\/univet.hu\/de\/wp-json\/wp\/v2\/pages\/4740\/revisions\/200738"}],"up":[{"embeddable":true,"href":"https:\/\/univet.hu\/de\/wp-json\/wp\/v2\/pages\/859"}],"wp:attachment":[{"href":"https:\/\/univet.hu\/de\/wp-json\/wp\/v2\/media?parent=4740"}],"wp:term":[{"taxonomy":"category","embeddable":true,"href":"https:\/\/univet.hu\/de\/wp-json\/wp\/v2\/categories?post=4740"},{"taxonomy":"post_tag","embeddable":true,"href":"https:\/\/univet.hu\/de\/wp-json\/wp\/v2\/tags?post=4740"}],"curies":[{"name":"wp","href":"https:\/\/api.w.org\/{rel}","templated":true}]}}