{"id":48018,"date":"2020-01-15T11:04:18","date_gmt":"2020-01-15T10:04:18","guid":{"rendered":"https:\/\/univet.hu\/de\/studenten\/fur-interessenten\/name\/"},"modified":"2025-08-20T18:00:17","modified_gmt":"2025-08-20T16:00:17","slug":"kontakt","status":"publish","type":"page","link":"https:\/\/univet.hu\/de\/fur-interessenten\/kontakt\/","title":{"rendered":"Kontakt"},"content":{"rendered":"<p>&nbsp;<\/p> <h5><strong>Bei Fragen bez\u00fcglich der Zulassung erkundigen Sie sich bitte hier:<\/strong><\/h5> <p>&nbsp;<\/p> <p>Falls Sie unsere Universit\u00e4t gern kennenlernen und uns einen pers\u00f6nlichen Besuch abstatten wollen, dann wenden Sie sich bitte an <a class=\"decrypt\" rel=\"lpwbdt\/epsb3Avojwfu\/iv\" href=\"javascript:void(0);\">[Click to see email]<\/a>!<\/p> <p>&nbsp;<\/p> <p><span style=\"font-size: 14pt\"><strong>Studierendensekretariat f\u00fcr internationale Studieng\u00e4nge<\/strong><\/span><\/p> <p><em><strong>E-mail: student\u201dat\u201dunivet.hu<\/strong><\/em><\/p> <p><span style=\"font-size: 12pt\"><em><strong>Telefon:(+36 1) 478 &#8211; 4117 ODER <\/strong>(+36 1) 478- 4100 eingeben und danach Durchwahl 8125 w\u00e4hlen!<\/em><\/span><\/p> <p><em>Addresse:<br \/> <\/em><em>Veterin\u00e4rmedizinische Universit\u00e4t Budapest, Sekretariat f\u00fcr Internationale Programme<\/em><\/p> <p><em>H-1400 Budapest, P.O.Box 2, Ungarn<\/em><\/p> <p><em>1078 Budapest, Istv\u00e1n u. 2. Geb\u00e4ude P. 1. Stock<\/em><\/p> <p>&nbsp;<\/p>","protected":false},"excerpt":{"rendered":"<p>&nbsp; Bei Fragen bez\u00fcglich der Zulassung erkundigen Sie sich bitte hier: &nbsp; Falls Sie unsere Universit\u00e4t gern kennenlernen und uns einen pers\u00f6nlichen Besuch abstatten wollen, dann wenden Sie sich bitte an [Click to see email]! &nbsp; Studierendensekretariat f\u00fcr internationale Studieng\u00e4nge E-mail: student\u201dat\u201dunivet.hu Telefon:(+36 1) 478 &#8211; 4117 ODER (+36 1) 478- 4100 eingeben und danach<\/p>\n","protected":false},"author":5823,"featured_media":0,"parent":1223,"menu_order":80,"comment_status":"open","ping_status":"open","template":"","meta":{"_acf_changed":false,"footnotes":""},"categories":[],"tags":[],"class_list":["post-48018","page","type-page","status-publish","hentry"],"acf":[],"_links":{"self":[{"href":"https:\/\/univet.hu\/de\/wp-json\/wp\/v2\/pages\/48018","targetHints":{"allow":["GET"]}}],"collection":[{"href":"https:\/\/univet.hu\/de\/wp-json\/wp\/v2\/pages"}],"about":[{"href":"https:\/\/univet.hu\/de\/wp-json\/wp\/v2\/types\/page"}],"author":[{"embeddable":true,"href":"https:\/\/univet.hu\/de\/wp-json\/wp\/v2\/users\/5823"}],"replies":[{"embeddable":true,"href":"https:\/\/univet.hu\/de\/wp-json\/wp\/v2\/comments?post=48018"}],"version-history":[{"count":3,"href":"https:\/\/univet.hu\/de\/wp-json\/wp\/v2\/pages\/48018\/revisions"}],"predecessor-version":[{"id":189245,"href":"https:\/\/univet.hu\/de\/wp-json\/wp\/v2\/pages\/48018\/revisions\/189245"}],"up":[{"embeddable":true,"href":"https:\/\/univet.hu\/de\/wp-json\/wp\/v2\/pages\/1223"}],"wp:attachment":[{"href":"https:\/\/univet.hu\/de\/wp-json\/wp\/v2\/media?parent=48018"}],"wp:term":[{"taxonomy":"category","embeddable":true,"href":"https:\/\/univet.hu\/de\/wp-json\/wp\/v2\/categories?post=48018"},{"taxonomy":"post_tag","embeddable":true,"href":"https:\/\/univet.hu\/de\/wp-json\/wp\/v2\/tags?post=48018"}],"curies":[{"name":"wp","href":"https:\/\/api.w.org\/{rel}","templated":true}]}}