{"id":48212,"date":"2020-01-17T11:47:37","date_gmt":"2020-01-17T10:47:37","guid":{"rendered":"https:\/\/univet.hu\/de\/studenten\/studenteninfo\/erster-jahrgang\/name\/"},"modified":"2025-10-15T14:09:31","modified_gmt":"2025-10-15T12:09:31","slug":"registration","status":"publish","type":"page","link":"https:\/\/univet.hu\/de\/studenten\/studierendensekretariat\/erster-jahrgang\/registration\/","title":{"rendered":"Registration"},"content":{"rendered":"<p>Sie m\u00fcssen die folgenden Dokumente zur <strong>IMMATRIKULATION<\/strong> mitbringen:<\/p> <ul> <li><strong>Abiturzeugnis<\/strong> (Original oder beglaubigte Kopie)<\/li> <li>Laden Sie ein <strong>Foto<\/strong> in Neptun hoch (bringen Sie KEIN Passfoto mit)<\/li> <li><strong>\u00c4rztliches Attest<\/strong><\/li> <li><a href=\"https:\/\/univet.hu\/wp-content\/uploads\/2025\/08\/GIS_VETSTUDENT_Vereinbarung_deu.docx\"><strong>GIS-Vertrag<\/strong><\/a> \u2013 ausgedruckt, ausgef\u00fcllt und unterschrieben!<\/li> <li><a href=\"https:\/\/univet.hu\/wp-content\/uploads\/2025\/08\/Gelobnis.pdf\"><strong>Gel\u00f6bnis<\/strong> <\/a>f\u00fcr Veterin\u00e4rstudierende \u2013 ausgedruckt, ausgef\u00fcllt und unterschrieben!<\/li> <\/ul> <p>Sie m\u00fcssen bei der Orientierung den <a href=\"https:\/\/univet.hu\/wp-content\/uploads\/2025\/08\/Bildungsvereinbarung-.pdf\"><strong>BILDUNGSVERTRAG<\/strong> <\/a>unterschreiben, bitte lesen Sie ihn durch! (bitte nicht ausdrucken!)<\/p> <p>&nbsp;<\/p> <p>Bitte \u00fcberpr\u00fcfen Sie, <a href=\"https:\/\/univet.hu\/wp-content\/uploads\/2025\/08\/Gruppeneinteilung-1.-Jahr-DEU.pdf\"><span style=\"color: #ff0000\">welcher Gruppe Sie zugewiesen sind<\/span><\/a>, und merken Sie sich dies!<\/p> <p><a href=\"https:\/\/univet.hu\/wp-content\/uploads\/2025\/09\/Fur-welche-Pflichtkurse-muss-man-sich-anmelden.pdf\"><span style=\"color: #ff0000\">Hier<\/span> <\/a>haben Sie die Liste der Pflichtf\u00e4cher, die man in dem ersten Semester aufnehmen muss.<\/p> <p><a href=\"https:\/\/univet.hu\/wp-content\/uploads\/2025\/09\/Freshmen-presentation-2025-jo-deu-09.04rov.pptx\">Pr\u00e4sentation vom 04. September 2025<\/a><\/p> <p>&nbsp;<\/p> <p>Bitte stellen Sie sicher, dass Sie Ihre NEPTUN-Anmeldedaten erhalten haben, sich angemeldet und Ihre pers\u00f6nlichen Daten \u00fcberpr\u00fcft haben!<\/p> <p>&nbsp;<\/p> <p>&nbsp;<\/p> <p>&nbsp;<\/p> <p>&nbsp;<\/p>","protected":false},"excerpt":{"rendered":"<p>Sie m\u00fcssen die folgenden Dokumente zur IMMATRIKULATION mitbringen: Abiturzeugnis (Original oder beglaubigte Kopie) Laden Sie ein Foto in Neptun hoch (bringen Sie KEIN Passfoto mit) \u00c4rztliches Attest GIS-Vertrag \u2013 ausgedruckt, ausgef\u00fcllt und unterschrieben! Gel\u00f6bnis f\u00fcr Veterin\u00e4rstudierende \u2013 ausgedruckt, ausgef\u00fcllt und unterschrieben! Sie m\u00fcssen bei der Orientierung den BILDUNGSVERTRAG unterschreiben, bitte lesen Sie ihn durch! (bitte<\/p>\n","protected":false},"author":5823,"featured_media":0,"parent":47084,"menu_order":1,"comment_status":"open","ping_status":"open","template":"","meta":{"_acf_changed":false,"footnotes":""},"categories":[],"tags":[],"class_list":["post-48212","page","type-page","status-publish","hentry"],"acf":[],"_links":{"self":[{"href":"https:\/\/univet.hu\/de\/wp-json\/wp\/v2\/pages\/48212","targetHints":{"allow":["GET"]}}],"collection":[{"href":"https:\/\/univet.hu\/de\/wp-json\/wp\/v2\/pages"}],"about":[{"href":"https:\/\/univet.hu\/de\/wp-json\/wp\/v2\/types\/page"}],"author":[{"embeddable":true,"href":"https:\/\/univet.hu\/de\/wp-json\/wp\/v2\/users\/5823"}],"replies":[{"embeddable":true,"href":"https:\/\/univet.hu\/de\/wp-json\/wp\/v2\/comments?post=48212"}],"version-history":[{"count":6,"href":"https:\/\/univet.hu\/de\/wp-json\/wp\/v2\/pages\/48212\/revisions"}],"predecessor-version":[{"id":192620,"href":"https:\/\/univet.hu\/de\/wp-json\/wp\/v2\/pages\/48212\/revisions\/192620"}],"up":[{"embeddable":true,"href":"https:\/\/univet.hu\/de\/wp-json\/wp\/v2\/pages\/47084"}],"wp:attachment":[{"href":"https:\/\/univet.hu\/de\/wp-json\/wp\/v2\/media?parent=48212"}],"wp:term":[{"taxonomy":"category","embeddable":true,"href":"https:\/\/univet.hu\/de\/wp-json\/wp\/v2\/categories?post=48212"},{"taxonomy":"post_tag","embeddable":true,"href":"https:\/\/univet.hu\/de\/wp-json\/wp\/v2\/tags?post=48212"}],"curies":[{"name":"wp","href":"https:\/\/api.w.org\/{rel}","templated":true}]}}