{"id":4824,"date":"2017-03-22T12:22:00","date_gmt":"2017-03-22T11:22:00","guid":{"rendered":"http:\/\/univet.hu\/universitaet\/mitarbeiter\/toth-tamas\/"},"modified":"2026-02-10T04:49:37","modified_gmt":"2026-02-10T03:49:37","slug":"toth-tamas","status":"publish","type":"page","link":"https:\/\/univet.hu\/de\/universitaet\/mitarbeiter\/toth-tamas\/","title":{"rendered":"T\u00f3th Tam\u00e1s"},"content":{"rendered":"<p><strong>Vorstellung<\/strong><\/p> <p>Ich bin am 04. Mai 1967 in Budapest geboren. Ich begann mein Studium 2004 an der Szent-Istv\u00e1n-Universit\u00e4t, G\u00f6d\u00f6ll\u0151 und erhielt 2008 ein BSc-Diplom und 2010 ein MSC-Diplom als Wildtiermanager. <span data-olk-copy-source=\"MessageBody\">Ich habe 2019 auch einen PhD Grad in der Universit\u00e4t Sopron bekommen und habe 2024 am gleichen Ort habilitiert.<\/span><\/p> <p>Ich arbeite seit 2017 in der Abteilung f\u00fcr Medizin Exotischer und Wildtiere der Veterin\u00e4rmedizinischen Universit\u00e4t, Budapest. Ausserdem arbeite ich seit 2002 als Mitarbeiter des Budapester Zoos und Botanischen Gartens, wo ich derzeit in Teilzeit als wissenschaftlicher Mitarbeiter t\u00e4tig bin. Daneben bin ich seit 2015 aufgrund der vom Nationalen Umwelt- und Naturschutzinspektorat ausgestellten Erlaubnis einer der Experten auf dem Gebiet des Naturschutzes.<\/p> <p>Ich unterrichte zur Zeit in der Veterin\u00e4rmedizinischen Universit\u00e4t, Budapest Jagdzoologie, Jagd\u00f6kologie, Jagdgesichte, und Themen im Zusammenhang mit der Biologie invasiver Arten und mit Giftschlangen. Ich habe von 2013 bis 2018 das Fach \u201eInvasion, Auswirkungen und Beispiele von Wirbeltierarten\u201c an der Szent-Istv\u00e1n-Universit\u00e4t gelehrt.<\/p> <p>Ich war ein Mitglied des Redaktionsausschusses zwischen 1999-2005 beim Magazin Terr\u00e1rium, und bin auch zur Zeit ein Mitglied im Redationsausschuss seit 2009 von Biharean Biologist und seit 2010 bei South-Western Journal of Horticulture, Biology and Environment.<\/p> <p>Ich habe im Laufe meiner bisherigen T\u00e4tigkeit mehr als 100 Fachpublikationen ver\u00f6ffentlicht und im Laufe der Jahre mehrere Fachb\u00fccher bzw. Buchkapitel verfasst.<\/p> <p><strong>Forschungsschwerpunkte:<\/strong><\/p> <p>\u00b7 Historische Zoologie (Reptilien, V\u00f6gel, S\u00e4ugetiere).<\/p> <p>\u00b7 Wissenschaftsgeschichte (Herpetologie).<\/p> <p>\u00b7 Invasionen der Wirbeltieren.<\/p> <p>\u00b7 Mediterranische Herpetologie.<\/p> <p><strong>Forschritt:<\/strong><\/p> <p>2008 Wildtiermanager BSc<\/p> <p>2010 Wildtiermanager MSC<\/p> <p>2019 PhD-Grad \u2013 Wissenschaften im Bereich Wildtiermanagement<\/p> <p>2024 Habilitation &#8211; Wissenschaften im Bereich Wildtiermanagement<\/p> <p><strong>Mitgliedschaft in Fachorganisationen:<\/strong><\/p> <table style=\"font-weight: 400\" data-tablestyle=\"MsoTableGrid\" data-tablelook=\"1184\"> <tbody> <tr> <td data-celllook=\"0\"><span data-contrast=\"auto\">Ausschussname<\/span><span data-ccp-props=\"{&quot;134233117&quot;:true,&quot;134233118&quot;:true,&quot;201341983&quot;:0,&quot;335559740&quot;:259}\">\u00a0<\/span><\/td> <td data-celllook=\"0\"><span data-contrast=\"auto\">Zeit<\/span><span data-ccp-props=\"{&quot;134233117&quot;:true,&quot;134233118&quot;:true,&quot;201341983&quot;:0,&quot;335551550&quot;:2,&quot;335551620&quot;:2,&quot;335559740&quot;:259}\">\u00a0<\/span><\/td> <td data-celllook=\"0\"><span data-contrast=\"auto\">Funktion<\/span><span data-ccp-props=\"{&quot;134233117&quot;:true,&quot;134233118&quot;:true,&quot;201341983&quot;:0,&quot;335551550&quot;:2,&quot;335551620&quot;:2,&quot;335559740&quot;:259}\">\u00a0<\/span><\/td> <\/tr> <tr> <td data-celllook=\"0\"><span data-contrast=\"auto\">Deutsche Gesellschaft f\u00fcr Herpetologie und Terrarienkunde<\/span><span data-ccp-props=\"{&quot;134233117&quot;:true,&quot;134233118&quot;:true,&quot;201341983&quot;:0,&quot;335559740&quot;:259}\">\u00a0<\/span><\/td> <td data-celllook=\"0\"><span data-contrast=\"auto\">ab 1994<\/span><span data-ccp-props=\"{&quot;134233117&quot;:true,&quot;134233118&quot;:true,&quot;201341983&quot;:0,&quot;335551550&quot;:2,&quot;335551620&quot;:2,&quot;335559740&quot;:259}\">\u00a0<\/span><\/td> <td data-celllook=\"0\"><span data-contrast=\"auto\">Mitglied<\/span><span data-ccp-props=\"{&quot;134233117&quot;:true,&quot;134233118&quot;:true,&quot;201341983&quot;:0,&quot;335551550&quot;:2,&quot;335551620&quot;:2,&quot;335559740&quot;:259}\">\u00a0<\/span><\/td> <\/tr> <tr> <td data-celllook=\"0\"><span data-contrast=\"auto\">Terrariengemenschaft Berlin<\/span><span data-ccp-props=\"{&quot;134233117&quot;:true,&quot;134233118&quot;:true,&quot;201341983&quot;:0,&quot;335559740&quot;:259}\">\u00a0<\/span><\/td> <td data-celllook=\"0\"><span data-contrast=\"auto\">1998-2003, ab 2019<\/span><span data-ccp-props=\"{&quot;134233117&quot;:true,&quot;134233118&quot;:true,&quot;201341983&quot;:0,&quot;335551550&quot;:2,&quot;335551620&quot;:2,&quot;335559740&quot;:259}\">\u00a0<\/span><\/td> <td data-celllook=\"0\"><span data-contrast=\"auto\">Mitglied<\/span><span data-ccp-props=\"{&quot;134233117&quot;:true,&quot;134233118&quot;:true,&quot;201341983&quot;:0,&quot;335551550&quot;:2,&quot;335551620&quot;:2,&quot;335559740&quot;:259}\">\u00a0<\/span><\/td> <\/tr> <tr> <td data-celllook=\"0\"><span data-contrast=\"auto\">\u00d6sterreichische Gesellschaft f\u00fcr Herpetologie<\/span><span data-ccp-props=\"{&quot;134233117&quot;:true,&quot;134233118&quot;:true,&quot;201341983&quot;:0,&quot;335559740&quot;:259}\">\u00a0<\/span><\/td> <td data-celllook=\"0\"><span data-contrast=\"auto\">1996-2006<\/span><span data-ccp-props=\"{&quot;134233117&quot;:true,&quot;134233118&quot;:true,&quot;201341983&quot;:0,&quot;335551550&quot;:2,&quot;335551620&quot;:2,&quot;335559740&quot;:259}\">\u00a0<\/span><\/td> <td data-celllook=\"0\"><span data-contrast=\"auto\">Mitglied<\/span><span data-ccp-props=\"{&quot;134233117&quot;:true,&quot;134233118&quot;:true,&quot;201341983&quot;:0,&quot;335551550&quot;:2,&quot;335551620&quot;:2,&quot;335559740&quot;:259}\">\u00a0<\/span><\/td> <\/tr> <tr> <td data-celllook=\"0\"><span data-contrast=\"auto\">Ungarischer Ornithologie- und Naturschutzverein<\/span><span data-ccp-props=\"{&quot;134233117&quot;:true,&quot;134233118&quot;:true,&quot;201341983&quot;:0,&quot;335559740&quot;:259}\">\u00a0<\/span><\/td> <td data-celllook=\"0\"><span data-contrast=\"auto\">ab 2019<\/span><span data-ccp-props=\"{&quot;134233117&quot;:true,&quot;134233118&quot;:true,&quot;201341983&quot;:0,&quot;335551550&quot;:2,&quot;335551620&quot;:2,&quot;335559740&quot;:259}\">\u00a0<\/span><\/td> <td data-celllook=\"0\"><span data-contrast=\"auto\">Mitglied<\/span><span data-ccp-props=\"{&quot;134233117&quot;:true,&quot;134233118&quot;:true,&quot;201341983&quot;:0,&quot;335551550&quot;:2,&quot;335551620&quot;:2,&quot;335559740&quot;:259}\">\u00a0<\/span><\/td> <\/tr> <\/tbody> <\/table> <p><strong>Betreuer der Abschlussarbeiten:<\/strong><\/p> <table style=\"font-weight: 400\" data-tablestyle=\"MsoTableGrid\" data-tablelook=\"1184\"> <tbody> <tr> <td data-celllook=\"0\"><span data-contrast=\"auto\">Beendete Abschussarbeiten<\/span><span data-ccp-props=\"{&quot;134233117&quot;:true,&quot;134233118&quot;:true,&quot;201341983&quot;:0,&quot;335551550&quot;:2,&quot;335551620&quot;:2,&quot;335559740&quot;:240,&quot;469777462&quot;:[8080,8647],&quot;469777927&quot;:[0,0],&quot;469777928&quot;:[1,1]}\">\u00a0<\/span><\/td> <td data-celllook=\"0\"><span data-contrast=\"auto\">Universit\u00e4t<\/span><span data-ccp-props=\"{&quot;134233117&quot;:true,&quot;134233118&quot;:true,&quot;201341983&quot;:0,&quot;335551550&quot;:2,&quot;335551620&quot;:2,&quot;335559740&quot;:240,&quot;469777462&quot;:[8080,8647],&quot;469777927&quot;:[0,0],&quot;469777928&quot;:[1,1]}\">\u00a0<\/span><\/td> <\/tr> <tr> <td data-celllook=\"0\"><span data-contrast=\"auto\">2<\/span><span data-ccp-props=\"{&quot;134233117&quot;:true,&quot;134233118&quot;:true,&quot;201341983&quot;:0,&quot;335551550&quot;:2,&quot;335551620&quot;:2,&quot;335559740&quot;:240,&quot;469777462&quot;:[8080,8647],&quot;469777927&quot;:[0,0],&quot;469777928&quot;:[1,1]}\">\u00a0<\/span><\/td> <td data-celllook=\"0\"><span data-contrast=\"auto\">Szent-Istv\u00e1n-Universit\u00e4t<\/span><span data-ccp-props=\"{&quot;134233117&quot;:true,&quot;134233118&quot;:true,&quot;201341983&quot;:0,&quot;335551550&quot;:2,&quot;335551620&quot;:2,&quot;335559740&quot;:240,&quot;469777462&quot;:[8080,8647],&quot;469777927&quot;:[0,0],&quot;469777928&quot;:[1,1]}\">\u00a0<\/span><\/td> <\/tr> <tr> <td data-celllook=\"0\"><span data-contrast=\"auto\">1<\/span><span data-ccp-props=\"{&quot;134233117&quot;:true,&quot;134233118&quot;:true,&quot;201341983&quot;:0,&quot;335551550&quot;:2,&quot;335551620&quot;:2,&quot;335559740&quot;:240,&quot;469777462&quot;:[8080,8647],&quot;469777927&quot;:[0,0],&quot;469777928&quot;:[1,1]}\">\u00a0<\/span><\/td> <td data-celllook=\"0\"><span data-contrast=\"auto\">Universit\u00e4t Sopron<\/span><span data-ccp-props=\"{&quot;134233117&quot;:true,&quot;134233118&quot;:true,&quot;201341983&quot;:0,&quot;335551550&quot;:2,&quot;335551620&quot;:2,&quot;335559740&quot;:240,&quot;469777462&quot;:[8080,8647],&quot;469777927&quot;:[0,0],&quot;469777928&quot;:[1,1]}\">\u00a0<\/span><\/td> <\/tr> <tr> <td data-celllook=\"0\"><span data-contrast=\"auto\">1<\/span><span data-ccp-props=\"{&quot;134233117&quot;:true,&quot;134233118&quot;:true,&quot;201341983&quot;:0,&quot;335551550&quot;:2,&quot;335551620&quot;:2,&quot;335559740&quot;:240,&quot;469777462&quot;:[8080,8647],&quot;469777927&quot;:[0,0],&quot;469777928&quot;:[1,1]}\">\u00a0<\/span><\/td> <td data-celllook=\"0\"><span data-contrast=\"auto\">Universit\u00e4t Szeged<\/span><span data-ccp-props=\"{&quot;134233117&quot;:true,&quot;134233118&quot;:true,&quot;201341983&quot;:0,&quot;335551550&quot;:2,&quot;335551620&quot;:2,&quot;335559740&quot;:240,&quot;469777462&quot;:[8080,8647],&quot;469777927&quot;:[0,0],&quot;469777928&quot;:[1,1]}\">\u00a0<\/span><\/td> <\/tr> <tr> <td data-celllook=\"0\"><span data-contrast=\"auto\">1<\/span><span data-ccp-props=\"{&quot;134233117&quot;:true,&quot;134233118&quot;:true,&quot;201341983&quot;:0,&quot;335551550&quot;:2,&quot;335551620&quot;:2,&quot;335559740&quot;:240,&quot;469777462&quot;:[8080,8647],&quot;469777927&quot;:[0,0],&quot;469777928&quot;:[1,1]}\">\u00a0<\/span><\/td> <td data-celllook=\"0\"><span data-contrast=\"auto\">Utrecht University<\/span><span data-ccp-props=\"{&quot;134233117&quot;:true,&quot;134233118&quot;:true,&quot;201341983&quot;:0,&quot;335551550&quot;:2,&quot;335551620&quot;:2,&quot;335559740&quot;:240,&quot;469777462&quot;:[8080,8647],&quot;469777927&quot;:[0,0],&quot;469777928&quot;:[1,1]}\">\u00a0<\/span><\/td> <\/tr> <\/tbody> <\/table> <p>&nbsp;<\/p>","protected":false},"excerpt":{"rendered":"<p>Vorstellung Ich bin am 04. Mai 1967 in Budapest geboren. Ich begann mein Studium 2004 an der Szent-Istv\u00e1n-Universit\u00e4t, G\u00f6d\u00f6ll\u0151 und erhielt 2008 ein BSc-Diplom und 2010 ein MSC-Diplom als Wildtiermanager. Ich habe 2019 auch einen PhD Grad in der Universit\u00e4t Sopron bekommen und habe 2024 am gleichen Ort habilitiert. Ich arbeite seit 2017 in der<\/p>\n","protected":false},"author":5824,"featured_media":0,"parent":859,"menu_order":212,"comment_status":"closed","ping_status":"closed","template":"","meta":{"_acf_changed":false,"footnotes":""},"categories":[55],"tags":[],"class_list":["post-4824","page","type-page","status-publish","hentry","category-mitarbeiter"],"acf":[],"_links":{"self":[{"href":"https:\/\/univet.hu\/de\/wp-json\/wp\/v2\/pages\/4824","targetHints":{"allow":["GET"]}}],"collection":[{"href":"https:\/\/univet.hu\/de\/wp-json\/wp\/v2\/pages"}],"about":[{"href":"https:\/\/univet.hu\/de\/wp-json\/wp\/v2\/types\/page"}],"author":[{"embeddable":true,"href":"https:\/\/univet.hu\/de\/wp-json\/wp\/v2\/users\/5824"}],"replies":[{"embeddable":true,"href":"https:\/\/univet.hu\/de\/wp-json\/wp\/v2\/comments?post=4824"}],"version-history":[{"count":4,"href":"https:\/\/univet.hu\/de\/wp-json\/wp\/v2\/pages\/4824\/revisions"}],"predecessor-version":[{"id":196456,"href":"https:\/\/univet.hu\/de\/wp-json\/wp\/v2\/pages\/4824\/revisions\/196456"}],"up":[{"embeddable":true,"href":"https:\/\/univet.hu\/de\/wp-json\/wp\/v2\/pages\/859"}],"wp:attachment":[{"href":"https:\/\/univet.hu\/de\/wp-json\/wp\/v2\/media?parent=4824"}],"wp:term":[{"taxonomy":"category","embeddable":true,"href":"https:\/\/univet.hu\/de\/wp-json\/wp\/v2\/categories?post=4824"},{"taxonomy":"post_tag","embeddable":true,"href":"https:\/\/univet.hu\/de\/wp-json\/wp\/v2\/tags?post=4824"}],"curies":[{"name":"wp","href":"https:\/\/api.w.org\/{rel}","templated":true}]}}