{"id":4920,"date":"2017-08-29T11:49:00","date_gmt":"2017-08-29T09:49:00","guid":{"rendered":"http:\/\/univet.hu\/universitaet\/mitarbeiter\/vetter-janos\/"},"modified":"2026-02-10T04:44:17","modified_gmt":"2026-02-10T03:44:17","slug":"vetter-janos","status":"publish","type":"page","link":"https:\/\/univet.hu\/de\/universitaet\/mitarbeiter\/vetter-janos\/","title":{"rendered":"Vetter  J\u00e1nos"},"content":{"rendered":"<p>&nbsp;<\/p> <h2>Einleitung<\/h2> <div> <p>Ich habe meine Studien an der E\u00f6tv\u00f6s Lor\u00e1nd Universit\u00e4t als Biologe absolviert. Sp\u00e4ter habe ich einen Kurs an GATE Universit\u00e4t (G\u00f6d\u00f6ll\u0151) als landwirtschaftlicher Forscher, beendet. Seit 1972 arbeite ich an dem Lehrstuhl f\u00fcr Botanik der Veterin\u00e4runiversit\u00e4t (heute: Fakult\u00e4t der Szent Istv\u00e1n Universit\u00e4t) erstens als Forscher, sp\u00e4ter als Adjunkt, als Dozent, und als Professor. Meine Ph.D. Dissertation habe ich in 1985 absolviert (in Physiologie von h\u00f6heren Pilzen), meine Habilitation wurde im Jahre 1995 gemacht. Im Jahre 1996 habe ich die D.Sc.-Dissertation geschrieben und verteidigt (Zerst\u00f6rungsprozessen der h\u00f6heren Pilze).<\/p> <p>&nbsp;<\/p> <h3>Consultig hours:<\/h3> <p>Donnerstag 13-14\u00a0U. E-mail: <a class=\"decrypt\" rel=\"wfuufs\/kboptAvojwfu\/iv\" href=\"javascript:void(0);\">[Click to see email]<\/a><\/p> <\/div> <h2>Aktivit\u00e4t<\/h2> <div> <p><strong>Grundlegende Rollen bei Veterin\u00e4r-Ausbildung: ich bin Verantwortliche f\u00fcr einige <\/strong><\/p> <p><strong>Obligatorische Lehrgegenst\u00e4nde:<\/strong><br \/> Veterin\u00e4rbotanik (deutsche)<\/p> <p><strong>Wahlpflichtkursen:<\/strong><br \/> Allgemeine Mykologie (ungarisch, deutsch, englisch)<br \/> Gr\u00fcnlandwirtschaft (ungarisch, deutsch)<br \/> Sekund\u00e4re Pflanzenstoffe (ungarisch, deutsch)<br \/> Karzinogene und antikarzinogene Pflanzen (ungarisch, deutsch)<\/p> <p><strong>BSc Lehrgegenst\u00e4nde (f\u00fcr Biologe)<\/strong><br \/> Pilzphysiologie<br \/> Pilzanbau und Mykotherapie<\/p> <p><strong>Wissenschaftliche T\u00e4tigkeiten<\/strong><br \/> Giftige Pflanzen \u2013 giftige Pflanzenstoffe. Zerst\u00f6rung von organischen Molek\u00fclen durch Pilze.<br \/> Problemen der Pilzchemie und Pilzphysiologie. Fruchtk\u00f6rperbildung von h\u00f6heren Pilzen.<\/p> <p>Nummer von wissenschaftlichen Publikationen: 190<br \/> Nummer von erreichten Impaktfaktoren: 48<br \/> Nummer von unabh\u00e4ngigen Zitationen: etwa 1250<\/p> <\/div>","protected":false},"excerpt":{"rendered":"<p>&nbsp; Einleitung Ich habe meine Studien an der E\u00f6tv\u00f6s Lor\u00e1nd Universit\u00e4t als Biologe absolviert. Sp\u00e4ter habe ich einen Kurs an GATE Universit\u00e4t (G\u00f6d\u00f6ll\u0151) als landwirtschaftlicher Forscher, beendet. Seit 1972 arbeite ich an dem Lehrstuhl f\u00fcr Botanik der Veterin\u00e4runiversit\u00e4t (heute: Fakult\u00e4t der Szent Istv\u00e1n Universit\u00e4t) erstens als Forscher, sp\u00e4ter als Adjunkt, als Dozent, und als Professor.<\/p>\n","protected":false},"author":5824,"featured_media":0,"parent":859,"menu_order":210,"comment_status":"closed","ping_status":"closed","template":"","meta":{"_acf_changed":false,"footnotes":""},"categories":[55],"tags":[],"class_list":["post-4920","page","type-page","status-publish","hentry","category-mitarbeiter"],"acf":[],"_links":{"self":[{"href":"https:\/\/univet.hu\/de\/wp-json\/wp\/v2\/pages\/4920","targetHints":{"allow":["GET"]}}],"collection":[{"href":"https:\/\/univet.hu\/de\/wp-json\/wp\/v2\/pages"}],"about":[{"href":"https:\/\/univet.hu\/de\/wp-json\/wp\/v2\/types\/page"}],"author":[{"embeddable":true,"href":"https:\/\/univet.hu\/de\/wp-json\/wp\/v2\/users\/5824"}],"replies":[{"embeddable":true,"href":"https:\/\/univet.hu\/de\/wp-json\/wp\/v2\/comments?post=4920"}],"version-history":[{"count":1,"href":"https:\/\/univet.hu\/de\/wp-json\/wp\/v2\/pages\/4920\/revisions"}],"predecessor-version":[{"id":191076,"href":"https:\/\/univet.hu\/de\/wp-json\/wp\/v2\/pages\/4920\/revisions\/191076"}],"up":[{"embeddable":true,"href":"https:\/\/univet.hu\/de\/wp-json\/wp\/v2\/pages\/859"}],"wp:attachment":[{"href":"https:\/\/univet.hu\/de\/wp-json\/wp\/v2\/media?parent=4920"}],"wp:term":[{"taxonomy":"category","embeddable":true,"href":"https:\/\/univet.hu\/de\/wp-json\/wp\/v2\/categories?post=4920"},{"taxonomy":"post_tag","embeddable":true,"href":"https:\/\/univet.hu\/de\/wp-json\/wp\/v2\/tags?post=4920"}],"curies":[{"name":"wp","href":"https:\/\/api.w.org\/{rel}","templated":true}]}}