{"id":4950,"date":"2017-06-29T16:50:00","date_gmt":"2017-06-29T14:50:00","guid":{"rendered":"http:\/\/univet.hu\/universitaet\/mitarbeiter\/voros-karoly\/"},"modified":"2026-02-10T04:49:07","modified_gmt":"2026-02-10T03:49:07","slug":"voros-karoly","status":"publish","type":"page","link":"https:\/\/univet.hu\/de\/universitaet\/mitarbeiter\/voros-karoly\/","title":{"rendered":"V\u00f6r\u00f6s K\u00e1roly"},"content":{"rendered":"<p>&nbsp;<\/p> <h2>Einleitung<\/h2> <div> <p>1976: Diplom, Veterin\u00e4rmedizin<br \/> 1986: PhD (CSc)<br \/> 1991-: Klinikvorstand<br \/> 2002: DSc (Wissenschaftlicher Grad der Ungarischen Wissenschaftlichen Akademie)<\/p> <\/div> <h2>Aktivit\u00e4t<\/h2> <div> <p>B\u00fccher und Kompendien f\u00fcr den Unterricht: Mitverfasser oder Schriftleiter von 13 Kompendien f\u00fcr veterin\u00e4rmedizinische Studenten und f\u00fcr tier\u00e4rztliche Weiterbildung, Verfasser und Koautor von 3 Fachb\u00fcchern innerer Erkrankungen der Haustiere (in ungarischer Sprache). Mitverfasser des Kapitels der veterin\u00e4rmedizinischen Ultrasonographie in 2 Auflagen eines humanmedizinischen Buches \u00fcber Ultrasonographie. Koautor des Kapitels ?Kardiovaskul\u00e4re Erkrankungen? in einem Buch \u00fcber Kleintierkrankheiten des Hundes und der Katze herausgegeben in der Tschechischen Republik in tschechischer Sprache.2012: Hereausgeber und Coauthor eines ungarischen Fachbuches \u00fcber Ultrasonographie der Hunde und Katzen.<br \/> Postgradueller Unterricht: Zahlreiche Vortr\u00e4ge und Demonstrationen in Weiterbildung ungarischer Tier\u00e4rzte; Hauptreferent und Kursleiter an 6 Kursen \u00fcber Kleintierkardiologie und an 5 Kursen \u00fcber Sonographie.<br \/> Vortr\u00e4ge f\u00fcr Tier\u00e4rzte im Ausland: Gastvortrag in Wien \u00fcber Kleintiersonographie und \u00fcber die Kardiologie des Hundes an der Sitzungen der \u00f6sterreichischen Gesellschaft der Tier\u00e4rzte, in M\u00fcnchen \u00fcber Echokardiographie des Pferdes an der Sitzung der M\u00fcnchener tier\u00e4rztlichen Gesellschaft; Vortrag \u00fcber die Topographie der zweidimensionalen Echokardiographie an der Sitzung der Hannoverschen Gesellschaft zur F\u00f6rderung der Kleintiermedizin; Topographie der zweidimensionalen Echokardiographie bei Hund und Katze; Einf\u00fchrungskurs in die Echokardiographie beim Kleintier; Einf\u00fchrung in die Dopplerechokardiographie (Weiterbildungskurs, Sonomed, CWG-A, Brunn am Gebirge, \u00d6sterreich, Vortragende und Praktikumsleiter an vier Kursen zwischen 2003-2005, auf deutscher Sprache); zwei Vortr\u00e4ge f\u00fcr Tier\u00e4rzte \u00fcber die physikalische Untersuchung des Herzens im Rahmen der DAAD-Gastdozentur anl\u00e4sslich einer Vortragsveranstaltung an der Klinik f\u00fcr Kleintiere in Hannover (im M\u00e4rz 2008 und im Juli 2008); Vortrag \u00fcber die Erfahrungen mit dem E-Learning-Programm ?Kardiologische Prop\u00e4deutik? an der Jahrestagung der Gesellschaft f\u00fcr Medizinische Ausbildung in Freiburg, am 11. Oktober 2009. Zwei-t\u00e4gige Weiterbildungskurs f\u00fcr Kleintierparktiker \u00fcber Dopplerechokardiographie in Bukarest, am 14-15. Juli 2010.<br \/> Forschungsthemen:<br \/> 1976-1978: Zytochemie und Immunologie der Rinderleukose.<br \/> 1978-1979: Klinische Diagnose und Therapie der chronischen Bleivergiftung des Pferdes.<br \/> 1980: Klinische Diagnose und Therapie der Parvovirus-Enteritis beim Hund.<br \/> 1980-1986: Pathophysiologie, Diagnostik und Therapie der Labmagenverlagerung der Milchk\u00fche.<br \/> 1987-1988: Grundlagen der quantitativen zweidimensionalen Echokardiographie des Pferdes<br \/> Seit 1989: Abdominelle Sonographie der Kleintiere mit besonderer Ber\u00fccksichtigung der Erkrankungen der Leber, Gallenblase, Nieren und Harnblase, Kardiologie und Echokardiographie des Pferdes und des Hundes.<br \/> Seit 1984: Weitere Ver\u00f6ffentlichungen \u00fcber der folgenden Themen: D\u00fcnndarm-Leiomyosarkom beim Pferd, Blinddarmdilatation und Torsion des Rindes, Leukose beim Schwein, elektro- und pneumoenzephalographische Befunde beim Hydrozephalus internus der K\u00e4lber, endoskopische Diagnostik der respiratorischen Erkrankungen des Pferdes, Behandlung des tetanus Beim Hund. Vorkommen der Herzwurmkrankheit beim Hund, Babesiose beim Hund.<br \/> 1987-1988: Kardiologie, quantitative Echokardiographie beim Pferd.<br \/> Seit 1989: Einf\u00fchrung in die ultrasonographische Diagnostik innerer Erkrankungen der Kleintiere, mit besonderer Ber\u00fccksichtigung auf die Echokardiographie. F\u00fchrung eine Forschungsgruppe an kardiovaskul\u00e4re Erkrankungen des Hundes und eine an Lebererkrankungen des Hundes.<br \/> Seit 2006: Kardiologie des Hundes: Teilnahme an den Multicenter Studien von zwei Herzmedikamente, Untersuchung der Therapieresistenz bei kardiovaskul\u00e4ren Erkrankungen.<br \/> Seit 2008: Verwendung von digitalisierten Herztonaufnahmen und der digitalen Phonokardiographie bei der Diagnostik und Lehre der Herzerkrankungen bei Hund und Katze. (In Zusammenar<\/p> <\/div>","protected":false},"excerpt":{"rendered":"<p>&nbsp; Einleitung 1976: Diplom, Veterin\u00e4rmedizin 1986: PhD (CSc) 1991-: Klinikvorstand 2002: DSc (Wissenschaftlicher Grad der Ungarischen Wissenschaftlichen Akademie) Aktivit\u00e4t B\u00fccher und Kompendien f\u00fcr den Unterricht: Mitverfasser oder Schriftleiter von 13 Kompendien f\u00fcr veterin\u00e4rmedizinische Studenten und f\u00fcr tier\u00e4rztliche Weiterbildung, Verfasser und Koautor von 3 Fachb\u00fcchern innerer Erkrankungen der Haustiere (in ungarischer Sprache). Mitverfasser des Kapitels der<\/p>\n","protected":false},"author":5824,"featured_media":0,"parent":859,"menu_order":211,"comment_status":"closed","ping_status":"closed","template":"","meta":{"_acf_changed":false,"footnotes":""},"categories":[55],"tags":[],"class_list":["post-4950","page","type-page","status-publish","hentry","category-mitarbeiter"],"acf":[],"_links":{"self":[{"href":"https:\/\/univet.hu\/de\/wp-json\/wp\/v2\/pages\/4950","targetHints":{"allow":["GET"]}}],"collection":[{"href":"https:\/\/univet.hu\/de\/wp-json\/wp\/v2\/pages"}],"about":[{"href":"https:\/\/univet.hu\/de\/wp-json\/wp\/v2\/types\/page"}],"author":[{"embeddable":true,"href":"https:\/\/univet.hu\/de\/wp-json\/wp\/v2\/users\/5824"}],"replies":[{"embeddable":true,"href":"https:\/\/univet.hu\/de\/wp-json\/wp\/v2\/comments?post=4950"}],"version-history":[{"count":1,"href":"https:\/\/univet.hu\/de\/wp-json\/wp\/v2\/pages\/4950\/revisions"}],"predecessor-version":[{"id":189348,"href":"https:\/\/univet.hu\/de\/wp-json\/wp\/v2\/pages\/4950\/revisions\/189348"}],"up":[{"embeddable":true,"href":"https:\/\/univet.hu\/de\/wp-json\/wp\/v2\/pages\/859"}],"wp:attachment":[{"href":"https:\/\/univet.hu\/de\/wp-json\/wp\/v2\/media?parent=4950"}],"wp:term":[{"taxonomy":"category","embeddable":true,"href":"https:\/\/univet.hu\/de\/wp-json\/wp\/v2\/categories?post=4950"},{"taxonomy":"post_tag","embeddable":true,"href":"https:\/\/univet.hu\/de\/wp-json\/wp\/v2\/tags?post=4950"}],"curies":[{"name":"wp","href":"https:\/\/api.w.org\/{rel}","templated":true}]}}