{"id":4971,"date":"2016-09-20T14:02:00","date_gmt":"2016-09-20T12:02:00","guid":{"rendered":"http:\/\/univet.hu\/universitaet\/mitarbeiter\/zenke-petra\/"},"modified":"2026-02-10T04:49:09","modified_gmt":"2026-02-10T03:49:09","slug":"zenke-petra","status":"publish","type":"page","link":"https:\/\/univet.hu\/de\/universitaet\/mitarbeiter\/zenke-petra\/","title":{"rendered":"Zenke Petra"},"content":{"rendered":"<p><strong>Vorstellung:<\/strong><\/p> <p>Ausbildung: Bethlen G\u00e1bor Gymnasium in H\u00f3dmez\u0151v\u00e1s\u00e1rhely (Leistungskurse Biologie und Chemie), ELTE TTK-Abteilung f\u00fcr Biologie (Hauptfach Molekularbiologie), vierj\u00e4hrige Ausbildung zur forensischen Sachverst\u00e4ndigen (Nationales Sachverst\u00e4ndigen- und Forschungszentrum, Abteilung f\u00fcr genetische Expertise).<\/p> <p>Seit 2008 arbeite ich als wissenschaftliche Mitarbeiterin beim Institut f\u00fcr Tierzucht, Tierern\u00e4hrung und Labortierkunde. Im Rahmen der Graduiertenausbildung beteilige ich mich an der Lehre von Veterin\u00e4rgenetik und Tierzucht (auf Ungarisch, Englisch und Deutsch). Au\u00dferdem bin ich Fachbetreuerin des Wahlfachs Forensische Tiergenetik.<\/p> <p>&nbsp;<\/p> <p><strong>Forschung:<\/strong><\/p> <ul> <li>genetische Erkennung bestimmter Merkmale von Haustieren: z. B. Farbgenetik, Inzucht, Hitzestress, Krankheitsanf\u00e4lligkeit<\/li> <li>forensische Tiergenetik: Arten-, Individuen- und Geschlechtsidentifizierung, Populationsgenetik<\/li> <li>Wildtiergenetik: Biodiversit\u00e4t, Lebensmittelsicherheit, genetische Differenzierung hybrider Individuen<\/li> <li>Geschlechtsbestimmung bei Zootieren; fetales Geschlecht, nachgewiesen durch nicht-invasive Methoden aus m\u00fctterlichem Blutplasma<\/li> <li>Entwicklungen zum Nachweis degradierter und minimaler DNA-Mengen aus biologischen \u00dcberresten unterschiedlicher Art und unterschiedlichen Alters<\/li> <\/ul> <p><strong>Fortschritt:<\/strong><\/p> <table style=\"height: 247px;\" width=\"924\"> <tbody> <tr> <td style=\"width: 455.2px;\">2002<\/td> <td style=\"width: 455.2px;\">Diplom (Biologin)<\/td> <\/tr> <tr> <td style=\"width: 455.2px;\">2008<\/td> <td style=\"width: 455.2px;\">Expertin f\u00fcr forensische Genetik<\/td> <\/tr> <tr> <td style=\"width: 455.2px;\">2011<\/td> <td style=\"width: 455.2px;\">Ph.D.<\/td> <\/tr> <tr> <td style=\"width: 455.2px;\">2020<\/td> <td style=\"width: 455.2px;\">Habilitation<\/td> <\/tr> <\/tbody> <\/table> <p><strong>Anzahl der bisherigen Abschlussarbeiten\/Wissenschaftlicher Studierendenkreis &#8211; TDK-Studierende:<\/strong><\/p> <ul> <li><strong>These:<\/strong> 24<\/li> <li><strong>TDK:<\/strong> 16<\/li> <\/ul> <p><strong>Anzahl der Doktoranden:<\/strong> 2<\/p> <p><strong>Mitgliedschaft in einer Berufsorganisation:<\/strong><\/p> <p>Mitglied der Ungarischen Kammer der Justizsachverst\u00e4ndigen seit 2008<\/p> <p>Europ\u00e4isches Netzwerk forensischer Wissenschaftsinstitute (ENFSI): Seit 2010 Mitglied der internationalen Expertenarbeitsgruppe \u201eTier-, Pflanzen- und Bodenspuren\u201c.<\/p> <p><strong>Publikationsliste (TOP12) und <a href=\"https:\/\/m2.mtmt.hu\/gui2\/?type=authors&amp;mode=browse&amp;sel=authors10023166\">MTMT-Link<\/a><\/strong><\/p> <table style=\"height: 1464px;\" width=\"926\"> <tbody> <tr> <td style=\"width: 917.6px;\">1.\u00a0\u00a0\u00a0\u00a0 Zork\u00f3czy, Orsolya Krisztina;\u00a0Turi, Orsolya;\u00a0Wagenhoffer, Zsombor;\u00a0\u00d3zsv\u00e1ri, L\u00e1szl\u00f3;\u00a0Lehotzky, P\u00e1l;\u00a0P\u00e1d\u00e1r, Zsolt;\u00a0Zenke, Petra: A Selection of 14 Tetrameric Microsatellite Markers for Genetic Investigations in Fallow Deer (Dama dama). ANIMALS\u00a013:\u00a013\u00a0p. 2083\u00a0(2023)<\/td> <\/tr> <tr> <td style=\"width: 917.6px;\">2.\u00a0\u00a0\u00a0\u00a0 Zenke, Petra; Zork\u00f3czy, Orsolya Krisztina; Lehotzky, P\u00e1l; \u00d3zsv\u00e1ri, L\u00e1szl\u00f3; P\u00e1d\u00e1r, Zsolt: Molecular Sexing and Species Detection of Antlered European Hunting Game for Forensic Purposes. ANIMALS 12: 3 Paper: 246, 14 p. (2022)<\/td> <\/tr> <tr> <td style=\"width: 917.6px;\">3.\u00a0\u00a0\u00a0\u00a0 P\u00e1d\u00e1r, Zsolt; Nogel, M\u00f3nika; Kov\u00e1cs, G\u00e1bor; G\u00e1rdonyi, Gergely; Zenke, Petra: A vadvil\u00e1gi b\u0171n\u00f6z\u00e9s saj\u00e1tos kriminalisztikai kih\u00edv\u00e1sai Magyarorsz\u00e1gon. BEL\u00dcGYI SZEMLE: A BEL\u00dcGYMINISZT\u00c9RIUM SZAKMAI TUDOM\u00c1NYOS FOLY\u00d3IRATA (2010-) 70: 9 pp. 1727-1748., 22 p. (2022)<\/td> <\/tr> <tr> <td style=\"width: 917.6px;\">4.\u00a0\u00a0\u00a0\u00a0 Varga, L\u00e1szl\u00f3; L\u00e9n\u00e1rt, X\u00e9nia; Zenke, Petra; Orb\u00e1n, L\u00e1szl\u00f3; Hud\u00e1k, P\u00e9ter; Ninausz, N\u00f3ra; Pelles, Zs\u00f3fia; Sz\u0151ke, Antal: Being Merle: The Molecular Genetic Background of the Canine Merle Mutation. GENES 11: 6 Paper: 660, 15 p. (2020)<\/td> <\/tr> <tr> <td style=\"width: 917.6px;\">5.\u00a0\u00a0\u00a0\u00a0 Zenke, Petra; Egyed, Bal\u00e1zs; Kov\u00e1cs, G\u00e1bor; P\u00e1d\u00e1r, Zsolt: Implementation of genetic based individualization of White stork (Ciconia ciconia) in forensic casework. FORENSIC SCIENCE INTERNATIONAL-GENETICS 40 pp. e245-e247., 3 p. (2019)<\/td> <\/tr> <tr> <td style=\"width: 917.6px;\">6.\u00a0\u00a0\u00a0\u00a0 Vincze, Bogl\u00e1rka; G\u00e1sp\u00e1rdy, Andr\u00e1s; Bi\u00e1csi, Alexandra; Papp, Endre \u00c1kos; Garamv\u00f6lgyi, L\u00e1szl\u00f3; S\u00f3s, Endre; Cseh, S\u00e1ndor; Kov\u00e1cs, G\u00e1bor; P\u00e1d\u00e1r, Zsolt; Zenke, Petra: Sex determination using circulating cell-free fetal DNA in small volume of maternal plasma in elephants. SCIENTIFIC REPORTS 9: 1 Paper: 1525, 7 p. (2019)<\/td> <\/tr> <tr> <td style=\"width: 917.6px;\">7.\u00a0\u00a0\u00a0\u00a0 Pelles, Zs\u00f3fia; G\u00e1sp\u00e1rdy, Andr\u00e1s; Z\u00f6ld\u00e1g, L\u00e1szl\u00f3; L\u00e9n\u00e1rt, X\u00e9nia; Ninausz, N\u00f3ra; Varga, L\u00e1szl\u00f3; Zenke, Petra: Merle allele variations in the Mudi dog breed and their effects on phenotypes. ACTA VETERINARIA HUNGARICA 67: 2 pp. 159-173., 15 p. (2019)<\/td> <\/tr> <tr> <td style=\"width: 917.6px;\">8.\u00a0\u00a0\u00a0\u00a0 Zenke, Petra; Egyed, Bal\u00e1zs; P\u00e1d\u00e1r, Zsolt: A vad\u00e1szhat\u00f3 fajok v\u00e9delme: az orvvad\u00e1szat bizony\u00edthat\u00f3s\u00e1ga az igazs\u00e1g\u00fcgyi genetika seg\u00edts\u00e9g\u00e9vel: Eseti alkalmaz\u00e1sok: Wildlife protection: demonstrability of wildlife crime with forensic DNA analysis Casework applications. MAGYAR \u00c1LLATORVOSOK LAPJA 139: 10 pp. 631-639., 9 p. (2017)<\/td> <\/tr> <tr> <td style=\"width: 917.6px;\">9.\u00a0\u00a0\u00a0\u00a0 Pelles, Zs\u00f3fia; Mar\u00f3ti-Ag\u00f3ts, \u00c1kos; G\u00e1sp\u00e1rdy, Andr\u00e1s Z\u00f6ld\u00e1g, L\u00e1szl\u00f3; Zenke, Petra: A rejtett cifra sz\u00edn molekul\u00e1ris genetikai m\u00f3dszerekkel val\u00f3 kimutat\u00e1sa mudi fajt\u00e1ban. MAGYAR \u00c1LLATORVOSOK LAPJA 140: 2 pp. 121-127., 7 p. (2018)<\/td> <\/tr> <tr> <td style=\"width: 917.6px;\">10.\u00a0 Zenke, Petra; Egyed, Bal\u00e1zs; P\u00e1d\u00e1r, Zsolt; Kov\u00e1cs, G\u00e1bor: Increasing relevance of non-human genetics in Hungarian forensic practice. FORENSIC SCIENCE INTERNATIONAL GENETICS SUPPLEMENT SERIES 5 pp. e250-e252., 3 p. (2015)<\/td> <\/tr> <tr> <td style=\"width: 917.6px;\">11.\u00a0 Szabolcsi, Zoltan; Egyed, Balazs; Zenke, Petra; Padar, Zsolt; Borsy, Adrienn; Steger, Viktor; Pasztor, Erzsebet; Csanyi, Sandor; Buzas, Zsuzsanna; Orosz, Laszlo: Constructing STR Multiplexes for Individual Identification of Hungarian Red Deer. JOURNAL OF FORENSIC SCIENCES 59 pp. 1090-1099., 10 p. (2014)<\/td> <\/tr> <tr> <td style=\"width: 917.6px;\">12.\u00a0 Zenke, Petra; Egyed, Balazs; Zoldag, Laszlo; Padar, Zsolt: Population genetic study in Hungarian canine populations using forensically informative STR loci. FORENSIC SCIENCE INTERNATIONAL-GENETICS 5: 1 pp. E31-E36. (2011)<\/td> <\/tr> <\/tbody> <\/table> <p>&nbsp;<\/p>","protected":false},"excerpt":{"rendered":"<p>Vorstellung: Ausbildung: Bethlen G\u00e1bor Gymnasium in H\u00f3dmez\u0151v\u00e1s\u00e1rhely (Leistungskurse Biologie und Chemie), ELTE TTK-Abteilung f\u00fcr Biologie (Hauptfach Molekularbiologie), vierj\u00e4hrige Ausbildung zur forensischen Sachverst\u00e4ndigen (Nationales Sachverst\u00e4ndigen- und Forschungszentrum, Abteilung f\u00fcr genetische Expertise). Seit 2008 arbeite ich als wissenschaftliche Mitarbeiterin beim Institut f\u00fcr Tierzucht, Tierern\u00e4hrung und Labortierkunde. Im Rahmen der Graduiertenausbildung beteilige ich mich an der Lehre von<\/p>\n","protected":false},"author":5824,"featured_media":0,"parent":859,"menu_order":211,"comment_status":"closed","ping_status":"closed","template":"","meta":{"_acf_changed":false,"footnotes":""},"categories":[55],"tags":[],"class_list":["post-4971","page","type-page","status-publish","hentry","category-mitarbeiter"],"acf":[],"_links":{"self":[{"href":"https:\/\/univet.hu\/de\/wp-json\/wp\/v2\/pages\/4971","targetHints":{"allow":["GET"]}}],"collection":[{"href":"https:\/\/univet.hu\/de\/wp-json\/wp\/v2\/pages"}],"about":[{"href":"https:\/\/univet.hu\/de\/wp-json\/wp\/v2\/types\/page"}],"author":[{"embeddable":true,"href":"https:\/\/univet.hu\/de\/wp-json\/wp\/v2\/users\/5824"}],"replies":[{"embeddable":true,"href":"https:\/\/univet.hu\/de\/wp-json\/wp\/v2\/comments?post=4971"}],"version-history":[{"count":1,"href":"https:\/\/univet.hu\/de\/wp-json\/wp\/v2\/pages\/4971\/revisions"}],"predecessor-version":[{"id":200916,"href":"https:\/\/univet.hu\/de\/wp-json\/wp\/v2\/pages\/4971\/revisions\/200916"}],"up":[{"embeddable":true,"href":"https:\/\/univet.hu\/de\/wp-json\/wp\/v2\/pages\/859"}],"wp:attachment":[{"href":"https:\/\/univet.hu\/de\/wp-json\/wp\/v2\/media?parent=4971"}],"wp:term":[{"taxonomy":"category","embeddable":true,"href":"https:\/\/univet.hu\/de\/wp-json\/wp\/v2\/categories?post=4971"},{"taxonomy":"post_tag","embeddable":true,"href":"https:\/\/univet.hu\/de\/wp-json\/wp\/v2\/tags?post=4971"}],"curies":[{"name":"wp","href":"https:\/\/api.w.org\/{rel}","templated":true}]}}