{"id":4983,"date":"2016-08-03T09:04:00","date_gmt":"2016-08-03T07:04:00","guid":{"rendered":"http:\/\/univet.hu\/universitaet\/mitarbeiter\/zsarnovszky-attila\/"},"modified":"2026-02-10T04:49:10","modified_gmt":"2026-02-10T03:49:10","slug":"zsarnovszky-attila","status":"publish","type":"page","link":"https:\/\/univet.hu\/de\/universitaet\/mitarbeiter\/zsarnovszky-attila\/","title":{"rendered":"Zsarnovszky Attila"},"content":{"rendered":"<p><strong><span class=\"VIiyi\" lang=\"de\"><span class=\"JLqJ4b ChMk0b\" data-language-for-alternatives=\"de\" data-language-to-translate-into=\"hu\" data-phrase-index=\"0\" data-number-of-phrases=\"9\">Position: <\/span><\/span><\/strong><span class=\"VIiyi\" lang=\"de\"><span class=\"JLqJ4b ChMk0b\" data-language-for-alternatives=\"de\" data-language-to-translate-into=\"hu\" data-phrase-index=\"2\" data-number-of-phrases=\"9\">Professor;<br \/> <\/span><\/span><span class=\"VIiyi\" lang=\"de\"><span class=\"JLqJ4b ChMk0b\" data-language-for-alternatives=\"de\" data-language-to-translate-into=\"hu\" data-phrase-index=\"4\" data-number-of-phrases=\"9\">Abteilung f\u00fcr Tierphysiologie und Tiergesundheit, Institut f\u00fcr Physiologie und Ern\u00e4hrung, Ungarische Universit\u00e4t f\u00fcr Agrar- und Biowissenschaften<\/span><\/span><\/p> <p><span class=\"VIiyi\" lang=\"de\"><span class=\"JLqJ4b ChMk0b\" data-language-for-alternatives=\"de\" data-language-to-translate-into=\"hu\" data-phrase-index=\"6\" data-number-of-phrases=\"9\"><strong>Forschungsgebiet:<\/strong> Regulationsmechanismen des Hypothalamus<\/span><\/span><\/p> <p><span class=\"VIiyi\" lang=\"de\"><span class=\"JLqJ4b ChMk0b\" data-language-for-alternatives=\"de\" data-language-to-translate-into=\"hu\" data-phrase-index=\"8\" data-number-of-phrases=\"9\"><strong>Unterrichte:<\/strong> Tierphysiologie<\/span><\/span><\/p>","protected":false},"excerpt":{"rendered":"<p>Position: Professor; Abteilung f\u00fcr Tierphysiologie und Tiergesundheit, Institut f\u00fcr Physiologie und Ern\u00e4hrung, Ungarische Universit\u00e4t f\u00fcr Agrar- und Biowissenschaften Forschungsgebiet: Regulationsmechanismen des Hypothalamus Unterrichte: Tierphysiologie<\/p>\n","protected":false},"author":5824,"featured_media":0,"parent":859,"menu_order":211,"comment_status":"closed","ping_status":"closed","template":"","meta":{"_acf_changed":false,"footnotes":""},"categories":[55],"tags":[],"class_list":["post-4983","page","type-page","status-publish","hentry","category-mitarbeiter"],"acf":[],"_links":{"self":[{"href":"https:\/\/univet.hu\/de\/wp-json\/wp\/v2\/pages\/4983","targetHints":{"allow":["GET"]}}],"collection":[{"href":"https:\/\/univet.hu\/de\/wp-json\/wp\/v2\/pages"}],"about":[{"href":"https:\/\/univet.hu\/de\/wp-json\/wp\/v2\/types\/page"}],"author":[{"embeddable":true,"href":"https:\/\/univet.hu\/de\/wp-json\/wp\/v2\/users\/5824"}],"replies":[{"embeddable":true,"href":"https:\/\/univet.hu\/de\/wp-json\/wp\/v2\/comments?post=4983"}],"version-history":[{"count":1,"href":"https:\/\/univet.hu\/de\/wp-json\/wp\/v2\/pages\/4983\/revisions"}],"predecessor-version":[{"id":197780,"href":"https:\/\/univet.hu\/de\/wp-json\/wp\/v2\/pages\/4983\/revisions\/197780"}],"up":[{"embeddable":true,"href":"https:\/\/univet.hu\/de\/wp-json\/wp\/v2\/pages\/859"}],"wp:attachment":[{"href":"https:\/\/univet.hu\/de\/wp-json\/wp\/v2\/media?parent=4983"}],"wp:term":[{"taxonomy":"category","embeddable":true,"href":"https:\/\/univet.hu\/de\/wp-json\/wp\/v2\/categories?post=4983"},{"taxonomy":"post_tag","embeddable":true,"href":"https:\/\/univet.hu\/de\/wp-json\/wp\/v2\/tags?post=4983"}],"curies":[{"name":"wp","href":"https:\/\/api.w.org\/{rel}","templated":true}]}}