{"id":51713,"date":"2020-03-19T15:10:25","date_gmt":"2020-03-19T14:10:25","guid":{"rendered":"https:\/\/univet.hu\/de\/studenten\/studenteninfo\/name\/"},"modified":"2025-08-19T09:29:27","modified_gmt":"2025-08-19T07:29:27","slug":"covid-19-information","status":"publish","type":"page","link":"https:\/\/univet.hu\/de\/studenten\/covid-19-information\/","title":{"rendered":"COVID-19 Information"},"content":{"rendered":"<p>&nbsp;<\/p> <p><span style=\"font-size: 14pt\">Aktuelle Informationen finden Sie auf der folgenden Webseite:\u00a0<a href=\"https:\/\/univet.hu\/en\/coronavirus\" target=\"_blank\" rel=\"noopener\">univet.hu\/en\/coronavirus<\/a><\/span><\/p> <p><span style=\"font-size: 14pt\">(Bitte beachten Sie, dass diese f\u00fcr die aktuelle Position von der VMUB gelten. In diesen au\u00dferordentlichen Zeiten kann sich alles \u00e4ndern!)<\/span><\/p> <p>&nbsp;<\/p>","protected":false},"excerpt":{"rendered":"<p>&nbsp; Aktuelle Informationen finden Sie auf der folgenden Webseite:\u00a0univet.hu\/en\/coronavirus (Bitte beachten Sie, dass diese f\u00fcr die aktuelle Position von der VMUB gelten. In diesen au\u00dferordentlichen Zeiten kann sich alles \u00e4ndern!) &nbsp;<\/p>\n","protected":false},"author":5823,"featured_media":0,"parent":349,"menu_order":289,"comment_status":"open","ping_status":"open","template":"","meta":{"_acf_changed":false,"footnotes":""},"categories":[],"tags":[],"class_list":["post-51713","page","type-page","status-publish","hentry"],"acf":[],"_links":{"self":[{"href":"https:\/\/univet.hu\/de\/wp-json\/wp\/v2\/pages\/51713","targetHints":{"allow":["GET"]}}],"collection":[{"href":"https:\/\/univet.hu\/de\/wp-json\/wp\/v2\/pages"}],"about":[{"href":"https:\/\/univet.hu\/de\/wp-json\/wp\/v2\/types\/page"}],"author":[{"embeddable":true,"href":"https:\/\/univet.hu\/de\/wp-json\/wp\/v2\/users\/5823"}],"replies":[{"embeddable":true,"href":"https:\/\/univet.hu\/de\/wp-json\/wp\/v2\/comments?post=51713"}],"version-history":[{"count":1,"href":"https:\/\/univet.hu\/de\/wp-json\/wp\/v2\/pages\/51713\/revisions"}],"predecessor-version":[{"id":189068,"href":"https:\/\/univet.hu\/de\/wp-json\/wp\/v2\/pages\/51713\/revisions\/189068"}],"up":[{"embeddable":true,"href":"https:\/\/univet.hu\/de\/wp-json\/wp\/v2\/pages\/349"}],"wp:attachment":[{"href":"https:\/\/univet.hu\/de\/wp-json\/wp\/v2\/media?parent=51713"}],"wp:term":[{"taxonomy":"category","embeddable":true,"href":"https:\/\/univet.hu\/de\/wp-json\/wp\/v2\/categories?post=51713"},{"taxonomy":"post_tag","embeddable":true,"href":"https:\/\/univet.hu\/de\/wp-json\/wp\/v2\/tags?post=51713"}],"curies":[{"name":"wp","href":"https:\/\/api.w.org\/{rel}","templated":true}]}}