{"id":57477,"date":"2021-02-25T14:13:05","date_gmt":"2021-02-25T13:13:05","guid":{"rendered":"https:\/\/univet.hu\/?page_id=57477"},"modified":"2026-02-10T04:38:56","modified_gmt":"2026-02-10T03:38:56","slug":"tuska-szalay-barbara","status":"publish","type":"page","link":"https:\/\/univet.hu\/de\/universitaet\/mitarbeiter\/tuska-szalay-barbara\/","title":{"rendered":"Tuska-Szalay Barbara"},"content":{"rendered":"<p style=\"text-align: center\"><strong>Einf\u00fchrung<\/strong><\/p> <p>Im Jahr 2011 schloss ich mein Studium an der Veterin\u00e4rmedizinischen Fakult\u00e4t der Szent-Istv\u00e1n-Universit\u00e4t als Doktor der Veterin\u00e4rmedizin ab und arbeitete danach als klinischer Tierarzt in einer Kleintierpraxis. Im Jahr 2020 wurde ich in die Doktoratsschule der Veterin\u00e4rmedizinischen Universit\u00e4t aufgenommen und arbeite seitdem als Doktorandin und Abteilungstier\u00e4rztin am Institut f\u00fcr Parasitologie und Zoologie.<\/p> <p><strong>Forschungsschwerpunkte:<\/strong><\/p> <ul> <li>Molekulare Untersuchung der wichtigsten Einzeller bei Kleintieren.<\/li> <\/ul> <p><strong>Fortschritt<\/strong><\/p> <p><strong>Mitgliedschaft in einer Berufsorganisation<\/strong><\/p> <p><strong>Anzahl der bisherigen Abschlussarbeiten\/TDK-Studierenden:<\/strong><\/p> <p>8<\/p> <p><strong>Doktoranden<\/strong><br \/> <strong>Publikationsliste (Top10)<\/strong><\/p> <p>MTMT:<\/p> <table> <tbody> <tr style=\"height: 99px\"> <td style=\"width: 922.2px;height: 99px;text-align: center\">Tuska-Szalay, Barbara ; Vizi, Zsuzsanna ; Hofmann-Lehmann, Regina ; Vajdovich, Pe\u0301ter ; Taka\u0301cs, No\u0301ra ; Meli, Marina L. ; Farkas, Ro\u0301bert ; Stummer-Knyiha\u0301r, Vikto\u0301ria ; Jerzsele, A\u0301kos ; Kontscha\u0301n, Jeno\u030b et al.: Babesia gibsoni emerging with high prevalence and co-infections in \u201cfighting dogs\u201d in Hungary\u00a0 Current Research in Parasitology &amp; Vector-Borne Diseases p. 100048 (2021)<\/td> <\/tr> <tr style=\"height: 24px\"> <td style=\"width: 922.2px;height: 24px;text-align: center\">Tuska-Szalay, Barbara ; Taka\u0301cs, No\u0301ra ; Kontscha\u0301n, Jeno\u030b ; Vizi, Zsuzsanna ; Hornok, Sa\u0301ndor:\u00a0 Dogs are final hosts of Sarcocystis morae (Apicomplexa: Sarcocystidae): First report of this species in Hungary and its region \u2013 Short communication\u00a0 ACTA VETERINARIA HUNGARICA 69 : 2 pp. 157-160. , 4 p. (2021)<\/td> <\/tr> <tr style=\"height: 72px\"> <td style=\"width: 922.2px;text-align: center;height: 72px\">\u00a0Tuska-Szalay B, Gilbert J, Tak\u00e1cs N, Boldogh S A, F\u00e1y J, Sterczer \u00c1, Ps\u00e1der R, Kontsch\u00e1n J, Izs\u00f3 \u00c1, Hornok S<br \/> Molecular-phylogenetic investigation of trichomonads in dogs and cats reveals a novel\u00a0<i>Tritrichomonas<\/i>\u00a0species<br \/> PARASITES AND VECTORS 17: (1) p. 271. (2024)<\/td> <\/tr> <tr style=\"height: 96px\"> <td style=\"width: 922.2px;text-align: center;height: 96px\">Tuska-Szalay B, Papde\u00e1k V, Vizi Zs, Hornok S, Tak\u00e1cs N<br \/> Parasitological and molecular investigation of consequences of raw meat feeding (BARF) in dogs and cats: implications for other pets living nearby<br \/> PARASITOLOGY RESEARCH 123: (2) p: 114. (2024)<\/td> <\/tr> <tr style=\"height: 96px\"> <td style=\"width: 922.2px;text-align: center;height: 96px\">Tuska-Szalay B, Boldogh S A, Farkas R, Rompos L, Tak\u00e1cs N, Beresny\u00e1k V, Izs\u00f3 \u00c1, Kontsch\u00e1n J, Lanszki J, Hornok S<br \/> Screening of domestic cats from north-eastern Hungary for\u00a0<i>Hepatozoon felis<\/i>\u00a0and\u00a0<i>Cytauxzoon europaeus<\/i>\u00a0that cause infections in local wildcat populations<br \/> PATHOGENS 12: (5) p. 656. (2023)<\/td> <\/tr> <tr style=\"height: 72px\"> <td style=\"width: 922.2px;text-align: center;height: 72px\">Tuska-Szalay B, Sipos G, Tak\u00e1cs N, Kontsch\u00e1n J, S\u00e1ndor A D, P\u00e9ter \u00c1, Berta K, Kerek \u00c1, Jerzsele \u00c1, Vot\u00fdpka J, Hornok S<br \/> Molecular epidemiological study of\u00a0<i>Trichomonas gallinae<\/i>\u00a0focusing on central and southeastern Europe<br \/> FRONTIERS IN VETERINARY SCIENCE (9) p. 1050561. (2022)<\/td> <\/tr> <tr style=\"height: 72px\"> <td style=\"width: 922.2px;text-align: center;height: 72px\">Tuska-Szalay B, Kelly H, Tak\u00e1cs N, Kontsch\u00e1n Jen\u0151, Vot\u00fdpka J, Hornok S<br \/> Molecular evidence of\u00a0<i>Monocercomonas<\/i>\u00a0and\u00a0<i>Acanthamoeba<\/i>\u00a0in the feces of captive reptiles<br \/> PARASITOLOGY RESEARCH 121: (12) pp. 3681-3687. (2022)<\/td> <\/tr> <tr style=\"height: 96px\"> <td style=\"width: 922.2px;text-align: center;height: 96px\">Tuska-Szalay B, Vizi Zs, Hofmann-Lehmann R, Vajdovich P, Tak\u00e1cs N, Meli M L, Farkas R, Stummer-Knyih\u00e1r V, Jerzsele \u00c1, Kontsch\u00e1n J, Szekeres S, Hornok S<br \/> <i>Babesia gibsoni<\/i>\u00a0emerging with high prevalence and co-infections in \u201cfighting dogs\u201d in Hungary<br \/> CURRENT RESEARCH IN PARASITOLOGY &amp; VECTOR-BORNE DISEASES (1) p. 100048. (2021)<\/td> <\/tr> <tr style=\"height: 96px\"> <td style=\"width: 922.2px;text-align: center;height: 96px\">Tuska-Szalay B, Tak\u00e1cs N, Kontsch\u00e1n J, Vizi Zs, Hornok S<br \/> Dogs are final hosts of\u00a0<i>Sarcocystis morae<\/i>\u00a0(Apicomplexa: Sarcocystidae): First report of this species in Hungary and its region \u2013 Short communication<br \/> ACTA VETERINARIA HUNGARICA 69: (2) pp. 157-160. (2021)<\/td> <\/tr> <\/tbody> <\/table> <p><\/p>","protected":false},"excerpt":{"rendered":"<p>Einf\u00fchrung Im Jahr 2011 schloss ich mein Studium an der Veterin\u00e4rmedizinischen Fakult\u00e4t der Szent-Istv\u00e1n-Universit\u00e4t als Doktor der Veterin\u00e4rmedizin ab und arbeitete danach als klinischer Tierarzt in einer Kleintierpraxis. Im Jahr 2020 wurde ich in die Doktoratsschule der Veterin\u00e4rmedizinischen Universit\u00e4t aufgenommen und arbeite seitdem als Doktorandin und Abteilungstier\u00e4rztin am Institut f\u00fcr Parasitologie und Zoologie. Forschungsschwerpunkte: Molekulare<\/p>\n","protected":false},"author":5824,"featured_media":0,"parent":859,"menu_order":37,"comment_status":"open","ping_status":"open","template":"","meta":{"_acf_changed":false,"footnotes":""},"categories":[55],"tags":[],"class_list":["post-57477","page","type-page","status-publish","hentry","category-mitarbeiter"],"acf":[],"_links":{"self":[{"href":"https:\/\/univet.hu\/de\/wp-json\/wp\/v2\/pages\/57477","targetHints":{"allow":["GET"]}}],"collection":[{"href":"https:\/\/univet.hu\/de\/wp-json\/wp\/v2\/pages"}],"about":[{"href":"https:\/\/univet.hu\/de\/wp-json\/wp\/v2\/types\/page"}],"author":[{"embeddable":true,"href":"https:\/\/univet.hu\/de\/wp-json\/wp\/v2\/users\/5824"}],"replies":[{"embeddable":true,"href":"https:\/\/univet.hu\/de\/wp-json\/wp\/v2\/comments?post=57477"}],"version-history":[{"count":2,"href":"https:\/\/univet.hu\/de\/wp-json\/wp\/v2\/pages\/57477\/revisions"}],"predecessor-version":[{"id":198781,"href":"https:\/\/univet.hu\/de\/wp-json\/wp\/v2\/pages\/57477\/revisions\/198781"}],"up":[{"embeddable":true,"href":"https:\/\/univet.hu\/de\/wp-json\/wp\/v2\/pages\/859"}],"wp:attachment":[{"href":"https:\/\/univet.hu\/de\/wp-json\/wp\/v2\/media?parent=57477"}],"wp:term":[{"taxonomy":"category","embeddable":true,"href":"https:\/\/univet.hu\/de\/wp-json\/wp\/v2\/categories?post=57477"},{"taxonomy":"post_tag","embeddable":true,"href":"https:\/\/univet.hu\/de\/wp-json\/wp\/v2\/tags?post=57477"}],"curies":[{"name":"wp","href":"https:\/\/api.w.org\/{rel}","templated":true}]}}