{"id":5890,"date":"2018-07-03T11:20:25","date_gmt":"2018-07-03T09:20:25","guid":{"rendered":"http:\/\/univet.hu\/?page_id=5890"},"modified":"2019-08-15T14:26:23","modified_gmt":"2019-08-15T12:26:23","slug":"login","status":"publish","type":"page","link":"https:\/\/univet.hu\/de\/login\/","title":{"rendered":"Login"},"content":{"rendered":"<p>&nbsp;<\/p> <p><strong>Die von Ihnen angeforderte Seite ist passwortgesch\u00fctzt. F\u00fcr das Login werden folgende Passw\u00f6rter akzeptiert:<\/strong><\/p> <ul> <li>Login f\u00fcr Studenten: Ihr Neptun-Code und Passwort. Ihr Passwort ist dasjenige, was Sie im Korrespondenzsystem der Uni benutzen. Wenn Sie es noch nicht benutzt haben, dann ist es in der Standardeinstellung Ihr Geburtsdatum (Jahr, Monat, Tag) und davor Bd, z. B. Bd19950215.<\/li> <li><strong>Ihr Neptun-Code kann sowohl in der Form MVJLOD als auch in der Form <a class=\"decrypt\" rel=\"NWKMPEAtuvefou\/vojwfu\/iv\" href=\"javascript:void(0);\">[Click to see email]<\/a> eingegeben werden.<\/strong><\/li> <li>Benutzername und Passwort f\u00fcr das Mitarbeiter-Netzwerk (Active Directory), die von der IT-Abteilung vorgegeben werden.<\/li> <li>Ihr Passwort und Ihre E-Mail f\u00fcr Administratoren, die Sie f\u00fcr die Admin-Schnittstelle erhalten haben.<\/li> <li>Sie k\u00f6nnen die Editor-Rechte beim Website-Administrator Ihres Lehrstuhls anfordern.<\/li> <\/ul> <p><strong>Wenn Sie Probleme beim Login haben, teilen Sie uns das bitte unter der E-Mail-Adresse <a class=\"decrypt\" rel=\"juAvojwfu\/iv\" href=\"javascript:void(0);\">[Click to see email]<\/a> mit.<\/strong><\/p> <p>&nbsp;<\/p>","protected":false},"excerpt":{"rendered":"<p>&nbsp; Die von Ihnen angeforderte Seite ist passwortgesch\u00fctzt. F\u00fcr das Login werden folgende Passw\u00f6rter akzeptiert: Login f\u00fcr Studenten: Ihr Neptun-Code und Passwort. Ihr Passwort ist dasjenige, was Sie im Korrespondenzsystem der Uni benutzen. Wenn Sie es noch nicht benutzt haben, dann ist es in der Standardeinstellung Ihr Geburtsdatum (Jahr, Monat, Tag) und davor Bd, z.<\/p>\n","protected":false},"author":1,"featured_media":0,"parent":0,"menu_order":213,"comment_status":"closed","ping_status":"closed","template":"page-templates\/page-login.php","meta":{"_acf_changed":false,"footnotes":""},"categories":[],"tags":[],"class_list":["post-5890","page","type-page","status-publish","hentry"],"acf":[],"_links":{"self":[{"href":"https:\/\/univet.hu\/de\/wp-json\/wp\/v2\/pages\/5890","targetHints":{"allow":["GET"]}}],"collection":[{"href":"https:\/\/univet.hu\/de\/wp-json\/wp\/v2\/pages"}],"about":[{"href":"https:\/\/univet.hu\/de\/wp-json\/wp\/v2\/types\/page"}],"author":[{"embeddable":true,"href":"https:\/\/univet.hu\/de\/wp-json\/wp\/v2\/users\/1"}],"replies":[{"embeddable":true,"href":"https:\/\/univet.hu\/de\/wp-json\/wp\/v2\/comments?post=5890"}],"version-history":[{"count":0,"href":"https:\/\/univet.hu\/de\/wp-json\/wp\/v2\/pages\/5890\/revisions"}],"wp:attachment":[{"href":"https:\/\/univet.hu\/de\/wp-json\/wp\/v2\/media?parent=5890"}],"wp:term":[{"taxonomy":"category","embeddable":true,"href":"https:\/\/univet.hu\/de\/wp-json\/wp\/v2\/categories?post=5890"},{"taxonomy":"post_tag","embeddable":true,"href":"https:\/\/univet.hu\/de\/wp-json\/wp\/v2\/tags?post=5890"}],"curies":[{"name":"wp","href":"https:\/\/api.w.org\/{rel}","templated":true}]}}