{"id":5970,"date":"2018-02-08T16:17:00","date_gmt":"2018-02-08T15:17:00","guid":{"rendered":"http:\/\/univet.hu\/studenten\/fur-interessenten\/zulassungsbedingungen\/"},"modified":"2023-11-22T12:21:50","modified_gmt":"2023-11-22T11:21:50","slug":"zulassungsbedingungen","status":"publish","type":"page","link":"https:\/\/univet.hu\/de\/fur-interessenten\/zulassungsbedingungen\/","title":{"rendered":"Bewerbung und Zulassungsbedingungen"},"content":{"rendered":"<h4>\u00a0<strong>Die Bewerbungsunterlagen bestehen aus:<\/strong><\/h4> <p style=\"padding-left: 30px;\">1) Zeugnis der allgemeinen Hochschulreife. Falls dieses zur Zeit der Bewerbung noch nicht vorliegt, wird um das Halbjahreszeugnis des laufenden Schuljahres gebeten.<\/p> <p style=\"padding-left: 30px;\">2) Lebenslauf, Motivationsschreiben<\/p> <p style=\"padding-left: 30px;\">3) Gesundheitsattest (z.B. vom Hausarzt) \u00fcber Studientauglichkeit<\/p> <p style=\"padding-left: 30px;\">4) Kopie des Personalausweises \/ Reisepasses<\/p> <p style=\"padding-left: 30px;\">5) Empfehlungsschreiben (z.B. von fr\u00fcheren Budapester Studenten, Ihrem Tierarzt oder Lehrer) sind willkommen<\/p> <p style=\"padding-left: 30px;\">6) evtl. Nachweise von absolvierten Studienleistungen.<\/p> <p>Allgemein wird in Budapest das Veterin\u00e4rstudium mit einem Beginn zum Wintersemester angeboten \u2013 darauf ist das Curriculum (Reihenfolge der Lehrf\u00e4cher) ausgerichtet. Die flexible Studien- und Pr\u00fcfungsordnung erm\u00f6glicht es jedoch einige wenige Studienpl\u00e4tze zum \u201eQuereinstieg\u201c anzubieten. Dies kommt vor allem f\u00fcr Studienwechsler von einer anderen Universit\u00e4t in Frage.<\/p> <p class=\"elementtoproof\"> <h4><strong>Allgemeine Bedingungen<\/strong><\/h4> <p>Das Bewerbungsverfahren schlie\u00dft f\u00fcr Abiturienten deutscher, \u00f6sterreichischer und Schweizer Mittelschulen keine Aufnahmepr\u00fcfung ein. Die Zulassung erfolgt auf Grund der vom Bewerber vorgelegten Unterlagen. Die Zulassungskommission tagt jeweils in der ersten H\u00e4lfte der Monate Januar \u2013 Juli und ca. w\u00f6chentlich im August und Dezember. Eventuelle feie Pl\u00e4tze f\u00fcr das laufende Studienjahr k\u00f6nnen im Nachr\u00fcckverfahren bis Anfang Oktober verteilt werden. Bewerber werden jeweils per E-Mail (und Post) \u00fcber die Entscheidung informiert.<\/p> <p>Da das Studium an der Veterin\u00e4rmedizinischen Universit\u00e4t vorwiegend auf naturwissenschaftlichen Kenntnissen basiert, werden in erster Linie diejenigen Bewerber zugelassen, die<\/p> <ol> <li>a) naturwissenschaftliche F\u00e4cher absolviert haben<\/li> <li>b) in einem, mit Biologie in Zusammenhang stehenden Arbeitskreis t\u00e4tig waren<\/li> <li>c) fachrelevante Praktika und \/ oder Ausbildung absolviert haben<\/li> <\/ol> <h4><\/h4> <h4><strong>Vorbereitungskurse<\/strong><\/h4> <p>Da das Studium an der Universit\u00e4t stark naturwissenschaftlich ausgerichtet ist, bietet das McDaniel College Budapest die M\u00f6glichkeiten an, die F\u00e4cher Biologie, Chemie und Physik aufzufrischen. Das Vorbereitungsjahr ist eher f\u00fcr Studienbewerber, das intensive, zweiw\u00f6chige Programm im August den angehenden Studenten zu empfehlen \u2013 besonders, wenn Sie die entsprechenden F\u00e4cher im Gymnasium fr\u00fchzeitig abgew\u00e4hlt haben, oder den Uni-Anforderungen leichter gerecht werden m\u00f6chten.<\/p> <p>&nbsp;<\/p>","protected":false},"excerpt":{"rendered":"<p>\u00a0Die Bewerbungsunterlagen bestehen aus: 1) Zeugnis der allgemeinen Hochschulreife. Falls dieses zur Zeit der Bewerbung noch nicht vorliegt, wird um das Halbjahreszeugnis des laufenden Schuljahres gebeten. 2) Lebenslauf, Motivationsschreiben 3) Gesundheitsattest (z.B. vom Hausarzt) \u00fcber Studientauglichkeit 4) Kopie des Personalausweises \/ Reisepasses 5) Empfehlungsschreiben (z.B. von fr\u00fcheren Budapester Studenten, Ihrem Tierarzt oder Lehrer) sind willkommen<\/p>\n","protected":false},"author":1,"featured_media":0,"parent":1223,"menu_order":70,"comment_status":"closed","ping_status":"closed","template":"","meta":{"_acf_changed":false,"footnotes":""},"categories":[],"tags":[],"class_list":["post-5970","page","type-page","status-publish","hentry"],"acf":[],"_links":{"self":[{"href":"https:\/\/univet.hu\/de\/wp-json\/wp\/v2\/pages\/5970","targetHints":{"allow":["GET"]}}],"collection":[{"href":"https:\/\/univet.hu\/de\/wp-json\/wp\/v2\/pages"}],"about":[{"href":"https:\/\/univet.hu\/de\/wp-json\/wp\/v2\/types\/page"}],"author":[{"embeddable":true,"href":"https:\/\/univet.hu\/de\/wp-json\/wp\/v2\/users\/1"}],"replies":[{"embeddable":true,"href":"https:\/\/univet.hu\/de\/wp-json\/wp\/v2\/comments?post=5970"}],"version-history":[{"count":0,"href":"https:\/\/univet.hu\/de\/wp-json\/wp\/v2\/pages\/5970\/revisions"}],"up":[{"embeddable":true,"href":"https:\/\/univet.hu\/de\/wp-json\/wp\/v2\/pages\/1223"}],"wp:attachment":[{"href":"https:\/\/univet.hu\/de\/wp-json\/wp\/v2\/media?parent=5970"}],"wp:term":[{"taxonomy":"category","embeddable":true,"href":"https:\/\/univet.hu\/de\/wp-json\/wp\/v2\/categories?post=5970"},{"taxonomy":"post_tag","embeddable":true,"href":"https:\/\/univet.hu\/de\/wp-json\/wp\/v2\/tags?post=5970"}],"curies":[{"name":"wp","href":"https:\/\/api.w.org\/{rel}","templated":true}]}}