{"id":5978,"date":"2018-06-19T08:17:00","date_gmt":"2018-06-19T06:17:00","guid":{"rendered":"http:\/\/univet.hu\/studenten\/studentensekretariat\/akademische-informationen\/"},"modified":"2026-02-03T15:42:25","modified_gmt":"2026-02-03T14:42:25","slug":"akademische-informationen","status":"publish","type":"page","link":"https:\/\/univet.hu\/de\/studenten\/aktuelles\/akademische-informationen\/","title":{"rendered":"Kalender 2025\/2026"},"content":{"rendered":"<p><strong>WINTERSEMESTER 2025<\/strong><\/p> <p><strong>\u00a0<\/strong><\/p> <ul> <li><strong>Feierliche Er\u00f6ffnung des 239. akademischen Jahres:<\/strong> Freitag, 5. September 2025, 10:00 Uhr Aula (Bethlen G. u. 20-24)<\/li> <li><strong>Studienbeginn: <\/strong>Montag, 08. September 2025<\/li> <li><strong>Immatrikulation f\u00fcr das 1. deutsche Semester: Donnerstag, 4. September 2025, 10 Uhr<\/strong><\/li> <li><strong>Immatrikulation f\u00fcr h\u00f6here Semester<\/strong> <strong>vom 27. August 2025,<\/strong> <strong>8 Uhr bis 12. September 2025, 23 Uhr, Fachregistration <\/strong><strong>vom 27. August 2025,<\/strong> <strong>8 Uhr bis 12. September 2025, 23 Uhr<\/strong><\/li> <\/ul> <p>Ohne immatrikuliert zu sein sind Sie nicht berechtigt an den Praktika oder Pr\u00fcfungen teilzunehmen.<\/p> <ul> <li><strong>Frist f\u00fcr die Exmatrikulation mit (teilweiser) R\u00fcckerstattung der Studiengeb\u00fchr: 30. September 2025.<\/strong><\/li> <\/ul> <p><strong>\u00a0<\/strong><\/p> <p><strong><u>Vorlesungen und Praktika<\/u><\/strong><u>: <\/u><\/p> <ol start=\"8\"> <li>September &#8211; 12. Dezember 2025<\/li> <\/ol> <p><strong><u>Pr\u00fcfungen<\/u><\/strong><u>: <\/u><\/p> <ol start=\"15\"> <li>&#8211; 23. Dez. 2025, sowie 02. Jan. \u2013 30. Jan 2026 (zwischen 24. Dezember 2025 \u2013 1. Januar 2026 ist das Uni-Geb\u00e4ude geschlossen)<\/li> <\/ol> <p>Einreichung der Antr\u00e4ge des Rektors und des Vizerektors: Montag, 26. Januar \u2013 Freitag, 30. Januar 2026 (8:00 \u2013 15:00 Uhr)<\/p> <p>&nbsp;<\/p> <p><strong><u>Feiertage: <\/u><\/strong><\/p> <p>23. Oktober 2025 (Donnerstag) \u2013 Nationalfeiertag (Revolution und Unabh\u00e4ngigkeitskrieg von 1956)<\/p> <p>&nbsp;<\/p> <p><strong><u>Besondere Anl\u00e4sse:<\/u><\/strong><\/p> <ul> <li>\u201eProgramme der Frischlinge\u201c: 8. \u2013 12. September 2025<\/li> <li>Picknick mit Ochsenbraten: Donnerstag, 11. September 2025<\/li> <li>Storchenball: Samstag, 8. November 2025<\/li> <li>Wissenschaftliche Studentenkonferenz: Mittwoch, 19. November 2025<\/li> <\/ul> <p>&nbsp;<\/p> <p><strong>FR\u00dcHLINGSSEMESTER 2026<\/strong><\/p> <ul> <li>Die Einschreibung und Kursanmeldung f\u00fcr aktive, inaktive oder passive Studierende erfolgt ausschlie\u00dflich in NEPTUN, ONLINE: vom <strong>30. Januar 2026 (Freitag) um 8:00 Uhr<\/strong> bis zum 9. Februar (Montag) um 23:00 Uhr ausschlie\u00dflich in NEPTUN. Danach k\u00f6nnen Sie sich nur noch gegen einen Aufpreis von 100 EUR\/Woche anmelden, jedoch sp\u00e4testens bis zum 28. Februar 2026.Bitte beachten Sie (1): Die angegebenen Fristen gelten NICHT f\u00fcr den Beginn der Zahlungen und NICHT f\u00fcr den Eingang Ihrer Studiengeb\u00fchren bei der Bank, sondern f\u00fcr die Anmeldung beim Studentensekretariat auf dem Campus. <p>Bitte beachten Sie (2): Die Anmeldung zu den F\u00e4chern in Neptun und f\u00fcr das Semester mit dem Anmeldeformular gelten als Anmeldung (in Bezug auf die R\u00fcckerstattung der Studiengeb\u00fchren) und beide Verwaltungsschritte sind vor dem offiziellen Semesterbeginn erforderlich!<\/p> <p>Bitte beachten Sie (3): Ohne Anmeldung sind Sie nicht berechtigt, an Vorlesungen und\/oder Praktika teilzunehmen. Bei mehr als vier Wochen Abwesenheit (30 %) in einem Semester erfolgt ein automatischer Ausschluss aus dem Semester.<\/p> <p>Frist f\u00fcr den R\u00fccktritt mit (teilweiser) R\u00fcckerstattung der Studiengeb\u00fchren: <strong>28. Februar 2026.<\/strong><\/li> <\/ul> <p><strong>\u00a0<\/strong><strong><u>Vorlesungen und Praktika<\/u><\/strong><u>: <\/u><\/p> <ul> <li>2. Februar \u2013 15. Mai 2026<\/li> <\/ul> <p><strong><u>Pr\u00fcfungen: <\/u><\/strong><\/p> <ul> <li>18 Mai \u2013 26. Juni 2026<\/li> <\/ul> <p><strong><u>Feiertage, Semesterferien:<\/u><\/strong><\/p> <ul> <li>Fr\u00fchlingspause 30. M\u00e4rz &#8211; 06. April<\/li> <li>April (Freitag) \u2013 Karfreitag<\/li> <li>April (Montag) &#8211; Osternmontag<\/li> <li>Mai (Freitag) \u2013 Tag der Arbeit<\/li> <li>Mai (Montag) &#8211; Pfingsten<\/li> <\/ul> <p>&nbsp;<\/p> <p><strong><u>Besondere Anl\u00e4sse<\/u><\/strong><u>:<\/u><\/p> <ul> <li>Jobmesse: Donnerstag, den 12. Februar 2026, 10 Uhr<\/li> <li>Diplomverleih: Freitag, den 27. Februar 2026, 14.30 Uhr<\/li> <li>Konzert der Studenten: Mittwoch, den 22. April 2026, 17 Uhr<\/li> <li>Equus- (Studenten-)Tage: 7 \u2013 11. April 2026, Internat. Tag: Mittwoch, 8. April<\/li> <li>Verabschiedung der Studenten des 5. Jahrganges: Freitag, 8 Mai 2026, 10 Uhr<\/li> <li>Tag der Helden: Freitag, den 29. Mai 2026, 11 Uhr<\/li> <\/ul> <p>&nbsp;<\/p>","protected":false},"excerpt":{"rendered":"<p>WINTERSEMESTER 2025 \u00a0 Feierliche Er\u00f6ffnung des 239. akademischen Jahres: Freitag, 5. September 2025, 10:00 Uhr Aula (Bethlen G. u. 20-24) Studienbeginn: Montag, 08. September 2025 Immatrikulation f\u00fcr das 1. deutsche Semester: Donnerstag, 4. September 2025, 10 Uhr Immatrikulation f\u00fcr h\u00f6here Semester vom 27. August 2025, 8 Uhr bis 12. September 2025, 23 Uhr, Fachregistration vom<\/p>\n","protected":false},"author":1,"featured_media":0,"parent":41646,"menu_order":0,"comment_status":"closed","ping_status":"closed","template":"","meta":{"_acf_changed":false,"footnotes":""},"categories":[],"tags":[],"class_list":["post-5978","page","type-page","status-publish","hentry"],"acf":[],"_links":{"self":[{"href":"https:\/\/univet.hu\/de\/wp-json\/wp\/v2\/pages\/5978","targetHints":{"allow":["GET"]}}],"collection":[{"href":"https:\/\/univet.hu\/de\/wp-json\/wp\/v2\/pages"}],"about":[{"href":"https:\/\/univet.hu\/de\/wp-json\/wp\/v2\/types\/page"}],"author":[{"embeddable":true,"href":"https:\/\/univet.hu\/de\/wp-json\/wp\/v2\/users\/1"}],"replies":[{"embeddable":true,"href":"https:\/\/univet.hu\/de\/wp-json\/wp\/v2\/comments?post=5978"}],"version-history":[{"count":5,"href":"https:\/\/univet.hu\/de\/wp-json\/wp\/v2\/pages\/5978\/revisions"}],"predecessor-version":[{"id":198647,"href":"https:\/\/univet.hu\/de\/wp-json\/wp\/v2\/pages\/5978\/revisions\/198647"}],"up":[{"embeddable":true,"href":"https:\/\/univet.hu\/de\/wp-json\/wp\/v2\/pages\/41646"}],"wp:attachment":[{"href":"https:\/\/univet.hu\/de\/wp-json\/wp\/v2\/media?parent=5978"}],"wp:term":[{"taxonomy":"category","embeddable":true,"href":"https:\/\/univet.hu\/de\/wp-json\/wp\/v2\/categories?post=5978"},{"taxonomy":"post_tag","embeddable":true,"href":"https:\/\/univet.hu\/de\/wp-json\/wp\/v2\/tags?post=5978"}],"curies":[{"name":"wp","href":"https:\/\/api.w.org\/{rel}","templated":true}]}}