{"id":616,"date":"2018-02-26T00:16:00","date_gmt":"2016-09-26T12:11:00","guid":{"rendered":"http:\/\/univet.hu\/fuer-studenten\/studentensekretariat\/"},"modified":"2025-10-16T08:07:40","modified_gmt":"2025-10-16T06:07:40","slug":"studierendensekretariat","status":"publish","type":"page","link":"https:\/\/univet.hu\/de\/studenten\/studierendensekretariat\/","title":{"rendered":"Studierendensekretariat"},"content":{"rendered":"<p><strong>Leiter des Sekretariats f\u00fcr internationale Studieng\u00e4nge: <\/strong><\/p> <p>Dr. L\u00e1szl\u00f3 <strong>REINITZ<\/strong><\/p> <p><strong>B\u00fcro:<\/strong> Geb\u00e4ude \u201cH\u201d, 1. Stock<\/p> <p><strong>Email:\u00a0<\/strong>\u00a0<a class=\"decrypt\" rel=\"sfjoju{\/mbt{mp\/{pmuboAvojwfu\/iv\" href=\"javascript:void(0);\">[Click to see email]<\/a><\/p> <p><strong>Telefon:\u00a0<\/strong>(1) 478 4100 \/ 8456<\/p> <p>&nbsp;<\/p> <p><span style=\"text-decoration: underline\"><strong>Ansprechparterin:<\/strong><\/span><\/p> <p><em><strong>D\u00f3ra KOV\u00c1CS<\/strong>, <a class=\"decrypt\" rel=\"Lpwbdt\/Epsb3Avojwfu\/iv\" href=\"javascript:void(0);\">[Click to see email]<\/a>, Geb\u00e4ude H, 1.Stock<\/em><\/p> <p><i><b>Telefon<\/b>: (+36 1) 478 &#8211; 4117 ODER (+36 1) 478 &#8211; 4100 eingeben und danach Durchwahl 8125 w\u00e4hlen!<\/i><\/p> <p>&nbsp;<\/p> <p><strong>Studierendensekretariat f\u00fcr Studenten der deutschsprachigen Studieng\u00e4nge (1. und 2. Jahrgang und inaktive Studente):<\/strong><\/p> <ul style=\"list-style-type: disc\"> <li>Einschreibung<\/li> <li>\u00c4nderung der pers\u00f6nlichen Daten<\/li> <li>Exmatrikulation<\/li> <li>Bescheinigungen (Immatrikulationsbescheinigung, Notenspiegel)<\/li> <li>Studentenausweis<\/li> <li>Beglaubigungen von Abschlusszeugnissen, die an unserer Uni ausgestellt wurden<\/li> <li>Falls Sie unsere Universit\u00e4t gern kennenlernen und uns einen pers\u00f6nlichen Besuch abstatten wollen, dann wenden Sie sich bitte an unsere Ansprechpartnerin!<\/li> <\/ul> <p>&nbsp;<\/p> <p><strong>Sprechstunden\u00a0(w\u00e4hrend des akademischen Jahres): <\/strong><\/p> <p>Montag: 9 \u2013 13 Uhr<\/p> <p>Dienstag: keine Sprechstunde<\/p> <p>Mittwoch: 9-13 Uhr<\/p> <p>Donnerstag: 9-11 und 13-15 Uhr<\/p> <p>Freitag: keine Sprechstunde<\/p> <p>&nbsp;<\/p> <h4><strong>Studentensekretariat<\/strong><\/h4> <p><em>Addresse:<\/em><\/p> <p><em>Veterin\u00e4rmedizinische Universit\u00e4t Budapest, Sekretariat f\u00fcr Internationale Programme<\/em><\/p> <p><em>H-1400 Budapest, P.O.Box 2, Ungarn<\/em><\/p> <p><em>1078 Budapest, Istv\u00e1n u. 2. Geb\u00e4ude H. 1. Stock<\/em><\/p> <p><em>E-mail: student\u201dat\u201dunivet.hu<\/em><\/p> <p><span class=\"emphasis\" style=\"font-size: 14pt;color: #ffffff\">COVID-19 Info f\u00fcr Interessenten <a style=\"color: #ffffff\" href=\"https:\/\/univet.hu\/de\/studenten\/fur-interessenten\/zulassungsbedingungen\/\" target=\"_blank\" rel=\"noopener\">klikken Sie hier<\/a><\/span><\/p>","protected":false},"excerpt":{"rendered":"<p>Die ersten Tage an der Universit\u00e4t k\u00f6nnen f\u00fcr unsere Studierenden eine \u00fcberw\u00e4ltigende Erfahrung sein: eine neue Umgebung, neue Gesichter, neue Kurse, B\u00fccher und ein Leben fern von der Heimat. Aber das Studierendensekretariat tut sein Bestes, um Ihnen zu helfen, diese Zeit gut zu bew\u00e4ltigen<\/p>\n","protected":false},"author":1,"featured_media":0,"parent":349,"menu_order":22,"comment_status":"closed","ping_status":"closed","template":"","meta":{"_acf_changed":false,"footnotes":""},"categories":[],"tags":[],"class_list":["post-616","page","type-page","status-publish","hentry"],"acf":[],"_links":{"self":[{"href":"https:\/\/univet.hu\/de\/wp-json\/wp\/v2\/pages\/616","targetHints":{"allow":["GET"]}}],"collection":[{"href":"https:\/\/univet.hu\/de\/wp-json\/wp\/v2\/pages"}],"about":[{"href":"https:\/\/univet.hu\/de\/wp-json\/wp\/v2\/types\/page"}],"author":[{"embeddable":true,"href":"https:\/\/univet.hu\/de\/wp-json\/wp\/v2\/users\/1"}],"replies":[{"embeddable":true,"href":"https:\/\/univet.hu\/de\/wp-json\/wp\/v2\/comments?post=616"}],"version-history":[{"count":6,"href":"https:\/\/univet.hu\/de\/wp-json\/wp\/v2\/pages\/616\/revisions"}],"predecessor-version":[{"id":192674,"href":"https:\/\/univet.hu\/de\/wp-json\/wp\/v2\/pages\/616\/revisions\/192674"}],"up":[{"embeddable":true,"href":"https:\/\/univet.hu\/de\/wp-json\/wp\/v2\/pages\/349"}],"wp:attachment":[{"href":"https:\/\/univet.hu\/de\/wp-json\/wp\/v2\/media?parent=616"}],"wp:term":[{"taxonomy":"category","embeddable":true,"href":"https:\/\/univet.hu\/de\/wp-json\/wp\/v2\/categories?post=616"},{"taxonomy":"post_tag","embeddable":true,"href":"https:\/\/univet.hu\/de\/wp-json\/wp\/v2\/tags?post=616"}],"curies":[{"name":"wp","href":"https:\/\/api.w.org\/{rel}","templated":true}]}}