{"id":62166,"date":"2021-02-10T12:27:47","date_gmt":"2021-02-10T11:27:47","guid":{"rendered":"https:\/\/univet.hu\/?page_id=62166"},"modified":"2026-02-10T03:47:19","modified_gmt":"2026-02-10T02:47:19","slug":"tierschutzzentrum-vetmeduni-bud","status":"publish","type":"page","link":"https:\/\/univet.hu\/de\/universitaet\/organisationseinheiten\/tierschutzzentrum-vetmeduni-bud\/","title":{"rendered":"Tierschutzzentrum Vetmeduni BUD"},"content":{"rendered":"<p>Das am 1. Januar 2021 gegr\u00fcndete Rechts-, Analyse- und Methodenzentrum f\u00fcr Tierschutz der Veterin\u00e4rmedizinischen Universit\u00e4t (\u00c1TE-Tierschutzzentrum) hat die Aufgabe, mit einem multidisziplin\u00e4ren Ansatz einen wissenschaftlichen Hintergrund f\u00fcr Theorie und Praxis des Tierschutzes zu liefern und dabei zu helfen sowohl staatliche Entscheidungen im Zusammenhang mit dem Tierschutz als auch vor Ort t\u00e4tige Tier\u00e4rzte und Tiersch\u00fctzer. Das Zentrum ist eine l\u00fcckenhafte Wissensbasis, die nicht nur den Transfer von aktuellem Tierschutzwissen in die tier\u00e4rztliche Ausbildung sicherstellt, sondern auch Schulungen und Fachtage f\u00fcr nicht-veterin\u00e4rmedizinische Fachkr\u00e4fte und Zivilisten organisiert. Dar\u00fcber hinaus \u00fcbernimmt sie die verst\u00e4ndliche Vermittlung neuester Ergebnisse der Tierschutzforschung an die breite \u00d6ffentlichkeit.<\/p> <p>E-Mail: <a class=\"decrypt\" rel=\"bmmbuwfefmnjlp{qpouAvojwfu\/iv\" href=\"javascript:void(0);\">[Click to see email]<\/a><\/p> <p>Facebook: <a href=\"https:\/\/www.facebook.com\/AllatvedelmiKozpont\">https:\/\/www.facebook.com\/AllatvedelmiKozpont<\/a><\/p>","protected":false},"excerpt":{"rendered":"<p>Das am 1. Januar 2021 gegr\u00fcndete Rechts-, Analyse- und Methodenzentrum f\u00fcr Tierschutz der Veterin\u00e4rmedizinischen Universit\u00e4t (\u00c1TE-Tierschutzzentrum) hat die Aufgabe, mit einem multidisziplin\u00e4ren Ansatz einen wissenschaftlichen Hintergrund f\u00fcr Theorie und Praxis des Tierschutzes zu liefern und dabei zu helfen sowohl staatliche Entscheidungen im Zusammenhang mit dem Tierschutz als auch vor Ort t\u00e4tige Tier\u00e4rzte und Tiersch\u00fctzer. Das<\/p>\n","protected":false},"author":3837,"featured_media":0,"parent":862,"menu_order":0,"comment_status":"closed","ping_status":"closed","template":"","meta":{"_acf_changed":false,"footnotes":""},"categories":[59],"tags":[],"class_list":["post-62166","page","type-page","status-publish","hentry","category-abteilungen"],"acf":[],"_links":{"self":[{"href":"https:\/\/univet.hu\/de\/wp-json\/wp\/v2\/pages\/62166","targetHints":{"allow":["GET"]}}],"collection":[{"href":"https:\/\/univet.hu\/de\/wp-json\/wp\/v2\/pages"}],"about":[{"href":"https:\/\/univet.hu\/de\/wp-json\/wp\/v2\/types\/page"}],"author":[{"embeddable":true,"href":"https:\/\/univet.hu\/de\/wp-json\/wp\/v2\/users\/3837"}],"replies":[{"embeddable":true,"href":"https:\/\/univet.hu\/de\/wp-json\/wp\/v2\/comments?post=62166"}],"version-history":[{"count":2,"href":"https:\/\/univet.hu\/de\/wp-json\/wp\/v2\/pages\/62166\/revisions"}],"predecessor-version":[{"id":199181,"href":"https:\/\/univet.hu\/de\/wp-json\/wp\/v2\/pages\/62166\/revisions\/199181"}],"up":[{"embeddable":true,"href":"https:\/\/univet.hu\/de\/wp-json\/wp\/v2\/pages\/862"}],"wp:attachment":[{"href":"https:\/\/univet.hu\/de\/wp-json\/wp\/v2\/media?parent=62166"}],"wp:term":[{"taxonomy":"category","embeddable":true,"href":"https:\/\/univet.hu\/de\/wp-json\/wp\/v2\/categories?post=62166"},{"taxonomy":"post_tag","embeddable":true,"href":"https:\/\/univet.hu\/de\/wp-json\/wp\/v2\/tags?post=62166"}],"curies":[{"name":"wp","href":"https:\/\/api.w.org\/{rel}","templated":true}]}}