{"id":62747,"date":"2021-02-25T14:25:27","date_gmt":"2021-02-25T13:25:27","guid":{"rendered":"https:\/\/univet.hu\/?page_id=62747"},"modified":"2026-02-10T04:48:55","modified_gmt":"2026-02-10T03:48:55","slug":"szekeres-sandor","status":"publish","type":"page","link":"https:\/\/univet.hu\/de\/universitaet\/mitarbeiter\/szekeres-sandor\/","title":{"rendered":"Szekeres S\u00e1ndor"},"content":{"rendered":"<p style=\"text-align: center;\"><strong>Einf\u00fchrung<\/strong><\/p> <p>Dr. S\u00e1ndor Szekeres erlangte seinen Doktortitel 2018 an der Doctoral School of Veterinary Medicine der Veterin\u00e4rmedizinischen Universit\u00e4t. Nach seinem Abschluss begann er im September 2018 seine T\u00e4tigkeit an der Abteilung f\u00fcr Parasitologie und Zoologie der Veterin\u00e4rmedizinischen Universit\u00e4t und ist neben der Lehre auch ma\u00dfgeblich an den Forschungsaktivit\u00e4ten der Abteilung beteiligt. Im letzten Jahr begann er mit seiner eigenen Forschung, wobei er sich neben Zecken auch auf parasit\u00e4re Milben und Fliegen konzentrierte. In den letzten vier Jahren war er intensiv an verschiedenen Forschungsarbeiten beteiligt. Ausgehend von der epidemiologischen Situation st\u00e4dtischer Igel und ihrer Parasiten (einschlie\u00dflich Viren) \u00fcber die epidemiologische und phylogenetische Situation fremder Zecken untersuchte er auch das Thema der parasit\u00e4ren Protozoen, die durch andere Vektoren (Fl\u00f6he und blutsaugende Bajonettfliegen) und V\u00f6gel verbreitet werden . W\u00e4hrend der Forschung sammelte er viel Erfahrung in der Entnahme von Gewebeproben (Dissektion), der Verarbeitung der Proben (DNA-Extraktion, Anpassung neuer Protokolle, phylogenetische Studien) und deren Auswertung. Dar\u00fcber hinaus ist er Mitglied mehrerer nationaler und internationaler Forschungskooperationen. In Anerkennung seiner hervorragenden wissenschaftlichen Arbeit auf seinem Fachgebiet wurde ihm 2021 der Jermy Tibor Award verliehen.<\/p> <p><strong>Forschungsschwerpunkte:<\/strong><\/p> <ul> <li>Stadt\u00f6kologie, Epidemiologie von Parasiten und ihren Erregern, Arthropoden-Ektoparasiten (Zecken, Feilen)<\/li> <\/ul> <p><strong>Fortschritt<\/strong><\/p> <p>2019 \u2013 wissenschaftlicher Mitarbeiter<\/p> <p>2020 &#8211; Universit\u00e4tsassistenzprofessor<\/p> <p><strong>Mitgliedschaft in einer Berufsorganisation<\/strong><\/p> <p><strong>Anzahl der bisherigen Abschlussarbeiten\/TDK-Studierenden:<\/strong><\/p> <p>4<\/p> <p>Doktoranden<\/p> <p><strong>Publikationsliste (Top10)<\/strong><\/p> <p>MTMT:<\/p> <p>1. Jahfari, S; Coipan, EC; Fonville, M ; Docters, van Leeuwen A; Hengeveld, PD ; Heylen, D ; Heyman, P ; van Maanen, C ; Butler, CM; F\u00f6ldv\u00e1ri, G et al. Verbreitung von vier Anaplasma phagocytophilum-\u00d6kotypen in Europa PARASITEN UND VEKTOREN 7: 1 Papier: 365, 11 S. (2014)<br \/> 2. F\u00f6ldv\u00e1ri, G ; Siroky, P ; Majoros, G ; Sekeres, S ; Sprong, H Dermacentor reticulatus: ein Vektor auf dem Vormarsch PARASITEN UND VEKTOREN 9 Papier: 314, 29 S. (2016)<br \/> 3. F\u00f6ldv\u00e1ri, G ; Jahfari, S ; Thrush, K ; Sekeres, S ; Jablonszky, M ; Majoros, G ; T\u00f3th, M ; Moln\u00e1r, V ; Coipan, EC ; Sprong, H. Candidatus Neoehrlichia mikurensis und Anaplasma phagocytophilum bei st\u00e4dtischen Igeln NEU AUFTRETENDE INFEKTIONSKRANKHEITEN 20: 3 S. 496-498. , 15 S. (2014)<br \/> 4. Szekeres, S; Coipan, EC; Thrush, K ; Majoros, G ; Jahfari, S ; Sprong, H ; F\u00f6ldv\u00e1ri, G: \u00d6koepidemiologie von Borrelia miyamotoi und Lyme-Borreliose-Spiroch\u00e4ten in einem beliebten Jagd- und Erholungswaldgebiet in Ungarn PARASITEN UND VEKTOREN 8 S. 1 Beitrag: 309, 8 S. (2015)<br \/> 5. Szekeres, S; Coipan, EC; Thrush, K ; Majoros, G ; Jahfari, S ; Sprong, H ; F\u00f6ldv\u00e1ri, G: Candidatus Neoehrlichia mikurensis und Anaplasma phagocytophilum in nat\u00fcrlichen Nagetier- und Zeckengemeinschaften in S\u00fcdungarn ZECKEN UND DURCH Zecken \u00fcbertragene Krankheiten 6: 2 S. 111-116. , 18 Uhr (2015)<br \/> 6. Szekeres, S; Docters, van Leeuwen A; Thrush, K ; Jablonszky, M ; Majoros, G ; Sprong, H ; F\u00f6ldv\u00e1ri, G: Pr\u00e4valenz und Diversit\u00e4t humanpathogener Rickettsien in st\u00e4dtischen und l\u00e4ndlichen Lebensr\u00e4umen, Ungarn EXPERIMENTELLE UND ANGEWANDTE AKAROLOGIE 68: 2 S. 223-226. , 16 S. (2016)<br \/> 7. Szekeres, S; L\u00fcgner, J ; Fingerle, V ; Margos, G ; F\u00f6ldv\u00e1ri, G: Pr\u00e4valenz von Borrelia miyamotoi und Borrelia burgdorferi sensu lato bei der Suche nach Zecken aus einem Freizeit-Nadelwald in Ostsachsen, Deutschland ZECKEN UND DURCH Zecken \u00fcbertragene Krankheiten 8: 6 S. 922-927. , 18 Uhr (2017)<br \/> 8. S\u00e1ndor, AD; F\u00f6ldv\u00e1ri, M ; Krawczyk, AI ; Sprong, H ; Corduneanu, A ; Barti, L ; G\u00f6rf\u00f6l, T ; Est\u00f3k, P ; Kov\u00e1ts, D ; Szekeres, S et al. \u00d6koepidemiologie neuartiger Bartonella-Genotypen aus parasit\u00e4ren Fliegen insektenfressender Flederm\u00e4use. MIKROBIELLE \u00d6KOLOGIE 76: 4 S. 1076-1088. , 13 S. (2018)<br \/> 9. Vilisics, Ferenc; Szekeres, S\u00e1ndor ; Hornung, Erzs\u00e9bet: Gr\u00f6\u00dfenabh\u00e4ngige Unterschiede im Streuverbrauch von Asseln: vorl\u00e4ufige Ergebnisse ZOOKEYS 176 S. 247-259. Papier: PMCID: PMC3335418, 13 S. (2012)<br \/> 10. Reuter, G; Boros, \u00c1 ; F\u00f6ldv\u00e1ri, G ; Sekeres, S ; M\u00e1tics, R ; Kapusinszky, B ; Delwart, E ; Pankovics, P: Dicipivirus (Familie Picornaviridae) im wilden N\u00f6rdlichen Wei\u00dfbrustigel (Erinaceus roumanicus) ARCHIVE OF VIROLOGY 163: 1 S. 175-181. , 19 Uhr (2018)<\/p>","protected":false},"excerpt":{"rendered":"<p>Einf\u00fchrung Dr. S\u00e1ndor Szekeres erlangte seinen Doktortitel 2018 an der Doctoral School of Veterinary Medicine der Veterin\u00e4rmedizinischen Universit\u00e4t. Nach seinem Abschluss begann er im September 2018 seine T\u00e4tigkeit an der Abteilung f\u00fcr Parasitologie und Zoologie der Veterin\u00e4rmedizinischen Universit\u00e4t und ist neben der Lehre auch ma\u00dfgeblich an den Forschungsaktivit\u00e4ten der Abteilung beteiligt. Im letzten Jahr begann<\/p>\n","protected":false},"author":5824,"featured_media":0,"parent":859,"menu_order":211,"comment_status":"closed","ping_status":"closed","template":"","meta":{"_acf_changed":false,"footnotes":""},"categories":[55],"tags":[],"class_list":["post-62747","page","type-page","status-publish","hentry","category-mitarbeiter"],"acf":[],"_links":{"self":[{"href":"https:\/\/univet.hu\/de\/wp-json\/wp\/v2\/pages\/62747","targetHints":{"allow":["GET"]}}],"collection":[{"href":"https:\/\/univet.hu\/de\/wp-json\/wp\/v2\/pages"}],"about":[{"href":"https:\/\/univet.hu\/de\/wp-json\/wp\/v2\/types\/page"}],"author":[{"embeddable":true,"href":"https:\/\/univet.hu\/de\/wp-json\/wp\/v2\/users\/5824"}],"replies":[{"embeddable":true,"href":"https:\/\/univet.hu\/de\/wp-json\/wp\/v2\/comments?post=62747"}],"version-history":[{"count":1,"href":"https:\/\/univet.hu\/de\/wp-json\/wp\/v2\/pages\/62747\/revisions"}],"predecessor-version":[{"id":200890,"href":"https:\/\/univet.hu\/de\/wp-json\/wp\/v2\/pages\/62747\/revisions\/200890"}],"up":[{"embeddable":true,"href":"https:\/\/univet.hu\/de\/wp-json\/wp\/v2\/pages\/859"}],"wp:attachment":[{"href":"https:\/\/univet.hu\/de\/wp-json\/wp\/v2\/media?parent=62747"}],"wp:term":[{"taxonomy":"category","embeddable":true,"href":"https:\/\/univet.hu\/de\/wp-json\/wp\/v2\/categories?post=62747"},{"taxonomy":"post_tag","embeddable":true,"href":"https:\/\/univet.hu\/de\/wp-json\/wp\/v2\/tags?post=62747"}],"curies":[{"name":"wp","href":"https:\/\/api.w.org\/{rel}","templated":true}]}}