{"id":62756,"date":"2021-02-25T14:32:15","date_gmt":"2021-02-25T13:32:15","guid":{"rendered":"https:\/\/univet.hu\/?page_id=62756"},"modified":"2026-02-10T04:38:26","modified_gmt":"2026-02-10T03:38:26","slug":"keve-gergo","status":"publish","type":"page","link":"https:\/\/univet.hu\/de\/universitaet\/mitarbeiter\/keve-gergo\/","title":{"rendered":"Keve Gerg\u0151"},"content":{"rendered":"<p style=\"text-align: center;\"><strong>Einf\u00fchrung<\/strong><\/p> <p>Im Jahr 2021 schloss ich mein Studium als Tierarzt an der Veterin\u00e4rmedizinischen Universit\u00e4t ab. Ich arbeite seit M\u00e4rz dieses Jahres in der Abteilung, wo ich derzeit als Abteilungstier\u00e4rztin und Doktorandin t\u00e4tig bin.<\/p> <p><strong>Forschungsschwerpunkte:<\/strong><\/p> <ul> <li>\u00c4u\u00dfere Parasiten von V\u00f6geln<br \/> Epidemiologie vektor\u00fcbertragener Krankheitserreger<\/li> <\/ul> <p><strong>Fortschritt<\/strong><\/p> <p><strong>Mitgliedschaft in einer Berufsorganisation<\/strong><\/p> <p><strong>Anzahl der bisherigen Abschlussarbeiten\/TDK-Studierenden:<\/strong><\/p> <p><strong>Doktoranden<\/strong><br \/> <strong>Publikationsliste (Top10)<\/strong><\/p> <p>MTMT:<\/p>","protected":false},"excerpt":{"rendered":"<p>Einf\u00fchrung Im Jahr 2021 schloss ich mein Studium als Tierarzt an der Veterin\u00e4rmedizinischen Universit\u00e4t ab. Ich arbeite seit M\u00e4rz dieses Jahres in der Abteilung, wo ich derzeit als Abteilungstier\u00e4rztin und Doktorandin t\u00e4tig bin. Forschungsschwerpunkte: \u00c4u\u00dfere Parasiten von V\u00f6geln Epidemiologie vektor\u00fcbertragener Krankheitserreger Fortschritt Mitgliedschaft in einer Berufsorganisation Anzahl der bisherigen Abschlussarbeiten\/TDK-Studierenden: Doktoranden Publikationsliste (Top10) MTMT:<\/p>\n","protected":false},"author":5824,"featured_media":0,"parent":859,"menu_order":37,"comment_status":"open","ping_status":"open","template":"","meta":{"_acf_changed":false,"footnotes":""},"categories":[],"tags":[],"class_list":["post-62756","page","type-page","status-publish","hentry"],"acf":[],"_links":{"self":[{"href":"https:\/\/univet.hu\/de\/wp-json\/wp\/v2\/pages\/62756","targetHints":{"allow":["GET"]}}],"collection":[{"href":"https:\/\/univet.hu\/de\/wp-json\/wp\/v2\/pages"}],"about":[{"href":"https:\/\/univet.hu\/de\/wp-json\/wp\/v2\/types\/page"}],"author":[{"embeddable":true,"href":"https:\/\/univet.hu\/de\/wp-json\/wp\/v2\/users\/5824"}],"replies":[{"embeddable":true,"href":"https:\/\/univet.hu\/de\/wp-json\/wp\/v2\/comments?post=62756"}],"version-history":[{"count":1,"href":"https:\/\/univet.hu\/de\/wp-json\/wp\/v2\/pages\/62756\/revisions"}],"predecessor-version":[{"id":200509,"href":"https:\/\/univet.hu\/de\/wp-json\/wp\/v2\/pages\/62756\/revisions\/200509"}],"up":[{"embeddable":true,"href":"https:\/\/univet.hu\/de\/wp-json\/wp\/v2\/pages\/859"}],"wp:attachment":[{"href":"https:\/\/univet.hu\/de\/wp-json\/wp\/v2\/media?parent=62756"}],"wp:term":[{"taxonomy":"category","embeddable":true,"href":"https:\/\/univet.hu\/de\/wp-json\/wp\/v2\/categories?post=62756"},{"taxonomy":"post_tag","embeddable":true,"href":"https:\/\/univet.hu\/de\/wp-json\/wp\/v2\/tags?post=62756"}],"curies":[{"name":"wp","href":"https:\/\/api.w.org\/{rel}","templated":true}]}}