{"id":66300,"date":"2021-07-19T11:44:25","date_gmt":"2021-07-19T09:44:25","guid":{"rendered":"https:\/\/univet.hu\/?page_id=66300"},"modified":"2026-02-10T04:38:54","modified_gmt":"2026-02-10T03:38:54","slug":"tenk-miklos","status":"publish","type":"page","link":"https:\/\/univet.hu\/de\/universitaet\/mitarbeiter\/tenk-miklos\/","title":{"rendered":"Tenk Mikl\u00f3s"},"content":{"rendered":"<p><strong>\u00a0\u00a0 \u00a0 \u00a0 \u00a0 \u00a0 \u00a0 \u00a0 \u00a0 \u00a0 \u00a0 \u00a0 \u00a0 \u00a0 \u00a0 \u00a0 \u00a0 \u00a0 \u00a0 \u00a0 \u00a0 \u00a0 \u00a0 \u00a0 \u00a0 \u00a0 \u00a0 \u00a0 \u00a0 \u00a0 \u00a0 \u00a0 \u00a0 \u00a0 \u00a0 \u00a0 \u00a0 \u00a0 \u00a0 \u00a0 \u00a0 \u00a0 \u00a0 \u00a0 \u00a0 \u00a0 \u00a0 \u00a0\u00a0 Einf\u00fchrung<\/strong><\/p> <p>Dr. Mikl\u00f3s Tenk erhielt 1993 sein Diplom an der Universit\u00e4t f\u00fcr Veterin\u00e4rmedizin. Nach seinem Abschluss wurde er in der Abteilung f\u00fcr Geburtshilfe und Reproduktionsbiologie angestellt und begann 1995 seine Arbeit am Nationalen Institut f\u00fcr Tiergesundheit, wo er die Diagnostik beherrschte Methoden vieler Fachgebiete. Sein Arbeitsplatz wurde zur Abteilung f\u00fcr Bakteriologie, wo er neben der Routinediagnostik vor allem mit Mykoplasmen arbeitete.<\/p> <p>Seine Doktorarbeit schloss er am Veterin\u00e4rwissenschaftlichen Forschungsinstitut der Ungarischen Akademie der Wissenschaften ab. Er promovierte 2005 mit der Arbeit \u201eUntersuchung der Mycoplasma bovis-Infektion bei Rindern\u201c.<\/p> <p>Er wurde 2006 bei Ceva-Phylaxia als F+E-Teamleiter eingestellt, wo seine Hauptaufgabe in der Leitung und \u00dcberwachung der Entwicklung bakteriologischer Impfstoffe sowie der Planung und technischen Umsetzung bakteriologischer F&amp;E-Projekte lag.<\/p> <p>Vom 1. September 2020 bis 30. Juni 2021 war er als Forschungs- und Entwicklungsleiter bei Mikrolab Laborat\u00f3riumi Kft. t\u00e4tig.<\/p> <p>Er leitet ab 1. Juli 2021 die Abteilung f\u00fcr Epidemiologie und Mikrobiologie der Veterin\u00e4rmedizinischen Universit\u00e4t.<\/p> <p><strong>Main research areas:<\/strong><\/p> <ul> <li>Mykoplasmose bei Wiederk\u00e4uern, Schweinen und Gefl\u00fcgel<\/li> <li>Salmonellose bei Gefl\u00fcgel und Schweinen<\/li> <li>Bakterielle Atemwegserkrankungen bei Schweinen<\/li> <li>Impfstoffentwicklung<\/li> <\/ul> <p><strong>Fortschritt<\/strong><\/p> <table style=\"height: 218px;\" width=\"981\"> <tbody> <tr style=\"height: 26px;\"> <td style=\"width: 132.067px; text-align: center; height: 26px;\"><strong>Arbeitspl\u00e4tze<\/strong><\/td> <td style=\"width: 665px; text-align: center; height: 26px;\"><strong>Name der Einrichtung<\/strong><\/td> <td style=\"width: 163.533px; text-align: center; height: 26px;\"><b>Post<\/b><\/td> <\/tr> <tr style=\"height: 26px;\"> <td style=\"width: 132.067px; height: 26px; text-align: center;\">2021.07.01.<\/td> <td style=\"width: 665px; height: 26px; text-align: center;\">\u00c1llatorvostudom\u00e1nyi Egyetem, J\u00e1rv\u00e1nytani \u00e9s Mikrobiol\u00f3giai Tansz\u00e9k<\/td> <td style=\"width: 163.533px; height: 26px; text-align: center;\">Abteilungsleiter<\/td> <\/tr> <tr style=\"height: 26px;\"> <td style=\"width: 132.067px; height: 26px; text-align: center;\">2020.09.-2021.06.<\/td> <td style=\"width: 665px; height: 26px; text-align: center;\">Mikrolab Kft.<\/td> <td style=\"width: 163.533px; height: 26px; text-align: center;\">F&amp;E-Manager<\/td> <\/tr> <tr style=\"height: 26px;\"> <td style=\"width: 132.067px; height: 26px; text-align: center;\">2016\u20132020<\/td> <td style=\"width: 665px; height: 26px; text-align: center;\"> <p>Ceva-Phylaxia Zrt.<\/p> <p>Glob\u00e1lis Biol\u00f3giai Kutat\u00e1s-Fejleszt\u00e9s<\/td> <td style=\"width: 163.533px; height: 26px; text-align: center;\">Leiter der Abteilung f\u00fcr integrierte bakteriologische Entwicklung<\/td> <\/tr> <tr style=\"height: 26px;\"> <td style=\"width: 132.067px; height: 26px; text-align: center;\">2008-2016<\/td> <td style=\"width: 665px; height: 26px; text-align: center;\"> <p>Ceva-Phylaxia Zrt.<\/p> <p>Glob\u00e1lis Biol\u00f3giai Kutat\u00e1s-Fejleszt\u00e9s<\/td> <td style=\"width: 163.533px; height: 26px; text-align: center;\">Leiter der Abteilung f\u00fcr integrierte bakteriologische Entwicklung<\/td> <\/tr> <tr style=\"height: 26px;\"> <td style=\"width: 132.067px; height: 26px; text-align: center;\">2006-2008<\/td> <td style=\"width: 665px; height: 26px; text-align: center;\"> <p>Ceva-Phylaxia Zrt.<\/p> <p>Glob\u00e1lis Biol\u00f3giai Kutat\u00e1s-Fejleszt\u00e9s<\/td> <td style=\"width: 163.533px; height: 26px; text-align: center;\">Leiter des bakteriologischen Labors<\/td> <\/tr> <tr style=\"height: 26px;\"> <td style=\"width: 132.067px; height: 26px; text-align: center;\">1998-2001<\/td> <td style=\"width: 665px; height: 26px; text-align: center;\"> <table style=\"height: 56px;\" width=\"665\"> <tbody> <tr style=\"height: 56px;\"> <td style=\"height: 56px; width: 655.8px;\">MTA \u00c1llatorvostudom\u00e1nyi Kutat\u00f3int\u00e9zete<\/td> <\/tr> <\/tbody> <\/table> <\/td> <td style=\"width: 163.533px; height: 26px; text-align: center;\">Doktorand<\/td> <\/tr> <tr style=\"height: 10px;\"> <td style=\"width: 132.067px; height: 10px; text-align: center;\">1995-2006<\/td> <td style=\"width: 665px; height: 10px; text-align: center;\">Orsz\u00e1gos \u00c1llateg\u00e9szs\u00e9g\u00fcgyi Int\u00e9zet<\/td> <td style=\"width: 163.533px; height: 10px; text-align: center;\">Labortierarzt, Bakteriologe<\/td> <\/tr> <tr style=\"height: 26px;\"> <td style=\"width: 132.067px; height: 26px; text-align: center;\">1993-1994<\/td> <td style=\"width: 665px; height: 26px; text-align: center;\">\u00c1llatorvostudom\u00e1nyi Egyetem, Sz\u00fcl\u00e9szeti \u00e9s Szaporod\u00e1sbiol\u00f3giai Tansz\u00e9k<\/td> <td style=\"width: 163.533px; height: 26px; text-align: center;\">Praktikant, Abteilungstierarzt<\/td> <\/tr> <\/tbody> <\/table> <p><strong>Mitgliedschaft in einer Berufsorganisation<\/strong><\/p> <p>&nbsp;<\/p> <table style=\"height: 209px; width: 970px;\" width=\"500\"> <tbody> <tr style=\"height: 25px;\"> <td style=\"width: 525.783px; text-align: center; height: 25px;\"><strong>Name des Ausschusses<\/strong><\/td> <td style=\"width: 129.633px; text-align: center; height: 25px;\"><b>Zeit<\/b><\/td> <td style=\"width: 294.183px; text-align: center; height: 25px;\"><b>Rang<\/b><\/td> <\/tr> <tr style=\"height: 25px;\"> <td style=\"width: 525.783px; text-align: center; height: 25px;\">EAPHM (European Association for Porcine Health Management)<\/td> <td style=\"width: 129.633px; text-align: center; height: 25px;\">2014<\/td> <td style=\"width: 294.183px; text-align: center; height: 25px;\">Mitglied<\/td> <\/tr> <tr style=\"height: 25px;\"> <td style=\"width: 525.783px; text-align: center; height: 25px;\">Magyar Baromfieg\u00e9szs\u00e9g\u00fcgyi T\u00e1rsas\u00e1g<\/td> <td style=\"width: 129.633px; text-align: center; height: 25px;\">1996<\/td> <td style=\"width: 294.183px; text-align: center; height: 25px;\">Mitglied<\/td> <\/tr> <tr style=\"height: 25px;\"> <td style=\"width: 525.783px; text-align: center; height: 25px;\">REA<\/td> <td style=\"width: 129.633px; text-align: center; height: 25px;\">2013<\/td> <td style=\"width: 294.183px; text-align: center; height: 25px;\">Experte<\/td> <\/tr> <tr style=\"height: 25px;\"> <td style=\"width: 525.783px; height: 25px;\"><\/td> <td style=\"width: 129.633px; height: 25px;\"><\/td> <td style=\"width: 294.183px; height: 25px;\"><\/td> <\/tr> <\/tbody> <\/table> <p>&nbsp;<\/p> <p><strong>Anzahl der bisherigen Abschlussarbeiten\/TDK-Studierenden:<\/strong><\/p> <p><strong>Publikationsliste (Top10)<\/strong><\/p> <p>MTMT:\u00a0 <a href=\"https:\/\/m2.mtmt.hu\/gui2\/?type=authors&amp;mode=browse&amp;sel=10023011\">https:\/\/m2.mtmt.hu\/gui2\/?type=authors&amp;mode=browse&amp;sel=10023011<\/a><\/p> <p><strong>Patent<\/strong><\/p> <p>Thevenon, J\u00e9r\u00f4me, Mis\u00e1k Ferenc, <a href=\"https:\/\/m2.mtmt.hu\/api\/author\/10023011\">Tenk Mikl\u00f3s<\/a>: NOVEL <a href=\"https:\/\/m2.mtmt.hu\/api\/publication\/31877577\">VETERINARY VACCINE<\/a>. US2015174240A1, USA Patent<\/p> <p>&nbsp;<\/p>","protected":false},"excerpt":{"rendered":"<p>\u00a0\u00a0 \u00a0 \u00a0 \u00a0 \u00a0 \u00a0 \u00a0 \u00a0 \u00a0 \u00a0 \u00a0 \u00a0 \u00a0 \u00a0 \u00a0 \u00a0 \u00a0 \u00a0 \u00a0 \u00a0 \u00a0 \u00a0 \u00a0 \u00a0 \u00a0 \u00a0 \u00a0 \u00a0 \u00a0 \u00a0 \u00a0 \u00a0 \u00a0 \u00a0 \u00a0 \u00a0 \u00a0 \u00a0 \u00a0 \u00a0 \u00a0 \u00a0 \u00a0 \u00a0 \u00a0 \u00a0 \u00a0\u00a0 Einf\u00fchrung Dr. Mikl\u00f3s Tenk erhielt 1993 sein Diplom<\/p>\n","protected":false},"author":5824,"featured_media":0,"parent":859,"menu_order":37,"comment_status":"closed","ping_status":"closed","template":"","meta":{"_acf_changed":false,"footnotes":""},"categories":[55],"tags":[],"class_list":["post-66300","page","type-page","status-publish","hentry","category-mitarbeiter"],"acf":[],"_links":{"self":[{"href":"https:\/\/univet.hu\/de\/wp-json\/wp\/v2\/pages\/66300","targetHints":{"allow":["GET"]}}],"collection":[{"href":"https:\/\/univet.hu\/de\/wp-json\/wp\/v2\/pages"}],"about":[{"href":"https:\/\/univet.hu\/de\/wp-json\/wp\/v2\/types\/page"}],"author":[{"embeddable":true,"href":"https:\/\/univet.hu\/de\/wp-json\/wp\/v2\/users\/5824"}],"replies":[{"embeddable":true,"href":"https:\/\/univet.hu\/de\/wp-json\/wp\/v2\/comments?post=66300"}],"version-history":[{"count":1,"href":"https:\/\/univet.hu\/de\/wp-json\/wp\/v2\/pages\/66300\/revisions"}],"predecessor-version":[{"id":200550,"href":"https:\/\/univet.hu\/de\/wp-json\/wp\/v2\/pages\/66300\/revisions\/200550"}],"up":[{"embeddable":true,"href":"https:\/\/univet.hu\/de\/wp-json\/wp\/v2\/pages\/859"}],"wp:attachment":[{"href":"https:\/\/univet.hu\/de\/wp-json\/wp\/v2\/media?parent=66300"}],"wp:term":[{"taxonomy":"category","embeddable":true,"href":"https:\/\/univet.hu\/de\/wp-json\/wp\/v2\/categories?post=66300"},{"taxonomy":"post_tag","embeddable":true,"href":"https:\/\/univet.hu\/de\/wp-json\/wp\/v2\/tags?post=66300"}],"curies":[{"name":"wp","href":"https:\/\/api.w.org\/{rel}","templated":true}]}}