{"id":67708,"date":"2021-09-06T14:43:58","date_gmt":"2021-09-06T12:43:58","guid":{"rendered":"https:\/\/univet.hu\/?page_id=67708"},"modified":"2026-02-10T04:37:07","modified_gmt":"2026-02-10T03:37:07","slug":"wagenhoffer-zsombor","status":"publish","type":"page","link":"https:\/\/univet.hu\/de\/universitaet\/mitarbeiter\/wagenhoffer-zsombor\/","title":{"rendered":"Wagenhoffer Zsombor"},"content":{"rendered":"<p><strong>Vorstellung<\/strong><\/p> <p>&nbsp;<\/p> <p><strong>Forschungsschwerpunkte:<\/strong><\/p> <ul> <li>Zuchtorganisation,<\/li> <li>Fleischviehzucht,<\/li> <li>Beurteilung des Aussehens von Fleischrindern,<\/li> <li>Mastpotenzial von Rindern und Schafen, Schlacht- und Fleischqualit\u00e4t,<\/li> <li>Weltmarkt f\u00fcr tierische Produkte,<\/li> <li>Analysen, Strategien der Rinder-, Schaf-, Pferde- und Schweineindustrie,<\/li> <li>Weidetierhaltung,<\/li> <li>interprofessionelle Organisationen<\/li> <\/ul> <p>&nbsp;<\/p> <p><strong>Mitgliederschaft<\/strong><\/p> <table style=\"height: 170px;\" width=\"879\"> <tbody> <tr style=\"height: 25px;\"> <td style=\"width: 293.316px; height: 25px; text-align: center;\"><strong>Komitees<\/strong><\/td> <td style=\"width: 273.49px; height: 25px; text-align: center;\"><strong>Period<\/strong><\/td> <td style=\"width: 292.917px; height: 25px; text-align: center;\"><strong>Position<\/strong><\/td> <\/tr> <tr style=\"height: 21px;\"> <td style=\"width: 293.316px; height: 21px; text-align: center;\">Nationale Landwirtschaftskammer<\/td> <td style=\"width: 273.49px; height: 21px; text-align: center;\">2018-<\/td> <td style=\"width: 292.917px; height: 21px; text-align: center;\">Landesklassenpr\u00e4sident<\/td> <\/tr> <tr style=\"height: 25px;\"> <td style=\"width: 293.316px; height: 25px; text-align: center;\">Tierzucht und F\u00fctterung<\/td> <td style=\"width: 273.49px; height: 25px; text-align: center;\">2010-<\/td> <td style=\"width: 292.917px; height: 25px; text-align: center;\">Redaktionsmitglied<\/td> <\/tr> <tr style=\"height: 25px;\"> <td style=\"width: 293.316px; height: 25px; text-align: center;\">Zeitschrift f\u00fcr ungarische Tierz\u00fcchter<\/td> <td style=\"width: 273.49px; height: 25px; text-align: center;\">2007-<\/td> <td style=\"width: 292.917px; height: 25px; text-align: center;\">Chefredakteur<\/td> <\/tr> <tr style=\"height: 25px;\"> <td style=\"width: 293.316px; height: 25px; text-align: center;\">Verband ungarischer Tierz\u00fcchter<\/td> <td style=\"width: 273.49px; height: 25px; text-align: center;\">2005-<\/td> <td style=\"width: 292.917px; height: 25px; text-align: center;\">Gesch\u00e4ftsf\u00fchrer<\/td> <\/tr> <\/tbody> <\/table> <p>&nbsp;<\/p> <p><strong>Auszeichnungen<\/strong>:<\/p> <p>Konkoly-Thege Sandor\u00a0Auszeichnungen (2019)<\/p> <p>&nbsp;<\/p> <p><strong>Ver\u00f6ffentlichungen<\/strong><\/p> <p><a href=\"https:\/\/matarka.hu\/\"><strong>MATARKA<\/strong><\/a> Anzahl der in der Datenbank ver\u00f6ffentlichten Artikel: 510<\/p> <p><a href=\"https:\/\/m2.mtmt.hu\/gui2\/?type=authors&amp;mode=browse&amp;sel=10011032&amp;view=pubTable\">MTMT summary table<\/a><\/p> <p><a href=\"https:\/\/m2.mtmt.hu\/gui2\/?type=authors&amp;mode=browse&amp;sel=authors10011032\">MTMT-link<\/a><\/p>","protected":false},"excerpt":{"rendered":"<p>Vorstellung &nbsp; Forschungsschwerpunkte: Zuchtorganisation, Fleischviehzucht, Beurteilung des Aussehens von Fleischrindern, Mastpotenzial von Rindern und Schafen, Schlacht- und Fleischqualit\u00e4t, Weltmarkt f\u00fcr tierische Produkte, Analysen, Strategien der Rinder-, Schaf-, Pferde- und Schweineindustrie, Weidetierhaltung, interprofessionelle Organisationen &nbsp; Mitgliederschaft Komitees Period Position Nationale Landwirtschaftskammer 2018- Landesklassenpr\u00e4sident Tierzucht und F\u00fctterung 2010- Redaktionsmitglied Zeitschrift f\u00fcr ungarische Tierz\u00fcchter 2007- Chefredakteur Verband ungarischer<\/p>\n","protected":false},"author":5824,"featured_media":0,"parent":859,"menu_order":0,"comment_status":"closed","ping_status":"closed","template":"","meta":{"_acf_changed":false,"footnotes":""},"categories":[55],"tags":[],"class_list":["post-67708","page","type-page","status-publish","hentry","category-mitarbeiter"],"acf":[],"_links":{"self":[{"href":"https:\/\/univet.hu\/de\/wp-json\/wp\/v2\/pages\/67708","targetHints":{"allow":["GET"]}}],"collection":[{"href":"https:\/\/univet.hu\/de\/wp-json\/wp\/v2\/pages"}],"about":[{"href":"https:\/\/univet.hu\/de\/wp-json\/wp\/v2\/types\/page"}],"author":[{"embeddable":true,"href":"https:\/\/univet.hu\/de\/wp-json\/wp\/v2\/users\/5824"}],"replies":[{"embeddable":true,"href":"https:\/\/univet.hu\/de\/wp-json\/wp\/v2\/comments?post=67708"}],"version-history":[{"count":1,"href":"https:\/\/univet.hu\/de\/wp-json\/wp\/v2\/pages\/67708\/revisions"}],"predecessor-version":[{"id":200461,"href":"https:\/\/univet.hu\/de\/wp-json\/wp\/v2\/pages\/67708\/revisions\/200461"}],"up":[{"embeddable":true,"href":"https:\/\/univet.hu\/de\/wp-json\/wp\/v2\/pages\/859"}],"wp:attachment":[{"href":"https:\/\/univet.hu\/de\/wp-json\/wp\/v2\/media?parent=67708"}],"wp:term":[{"taxonomy":"category","embeddable":true,"href":"https:\/\/univet.hu\/de\/wp-json\/wp\/v2\/categories?post=67708"},{"taxonomy":"post_tag","embeddable":true,"href":"https:\/\/univet.hu\/de\/wp-json\/wp\/v2\/tags?post=67708"}],"curies":[{"name":"wp","href":"https:\/\/api.w.org\/{rel}","templated":true}]}}