{"id":68829,"date":"2023-09-14T12:06:26","date_gmt":"2023-09-14T10:06:26","guid":{"rendered":"https:\/\/univet.hu\/?page_id=68829"},"modified":"2026-02-10T04:49:33","modified_gmt":"2026-02-10T03:49:33","slug":"papp-szilvia","status":"publish","type":"page","link":"https:\/\/univet.hu\/de\/universitaet\/mitarbeiter\/papp-szilvia\/","title":{"rendered":"Papp Szilvia"},"content":{"rendered":"<p><strong>Einf\u00fchrung:<\/strong><\/p> <p>Ich bin Szilvia Papp, seit November 2020 Administratorin der Abteilung \u00d6kologie.<br \/> Meine Aufgabe ist die F\u00fchrung und Verwaltung von Personal-, Bildungs-, Beschaffungs- und technischen Angelegenheiten.<\/p>","protected":false},"excerpt":{"rendered":"<p>Einf\u00fchrung: Ich bin Szilvia Papp, seit November 2020 Administratorin der Abteilung \u00d6kologie. Meine Aufgabe ist die F\u00fchrung und Verwaltung von Personal-, Bildungs-, Beschaffungs- und technischen Angelegenheiten.<\/p>\n","protected":false},"author":5824,"featured_media":0,"parent":859,"menu_order":212,"comment_status":"closed","ping_status":"closed","template":"","meta":{"_acf_changed":false,"footnotes":""},"categories":[55],"tags":[],"class_list":["post-68829","page","type-page","status-publish","hentry","category-mitarbeiter"],"acf":[],"_links":{"self":[{"href":"https:\/\/univet.hu\/de\/wp-json\/wp\/v2\/pages\/68829","targetHints":{"allow":["GET"]}}],"collection":[{"href":"https:\/\/univet.hu\/de\/wp-json\/wp\/v2\/pages"}],"about":[{"href":"https:\/\/univet.hu\/de\/wp-json\/wp\/v2\/types\/page"}],"author":[{"embeddable":true,"href":"https:\/\/univet.hu\/de\/wp-json\/wp\/v2\/users\/5824"}],"replies":[{"embeddable":true,"href":"https:\/\/univet.hu\/de\/wp-json\/wp\/v2\/comments?post=68829"}],"version-history":[{"count":1,"href":"https:\/\/univet.hu\/de\/wp-json\/wp\/v2\/pages\/68829\/revisions"}],"predecessor-version":[{"id":200951,"href":"https:\/\/univet.hu\/de\/wp-json\/wp\/v2\/pages\/68829\/revisions\/200951"}],"up":[{"embeddable":true,"href":"https:\/\/univet.hu\/de\/wp-json\/wp\/v2\/pages\/859"}],"wp:attachment":[{"href":"https:\/\/univet.hu\/de\/wp-json\/wp\/v2\/media?parent=68829"}],"wp:term":[{"taxonomy":"category","embeddable":true,"href":"https:\/\/univet.hu\/de\/wp-json\/wp\/v2\/categories?post=68829"},{"taxonomy":"post_tag","embeddable":true,"href":"https:\/\/univet.hu\/de\/wp-json\/wp\/v2\/tags?post=68829"}],"curies":[{"name":"wp","href":"https:\/\/api.w.org\/{rel}","templated":true}]}}