{"id":77132,"date":"2022-09-08T11:28:03","date_gmt":"2022-09-08T09:28:03","guid":{"rendered":"https:\/\/univet.hu\/?page_id=77132"},"modified":"2026-02-10T04:48:32","modified_gmt":"2026-02-10T03:48:32","slug":"nemeth-krisztian","status":"publish","type":"page","link":"https:\/\/univet.hu\/de\/universitaet\/mitarbeiter\/nemeth-krisztian\/","title":{"rendered":"N\u00e9meth Kriszti\u00e1n"},"content":{"rendered":"<p>Dr. Kriszti\u00e1n N\u00e9meth wurde in Budapest geboren und wuchs in Budakal\u00e1sz in einer gro\u00dfen Familie auf.<\/p> <p>Er absolvierte sein Gymnasium an der ELTE Ap\u00e1czai Csere J\u00e1nos Berufsoberschule und Fachhochschule. Nach den Abschlusspr\u00fcfungen wurde er 2011 an der Veterin\u00e4rmedische Fakult\u00e4t der Szent Istv\u00e1n Universit\u00e4t aufgenommen, die w\u00e4hrend seines Studiums ihre Unabh\u00e4ngigkeit wiedererlangte, so erhielt er im Jahre 2017 sein Diplom schon an der Veterin\u00e4rmedizinischen Universit\u00e4t Budapest.<\/p> <p>Unmittelbar nach der Abschlussfeier verbrachte er 5 Monate als Praktikant mit einem postgradualen Erasmus-Stipendium an der Rinderklinik der Tier\u00e4rztlichen Hochschule Hannover (Stiftung Tier\u00e4rtzliche Hochschule Hannover, Rinderklinik), dann trat er Ende 2017 eine Stelle im Bereich Kleintiermedizin in einer ungarischen Praxis an. Von 2020 bis 2022 absolvierte er die klinische Facharztausbildung f\u00fcr Kleintiermedizin, an deren Ende er auch in die Arbeit des Instituts f\u00fcr Physiologie und Biochemie der Universit\u00e4t eintrat, ohne sich von der Praxis zu l\u00f6sen.<\/p> <p>&nbsp;<\/p> <p><strong><span class=\"VIiyi\" lang=\"de\"><span class=\"JLqJ4b ChMk0b\" data-language-for-alternatives=\"de\" data-language-to-translate-into=\"hu\" data-phrase-index=\"0\" data-number-of-phrases=\"1\"><span class=\"Q4iAWc\">Studien<\/span><\/span><\/span>:<\/strong><\/p> <table> <tbody> <tr> <td style=\"width: 40px\">2011<\/td> <td style=\"width: 532px\">ELTE Ap\u00e1czai Csere J\u00e1nos Berufsoberschule und Fachhochschule<\/td> <td style=\"width: 380px\">Abitur<\/td> <\/tr> <tr> <td style=\"width: 40px\">2017<\/td> <td style=\"width: 532px\">Veterin\u00e4rmedizinischen Universit\u00e4t Budapest<\/td> <td style=\"width: 380px\"><span class=\"VIiyi\" lang=\"de\"><span class=\"JLqJ4b ChMk0b\" data-language-for-alternatives=\"de\" data-language-to-translate-into=\"en\" data-phrase-index=\"0\" data-number-of-phrases=\"1\"><span class=\"Q4iAWc\">Doktor der Veterin\u00e4rmedizin, DVM<\/span><\/span><\/span><\/td> <\/tr> <tr> <td style=\"width: 40px\">2022<\/td> <td style=\"width: 532px\">Veterin\u00e4rmedizinischen Universit\u00e4t Budapest<\/td> <td style=\"width: 380px\"><span class=\"VIiyi\" lang=\"de\"><span class=\"JLqJ4b ChMk0b\" data-language-for-alternatives=\"de\" data-language-to-translate-into=\"hu\" data-phrase-index=\"0\" data-number-of-phrases=\"1\"><span class=\"Q4iAWc\">Postgraduale Ausbildung zum Kleintierklinischen Fachtierarzt<\/span><\/span><\/span><\/td> <\/tr> <\/tbody> <\/table> <p>&nbsp;<\/p> <p><em>\u00a0<\/em><\/p>","protected":false},"excerpt":{"rendered":"<p>Dr. Kriszti\u00e1n N\u00e9meth wurde in Budapest geboren und wuchs in Budakal\u00e1sz in einer gro\u00dfen Familie auf. Er absolvierte sein Gymnasium an der ELTE Ap\u00e1czai Csere J\u00e1nos Berufsoberschule und Fachhochschule. Nach den Abschlusspr\u00fcfungen wurde er 2011 an der Veterin\u00e4rmedische Fakult\u00e4t der Szent Istv\u00e1n Universit\u00e4t aufgenommen, die w\u00e4hrend seines Studiums ihre Unabh\u00e4ngigkeit wiedererlangte, so erhielt er im<\/p>\n","protected":false},"author":5824,"featured_media":0,"parent":859,"menu_order":211,"comment_status":"closed","ping_status":"closed","template":"","meta":{"_acf_changed":false,"footnotes":""},"categories":[55],"tags":[],"class_list":["post-77132","page","type-page","status-publish","hentry","category-mitarbeiter"],"acf":[],"_links":{"self":[{"href":"https:\/\/univet.hu\/de\/wp-json\/wp\/v2\/pages\/77132","targetHints":{"allow":["GET"]}}],"collection":[{"href":"https:\/\/univet.hu\/de\/wp-json\/wp\/v2\/pages"}],"about":[{"href":"https:\/\/univet.hu\/de\/wp-json\/wp\/v2\/types\/page"}],"author":[{"embeddable":true,"href":"https:\/\/univet.hu\/de\/wp-json\/wp\/v2\/users\/5824"}],"replies":[{"embeddable":true,"href":"https:\/\/univet.hu\/de\/wp-json\/wp\/v2\/comments?post=77132"}],"version-history":[{"count":2,"href":"https:\/\/univet.hu\/de\/wp-json\/wp\/v2\/pages\/77132\/revisions"}],"predecessor-version":[{"id":186904,"href":"https:\/\/univet.hu\/de\/wp-json\/wp\/v2\/pages\/77132\/revisions\/186904"}],"up":[{"embeddable":true,"href":"https:\/\/univet.hu\/de\/wp-json\/wp\/v2\/pages\/859"}],"wp:attachment":[{"href":"https:\/\/univet.hu\/de\/wp-json\/wp\/v2\/media?parent=77132"}],"wp:term":[{"taxonomy":"category","embeddable":true,"href":"https:\/\/univet.hu\/de\/wp-json\/wp\/v2\/categories?post=77132"},{"taxonomy":"post_tag","embeddable":true,"href":"https:\/\/univet.hu\/de\/wp-json\/wp\/v2\/tags?post=77132"}],"curies":[{"name":"wp","href":"https:\/\/api.w.org\/{rel}","templated":true}]}}