{"id":77330,"date":"2022-08-01T09:16:23","date_gmt":"2022-08-01T07:16:23","guid":{"rendered":"https:\/\/univet.hu\/de\/universitaet\/organisationseinheiten\/abteilung-fur-labortierkunde\/vergleichende-human-und-tierernaehrung\/"},"modified":"2026-02-10T00:05:28","modified_gmt":"2026-02-09T23:05:28","slug":"vergleichende-human-und-tierernaehrung","status":"publish","type":"page","link":"https:\/\/univet.hu\/de\/studenten\/kurse\/vergleichende-human-und-tierernaehrung\/","title":{"rendered":"Vergleichende Human- und Tierern\u00e4hrung"},"content":{"rendered":"<p>Empfohlene Literatur<\/p> <p>-Kasper, H.: Ern\u00e4hrungsmedizin und Di\u00e4tetik. 9. Aufl. Urban&amp;Fischer. M\u00fcnchen- Jena,<br \/> 2000<br \/> -Heepe, F., Wigand, M.: Lexikon Di\u00e4tetische Indikationen. 4. Auflage. Springer. Berlin,<br \/> 2002<br \/> -Leitzman, C. , Keller, M., Hahn, A.: Alternative Ern\u00e4hrungsformen. 2. \u00fcberarb. Auflage.<br \/> Hippokrates Verlag. Stuttgart. 2005<br \/> -Fuchs, N.: Mit N\u00e4hrstoff heilen. Ralf Reglin Verlag. K\u00f6ln,<\/p>","protected":false},"excerpt":{"rendered":"<p>Empfohlene Literatur -Kasper, H.: Ern\u00e4hrungsmedizin und Di\u00e4tetik. 9. Aufl. Urban&amp;Fischer. M\u00fcnchen- Jena, 2000 -Heepe, F., Wigand, M.: Lexikon Di\u00e4tetische Indikationen. 4. Auflage. Springer. Berlin, 2002 -Leitzman, C. , Keller, M., Hahn, A.: Alternative Ern\u00e4hrungsformen. 2. \u00fcberarb. Auflage. Hippokrates Verlag. Stuttgart. 2005 -Fuchs, N.: Mit N\u00e4hrstoff heilen. Ralf Reglin Verlag. K\u00f6ln,<\/p>\n","protected":false},"author":3837,"featured_media":0,"parent":678,"menu_order":0,"comment_status":"open","ping_status":"open","template":"","meta":{"_acf_changed":false,"footnotes":""},"categories":[65],"tags":[],"class_list":["post-77330","page","type-page","status-publish","hentry","category-kurse"],"acf":[],"_links":{"self":[{"href":"https:\/\/univet.hu\/de\/wp-json\/wp\/v2\/pages\/77330","targetHints":{"allow":["GET"]}}],"collection":[{"href":"https:\/\/univet.hu\/de\/wp-json\/wp\/v2\/pages"}],"about":[{"href":"https:\/\/univet.hu\/de\/wp-json\/wp\/v2\/types\/page"}],"author":[{"embeddable":true,"href":"https:\/\/univet.hu\/de\/wp-json\/wp\/v2\/users\/3837"}],"replies":[{"embeddable":true,"href":"https:\/\/univet.hu\/de\/wp-json\/wp\/v2\/comments?post=77330"}],"version-history":[{"count":2,"href":"https:\/\/univet.hu\/de\/wp-json\/wp\/v2\/pages\/77330\/revisions"}],"predecessor-version":[{"id":198797,"href":"https:\/\/univet.hu\/de\/wp-json\/wp\/v2\/pages\/77330\/revisions\/198797"}],"up":[{"embeddable":true,"href":"https:\/\/univet.hu\/de\/wp-json\/wp\/v2\/pages\/678"}],"wp:attachment":[{"href":"https:\/\/univet.hu\/de\/wp-json\/wp\/v2\/media?parent=77330"}],"wp:term":[{"taxonomy":"category","embeddable":true,"href":"https:\/\/univet.hu\/de\/wp-json\/wp\/v2\/categories?post=77330"},{"taxonomy":"post_tag","embeddable":true,"href":"https:\/\/univet.hu\/de\/wp-json\/wp\/v2\/tags?post=77330"}],"curies":[{"name":"wp","href":"https:\/\/api.w.org\/{rel}","templated":true}]}}