{"id":77434,"date":"2022-08-04T15:02:44","date_gmt":"2022-08-04T13:02:44","guid":{"rendered":"https:\/\/univet.hu\/?page_id=77434"},"modified":"2026-02-10T04:38:12","modified_gmt":"2026-02-10T03:38:12","slug":"dr-kiss-annamaria","status":"publish","type":"page","link":"https:\/\/univet.hu\/de\/universitaet\/mitarbeiter\/dr-kiss-annamaria\/","title":{"rendered":"dr. Kiss Annam\u00e1ria"},"content":{"rendered":"<p>Ich habe in 2021 meinen Abschluss als Veterin\u00e4rmedizinerin an der Veterin\u00e4rmedizinischen Universit\u00e4t Budapest gemacht. W\u00e4hrend meines Studiums an der Universit\u00e4t nehme ich seit 2017 an Tierschutzprojekten teil und unterrichte auch Tierschutz in Ungarisch, Englisch und Deutsch. Ab 2021 halte ich Vorlesungen \u00fcber die Versuchstierkunde und Bioethik auf Ungarisch und Englisch. Ich habe mein PhD-Studium begonnen, also setze ich meine Arbeit in der wissenschaftlichen Forschung der Abteilung neben der Lehre fort. Auch die praktische Veterin\u00e4rmedizin hat einen Platz in meinem Leben, ich besch\u00e4ftige mich mit der gesundheitlichen Versorgung von Haus- und Nutztieren.<\/p> <p><strong>Sprechstunde<\/strong>: nach Vereinbarung<\/p>","protected":false},"excerpt":{"rendered":"<p>Ich habe in 2021 meinen Abschluss als Veterin\u00e4rmedizinerin an der Veterin\u00e4rmedizinischen Universit\u00e4t Budapest gemacht. W\u00e4hrend meines Studiums an der Universit\u00e4t nehme ich seit 2017 an Tierschutzprojekten teil und unterrichte auch Tierschutz in Ungarisch, Englisch und Deutsch. Ab 2021 halte ich Vorlesungen \u00fcber die Versuchstierkunde und Bioethik auf Ungarisch und Englisch. Ich habe mein PhD-Studium begonnen,<\/p>\n","protected":false},"author":5824,"featured_media":0,"parent":859,"menu_order":37,"comment_status":"open","ping_status":"open","template":"","meta":{"_acf_changed":false,"footnotes":""},"categories":[],"tags":[],"class_list":["post-77434","page","type-page","status-publish","hentry"],"acf":[],"_links":{"self":[{"href":"https:\/\/univet.hu\/de\/wp-json\/wp\/v2\/pages\/77434","targetHints":{"allow":["GET"]}}],"collection":[{"href":"https:\/\/univet.hu\/de\/wp-json\/wp\/v2\/pages"}],"about":[{"href":"https:\/\/univet.hu\/de\/wp-json\/wp\/v2\/types\/page"}],"author":[{"embeddable":true,"href":"https:\/\/univet.hu\/de\/wp-json\/wp\/v2\/users\/5824"}],"replies":[{"embeddable":true,"href":"https:\/\/univet.hu\/de\/wp-json\/wp\/v2\/comments?post=77434"}],"version-history":[{"count":1,"href":"https:\/\/univet.hu\/de\/wp-json\/wp\/v2\/pages\/77434\/revisions"}],"predecessor-version":[{"id":200484,"href":"https:\/\/univet.hu\/de\/wp-json\/wp\/v2\/pages\/77434\/revisions\/200484"}],"up":[{"embeddable":true,"href":"https:\/\/univet.hu\/de\/wp-json\/wp\/v2\/pages\/859"}],"wp:attachment":[{"href":"https:\/\/univet.hu\/de\/wp-json\/wp\/v2\/media?parent=77434"}],"wp:term":[{"taxonomy":"category","embeddable":true,"href":"https:\/\/univet.hu\/de\/wp-json\/wp\/v2\/categories?post=77434"},{"taxonomy":"post_tag","embeddable":true,"href":"https:\/\/univet.hu\/de\/wp-json\/wp\/v2\/tags?post=77434"}],"curies":[{"name":"wp","href":"https:\/\/api.w.org\/{rel}","templated":true}]}}