{"id":808,"date":"2018-05-10T15:49:00","date_gmt":"2017-08-30T12:51:00","guid":{"rendered":"http:\/\/univet.hu\/die-universitaet\/studentenwohnheim\/"},"modified":"2025-08-06T12:45:43","modified_gmt":"2025-08-06T10:45:43","slug":"studentenwohnheim","status":"publish","type":"page","link":"https:\/\/univet.hu\/de\/universitaet\/studentenwohnheim\/","title":{"rendered":"Studentenwohnheim"},"content":{"rendered":"<p><strong>Unser Studentenwohnheim steht zurzeit nur f\u00fcr unsere ungarischen Studenten zur Verf\u00fcgung!<\/strong><\/p> <p>&nbsp;<\/p> <p>&nbsp;<\/p> <p>Wohnheimleiter: <a href=\"https:\/\/univet.hu\/hu\/egyetem\/munkatarsak\/battay-marton\/\" data-replaced=\"true\">Dr. Battay M\u00e1rton<\/a><br \/> Hausmeister: <a href=\"https:\/\/univet.hu\/hu\/egyetem\/munkatarsak\/kupics-karoly\/\">Kupics K\u00e1roly<\/a><\/p> <p>&nbsp;<\/p> <p>Das Studentenwohnheim befindet sich im Gr\u00fcng\u00fcrtel von Zugl\u00f3. Zum vierst\u00f6ckigen Geb\u00e4ude geh\u00f6rt ein Parkplatz f\u00fcr G\u00e4ste und es gibt einen asphaltierten Fu\u00dfballplatz. Die restliche Fl\u00e4che dient als Parkanlage.\u00a0Das Studentenwohnheim\u00a0steht ungarischen (und einigen ERASMUS-) Studenten zur Verf\u00fcgung und\u00a0befindet sich.<\/p> <p>Das Studentenwohnheim wurde im September 1973 mit Hilfe der damaligen Studenten fertiggestellt. Namensgeber des Geb\u00e4udes wurde der international anerkannte Dr. J\u00f3zsef Marek.<br \/> Das Studentenwohnheim wird vom Wohnheimleiter und einem siebenk\u00f6pfigen Studentenausschuss geleitet, und zwar der Hausordnung entsprechend. Die Mitglieder des Studentenausschusses werden unter den Bewohnern des Studentenwohnheims von der Vollversammlung des Studentenwohnheims gew\u00e4hlt.<\/p> <p>&nbsp;<\/p> <p>Die Zimmer sind 3-Bett-Zimmer. Zu jedem Zimmer geh\u00f6ren ein Bad, ein Balkon und ein Flur mit eingebauten Schr\u00e4nken. In den Zimmern stehen drei Anschl\u00fcsse mit uneingeschr\u00e4nktem Internetzugang zur Verf\u00fcgung. In jedem Stockwerk gibt es f\u00fcr die Studenten einen Studierraum, eine K\u00fcche (mit Elektroherd und Mikrowelle) und einen Waschraum (mit automatischer Waschmaschine), um das t\u00e4gliche Leben zu erleichtern. Im Erdgeschoss befinden sich ein PC-Raum, ein Fitnessraum, ein Kiosk bzw. zwei R\u00e4ume mit Fernsehern zu Unterhaltungszwecken.<\/p> <p>&nbsp;<\/p> <p>Im Geb\u00e4ude k\u00f6nnen 348 Studenten untergebracht werden. Das Wohnheim ist mit \u00f6ffentlichen Verkehrsmitteln leicht zu erreichen (z. B. O-Bus Linie 80, Bus Linie 32, Stra\u00dfenbahn Linie 62 und Nachtbus Linie 78).<br \/> Das Tor ist von 23.00 Uhr bis morgens 5.00 Uhr geschlossen.<\/p> <p>&nbsp;<\/p> <p>Budapest, 02.01.2017<\/p> <table class=\"tmp\"> <tbody> <tr> <td>Telefon<\/td> <td>(1) 383 0356, (1) 363 4494<\/td> <\/tr> <tr> <td>Fax<\/td> <td>(1) 363 1477<\/td> <\/tr> <\/tbody> <\/table> <p>&nbsp;<\/p>","protected":false},"excerpt":{"rendered":"<p>Unser Studentenwohnheim steht zurzeit nur f\u00fcr unsere ungarischen Studenten zur Verf\u00fcgung! &nbsp; &nbsp; Wohnheimleiter: Dr. Battay M\u00e1rton Hausmeister: Kupics K\u00e1roly &nbsp; Das Studentenwohnheim befindet sich im Gr\u00fcng\u00fcrtel von Zugl\u00f3. Zum vierst\u00f6ckigen Geb\u00e4ude geh\u00f6rt ein Parkplatz f\u00fcr G\u00e4ste und es gibt einen asphaltierten Fu\u00dfballplatz. Die restliche Fl\u00e4che dient als Parkanlage.\u00a0Das Studentenwohnheim\u00a0steht ungarischen (und einigen ERASMUS-) Studenten<\/p>\n","protected":false},"author":1,"featured_media":0,"parent":335,"menu_order":350,"comment_status":"closed","ping_status":"closed","template":"","meta":{"_acf_changed":false,"footnotes":""},"categories":[],"tags":[],"class_list":["post-808","page","type-page","status-publish","hentry"],"acf":[],"_links":{"self":[{"href":"https:\/\/univet.hu\/de\/wp-json\/wp\/v2\/pages\/808","targetHints":{"allow":["GET"]}}],"collection":[{"href":"https:\/\/univet.hu\/de\/wp-json\/wp\/v2\/pages"}],"about":[{"href":"https:\/\/univet.hu\/de\/wp-json\/wp\/v2\/types\/page"}],"author":[{"embeddable":true,"href":"https:\/\/univet.hu\/de\/wp-json\/wp\/v2\/users\/1"}],"replies":[{"embeddable":true,"href":"https:\/\/univet.hu\/de\/wp-json\/wp\/v2\/comments?post=808"}],"version-history":[{"count":3,"href":"https:\/\/univet.hu\/de\/wp-json\/wp\/v2\/pages\/808\/revisions"}],"predecessor-version":[{"id":188596,"href":"https:\/\/univet.hu\/de\/wp-json\/wp\/v2\/pages\/808\/revisions\/188596"}],"up":[{"embeddable":true,"href":"https:\/\/univet.hu\/de\/wp-json\/wp\/v2\/pages\/335"}],"wp:attachment":[{"href":"https:\/\/univet.hu\/de\/wp-json\/wp\/v2\/media?parent=808"}],"wp:term":[{"taxonomy":"category","embeddable":true,"href":"https:\/\/univet.hu\/de\/wp-json\/wp\/v2\/categories?post=808"},{"taxonomy":"post_tag","embeddable":true,"href":"https:\/\/univet.hu\/de\/wp-json\/wp\/v2\/tags?post=808"}],"curies":[{"name":"wp","href":"https:\/\/api.w.org\/{rel}","templated":true}]}}