{"id":83529,"date":"2023-02-13T22:50:49","date_gmt":"2023-02-13T21:50:49","guid":{"rendered":"https:\/\/univet.hu\/de\/universitaet\/mitarbeiter\/new-staff-member-page-2\/"},"modified":"2026-02-10T04:37:18","modified_gmt":"2026-02-10T03:37:18","slug":"csatari-dora","status":"publish","type":"page","link":"https:\/\/univet.hu\/de\/universitaet\/mitarbeiter\/csatari-dora\/","title":{"rendered":"Csat\u00e1ri D\u00f3ra"},"content":{"rendered":"<p><strong>Einf\u00fchrung<\/strong><\/p> <p>Dr. D\u00f3ra Csat\u00e1ri wurde in Budapest geboren und machte Abitur in Szent Istv\u00e1n Gymnasium in Budapest<\/p> <p>Nach ihrem Abschluss wurde sie an die Szent-Istv\u00e1n-Universit\u00e4t aufgenommen,<\/p> <p>an Fakult\u00e4t f\u00fcr Veterin\u00e4rmedizin. Ihr Diplom erhielt sie an der schon unabh\u00e4ngigen Veterin\u00e4rmedizinischen Universit\u00e4t Budapest im Jahr 2020. Nach ihrem Diplom trat sie als Klinikerin in die Abteilung f\u00fcr Medizin Exotischer und Wildtiere ein, und nach einer erfolgreichen PhD-Promotion im Jahr 2021 setzte sie ihre Forschungen an dieser Abteilung fort.<\/p> <p>Gleichzeitig begann sie im Jahr 2020 ihr Studium an \u201eFachtierarzt f\u00fcr Medizin exotischer Tiere\u201d in Weiterbildung.<\/p> <p><strong>Forschungsschwerpunkte:<\/strong><\/p> <p>Krankheiten und Chirurgie exotischer Kleins\u00e4uger<\/p> <p><strong>Fortschritt<\/strong><\/p> <p>2020 Tierarzt<\/p> <p>2021 Beginn der Ausbildung zum Fachtierarzt f\u00fcr Exoten<\/p> <p>2021 Beginn des PhD-Studiums<\/p> <p><strong>Name der Organisation, Zeitposition<\/strong><\/p> <p>2021 \u2013 Doktorand der Veterin\u00e4rmedizinischen Universit\u00e4t, Abteilung f\u00fcr exotische Tiere und Wildtiere<\/p> <p>2020-2023 Veterin\u00e4rmedizinische Universit\u00e4t, Abteilung f\u00fcr Medizin Exotischer und Wildtiere, klinische Tier\u00e4rztin<\/p> <p><strong>Publikationsliste (Top10)<\/strong><\/p>","protected":false},"excerpt":{"rendered":"<p>Einf\u00fchrung Dr. D\u00f3ra Csat\u00e1ri wurde in Budapest geboren und machte Abitur in Szent Istv\u00e1n Gymnasium in Budapest Nach ihrem Abschluss wurde sie an die Szent-Istv\u00e1n-Universit\u00e4t aufgenommen, an Fakult\u00e4t f\u00fcr Veterin\u00e4rmedizin. Ihr Diplom erhielt sie an der schon unabh\u00e4ngigen Veterin\u00e4rmedizinischen Universit\u00e4t Budapest im Jahr 2020. Nach ihrem Diplom trat sie als Klinikerin in die Abteilung f\u00fcr<\/p>\n","protected":false},"author":5824,"featured_media":0,"parent":859,"menu_order":37,"comment_status":"open","ping_status":"open","template":"","meta":{"_acf_changed":false,"footnotes":""},"categories":[],"tags":[],"class_list":["post-83529","page","type-page","status-publish","hentry"],"acf":[],"_links":{"self":[{"href":"https:\/\/univet.hu\/de\/wp-json\/wp\/v2\/pages\/83529","targetHints":{"allow":["GET"]}}],"collection":[{"href":"https:\/\/univet.hu\/de\/wp-json\/wp\/v2\/pages"}],"about":[{"href":"https:\/\/univet.hu\/de\/wp-json\/wp\/v2\/types\/page"}],"author":[{"embeddable":true,"href":"https:\/\/univet.hu\/de\/wp-json\/wp\/v2\/users\/5824"}],"replies":[{"embeddable":true,"href":"https:\/\/univet.hu\/de\/wp-json\/wp\/v2\/comments?post=83529"}],"version-history":[{"count":1,"href":"https:\/\/univet.hu\/de\/wp-json\/wp\/v2\/pages\/83529\/revisions"}],"predecessor-version":[{"id":200478,"href":"https:\/\/univet.hu\/de\/wp-json\/wp\/v2\/pages\/83529\/revisions\/200478"}],"up":[{"embeddable":true,"href":"https:\/\/univet.hu\/de\/wp-json\/wp\/v2\/pages\/859"}],"wp:attachment":[{"href":"https:\/\/univet.hu\/de\/wp-json\/wp\/v2\/media?parent=83529"}],"wp:term":[{"taxonomy":"category","embeddable":true,"href":"https:\/\/univet.hu\/de\/wp-json\/wp\/v2\/categories?post=83529"},{"taxonomy":"post_tag","embeddable":true,"href":"https:\/\/univet.hu\/de\/wp-json\/wp\/v2\/tags?post=83529"}],"curies":[{"name":"wp","href":"https:\/\/api.w.org\/{rel}","templated":true}]}}