{"id":83672,"date":"2023-02-14T11:37:57","date_gmt":"2023-02-14T10:37:57","guid":{"rendered":"https:\/\/univet.hu\/?page_id=83672"},"modified":"2026-02-10T04:36:09","modified_gmt":"2026-02-10T03:36:09","slug":"halasz-gabor","status":"publish","type":"page","link":"https:\/\/univet.hu\/de\/universitaet\/mitarbeiter\/halasz-gabor\/","title":{"rendered":"Hal\u00e1sz G\u00e1bor"},"content":{"rendered":"<p><span style=\"font-size: 18pt;\"><strong>Vorstellung<\/strong><\/span><\/p> <p>Ich bin am 4. September 1986 in Debrecen geboren. Ich begann mein Studium 2005 an der Szent-Istv\u00e1n-Universit\u00e4t, G\u00f6d\u00f6ll\u0151 und erhielt 2009 ein Diplom des Wildtiermanagements. Ich besch\u00e4ftige mich seit 1998 mit Nagetiere und Zierfische, sowie sammle ich seit 2004 auch die Schlangen. Ich et\u00e4tige mich seit fast zehn Jahren in der Familienimkerei. Ich habe 2022 eine Ausbildung zum Imkeringenieur begonnen.<\/p> <p>Forschungsschwerpunkte<\/p> <p>\u00b7 Reproduktionsbiologie der Schlangen<\/p> <p>\u00b7 Imkereitechnik \u2013 Honigproduktion<\/p> <p>Mitgliedschaften in Berufsorganisationen<\/p> <table style=\"width: 966px; height: 114px;\"> <tbody> <tr> <td style=\"width: 315.712px; text-align: center;\">Ausschussname<\/td> <td style=\"width: 315.712px; text-align: center;\">Zeit<\/td> <td style=\"width: 315.775px; text-align: center;\">Funktion<\/td> <\/tr> <tr> <td style=\"width: 315.712px;\">Ungarischer Imkerverband<\/td> <td style=\"width: 315.712px;\">2022<\/td> <td style=\"width: 315.775px;\">Mitglied<\/td> <\/tr> <tr> <td style=\"width: 315.712px;\"> <p>Nationaler Verband der ungarischen Tauben- und<\/p> <p>Kleintierz\u00fcchter<\/td> <td style=\"width: 315.712px;\">2020<\/td> <td style=\"width: 315.775px;\">Mitglied<\/td> <\/tr> <tr> <td style=\"width: 315.712px;\">Vereinigter Ungarischer Bullterrier-Z\u00fcchterverein<\/td> <td style=\"width: 315.712px;\">2015<\/td> <td style=\"width: 315.775px;\">Mitglied<\/td> <\/tr> <\/tbody> <\/table> <p><\/p>","protected":false},"excerpt":{"rendered":"<p>Vorstellung Ich bin am 4. September 1986 in Debrecen geboren. Ich begann mein Studium 2005 an der Szent-Istv\u00e1n-Universit\u00e4t, G\u00f6d\u00f6ll\u0151 und erhielt 2009 ein Diplom des Wildtiermanagements. Ich besch\u00e4ftige mich seit 1998 mit Nagetiere und Zierfische, sowie sammle ich seit 2004 auch die Schlangen. Ich et\u00e4tige mich seit fast zehn Jahren in der Familienimkerei. Ich habe<\/p>\n","protected":false},"author":5824,"featured_media":0,"parent":859,"menu_order":0,"comment_status":"closed","ping_status":"closed","template":"","meta":{"_acf_changed":false,"footnotes":""},"categories":[],"tags":[],"class_list":["post-83672","page","type-page","status-publish","hentry"],"acf":[],"_links":{"self":[{"href":"https:\/\/univet.hu\/de\/wp-json\/wp\/v2\/pages\/83672","targetHints":{"allow":["GET"]}}],"collection":[{"href":"https:\/\/univet.hu\/de\/wp-json\/wp\/v2\/pages"}],"about":[{"href":"https:\/\/univet.hu\/de\/wp-json\/wp\/v2\/types\/page"}],"author":[{"embeddable":true,"href":"https:\/\/univet.hu\/de\/wp-json\/wp\/v2\/users\/5824"}],"replies":[{"embeddable":true,"href":"https:\/\/univet.hu\/de\/wp-json\/wp\/v2\/comments?post=83672"}],"version-history":[{"count":1,"href":"https:\/\/univet.hu\/de\/wp-json\/wp\/v2\/pages\/83672\/revisions"}],"predecessor-version":[{"id":200355,"href":"https:\/\/univet.hu\/de\/wp-json\/wp\/v2\/pages\/83672\/revisions\/200355"}],"up":[{"embeddable":true,"href":"https:\/\/univet.hu\/de\/wp-json\/wp\/v2\/pages\/859"}],"wp:attachment":[{"href":"https:\/\/univet.hu\/de\/wp-json\/wp\/v2\/media?parent=83672"}],"wp:term":[{"taxonomy":"category","embeddable":true,"href":"https:\/\/univet.hu\/de\/wp-json\/wp\/v2\/categories?post=83672"},{"taxonomy":"post_tag","embeddable":true,"href":"https:\/\/univet.hu\/de\/wp-json\/wp\/v2\/tags?post=83672"}],"curies":[{"name":"wp","href":"https:\/\/api.w.org\/{rel}","templated":true}]}}