{"id":83689,"date":"2023-02-14T12:15:21","date_gmt":"2023-02-14T11:15:21","guid":{"rendered":"https:\/\/univet.hu\/?page_id=83689"},"modified":"2026-02-10T04:39:12","modified_gmt":"2026-02-10T03:39:12","slug":"kojer-judit","status":"publish","type":"page","link":"https:\/\/univet.hu\/de\/universitaet\/mitarbeiter\/kojer-judit\/","title":{"rendered":"Sebesztha-Kojer Judit"},"content":{"rendered":"<p><strong>Einf\u00fchrung<\/strong><\/p> <p>Ich habe mein Veterin\u00e4rstudium im Jahr 2015 mit summa cum laude abgeschlossen,<\/p> <p>damit parallel absolvierte ich die Fortbildung im Jagd- und Wildtiermanagement an der<\/p> <p>Veterin\u00e4rmedizinischen Universit\u00e4t Budapest.<\/p> <p>Nach meinem Abschluss arbeitete ich als Kliniker in der Abteilung und Klinik f\u00fcr Pferdemedizin<\/p> <p>als klinische Tier\u00e4rztin, wo ich mich mit der Inneren Medizin und An\u00e4sthesie von Pferden besch\u00e4ftigte, unterrichtete Sudenten III. und IV. Klassenstufe auf Englisch und Ungarisch und nahm auch an Bereitschaftsdiensten der Klinik teil.<\/p> <p>Sp\u00e4ter wurde ich Leiter des Veterin\u00e4rlabors der Klinik.<\/p> <p>Seit 2019 arbeite ich als klinische Tier\u00e4rztin in der Abteilung f\u00fcr Medizin Exotischer und Wildtiere. Im Augenblick<\/p> <p>Momentan mache ich meine Ausbildung zur Fachtier\u00e4rztin f\u00fcr Exotiche Tiere.<\/p>","protected":false},"excerpt":{"rendered":"<p>Einf\u00fchrung Ich habe mein Veterin\u00e4rstudium im Jahr 2015 mit summa cum laude abgeschlossen, damit parallel absolvierte ich die Fortbildung im Jagd- und Wildtiermanagement an der Veterin\u00e4rmedizinischen Universit\u00e4t Budapest. Nach meinem Abschluss arbeitete ich als Kliniker in der Abteilung und Klinik f\u00fcr Pferdemedizin als klinische Tier\u00e4rztin, wo ich mich mit der Inneren Medizin und An\u00e4sthesie von<\/p>\n","protected":false},"author":5824,"featured_media":0,"parent":859,"menu_order":38,"comment_status":"closed","ping_status":"closed","template":"","meta":{"_acf_changed":false,"footnotes":""},"categories":[],"tags":[],"class_list":["post-83689","page","type-page","status-publish","hentry"],"acf":[],"_links":{"self":[{"href":"https:\/\/univet.hu\/de\/wp-json\/wp\/v2\/pages\/83689","targetHints":{"allow":["GET"]}}],"collection":[{"href":"https:\/\/univet.hu\/de\/wp-json\/wp\/v2\/pages"}],"about":[{"href":"https:\/\/univet.hu\/de\/wp-json\/wp\/v2\/types\/page"}],"author":[{"embeddable":true,"href":"https:\/\/univet.hu\/de\/wp-json\/wp\/v2\/users\/5824"}],"replies":[{"embeddable":true,"href":"https:\/\/univet.hu\/de\/wp-json\/wp\/v2\/comments?post=83689"}],"version-history":[{"count":1,"href":"https:\/\/univet.hu\/de\/wp-json\/wp\/v2\/pages\/83689\/revisions"}],"predecessor-version":[{"id":200583,"href":"https:\/\/univet.hu\/de\/wp-json\/wp\/v2\/pages\/83689\/revisions\/200583"}],"up":[{"embeddable":true,"href":"https:\/\/univet.hu\/de\/wp-json\/wp\/v2\/pages\/859"}],"wp:attachment":[{"href":"https:\/\/univet.hu\/de\/wp-json\/wp\/v2\/media?parent=83689"}],"wp:term":[{"taxonomy":"category","embeddable":true,"href":"https:\/\/univet.hu\/de\/wp-json\/wp\/v2\/categories?post=83689"},{"taxonomy":"post_tag","embeddable":true,"href":"https:\/\/univet.hu\/de\/wp-json\/wp\/v2\/tags?post=83689"}],"curies":[{"name":"wp","href":"https:\/\/api.w.org\/{rel}","templated":true}]}}