{"id":83715,"date":"2023-02-14T16:11:59","date_gmt":"2023-02-14T15:11:59","guid":{"rendered":"https:\/\/univet.hu\/?page_id=83715"},"modified":"2026-02-10T04:36:45","modified_gmt":"2026-02-10T03:36:45","slug":"persanyi-miklos","status":"publish","type":"page","link":"https:\/\/univet.hu\/de\/universitaet\/mitarbeiter\/persanyi-miklos\/","title":{"rendered":"Pers\u00e1nyi Mikl\u00f3s"},"content":{"rendered":"<p><strong>Vorstellung<\/strong><\/p> <p>Er studierte an den ungarischen und amerikanischen Universit\u00e4ten ELTE, GATE und der Cornell Universit\u00e4t. Er schrieb eine Dissertation \u00fcber soziale Umweltaktivit\u00e4ten und erhielt daher den Grad der Kandidaten der Naturwissenschaften. Er war Lehrer, Trainer, wissenschaftlicher Forscher, Staatsbeamter, Hauptexperte einer internationalen Bank und 22 Jahre lang Generaldirektor im Budapest Zoo and Botanischer Garten. In seiner Zeit erweiterte das Territorium des Tiergartens und der Wert seiner Sammlung, zus\u00e4tzlich entwickelten sich seine Anlage, sowie erweiterte seine Bildungs- und Naturschutzprogramme und wuchs sein internationaler Respekt.<\/p> <p>Er war von 2003 bis 2007 Minister f\u00fcr Umwelt und Wasserangelegenheiten in Ungarn. Unter seiner F\u00fchrung wurde das integrierte Hochwasserschutzprogramm gestartet, eingerichtet auf 21 Prozent des Landes Natura-2000-Gebiete und organisiert das Netzwerk von \u00d6koschulen. Er leitete zwischen 2006 und 2008 als Ministerialkommissar die Parkplanung des Stadtparks, auf seine Initiative hin wurden in Budapest zehntausend neue B\u00e4ume gepflanzt. Er arbeite zur Zeit im Limnologischen Forschungsinstitut des Plattensees.<\/p> <p>Er war Pr\u00e4sident in nationalen und internationalen Organisationen. Er fand als Anerkennung Auszeichnung f\u00fcr sein Lebenswerk von EAZA, der Verdienstorden der Republik Ungarn, die Ehrenb\u00fcrgerschaft zweier Bezirke, Humphrey\/Fulbright Alumnus, Ashoka Fellow, Honorarprofessor zweier ungarischer Universit\u00e4ten, Ehrenmitglied der World Association of Zoos (WAZA) und der Europ\u00e4ischen Vereinigung der Zoos und Aquarien (EAZA).<\/p> <p><strong>Forschungsschwerpunkte:<\/strong><\/p> <p>\u00b7 Umweltwissenschaft<\/p> <p>\u00b7 Zusammenh\u00e4nge zwischen Nachhaltigkeit und Biodiversit\u00e4t<\/p> <p>\u00b7 Wildtiere in menschlicher Obhut<\/p> <p>\u00b7 Fragen zum Thema Zoo<\/p> <p><strong>Fortschritt:<\/strong><\/p> <p>Er arbeitete in den letzten zwei Jahren die Themen, Vortr\u00e4ge und Pr\u00e4sentationen zweier F\u00e4cher (\u201eWildtiere in menschlicher Obhut\u201c und \u201eManagement des Wildtiers haltende Institutionen) f\u00fcr ungarische und englische Studiengruppen aus. Unterricht der F\u00e4cher in den Schuljahren 2020\/21 und 2021\/22.<\/p> <p>Erarbeitung der Ausbildungs- und Leistungsanforderungen des Fachweiterbildung Kurs \u201eWildtierhaltung und Zooarbeit\u201c, Vorbereitung der Thematik, Einladung der Dozenten zu den Themen gemeinsam mit dem Fachbereichsleiter, Vorbereitung der Akkreditierungsunterlagen. Das Fach wurde akkreditiert und die Ank\u00fcndigung wurde im Jahr 2022\/23 geplant.<\/p> <p><strong>Mitgliedschaft in Fachorganisationen:<\/strong><\/p> <p>&nbsp;<\/p> <p>&nbsp;<\/p> <table style=\"font-weight: 400;\" data-tablestyle=\"MsoTableGrid\" data-tablelook=\"1184\" aria-rowcount=\"8\"> <tbody> <tr aria-rowindex=\"1\"> <td data-celllook=\"0\"><b><span data-contrast=\"auto\">der Name des Komitees<\/span><\/b><span data-ccp-props=\"{&quot;134233117&quot;:true,&quot;134233118&quot;:true,&quot;201341983&quot;:0,&quot;335559740&quot;:259}\">\u00a0<\/span><\/td> <td data-celllook=\"0\"><b><span data-contrast=\"auto\">Zeit<\/span><\/b><span data-ccp-props=\"{&quot;134233117&quot;:true,&quot;134233118&quot;:true,&quot;201341983&quot;:0,&quot;335551550&quot;:2,&quot;335551620&quot;:2,&quot;335559740&quot;:259}\">\u00a0<\/span><\/td> <td data-celllook=\"0\"><b><span data-contrast=\"auto\">Funktion<\/span><\/b><span data-ccp-props=\"{&quot;134233117&quot;:true,&quot;134233118&quot;:true,&quot;201341983&quot;:0,&quot;335551550&quot;:2,&quot;335551620&quot;:2,&quot;335559740&quot;:259}\">\u00a0<\/span><\/td> <\/tr> <tr aria-rowindex=\"2\"> <td data-celllook=\"0\"><span data-contrast=\"auto\">Balaton-Gruppe (<\/span><span data-contrast=\"auto\">Internationales Netzwerk von Ressourcen-Informationszentren<\/span><span data-contrast=\"auto\">)<\/span><span data-ccp-props=\"{&quot;134233117&quot;:true,&quot;134233118&quot;:true,&quot;201341983&quot;:0,&quot;335559740&quot;:259}\">\u00a0<\/span><\/td> <td data-celllook=\"0\"><span data-contrast=\"auto\">ab 1988<\/span><span data-ccp-props=\"{&quot;134233117&quot;:true,&quot;134233118&quot;:true,&quot;201341983&quot;:0,&quot;335551550&quot;:2,&quot;335551620&quot;:2,&quot;335559740&quot;:259}\">\u00a0<\/span><\/td> <td data-celllook=\"0\"><span data-contrast=\"auto\">Mitglied des Exekutivkomitees (ab 2016)<\/span><span data-ccp-props=\"{&quot;134233117&quot;:true,&quot;134233118&quot;:true,&quot;201341983&quot;:0,&quot;335551550&quot;:2,&quot;335551620&quot;:2,&quot;335559740&quot;:259}\">\u00a0<\/span><\/td> <\/tr> <tr aria-rowindex=\"3\"> <td data-celllook=\"0\"><span data-contrast=\"auto\">UN Framework Convention for Climate Change, COP 9 (<\/span><span data-contrast=\"auto\">UN-Rahmen\u00fcbereinkommen zum Klimawandel<\/span><span data-contrast=\"auto\">)<\/span><span data-ccp-props=\"{&quot;134233117&quot;:true,&quot;134233118&quot;:true,&quot;201341983&quot;:0,&quot;335559740&quot;:259}\">\u00a0<\/span><\/td> <td data-celllook=\"0\"><span data-contrast=\"auto\">2003-2004<\/span><span data-ccp-props=\"{&quot;134233117&quot;:true,&quot;134233118&quot;:true,&quot;201341983&quot;:0,&quot;335551550&quot;:2,&quot;335551620&quot;:2,&quot;335559740&quot;:259}\">\u00a0<\/span><\/td> <td data-celllook=\"0\"><span data-contrast=\"auto\">Pr\u00e4sident<\/span><span data-ccp-props=\"{&quot;134233117&quot;:true,&quot;134233118&quot;:true,&quot;201341983&quot;:0,&quot;335551550&quot;:2,&quot;335551620&quot;:2,&quot;335559740&quot;:259}\">\u00a0<\/span><\/td> <\/tr> <tr aria-rowindex=\"4\"> <td data-celllook=\"0\"><span data-contrast=\"auto\">Magyar \u00c1llatkertek Sz\u00f6vets\u00e9ge Eln\u00f6ks\u00e9g<\/span><span data-contrast=\"auto\"> (Vorstand des Verbandes der Ungarischen Zoos)<\/span><span data-ccp-props=\"{&quot;134233117&quot;:true,&quot;134233118&quot;:true,&quot;201341983&quot;:0,&quot;335559740&quot;:259}\">\u00a0<\/span><\/td> <td data-celllook=\"0\"><span data-contrast=\"auto\">2001-2003 und 2007-2012<\/span><span data-ccp-props=\"{&quot;134233117&quot;:true,&quot;134233118&quot;:true,&quot;201341983&quot;:0,&quot;335551550&quot;:2,&quot;335551620&quot;:2,&quot;335559740&quot;:259}\">\u00a0<\/span><\/td> <td data-celllook=\"0\"><span data-contrast=\"auto\">Pr\u00e4sident<\/span><span data-ccp-props=\"{&quot;134233117&quot;:true,&quot;134233118&quot;:true,&quot;201341983&quot;:0,&quot;335551550&quot;:2,&quot;335551620&quot;:2,&quot;335559740&quot;:259}\">\u00a0<\/span><\/td> <\/tr> <tr aria-rowindex=\"5\"> <td data-celllook=\"0\"><span data-contrast=\"auto\">EAZA European Association of Zoos and Aquaria (EAZA E<\/span><span data-contrast=\"auto\">urop\u00e4ischer Zoo- und Aquarienverband<\/span><span data-contrast=\"auto\">)<\/span><span data-ccp-props=\"{&quot;134233117&quot;:true,&quot;134233118&quot;:true,&quot;201341983&quot;:0,&quot;335559740&quot;:259}\">\u00a0<\/span><\/td> <td data-celllook=\"0\"><span data-contrast=\"auto\">1997-2003 und 2007-2011<\/span><span data-ccp-props=\"{&quot;134233117&quot;:true,&quot;134233118&quot;:true,&quot;201341983&quot;:0,&quot;335551550&quot;:2,&quot;335551620&quot;:2,&quot;335559740&quot;:259}\">\u00a0<\/span><\/td> <td data-celllook=\"0\"><span data-contrast=\"auto\">Vorsitzender des Ausschusses f\u00fcr technische Hilfe, Mitglied des Exekutivkomitees, stellvertretender Vorsitzender, Sekret\u00e4r, Vorsitzender<\/span><span data-ccp-props=\"{&quot;134233117&quot;:true,&quot;134233118&quot;:true,&quot;201341983&quot;:0,&quot;335551550&quot;:2,&quot;335551620&quot;:2,&quot;335559740&quot;:259}\">\u00a0<\/span><\/td> <\/tr> <tr aria-rowindex=\"6\"> <td data-celllook=\"0\"><span data-contrast=\"auto\">MTA K\u00f6rnyezettudom\u00e1nyi Eln\u00f6ki Bizotts\u00e1g<\/span><span data-contrast=\"auto\"> (Ungarische wissenschaftliche Akademie, Pr\u00e4sidialausschuss f\u00fcr Umweltwissenschaften)<\/span><span data-ccp-props=\"{&quot;134233117&quot;:true,&quot;134233118&quot;:true,&quot;201341983&quot;:0,&quot;335559740&quot;:259}\">\u00a0<\/span><\/td> <td data-celllook=\"0\"><span data-contrast=\"auto\">2009-2019<\/span><span data-ccp-props=\"{&quot;134233117&quot;:true,&quot;134233118&quot;:true,&quot;201341983&quot;:0,&quot;335551550&quot;:2,&quot;335551620&quot;:2,&quot;335559740&quot;:259}\">\u00a0<\/span><\/td> <td data-celllook=\"0\"><span data-contrast=\"auto\">Mitglied des Ausschusses<\/span><span data-ccp-props=\"{&quot;134233117&quot;:true,&quot;134233118&quot;:true,&quot;201341983&quot;:0,&quot;335551550&quot;:2,&quot;335551620&quot;:2,&quot;335559740&quot;:259}\">\u00a0<\/span><\/td> <\/tr> <tr aria-rowindex=\"7\"> <td data-celllook=\"0\"><span data-contrast=\"auto\">EU-Ministerrat<\/span><span data-ccp-props=\"{&quot;134233117&quot;:true,&quot;134233118&quot;:true,&quot;201341983&quot;:0,&quot;335559740&quot;:259}\">\u00a0<\/span><\/td> <td data-celllook=\"0\"><span data-contrast=\"auto\">2003-2007<\/span><span data-ccp-props=\"{&quot;134233117&quot;:true,&quot;134233118&quot;:true,&quot;201341983&quot;:0,&quot;335551550&quot;:2,&quot;335551620&quot;:2,&quot;335559740&quot;:259}\">\u00a0<\/span><\/td> <td data-celllook=\"0\"><span data-contrast=\"auto\">Mitglied des Rates<\/span><span data-ccp-props=\"{&quot;134233117&quot;:true,&quot;134233118&quot;:true,&quot;201341983&quot;:0,&quot;335551550&quot;:2,&quot;335551620&quot;:2,&quot;335559740&quot;:259}\">\u00a0<\/span><\/td> <\/tr> <tr aria-rowindex=\"8\"> <td data-celllook=\"0\"><span data-contrast=\"auto\">UNEP-Gouverneursrat<\/span><span data-ccp-props=\"{&quot;134233117&quot;:true,&quot;134233118&quot;:true,&quot;201341983&quot;:0,&quot;335559740&quot;:259}\">\u00a0<\/span><\/td> <td data-celllook=\"0\"><span data-contrast=\"auto\">2003-2007<\/span><span data-ccp-props=\"{&quot;134233117&quot;:true,&quot;134233118&quot;:true,&quot;201341983&quot;:0,&quot;335551550&quot;:2,&quot;335551620&quot;:2,&quot;335559740&quot;:259}\">\u00a0<\/span><\/td> <td data-celllook=\"0\"><span data-contrast=\"auto\">Mitglied des Gouverneursrates<\/span><span data-ccp-props=\"{&quot;134233117&quot;:true,&quot;134233118&quot;:true,&quot;201341983&quot;:0,&quot;335551550&quot;:2,&quot;335551620&quot;:2,&quot;335559740&quot;:259}\">\u00a0<\/span><\/td> <\/tr> <\/tbody> <\/table> <p>&nbsp;<\/p>","protected":false},"excerpt":{"rendered":"<p>Vorstellung Er studierte an den ungarischen und amerikanischen Universit\u00e4ten ELTE, GATE und der Cornell Universit\u00e4t. Er schrieb eine Dissertation \u00fcber soziale Umweltaktivit\u00e4ten und erhielt daher den Grad der Kandidaten der Naturwissenschaften. Er war Lehrer, Trainer, wissenschaftlicher Forscher, Staatsbeamter, Hauptexperte einer internationalen Bank und 22 Jahre lang Generaldirektor im Budapest Zoo and Botanischer Garten. In seiner<\/p>\n","protected":false},"author":5824,"featured_media":0,"parent":859,"menu_order":0,"comment_status":"closed","ping_status":"closed","template":"","meta":{"_acf_changed":false,"footnotes":""},"categories":[],"tags":[],"class_list":["post-83715","page","type-page","status-publish","hentry"],"acf":[],"_links":{"self":[{"href":"https:\/\/univet.hu\/de\/wp-json\/wp\/v2\/pages\/83715","targetHints":{"allow":["GET"]}}],"collection":[{"href":"https:\/\/univet.hu\/de\/wp-json\/wp\/v2\/pages"}],"about":[{"href":"https:\/\/univet.hu\/de\/wp-json\/wp\/v2\/types\/page"}],"author":[{"embeddable":true,"href":"https:\/\/univet.hu\/de\/wp-json\/wp\/v2\/users\/5824"}],"replies":[{"embeddable":true,"href":"https:\/\/univet.hu\/de\/wp-json\/wp\/v2\/comments?post=83715"}],"version-history":[{"count":1,"href":"https:\/\/univet.hu\/de\/wp-json\/wp\/v2\/pages\/83715\/revisions"}],"predecessor-version":[{"id":200418,"href":"https:\/\/univet.hu\/de\/wp-json\/wp\/v2\/pages\/83715\/revisions\/200418"}],"up":[{"embeddable":true,"href":"https:\/\/univet.hu\/de\/wp-json\/wp\/v2\/pages\/859"}],"wp:attachment":[{"href":"https:\/\/univet.hu\/de\/wp-json\/wp\/v2\/media?parent=83715"}],"wp:term":[{"taxonomy":"category","embeddable":true,"href":"https:\/\/univet.hu\/de\/wp-json\/wp\/v2\/categories?post=83715"},{"taxonomy":"post_tag","embeddable":true,"href":"https:\/\/univet.hu\/de\/wp-json\/wp\/v2\/tags?post=83715"}],"curies":[{"name":"wp","href":"https:\/\/api.w.org\/{rel}","templated":true}]}}