{"id":83730,"date":"2023-02-14T16:39:44","date_gmt":"2023-02-14T15:39:44","guid":{"rendered":"https:\/\/univet.hu\/?page_id=83730"},"modified":"2026-02-10T04:36:51","modified_gmt":"2026-02-10T03:36:51","slug":"sos-endre","status":"publish","type":"page","link":"https:\/\/univet.hu\/de\/universitaet\/mitarbeiter\/sos-endre\/","title":{"rendered":"S\u00f3s Endre"},"content":{"rendered":"<p><strong><span style=\"font-size: 14pt;\">Einf\u00fchrung<\/span><\/strong><\/p> <p>Im Jahr 1995 erlangte ich den Doktortitel in Veterin\u00e4rmedizin an der Veterin\u00e4rmedizinischen Universit\u00e4t in Budapest.<\/p> <p>Seit Dezember 1995 arbeite ich als Tierarzt im Budapester Zoo und Botanischen Garten und seit 2003 leite ich als Haupttierarzt die Abteilung f\u00fcr Tiergesundheit und Naturschutz. Seit 2017 bin ich Direktor f\u00fcr Naturschutz und Tiergesundheit. Neben meiner Aktivit\u00e4ten in dem Zoo arbeite ich auch als einer der behandelnden Tier\u00e4rzte des Budakeszi-Wildparks und als Berater=Konsultant in mehreren heimischen Zoos und Zuchtfarmen. Im Jahr 2012 erlangte ich einen Doktortitel in der Theme \u201eGesundheitskunde der Grosstrappe\u201c an der Universit\u00e4t Westungarn.<\/p> <p>Zwischen 2000 und 2022, neben meiner Arbeit im Zoo Budapest, f\u00fchrte ich Beratungsaktivit\u00e4ten an mehreren Organisationen durch, die wie folgt sind: EAZA (European Association of<\/p> <p>Zoos und Aquarien), nationaler und internationaler \u201eScreener\u201c: Gy\u0151r, J\u00e1szber\u00e9ny, Veszpr\u00e9m, Ny\u00edregyh\u00e1za;<\/p> <p>in ausl\u00e4ndischen Zoos in der Slowakei, der Tschechischen Republik, Rum\u00e4nien, der T\u00fcrkei, Schweden,<\/p> <p>in Belgien, Russland, Serbien, Polen; Beratungst\u00e4tigkeiten bei Gr\u00fcndung oder Erneuerung eines Zoos in Rum\u00e4nien, der Demokratischen Republik Kongo und Algerien.<\/p> <p>Im Jahr 2007 wurde ich vom Minister f\u00fcr Umweltschutz und Wasserangelegenheiten eine Pro Natura-Gedenkmedaille verliehen, teilweise f\u00fcr meine veterin\u00e4rmedizinischen T\u00e4tigkeiten bei der Rettung und Zucht von Wildtieren, sondern auch als aktiver Teilnehmer und der Leiter der<\/p> <p>ungarischen Spezialisten in einer internationalen Forschungsgruppe, mit deren Hilfe das erste und zweite S\u00fcdliches Breitmaulnashornkalb als erstens in dieser Welt geboren wurde, durch k\u00fcnstliche Befruchtung (bzw. in diesem Fall aus tiefgefrorenem Sperma).<\/p> <p><strong>Forschungsschwerpunkte:<\/strong><\/p> <p>\u2022 Behandlung von Dickh\u00e4utern (Elefanten, Nash\u00f6rner).<\/p> <p>\u2022 die Medizin von Greifv\u00f6geln<\/p> <p>\u2022 An\u00e4sthesiologie von Zoo- und Wildtieren<\/p> <p><strong>Fortschritt:<\/strong><\/p> <p>1995 Tierarzt<\/p> <p>1998 Diplom im Management gef\u00e4hrdeter Arten<\/p> <p>(Durrell Wildlife Conservation Trust, Jersey, Gro\u00dfbritannien)<\/p> <p>2006 Fachtierarzt f\u00fcr Kleintiere<\/p> <p>2008 Fachtierarzt f\u00fcr Exotentiermedizin<\/p> <p>2012 Doktortitel<\/p> <p>2012 DipECZM (ZHM) Abschluss<\/p> <p>2019 Titel als au\u00dferordentlicher Universit\u00e4tsprofessor<\/p> <p><strong>Mitgliedschaft in Fachsorganisationen<\/strong><\/p> <p>Name der Organisation, Zeitposition<\/p> <p>Europ\u00e4ischer Zoo- und Wildtierverband<\/p> <p>Tier\u00e4rzte (EAZWV)<\/p> <p>ab 2006<\/p> <p>2018-2020<\/p> <p>ab 2021<\/p> <p>Vertreter der ungarischen Sektion, Mitglied des Vorstands der Organisation<\/p> <p>Vizepr\u00e4sident<\/p> <p>Pr\u00e4sident<\/p> <p>Ungarischer Verband der Wildtier- und Zootier\u00e4rzte<\/p> <p>(MVA\u00c1T)<\/p> <p>2003-2008<\/p> <p>2008\u20132018<\/p> <p>ab 2018<\/p> <p>Vizepr\u00e4sident<\/p> <p>Pr\u00e4sident<\/p> <p>Vizepr\u00e4sident<\/p> <p>Verband Ungarischer Zoos (M\u00c1SZ) 2016-2021<\/p> <p>ab 2021<\/p> <p>Sekret\u00e4r<\/p> <p>Vizepr\u00e4sident<\/p> <p><strong>Publikationsliste (Top 10):<\/strong><\/p>","protected":false},"excerpt":{"rendered":"<p>Einf\u00fchrung Im Jahr 1995 erlangte ich den Doktortitel in Veterin\u00e4rmedizin an der Veterin\u00e4rmedizinischen Universit\u00e4t in Budapest. Seit Dezember 1995 arbeite ich als Tierarzt im Budapester Zoo und Botanischen Garten und seit 2003 leite ich als Haupttierarzt die Abteilung f\u00fcr Tiergesundheit und Naturschutz. Seit 2017 bin ich Direktor f\u00fcr Naturschutz und Tiergesundheit. Neben meiner Aktivit\u00e4ten in<\/p>\n","protected":false},"author":5824,"featured_media":0,"parent":859,"menu_order":0,"comment_status":"closed","ping_status":"closed","template":"","meta":{"_acf_changed":false,"footnotes":""},"categories":[],"tags":[],"class_list":["post-83730","page","type-page","status-publish","hentry"],"acf":[],"_links":{"self":[{"href":"https:\/\/univet.hu\/de\/wp-json\/wp\/v2\/pages\/83730","targetHints":{"allow":["GET"]}}],"collection":[{"href":"https:\/\/univet.hu\/de\/wp-json\/wp\/v2\/pages"}],"about":[{"href":"https:\/\/univet.hu\/de\/wp-json\/wp\/v2\/types\/page"}],"author":[{"embeddable":true,"href":"https:\/\/univet.hu\/de\/wp-json\/wp\/v2\/users\/5824"}],"replies":[{"embeddable":true,"href":"https:\/\/univet.hu\/de\/wp-json\/wp\/v2\/comments?post=83730"}],"version-history":[{"count":1,"href":"https:\/\/univet.hu\/de\/wp-json\/wp\/v2\/pages\/83730\/revisions"}],"predecessor-version":[{"id":200429,"href":"https:\/\/univet.hu\/de\/wp-json\/wp\/v2\/pages\/83730\/revisions\/200429"}],"up":[{"embeddable":true,"href":"https:\/\/univet.hu\/de\/wp-json\/wp\/v2\/pages\/859"}],"wp:attachment":[{"href":"https:\/\/univet.hu\/de\/wp-json\/wp\/v2\/media?parent=83730"}],"wp:term":[{"taxonomy":"category","embeddable":true,"href":"https:\/\/univet.hu\/de\/wp-json\/wp\/v2\/categories?post=83730"},{"taxonomy":"post_tag","embeddable":true,"href":"https:\/\/univet.hu\/de\/wp-json\/wp\/v2\/tags?post=83730"}],"curies":[{"name":"wp","href":"https:\/\/api.w.org\/{rel}","templated":true}]}}