{"id":83742,"date":"2023-02-14T21:57:34","date_gmt":"2023-02-14T20:57:34","guid":{"rendered":"https:\/\/univet.hu\/?page_id=83742"},"modified":"2026-05-08T13:53:12","modified_gmt":"2026-05-08T11:53:12","slug":"vincze-zoltan-2","status":"publish","type":"page","link":"https:\/\/univet.hu\/de\/universitaet\/mitarbeiter\/vincze-zoltan-2\/","title":{"rendered":"Vincze Zolt\u00e1n"},"content":{"rendered":"<p><span style=\"font-size: 18pt\"><strong>Einf\u00fchrung<\/strong><\/span><\/p> <p><strong>Schulunterricht:<\/strong><\/p> <p>&#8211; Veterin\u00e4rmedizinische Universit\u00e4t Budapest, schloss 1999 ihr Studium als Tierarzt ab<\/p> <p>&#8211; Fakult\u00e4t f\u00fcr Agrarwissenschaften, Universit\u00e4t Debrecen, Abschluss im Jahr 2000, Universit\u00e4tszertifikat als Fischereiingenieur<\/p> <p>&#8211; Veterin\u00e4rmedizinische Fakult\u00e4t der Szent-Istv\u00e1n-Universit\u00e4t, Abschluss 2012. Exotische Tiere<\/p> <p>als Fachtieratzt f\u00fcr Medizin exotischer und Wildtiere<\/p> <p>Nach seiner Zulassung im Jahr 2019 ist er derzeit Doktorand an der Szent-Istv\u00e1n-Universit\u00e4t in G\u00f6d\u00f6ll\u0151, zum Thema Krankheiten der Reptilien<\/p> <p><strong>Arbeitspl\u00e4tze<\/strong><\/p> <p>1999-2000 Veterin\u00e4rstation Budapest<\/p> <p>2000-2003 Tropicarium-\u00d3cean\u00e1rium GmbH. \u2013 professioneller Manager, Kurator und Tierarzt<\/p> <p>2003-2017 Zoologischer und Botanischer Garten Budapest, Bezirksleiter Palmenhaus, stellvertretender Bezirksleiter, Demonstrator<\/p> <p>2017 &#8211; Privattierarzt<\/p> <p>2020-2021 Enviroduna GmbH, Veterin\u00e4rexperte<\/p> <p>2023 &#8211; Abteilung f\u00fcr Medizin Exotischer und Wildtiere, Veterin\u00e4rmedizinische Universit\u00e4t Budapest<\/p>","protected":false},"excerpt":{"rendered":"<p>Einf\u00fchrung Schulunterricht: &#8211; Veterin\u00e4rmedizinische Universit\u00e4t Budapest, schloss 1999 ihr Studium als Tierarzt ab &#8211; Fakult\u00e4t f\u00fcr Agrarwissenschaften, Universit\u00e4t Debrecen, Abschluss im Jahr 2000, Universit\u00e4tszertifikat als Fischereiingenieur &#8211; Veterin\u00e4rmedizinische Fakult\u00e4t der Szent-Istv\u00e1n-Universit\u00e4t, Abschluss 2012. Exotische Tiere als Fachtieratzt f\u00fcr Medizin exotischer und Wildtiere Nach seiner Zulassung im Jahr 2019 ist er derzeit Doktorand an der Szent-Istv\u00e1n-Universit\u00e4t<\/p>\n","protected":false},"author":3009,"featured_media":0,"parent":859,"menu_order":0,"comment_status":"open","ping_status":"open","template":"","meta":{"_acf_changed":false,"footnotes":""},"categories":[],"tags":[],"class_list":["post-83742","page","type-page","status-publish","hentry"],"acf":[],"_links":{"self":[{"href":"https:\/\/univet.hu\/de\/wp-json\/wp\/v2\/pages\/83742","targetHints":{"allow":["GET"]}}],"collection":[{"href":"https:\/\/univet.hu\/de\/wp-json\/wp\/v2\/pages"}],"about":[{"href":"https:\/\/univet.hu\/de\/wp-json\/wp\/v2\/types\/page"}],"author":[{"embeddable":true,"href":"https:\/\/univet.hu\/de\/wp-json\/wp\/v2\/users\/3009"}],"replies":[{"embeddable":true,"href":"https:\/\/univet.hu\/de\/wp-json\/wp\/v2\/comments?post=83742"}],"version-history":[{"count":1,"href":"https:\/\/univet.hu\/de\/wp-json\/wp\/v2\/pages\/83742\/revisions"}],"predecessor-version":[{"id":178793,"href":"https:\/\/univet.hu\/de\/wp-json\/wp\/v2\/pages\/83742\/revisions\/178793"}],"up":[{"embeddable":true,"href":"https:\/\/univet.hu\/de\/wp-json\/wp\/v2\/pages\/859"}],"wp:attachment":[{"href":"https:\/\/univet.hu\/de\/wp-json\/wp\/v2\/media?parent=83742"}],"wp:term":[{"taxonomy":"category","embeddable":true,"href":"https:\/\/univet.hu\/de\/wp-json\/wp\/v2\/categories?post=83742"},{"taxonomy":"post_tag","embeddable":true,"href":"https:\/\/univet.hu\/de\/wp-json\/wp\/v2\/tags?post=83742"}],"curies":[{"name":"wp","href":"https:\/\/api.w.org\/{rel}","templated":true}]}}