{"id":83747,"date":"2023-02-14T22:07:10","date_gmt":"2023-02-14T21:07:10","guid":{"rendered":"https:\/\/univet.hu\/?page_id=83747"},"modified":"2026-02-10T04:37:08","modified_gmt":"2026-02-10T03:37:08","slug":"ziszisz-arisz","status":"publish","type":"page","link":"https:\/\/univet.hu\/de\/universitaet\/mitarbeiter\/ziszisz-arisz\/","title":{"rendered":"Ziszisz \u00c1risz"},"content":{"rendered":"<p><strong>Vorstellung<\/strong><\/p> <p>Ich bin 1993 in Budapesten geboren. Ich habe meine ersten Reptilien 2007 gekauft, es folgten viele, andere, interessante Arten. Gleichzeitig begann ich meine freiwillige Arbeit im Budapest Zoo and Botanischer Garten. Ich habe im Laufe der Jahre \u00fcber die tiergesundheitlichen Aspekte der Haltungsbedingungen viel gelernt und nutze dieses Wissen nun in meiner Tierarztpraxis. Ich habe 2022 ein Diplom in der Veterin\u00e4rmedizinische Universit\u00e4t, Budapest und danach begann ich als klinischer Tierarzt in der Abteilung f\u00fcr Medizin Exotischer und Wildtiere zu arbeiten. Meine TDK-Dissertation (Wissenschaftlicher Studentenkreis) wurde unter dem Titel \u201eGeschlechtsbestimmung einiger Eidechsenarten (Sauria) mithilfe einer bildgebenden Diagnosemethode\u201c geschrieben. Ich konnte schon als Student in diesem Thema auf mehreren Fachkonferenzen Vortr\u00e4ge halten. Nachdem ich mein Diplom bekommen habe, wurde in die Doctoral School der Veterin\u00e4rmedizinischen Universit\u00e4t, Budapest aufgenommen, wo kann meine Forschungen der Reptilien fortfahren.<\/p> <p><strong>Forschungsschwerpunkte<\/strong><\/p> <p>\u2013 Heilung der Reptilien und Amphibien<\/p> <p>\u2013 Heilung der Kamele<\/p> <p><strong>Fortschritt:<\/strong><\/p> <p>2022 Tierarzt<\/p> <p>2022 Studienabschluss in Jagd und Wildtiermanagement<\/p> <p>Ab 2022 PhD-Student<\/p> <p><strong>Mitgliedschaft in Fachorganisationen:<\/strong><\/p> <p>Association of Reptile and Amphibian Veterinarians (ARAV) 2022- Mitglied<\/p> <p>Ungarische Gesellschaft der Wildtier- und Zootier\u00e4rzte (MV\u00c1\u00c1T) 2022- Mitglied<\/p> <p>Ungarische Tier\u00e4rztliche Kammer (M\u00c1OK) 2022- Mitglied<\/p>","protected":false},"excerpt":{"rendered":"<p>Vorstellung Ich bin 1993 in Budapesten geboren. Ich habe meine ersten Reptilien 2007 gekauft, es folgten viele, andere, interessante Arten. Gleichzeitig begann ich meine freiwillige Arbeit im Budapest Zoo and Botanischer Garten. Ich habe im Laufe der Jahre \u00fcber die tiergesundheitlichen Aspekte der Haltungsbedingungen viel gelernt und nutze dieses Wissen nun in meiner Tierarztpraxis. Ich<\/p>\n","protected":false},"author":5824,"featured_media":0,"parent":859,"menu_order":0,"comment_status":"open","ping_status":"open","template":"","meta":{"_acf_changed":false,"footnotes":""},"categories":[55],"tags":[],"class_list":["post-83747","page","type-page","status-publish","hentry","category-mitarbeiter"],"acf":[],"_links":{"self":[{"href":"https:\/\/univet.hu\/de\/wp-json\/wp\/v2\/pages\/83747","targetHints":{"allow":["GET"]}}],"collection":[{"href":"https:\/\/univet.hu\/de\/wp-json\/wp\/v2\/pages"}],"about":[{"href":"https:\/\/univet.hu\/de\/wp-json\/wp\/v2\/types\/page"}],"author":[{"embeddable":true,"href":"https:\/\/univet.hu\/de\/wp-json\/wp\/v2\/users\/5824"}],"replies":[{"embeddable":true,"href":"https:\/\/univet.hu\/de\/wp-json\/wp\/v2\/comments?post=83747"}],"version-history":[{"count":1,"href":"https:\/\/univet.hu\/de\/wp-json\/wp\/v2\/pages\/83747\/revisions"}],"predecessor-version":[{"id":200462,"href":"https:\/\/univet.hu\/de\/wp-json\/wp\/v2\/pages\/83747\/revisions\/200462"}],"up":[{"embeddable":true,"href":"https:\/\/univet.hu\/de\/wp-json\/wp\/v2\/pages\/859"}],"wp:attachment":[{"href":"https:\/\/univet.hu\/de\/wp-json\/wp\/v2\/media?parent=83747"}],"wp:term":[{"taxonomy":"category","embeddable":true,"href":"https:\/\/univet.hu\/de\/wp-json\/wp\/v2\/categories?post=83747"},{"taxonomy":"post_tag","embeddable":true,"href":"https:\/\/univet.hu\/de\/wp-json\/wp\/v2\/tags?post=83747"}],"curies":[{"name":"wp","href":"https:\/\/api.w.org\/{rel}","templated":true}]}}